
 

{"id":502474,"date":"2020-04-10T13:37:47","date_gmt":"2020-04-10T13:37:47","guid":{"rendered":"https:\/\/www.q8oils.com\/automotive\/agriculture\/"},"modified":"2020-12-09T14:32:16","modified_gmt":"2020-12-09T14:32:16","slug":"landwirtschaft","status":"publish","type":"page","link":"https:\/\/www.q8oils.com\/de\/automotive\/landwirtschaft\/","title":{"rendered":"Landwirtschaft"},"content":{"rendered":"","protected":false},"excerpt":{"rendered":"<p>Q8Oils bietet ein vollst\u00e4ndiges Sortiment an Schmiermitteln f\u00fcr die Landwirtschaft an, wie Motoren-, Getriebe-, Kraft\u00fcbertragungs- und Hydraulik\u00f6le und Fette. Diese Schmiermittel sind mit allen gro\u00dfen Herstellern von landwirtschaftlichen Maschinen kompatibel.<\/p>\n","protected":false},"author":2,"featured_media":501142,"parent":502468,"menu_order":0,"comment_status":"closed","ping_status":"closed","template":"page-templates\/minor.php","meta":{"_acf_changed":false,"footnotes":""},"class_list":["post-502474","page","type-page","status-publish","has-post-thumbnail","hentry","major-automotive-de"],"acf":[],"yoast_head":"<!-- This site is optimized with the Yoast SEO plugin v23.5 - https:\/\/yoast.com\/wordpress\/plugins\/seo\/ -->\n<title>Landwirtschaft - Q8Oils<\/title>\n<meta name=\"description\" content=\"Q8Oils bietet ein vollst\u00e4ndiges Sortiment an Schmiermitteln f\u00fcr die Landwirtschaft an, wie Motoren-, Getriebe-, Kraft\u00fcbertragungs- und Hydraulik\u00f6le und Fette. Diese Schmiermittel sind mit allen gro\u00dfen Herstellern von landwirtschaftlichen Maschinen kompatibel.\" \/>\n<meta name=\"robots\" content=\"index, follow, max-snippet:-1, max-image-preview:large, max-video-preview:-1\" \/>\n<link rel=\"canonical\" href=\"https:\/\/www.q8oils.com\/de\/automotive\/landwirtschaft\/\" \/>\n<meta property=\"og:locale\" content=\"de_DE\" \/>\n<meta property=\"og:type\" content=\"article\" \/>\n<meta property=\"og:title\" content=\"Landwirtschaft - Q8Oils\" \/>\n<meta property=\"og:description\" content=\"Q8Oils bietet ein vollst\u00e4ndiges Sortiment an Schmiermitteln f\u00fcr die Landwirtschaft an, wie Motoren-, Getriebe-, Kraft\u00fcbertragungs- und Hydraulik\u00f6le und Fette. Diese Schmiermittel sind mit allen gro\u00dfen Herstellern von landwirtschaftlichen Maschinen kompatibel.\" \/>\n<meta property=\"og:url\" content=\"https:\/\/www.q8oils.com\/de\/automotive\/landwirtschaft\/\" \/>\n<meta property=\"og:site_name\" content=\"Q8Oils\" \/>\n<meta property=\"article:modified_time\" content=\"2020-12-09T14:32:16+00:00\" \/>\n<meta property=\"og:image\" content=\"https:\/\/www.q8oils.com\/wp-content\/uploads\/2020\/06\/21230_Agriculture-1.png\" \/>\n\t<meta property=\"og:image:width\" content=\"200\" \/>\n\t<meta property=\"og:image:height\" content=\"200\" \/>\n\t<meta property=\"og:image:type\" content=\"image\/png\" \/>\n<meta name=\"twitter:card\" content=\"summary_large_image\" \/>\n<script type=\"application\/ld+json\" class=\"yoast-schema-graph\">{\"@context\":\"https:\/\/schema.org\",\"@graph\":[{\"@type\":\"WebPage\",\"@id\":\"https:\/\/www.q8oils.com\/de\/automotive\/landwirtschaft\/\",\"url\":\"https:\/\/www.q8oils.com\/de\/automotive\/landwirtschaft\/\",\"name\":\"Landwirtschaft - Q8Oils\",\"isPartOf\":{\"@id\":\"https:\/\/www.q8oils.com\/de\/#website\"},\"primaryImageOfPage\":{\"@id\":\"https:\/\/www.q8oils.com\/de\/automotive\/landwirtschaft\/#primaryimage\"},\"image\":{\"@id\":\"https:\/\/www.q8oils.com\/de\/automotive\/landwirtschaft\/#primaryimage\"},\"thumbnailUrl\":\"https:\/\/www.q8oils.com\/wp-content\/uploads\/2020\/06\/21230_Agriculture-1.png\",\"datePublished\":\"2020-04-10T13:37:47+00:00\",\"dateModified\":\"2020-12-09T14:32:16+00:00\",\"description\":\"Q8Oils bietet ein vollst\u00e4ndiges Sortiment an Schmiermitteln f\u00fcr die Landwirtschaft an, wie Motoren-, Getriebe-, Kraft\u00fcbertragungs- und Hydraulik\u00f6le und Fette. Diese Schmiermittel sind mit allen gro\u00dfen Herstellern von landwirtschaftlichen Maschinen kompatibel.\",\"breadcrumb\":{\"@id\":\"https:\/\/www.q8oils.com\/de\/automotive\/landwirtschaft\/#breadcrumb\"},\"inLanguage\":\"de\",\"potentialAction\":[{\"@type\":\"ReadAction\",\"target\":[\"https:\/\/www.q8oils.com\/de\/automotive\/landwirtschaft\/\"]}]},{\"@type\":\"ImageObject\",\"inLanguage\":\"de\",\"@id\":\"https:\/\/www.q8oils.com\/de\/automotive\/landwirtschaft\/#primaryimage\",\"url\":\"https:\/\/www.q8oils.com\/wp-content\/uploads\/2020\/06\/21230_Agriculture-1.png\",\"contentUrl\":\"https:\/\/www.q8oils.com\/wp-content\/uploads\/2020\/06\/21230_Agriculture-1.png\",\"width\":200,\"height\":200,\"caption\":\"Qgriculture icon -Q8Oils\"},{\"@type\":\"BreadcrumbList\",\"@id\":\"https:\/\/www.q8oils.com\/de\/automotive\/landwirtschaft\/#breadcrumb\",\"itemListElement\":[{\"@type\":\"ListItem\",\"position\":1,\"name\":\"Home\",\"item\":\"https:\/\/www.q8oils.com\/de\/\"},{\"@type\":\"ListItem\",\"position\":2,\"name\":\"Automotive\",\"item\":\"https:\/\/www.q8oils.com\/de\/automotive\/\"},{\"@type\":\"ListItem\",\"position\":3,\"name\":\"Landwirtschaft\"}]},{\"@type\":\"WebSite\",\"@id\":\"https:\/\/www.q8oils.com\/de\/#website\",\"url\":\"https:\/\/www.q8oils.com\/de\/\",\"name\":\"Q8Oils\",\"description\":\"Global, partnership, lubricants, solutions\",\"publisher\":{\"@id\":\"https:\/\/www.q8oils.com\/de\/#organization\"},\"potentialAction\":[{\"@type\":\"SearchAction\",\"target\":{\"@type\":\"EntryPoint\",\"urlTemplate\":\"https:\/\/www.q8oils.com\/de\/?s={search_term_string}\"},\"query-input\":{\"@type\":\"PropertyValueSpecification\",\"valueRequired\":true,\"valueName\":\"search_term_string\"}}],\"inLanguage\":\"de\"},{\"@type\":\"Organization\",\"@id\":\"https:\/\/www.q8oils.com\/de\/#organization\",\"name\":\"Q8Oils\",\"url\":\"https:\/\/www.q8oils.com\/de\/\",\"logo\":{\"@type\":\"ImageObject\",\"inLanguage\":\"de\",\"@id\":\"https:\/\/www.q8oils.com\/de\/#\/schema\/logo\/image\/\",\"url\":\"https:\/\/www.q8oils.com\/wp-content\/uploads\/2020\/04\/q8oils-logo.png\",\"contentUrl\":\"https:\/\/www.q8oils.com\/wp-content\/uploads\/2020\/04\/q8oils-logo.png\",\"width\":475,\"height\":100,\"caption\":\"Q8Oils\"},\"image\":{\"@id\":\"https:\/\/www.q8oils.com\/de\/#\/schema\/logo\/image\/\"},\"sameAs\":[\"https:\/\/www.linkedin.com\/Q8Oils\"]}]}<\/script>\n<!-- \/ Yoast SEO plugin. -->","yoast_head_json":{"title":"Landwirtschaft - Q8Oils","description":"Q8Oils bietet ein vollst\u00e4ndiges Sortiment an Schmiermitteln f\u00fcr die Landwirtschaft an, wie Motoren-, Getriebe-, Kraft\u00fcbertragungs- und Hydraulik\u00f6le und Fette. Diese Schmiermittel sind mit allen gro\u00dfen Herstellern von landwirtschaftlichen Maschinen kompatibel.","robots":{"index":"index","follow":"follow","max-snippet":"max-snippet:-1","max-image-preview":"max-image-preview:large","max-video-preview":"max-video-preview:-1"},"canonical":"https:\/\/www.q8oils.com\/de\/automotive\/landwirtschaft\/","og_locale":"de_DE","og_type":"article","og_title":"Landwirtschaft - Q8Oils","og_description":"Q8Oils bietet ein vollst\u00e4ndiges Sortiment an Schmiermitteln f\u00fcr die Landwirtschaft an, wie Motoren-, Getriebe-, Kraft\u00fcbertragungs- und Hydraulik\u00f6le und Fette. Diese Schmiermittel sind mit allen gro\u00dfen Herstellern von landwirtschaftlichen Maschinen kompatibel.","og_url":"https:\/\/www.q8oils.com\/de\/automotive\/landwirtschaft\/","og_site_name":"Q8Oils","article_modified_time":"2020-12-09T14:32:16+00:00","og_image":[{"width":200,"height":200,"url":"https:\/\/www.q8oils.com\/wp-content\/uploads\/2020\/06\/21230_Agriculture-1.png","type":"image\/png"}],"twitter_card":"summary_large_image","schema":{"@context":"https:\/\/schema.org","@graph":[{"@type":"WebPage","@id":"https:\/\/www.q8oils.com\/de\/automotive\/landwirtschaft\/","url":"https:\/\/www.q8oils.com\/de\/automotive\/landwirtschaft\/","name":"Landwirtschaft - Q8Oils","isPartOf":{"@id":"https:\/\/www.q8oils.com\/de\/#website"},"primaryImageOfPage":{"@id":"https:\/\/www.q8oils.com\/de\/automotive\/landwirtschaft\/#primaryimage"},"image":{"@id":"https:\/\/www.q8oils.com\/de\/automotive\/landwirtschaft\/#primaryimage"},"thumbnailUrl":"https:\/\/www.q8oils.com\/wp-content\/uploads\/2020\/06\/21230_Agriculture-1.png","datePublished":"2020-04-10T13:37:47+00:00","dateModified":"2020-12-09T14:32:16+00:00","description":"Q8Oils bietet ein vollst\u00e4ndiges Sortiment an Schmiermitteln f\u00fcr die Landwirtschaft an, wie Motoren-, Getriebe-, Kraft\u00fcbertragungs- und Hydraulik\u00f6le und Fette. Diese Schmiermittel sind mit allen gro\u00dfen Herstellern von landwirtschaftlichen Maschinen kompatibel.","breadcrumb":{"@id":"https:\/\/www.q8oils.com\/de\/automotive\/landwirtschaft\/#breadcrumb"},"inLanguage":"de","potentialAction":[{"@type":"ReadAction","target":["https:\/\/www.q8oils.com\/de\/automotive\/landwirtschaft\/"]}]},{"@type":"ImageObject","inLanguage":"de","@id":"https:\/\/www.q8oils.com\/de\/automotive\/landwirtschaft\/#primaryimage","url":"https:\/\/www.q8oils.com\/wp-content\/uploads\/2020\/06\/21230_Agriculture-1.png","contentUrl":"https:\/\/www.q8oils.com\/wp-content\/uploads\/2020\/06\/21230_Agriculture-1.png","width":200,"height":200,"caption":"Qgriculture icon -Q8Oils"},{"@type":"BreadcrumbList","@id":"https:\/\/www.q8oils.com\/de\/automotive\/landwirtschaft\/#breadcrumb","itemListElement":[{"@type":"ListItem","position":1,"name":"Home","item":"https:\/\/www.q8oils.com\/de\/"},{"@type":"ListItem","position":2,"name":"Automotive","item":"https:\/\/www.q8oils.com\/de\/automotive\/"},{"@type":"ListItem","position":3,"name":"Landwirtschaft"}]},{"@type":"WebSite","@id":"https:\/\/www.q8oils.com\/de\/#website","url":"https:\/\/www.q8oils.com\/de\/","name":"Q8Oils","description":"Global, partnership, lubricants, solutions","publisher":{"@id":"https:\/\/www.q8oils.com\/de\/#organization"},"potentialAction":[{"@type":"SearchAction","target":{"@type":"EntryPoint","urlTemplate":"https:\/\/www.q8oils.com\/de\/?s={search_term_string}"},"query-input":{"@type":"PropertyValueSpecification","valueRequired":true,"valueName":"search_term_string"}}],"inLanguage":"de"},{"@type":"Organization","@id":"https:\/\/www.q8oils.com\/de\/#organization","name":"Q8Oils","url":"https:\/\/www.q8oils.com\/de\/","logo":{"@type":"ImageObject","inLanguage":"de","@id":"https:\/\/www.q8oils.com\/de\/#\/schema\/logo\/image\/","url":"https:\/\/www.q8oils.com\/wp-content\/uploads\/2020\/04\/q8oils-logo.png","contentUrl":"https:\/\/www.q8oils.com\/wp-content\/uploads\/2020\/04\/q8oils-logo.png","width":475,"height":100,"caption":"Q8Oils"},"image":{"@id":"https:\/\/www.q8oils.com\/de\/#\/schema\/logo\/image\/"},"sameAs":["https:\/\/www.linkedin.com\/Q8Oils"]}]}},"_links":{"self":[{"href":"https:\/\/www.q8oils.com\/de\/wp-json\/wp\/v2\/pages\/502474"}],"collection":[{"href":"https:\/\/www.q8oils.com\/de\/wp-json\/wp\/v2\/pages"}],"about":[{"href":"https:\/\/www.q8oils.com\/de\/wp-json\/wp\/v2\/types\/page"}],"author":[{"embeddable":true,"href":"https:\/\/www.q8oils.com\/de\/wp-json\/wp\/v2\/users\/2"}],"replies":[{"embeddable":true,"href":"https:\/\/www.q8oils.com\/de\/wp-json\/wp\/v2\/comments?post=502474"}],"version-history":[{"count":5,"href":"https:\/\/www.q8oils.com\/de\/wp-json\/wp\/v2\/pages\/502474\/revisions"}],"predecessor-version":[{"id":641906,"href":"https:\/\/www.q8oils.com\/de\/wp-json\/wp\/v2\/pages\/502474\/revisions\/641906"}],"up":[{"embeddable":true,"href":"https:\/\/www.q8oils.com\/de\/wp-json\/wp\/v2\/pages\/502468"}],"wp:featuredmedia":[{"embeddable":true,"href":"https:\/\/www.q8oils.com\/de\/wp-json\/wp\/v2\/media\/501142"}],"wp:attachment":[{"href":"https:\/\/www.q8oils.com\/de\/wp-json\/wp\/v2\/media?parent=502474"}],"curies":[{"name":"wp","href":"https:\/\/api.w.org\/{rel}","templated":true}]}}