
 

{"id":502506,"date":"2020-05-17T17:13:24","date_gmt":"2020-05-17T17:13:24","guid":{"rendered":"https:\/\/www.q8oils.com\/automotive\/lkws-und-busse\/"},"modified":"2020-12-09T14:07:51","modified_gmt":"2020-12-09T14:07:51","slug":"lkws-und-busse","status":"publish","type":"page","link":"https:\/\/www.q8oils.com\/de\/automotive\/lkws-und-busse\/","title":{"rendered":"LKWS und Busse"},"content":{"rendered":"","protected":false},"excerpt":{"rendered":"<p>Q8 Formula Truck, das erstklassige Sortiment an Schwerlast-Dieselmotor\u00f6len von Q8Oils, wurde in einer Vielzahl von Anwendungen unter extremen Bedingungen erfolgreich getestet. Das Sortiment eignet sich f\u00fcr jeden Lkw-Fuhrpark und erh\u00f6ht die Motoreffizienz, verl\u00e4ngert die \u00d6lwechselintervalle, hat einen niedrigen SAPS-Gehalt f\u00fcr einen besseren Motorschutz und senkt den Kraftstoffverbrauch.<\/p>\n","protected":false},"author":2,"featured_media":501128,"parent":502468,"menu_order":0,"comment_status":"closed","ping_status":"closed","template":"page-templates\/minor.php","meta":{"_acf_changed":false,"footnotes":""},"class_list":["post-502506","page","type-page","status-publish","has-post-thumbnail","hentry","major-automotive-de"],"acf":[],"yoast_head":"<!-- This site is optimized with the Yoast SEO plugin v23.5 - https:\/\/yoast.com\/wordpress\/plugins\/seo\/ -->\n<title>LKWS und Busse - Q8Oils<\/title>\n<meta name=\"description\" content=\"Q8 Formula Truck, das erstklassige Sortiment an Schwerlast-Dieselmotor\u00f6len von Q8Oils, wurde in einer Vielzahl von Anwendungen unter extremen Bedingungen erfolgreich getestet. Das Sortiment eignet sich f\u00fcr jeden Lkw-Fuhrpark und erh\u00f6ht die Motoreffizienz, verl\u00e4ngert die \u00d6lwechselintervalle, hat einen niedrigen SAPS-Gehalt f\u00fcr einen besseren Motorschutz und senkt den Kraftstoffverbrauch.\" \/>\n<meta name=\"robots\" content=\"index, follow, max-snippet:-1, max-image-preview:large, max-video-preview:-1\" \/>\n<link rel=\"canonical\" href=\"https:\/\/www.q8oils.com\/de\/automotive\/lkws-und-busse\/\" \/>\n<meta property=\"og:locale\" content=\"de_DE\" \/>\n<meta property=\"og:type\" content=\"article\" \/>\n<meta property=\"og:title\" content=\"LKWS und Busse - Q8Oils\" \/>\n<meta property=\"og:description\" content=\"Q8 Formula Truck, das erstklassige Sortiment an Schwerlast-Dieselmotor\u00f6len von Q8Oils, wurde in einer Vielzahl von Anwendungen unter extremen Bedingungen erfolgreich getestet. Das Sortiment eignet sich f\u00fcr jeden Lkw-Fuhrpark und erh\u00f6ht die Motoreffizienz, verl\u00e4ngert die \u00d6lwechselintervalle, hat einen niedrigen SAPS-Gehalt f\u00fcr einen besseren Motorschutz und senkt den Kraftstoffverbrauch.\" \/>\n<meta property=\"og:url\" content=\"https:\/\/www.q8oils.com\/de\/automotive\/lkws-und-busse\/\" \/>\n<meta property=\"og:site_name\" content=\"Q8Oils\" \/>\n<meta property=\"article:modified_time\" content=\"2020-12-09T14:07:51+00:00\" \/>\n<meta property=\"og:image\" content=\"https:\/\/www.q8oils.com\/wp-content\/uploads\/2020\/06\/21229_On-Road_Transport-1.png\" \/>\n\t<meta property=\"og:image:width\" content=\"200\" \/>\n\t<meta property=\"og:image:height\" content=\"200\" \/>\n\t<meta property=\"og:image:type\" content=\"image\/png\" \/>\n<meta name=\"twitter:card\" content=\"summary_large_image\" \/>\n<script type=\"application\/ld+json\" class=\"yoast-schema-graph\">{\"@context\":\"https:\/\/schema.org\",\"@graph\":[{\"@type\":\"WebPage\",\"@id\":\"https:\/\/www.q8oils.com\/de\/automotive\/lkws-und-busse\/\",\"url\":\"https:\/\/www.q8oils.com\/de\/automotive\/lkws-und-busse\/\",\"name\":\"LKWS und Busse - Q8Oils\",\"isPartOf\":{\"@id\":\"https:\/\/www.q8oils.com\/de\/#website\"},\"primaryImageOfPage\":{\"@id\":\"https:\/\/www.q8oils.com\/de\/automotive\/lkws-und-busse\/#primaryimage\"},\"image\":{\"@id\":\"https:\/\/www.q8oils.com\/de\/automotive\/lkws-und-busse\/#primaryimage\"},\"thumbnailUrl\":\"https:\/\/www.q8oils.com\/wp-content\/uploads\/2020\/06\/21229_On-Road_Transport-1.png\",\"datePublished\":\"2020-05-17T17:13:24+00:00\",\"dateModified\":\"2020-12-09T14:07:51+00:00\",\"description\":\"Q8 Formula Truck, das erstklassige Sortiment an Schwerlast-Dieselmotor\u00f6len von Q8Oils, wurde in einer Vielzahl von Anwendungen unter extremen Bedingungen erfolgreich getestet. Das Sortiment eignet sich f\u00fcr jeden Lkw-Fuhrpark und erh\u00f6ht die Motoreffizienz, verl\u00e4ngert die \u00d6lwechselintervalle, hat einen niedrigen SAPS-Gehalt f\u00fcr einen besseren Motorschutz und senkt den Kraftstoffverbrauch.\",\"breadcrumb\":{\"@id\":\"https:\/\/www.q8oils.com\/de\/automotive\/lkws-und-busse\/#breadcrumb\"},\"inLanguage\":\"de\",\"potentialAction\":[{\"@type\":\"ReadAction\",\"target\":[\"https:\/\/www.q8oils.com\/de\/automotive\/lkws-und-busse\/\"]}]},{\"@type\":\"ImageObject\",\"inLanguage\":\"de\",\"@id\":\"https:\/\/www.q8oils.com\/de\/automotive\/lkws-und-busse\/#primaryimage\",\"url\":\"https:\/\/www.q8oils.com\/wp-content\/uploads\/2020\/06\/21229_On-Road_Transport-1.png\",\"contentUrl\":\"https:\/\/www.q8oils.com\/wp-content\/uploads\/2020\/06\/21229_On-Road_Transport-1.png\",\"width\":200,\"height\":200,\"caption\":\"Heavy Duty Icon - Q8Oils\"},{\"@type\":\"BreadcrumbList\",\"@id\":\"https:\/\/www.q8oils.com\/de\/automotive\/lkws-und-busse\/#breadcrumb\",\"itemListElement\":[{\"@type\":\"ListItem\",\"position\":1,\"name\":\"Home\",\"item\":\"https:\/\/www.q8oils.com\/de\/\"},{\"@type\":\"ListItem\",\"position\":2,\"name\":\"Automotive\",\"item\":\"https:\/\/www.q8oils.com\/de\/automotive\/\"},{\"@type\":\"ListItem\",\"position\":3,\"name\":\"LKWS und Busse\"}]},{\"@type\":\"WebSite\",\"@id\":\"https:\/\/www.q8oils.com\/de\/#website\",\"url\":\"https:\/\/www.q8oils.com\/de\/\",\"name\":\"Q8Oils\",\"description\":\"Global, partnership, lubricants, solutions\",\"publisher\":{\"@id\":\"https:\/\/www.q8oils.com\/de\/#organization\"},\"potentialAction\":[{\"@type\":\"SearchAction\",\"target\":{\"@type\":\"EntryPoint\",\"urlTemplate\":\"https:\/\/www.q8oils.com\/de\/?s={search_term_string}\"},\"query-input\":{\"@type\":\"PropertyValueSpecification\",\"valueRequired\":true,\"valueName\":\"search_term_string\"}}],\"inLanguage\":\"de\"},{\"@type\":\"Organization\",\"@id\":\"https:\/\/www.q8oils.com\/de\/#organization\",\"name\":\"Q8Oils\",\"url\":\"https:\/\/www.q8oils.com\/de\/\",\"logo\":{\"@type\":\"ImageObject\",\"inLanguage\":\"de\",\"@id\":\"https:\/\/www.q8oils.com\/de\/#\/schema\/logo\/image\/\",\"url\":\"https:\/\/www.q8oils.com\/wp-content\/uploads\/2020\/04\/q8oils-logo.png\",\"contentUrl\":\"https:\/\/www.q8oils.com\/wp-content\/uploads\/2020\/04\/q8oils-logo.png\",\"width\":475,\"height\":100,\"caption\":\"Q8Oils\"},\"image\":{\"@id\":\"https:\/\/www.q8oils.com\/de\/#\/schema\/logo\/image\/\"},\"sameAs\":[\"https:\/\/www.linkedin.com\/Q8Oils\"]}]}<\/script>\n<!-- \/ Yoast SEO plugin. -->","yoast_head_json":{"title":"LKWS und Busse - Q8Oils","description":"Q8 Formula Truck, das erstklassige Sortiment an Schwerlast-Dieselmotor\u00f6len von Q8Oils, wurde in einer Vielzahl von Anwendungen unter extremen Bedingungen erfolgreich getestet. Das Sortiment eignet sich f\u00fcr jeden Lkw-Fuhrpark und erh\u00f6ht die Motoreffizienz, verl\u00e4ngert die \u00d6lwechselintervalle, hat einen niedrigen SAPS-Gehalt f\u00fcr einen besseren Motorschutz und senkt den Kraftstoffverbrauch.","robots":{"index":"index","follow":"follow","max-snippet":"max-snippet:-1","max-image-preview":"max-image-preview:large","max-video-preview":"max-video-preview:-1"},"canonical":"https:\/\/www.q8oils.com\/de\/automotive\/lkws-und-busse\/","og_locale":"de_DE","og_type":"article","og_title":"LKWS und Busse - Q8Oils","og_description":"Q8 Formula Truck, das erstklassige Sortiment an Schwerlast-Dieselmotor\u00f6len von Q8Oils, wurde in einer Vielzahl von Anwendungen unter extremen Bedingungen erfolgreich getestet. Das Sortiment eignet sich f\u00fcr jeden Lkw-Fuhrpark und erh\u00f6ht die Motoreffizienz, verl\u00e4ngert die \u00d6lwechselintervalle, hat einen niedrigen SAPS-Gehalt f\u00fcr einen besseren Motorschutz und senkt den Kraftstoffverbrauch.","og_url":"https:\/\/www.q8oils.com\/de\/automotive\/lkws-und-busse\/","og_site_name":"Q8Oils","article_modified_time":"2020-12-09T14:07:51+00:00","og_image":[{"width":200,"height":200,"url":"https:\/\/www.q8oils.com\/wp-content\/uploads\/2020\/06\/21229_On-Road_Transport-1.png","type":"image\/png"}],"twitter_card":"summary_large_image","schema":{"@context":"https:\/\/schema.org","@graph":[{"@type":"WebPage","@id":"https:\/\/www.q8oils.com\/de\/automotive\/lkws-und-busse\/","url":"https:\/\/www.q8oils.com\/de\/automotive\/lkws-und-busse\/","name":"LKWS und Busse - Q8Oils","isPartOf":{"@id":"https:\/\/www.q8oils.com\/de\/#website"},"primaryImageOfPage":{"@id":"https:\/\/www.q8oils.com\/de\/automotive\/lkws-und-busse\/#primaryimage"},"image":{"@id":"https:\/\/www.q8oils.com\/de\/automotive\/lkws-und-busse\/#primaryimage"},"thumbnailUrl":"https:\/\/www.q8oils.com\/wp-content\/uploads\/2020\/06\/21229_On-Road_Transport-1.png","datePublished":"2020-05-17T17:13:24+00:00","dateModified":"2020-12-09T14:07:51+00:00","description":"Q8 Formula Truck, das erstklassige Sortiment an Schwerlast-Dieselmotor\u00f6len von Q8Oils, wurde in einer Vielzahl von Anwendungen unter extremen Bedingungen erfolgreich getestet. Das Sortiment eignet sich f\u00fcr jeden Lkw-Fuhrpark und erh\u00f6ht die Motoreffizienz, verl\u00e4ngert die \u00d6lwechselintervalle, hat einen niedrigen SAPS-Gehalt f\u00fcr einen besseren Motorschutz und senkt den Kraftstoffverbrauch.","breadcrumb":{"@id":"https:\/\/www.q8oils.com\/de\/automotive\/lkws-und-busse\/#breadcrumb"},"inLanguage":"de","potentialAction":[{"@type":"ReadAction","target":["https:\/\/www.q8oils.com\/de\/automotive\/lkws-und-busse\/"]}]},{"@type":"ImageObject","inLanguage":"de","@id":"https:\/\/www.q8oils.com\/de\/automotive\/lkws-und-busse\/#primaryimage","url":"https:\/\/www.q8oils.com\/wp-content\/uploads\/2020\/06\/21229_On-Road_Transport-1.png","contentUrl":"https:\/\/www.q8oils.com\/wp-content\/uploads\/2020\/06\/21229_On-Road_Transport-1.png","width":200,"height":200,"caption":"Heavy Duty Icon - Q8Oils"},{"@type":"BreadcrumbList","@id":"https:\/\/www.q8oils.com\/de\/automotive\/lkws-und-busse\/#breadcrumb","itemListElement":[{"@type":"ListItem","position":1,"name":"Home","item":"https:\/\/www.q8oils.com\/de\/"},{"@type":"ListItem","position":2,"name":"Automotive","item":"https:\/\/www.q8oils.com\/de\/automotive\/"},{"@type":"ListItem","position":3,"name":"LKWS und Busse"}]},{"@type":"WebSite","@id":"https:\/\/www.q8oils.com\/de\/#website","url":"https:\/\/www.q8oils.com\/de\/","name":"Q8Oils","description":"Global, partnership, lubricants, solutions","publisher":{"@id":"https:\/\/www.q8oils.com\/de\/#organization"},"potentialAction":[{"@type":"SearchAction","target":{"@type":"EntryPoint","urlTemplate":"https:\/\/www.q8oils.com\/de\/?s={search_term_string}"},"query-input":{"@type":"PropertyValueSpecification","valueRequired":true,"valueName":"search_term_string"}}],"inLanguage":"de"},{"@type":"Organization","@id":"https:\/\/www.q8oils.com\/de\/#organization","name":"Q8Oils","url":"https:\/\/www.q8oils.com\/de\/","logo":{"@type":"ImageObject","inLanguage":"de","@id":"https:\/\/www.q8oils.com\/de\/#\/schema\/logo\/image\/","url":"https:\/\/www.q8oils.com\/wp-content\/uploads\/2020\/04\/q8oils-logo.png","contentUrl":"https:\/\/www.q8oils.com\/wp-content\/uploads\/2020\/04\/q8oils-logo.png","width":475,"height":100,"caption":"Q8Oils"},"image":{"@id":"https:\/\/www.q8oils.com\/de\/#\/schema\/logo\/image\/"},"sameAs":["https:\/\/www.linkedin.com\/Q8Oils"]}]}},"_links":{"self":[{"href":"https:\/\/www.q8oils.com\/de\/wp-json\/wp\/v2\/pages\/502506"}],"collection":[{"href":"https:\/\/www.q8oils.com\/de\/wp-json\/wp\/v2\/pages"}],"about":[{"href":"https:\/\/www.q8oils.com\/de\/wp-json\/wp\/v2\/types\/page"}],"author":[{"embeddable":true,"href":"https:\/\/www.q8oils.com\/de\/wp-json\/wp\/v2\/users\/2"}],"replies":[{"embeddable":true,"href":"https:\/\/www.q8oils.com\/de\/wp-json\/wp\/v2\/comments?post=502506"}],"version-history":[{"count":4,"href":"https:\/\/www.q8oils.com\/de\/wp-json\/wp\/v2\/pages\/502506\/revisions"}],"predecessor-version":[{"id":641901,"href":"https:\/\/www.q8oils.com\/de\/wp-json\/wp\/v2\/pages\/502506\/revisions\/641901"}],"up":[{"embeddable":true,"href":"https:\/\/www.q8oils.com\/de\/wp-json\/wp\/v2\/pages\/502468"}],"wp:featuredmedia":[{"embeddable":true,"href":"https:\/\/www.q8oils.com\/de\/wp-json\/wp\/v2\/media\/501128"}],"wp:attachment":[{"href":"https:\/\/www.q8oils.com\/de\/wp-json\/wp\/v2\/media?parent=502506"}],"curies":[{"name":"wp","href":"https:\/\/api.w.org\/{rel}","templated":true}]}}