
 

{"id":502560,"date":"2020-05-21T09:50:26","date_gmt":"2020-05-21T09:50:26","guid":{"rendered":"https:\/\/www.q8oils.com\/energy\/"},"modified":"2021-02-27T12:42:37","modified_gmt":"2021-02-27T12:42:37","slug":"energie","status":"publish","type":"page","link":"https:\/\/www.q8oils.com\/de\/energie\/","title":{"rendered":"Energie"},"content":{"rendered":"","protected":false},"excerpt":{"rendered":"<p>Q8Oils ist der bevorzugte \u00d6lhersteller f\u00fcr den Energiesektor. Dank unserer weitreichenden Erfahrung, unseres innovativen F&#038;E-Programms und unserer eigenen Formulierungen auf der Grundlage selektiver Additivtechnologie \u00fcbertreffen unsere hochentwickelten Schmierstoffe f\u00fcr den Energiesektor die industriellen Ma\u00dfst\u00e4be. Dank unserer weitreichenden Erfahrung in diesem anspruchsvollen Markt und unseres innovativen F&#038;E-Programms optimieren wir kontinuierlich unsere Produkte f\u00fcr den Energiemarkt.<\/p>\n","protected":false},"author":2,"featured_media":0,"parent":0,"menu_order":0,"comment_status":"closed","ping_status":"closed","template":"page-templates\/major.php","meta":{"_acf_changed":false,"footnotes":""},"class_list":["post-502560","page","type-page","status-publish","hentry"],"acf":[],"yoast_head":"<!-- This site is optimized with the Yoast SEO plugin v23.5 - https:\/\/yoast.com\/wordpress\/plugins\/seo\/ -->\n<title>Energie - Q8Oils<\/title>\n<meta name=\"description\" content=\"Q8Oils ist der bevorzugte \u00d6lhersteller f\u00fcr den Energiesektor. Dank unserer weitreichenden Erfahrung, unseres innovativen F&amp;E-Programms und unserer eigenen Formulierungen auf der Grundlage selektiver Additivtechnologie \u00fcbertreffen unsere hochentwickelten Schmierstoffe f\u00fcr den Energiesektor die industriellen Ma\u00dfst\u00e4be. Dank unserer weitreichenden Erfahrung in diesem anspruchsvollen Markt und unseres innovativen F&amp;E-Programms optimieren wir kontinuierlich unsere Produkte f\u00fcr den Energiemarkt.\" \/>\n<meta name=\"robots\" content=\"index, follow, max-snippet:-1, max-image-preview:large, max-video-preview:-1\" \/>\n<link rel=\"canonical\" href=\"https:\/\/www.q8oils.com\/de\/energie\/\" \/>\n<meta property=\"og:locale\" content=\"de_DE\" \/>\n<meta property=\"og:type\" content=\"article\" \/>\n<meta property=\"og:title\" content=\"Energie - Q8Oils\" \/>\n<meta property=\"og:description\" content=\"Q8Oils ist der bevorzugte \u00d6lhersteller f\u00fcr den Energiesektor. Dank unserer weitreichenden Erfahrung, unseres innovativen F&amp;E-Programms und unserer eigenen Formulierungen auf der Grundlage selektiver Additivtechnologie \u00fcbertreffen unsere hochentwickelten Schmierstoffe f\u00fcr den Energiesektor die industriellen Ma\u00dfst\u00e4be. Dank unserer weitreichenden Erfahrung in diesem anspruchsvollen Markt und unseres innovativen F&amp;E-Programms optimieren wir kontinuierlich unsere Produkte f\u00fcr den Energiemarkt.\" \/>\n<meta property=\"og:url\" content=\"https:\/\/www.q8oils.com\/de\/energie\/\" \/>\n<meta property=\"og:site_name\" content=\"Q8Oils\" \/>\n<meta property=\"article:modified_time\" content=\"2021-02-27T12:42:37+00:00\" \/>\n<meta name=\"twitter:card\" content=\"summary_large_image\" \/>\n<script type=\"application\/ld+json\" class=\"yoast-schema-graph\">{\"@context\":\"https:\/\/schema.org\",\"@graph\":[{\"@type\":\"WebPage\",\"@id\":\"https:\/\/www.q8oils.com\/de\/energie\/\",\"url\":\"https:\/\/www.q8oils.com\/de\/energie\/\",\"name\":\"Energie - Q8Oils\",\"isPartOf\":{\"@id\":\"https:\/\/www.q8oils.com\/de\/#website\"},\"datePublished\":\"2020-05-21T09:50:26+00:00\",\"dateModified\":\"2021-02-27T12:42:37+00:00\",\"description\":\"Q8Oils ist der bevorzugte \u00d6lhersteller f\u00fcr den Energiesektor. Dank unserer weitreichenden Erfahrung, unseres innovativen F&E-Programms und unserer eigenen Formulierungen auf der Grundlage selektiver Additivtechnologie \u00fcbertreffen unsere hochentwickelten Schmierstoffe f\u00fcr den Energiesektor die industriellen Ma\u00dfst\u00e4be. Dank unserer weitreichenden Erfahrung in diesem anspruchsvollen Markt und unseres innovativen F&E-Programms optimieren wir kontinuierlich unsere Produkte f\u00fcr den Energiemarkt.\",\"breadcrumb\":{\"@id\":\"https:\/\/www.q8oils.com\/de\/energie\/#breadcrumb\"},\"inLanguage\":\"de\",\"potentialAction\":[{\"@type\":\"ReadAction\",\"target\":[\"https:\/\/www.q8oils.com\/de\/energie\/\"]}]},{\"@type\":\"BreadcrumbList\",\"@id\":\"https:\/\/www.q8oils.com\/de\/energie\/#breadcrumb\",\"itemListElement\":[{\"@type\":\"ListItem\",\"position\":1,\"name\":\"Home\",\"item\":\"https:\/\/www.q8oils.com\/de\/\"},{\"@type\":\"ListItem\",\"position\":2,\"name\":\"Energie\"}]},{\"@type\":\"WebSite\",\"@id\":\"https:\/\/www.q8oils.com\/de\/#website\",\"url\":\"https:\/\/www.q8oils.com\/de\/\",\"name\":\"Q8Oils\",\"description\":\"Global, partnership, lubricants, solutions\",\"publisher\":{\"@id\":\"https:\/\/www.q8oils.com\/de\/#organization\"},\"potentialAction\":[{\"@type\":\"SearchAction\",\"target\":{\"@type\":\"EntryPoint\",\"urlTemplate\":\"https:\/\/www.q8oils.com\/de\/?s={search_term_string}\"},\"query-input\":{\"@type\":\"PropertyValueSpecification\",\"valueRequired\":true,\"valueName\":\"search_term_string\"}}],\"inLanguage\":\"de\"},{\"@type\":\"Organization\",\"@id\":\"https:\/\/www.q8oils.com\/de\/#organization\",\"name\":\"Q8Oils\",\"url\":\"https:\/\/www.q8oils.com\/de\/\",\"logo\":{\"@type\":\"ImageObject\",\"inLanguage\":\"de\",\"@id\":\"https:\/\/www.q8oils.com\/de\/#\/schema\/logo\/image\/\",\"url\":\"https:\/\/www.q8oils.com\/wp-content\/uploads\/2020\/04\/q8oils-logo.png\",\"contentUrl\":\"https:\/\/www.q8oils.com\/wp-content\/uploads\/2020\/04\/q8oils-logo.png\",\"width\":475,\"height\":100,\"caption\":\"Q8Oils\"},\"image\":{\"@id\":\"https:\/\/www.q8oils.com\/de\/#\/schema\/logo\/image\/\"},\"sameAs\":[\"https:\/\/www.linkedin.com\/Q8Oils\"]}]}<\/script>\n<!-- \/ Yoast SEO plugin. -->","yoast_head_json":{"title":"Energie - Q8Oils","description":"Q8Oils ist der bevorzugte \u00d6lhersteller f\u00fcr den Energiesektor. Dank unserer weitreichenden Erfahrung, unseres innovativen F&E-Programms und unserer eigenen Formulierungen auf der Grundlage selektiver Additivtechnologie \u00fcbertreffen unsere hochentwickelten Schmierstoffe f\u00fcr den Energiesektor die industriellen Ma\u00dfst\u00e4be. Dank unserer weitreichenden Erfahrung in diesem anspruchsvollen Markt und unseres innovativen F&E-Programms optimieren wir kontinuierlich unsere Produkte f\u00fcr den Energiemarkt.","robots":{"index":"index","follow":"follow","max-snippet":"max-snippet:-1","max-image-preview":"max-image-preview:large","max-video-preview":"max-video-preview:-1"},"canonical":"https:\/\/www.q8oils.com\/de\/energie\/","og_locale":"de_DE","og_type":"article","og_title":"Energie - Q8Oils","og_description":"Q8Oils ist der bevorzugte \u00d6lhersteller f\u00fcr den Energiesektor. Dank unserer weitreichenden Erfahrung, unseres innovativen F&E-Programms und unserer eigenen Formulierungen auf der Grundlage selektiver Additivtechnologie \u00fcbertreffen unsere hochentwickelten Schmierstoffe f\u00fcr den Energiesektor die industriellen Ma\u00dfst\u00e4be. Dank unserer weitreichenden Erfahrung in diesem anspruchsvollen Markt und unseres innovativen F&E-Programms optimieren wir kontinuierlich unsere Produkte f\u00fcr den Energiemarkt.","og_url":"https:\/\/www.q8oils.com\/de\/energie\/","og_site_name":"Q8Oils","article_modified_time":"2021-02-27T12:42:37+00:00","twitter_card":"summary_large_image","schema":{"@context":"https:\/\/schema.org","@graph":[{"@type":"WebPage","@id":"https:\/\/www.q8oils.com\/de\/energie\/","url":"https:\/\/www.q8oils.com\/de\/energie\/","name":"Energie - Q8Oils","isPartOf":{"@id":"https:\/\/www.q8oils.com\/de\/#website"},"datePublished":"2020-05-21T09:50:26+00:00","dateModified":"2021-02-27T12:42:37+00:00","description":"Q8Oils ist der bevorzugte \u00d6lhersteller f\u00fcr den Energiesektor. Dank unserer weitreichenden Erfahrung, unseres innovativen F&E-Programms und unserer eigenen Formulierungen auf der Grundlage selektiver Additivtechnologie \u00fcbertreffen unsere hochentwickelten Schmierstoffe f\u00fcr den Energiesektor die industriellen Ma\u00dfst\u00e4be. Dank unserer weitreichenden Erfahrung in diesem anspruchsvollen Markt und unseres innovativen F&E-Programms optimieren wir kontinuierlich unsere Produkte f\u00fcr den Energiemarkt.","breadcrumb":{"@id":"https:\/\/www.q8oils.com\/de\/energie\/#breadcrumb"},"inLanguage":"de","potentialAction":[{"@type":"ReadAction","target":["https:\/\/www.q8oils.com\/de\/energie\/"]}]},{"@type":"BreadcrumbList","@id":"https:\/\/www.q8oils.com\/de\/energie\/#breadcrumb","itemListElement":[{"@type":"ListItem","position":1,"name":"Home","item":"https:\/\/www.q8oils.com\/de\/"},{"@type":"ListItem","position":2,"name":"Energie"}]},{"@type":"WebSite","@id":"https:\/\/www.q8oils.com\/de\/#website","url":"https:\/\/www.q8oils.com\/de\/","name":"Q8Oils","description":"Global, partnership, lubricants, solutions","publisher":{"@id":"https:\/\/www.q8oils.com\/de\/#organization"},"potentialAction":[{"@type":"SearchAction","target":{"@type":"EntryPoint","urlTemplate":"https:\/\/www.q8oils.com\/de\/?s={search_term_string}"},"query-input":{"@type":"PropertyValueSpecification","valueRequired":true,"valueName":"search_term_string"}}],"inLanguage":"de"},{"@type":"Organization","@id":"https:\/\/www.q8oils.com\/de\/#organization","name":"Q8Oils","url":"https:\/\/www.q8oils.com\/de\/","logo":{"@type":"ImageObject","inLanguage":"de","@id":"https:\/\/www.q8oils.com\/de\/#\/schema\/logo\/image\/","url":"https:\/\/www.q8oils.com\/wp-content\/uploads\/2020\/04\/q8oils-logo.png","contentUrl":"https:\/\/www.q8oils.com\/wp-content\/uploads\/2020\/04\/q8oils-logo.png","width":475,"height":100,"caption":"Q8Oils"},"image":{"@id":"https:\/\/www.q8oils.com\/de\/#\/schema\/logo\/image\/"},"sameAs":["https:\/\/www.linkedin.com\/Q8Oils"]}]}},"_links":{"self":[{"href":"https:\/\/www.q8oils.com\/de\/wp-json\/wp\/v2\/pages\/502560"}],"collection":[{"href":"https:\/\/www.q8oils.com\/de\/wp-json\/wp\/v2\/pages"}],"about":[{"href":"https:\/\/www.q8oils.com\/de\/wp-json\/wp\/v2\/types\/page"}],"author":[{"embeddable":true,"href":"https:\/\/www.q8oils.com\/de\/wp-json\/wp\/v2\/users\/2"}],"replies":[{"embeddable":true,"href":"https:\/\/www.q8oils.com\/de\/wp-json\/wp\/v2\/comments?post=502560"}],"version-history":[{"count":6,"href":"https:\/\/www.q8oils.com\/de\/wp-json\/wp\/v2\/pages\/502560\/revisions"}],"predecessor-version":[{"id":688910,"href":"https:\/\/www.q8oils.com\/de\/wp-json\/wp\/v2\/pages\/502560\/revisions\/688910"}],"wp:attachment":[{"href":"https:\/\/www.q8oils.com\/de\/wp-json\/wp\/v2\/media?parent=502560"}],"curies":[{"name":"wp","href":"https:\/\/api.w.org\/{rel}","templated":true}]}}