
 

{"id":502656,"date":"2020-05-21T14:44:14","date_gmt":"2020-05-21T14:44:14","guid":{"rendered":"https:\/\/www.q8oils.com\/allgemeine-industrie\/circulating-oils\/"},"modified":"2020-12-23T15:22:15","modified_gmt":"2020-12-23T15:22:15","slug":"umlaufoele","status":"publish","type":"page","link":"https:\/\/www.q8oils.com\/de\/allgemeine-industrie\/umlaufoele\/","title":{"rendered":"Umlauf\u00f6le"},"content":{"rendered":"<blockquote class=\"wp-embedded-content\" data-secret=\"L32dQ5bDwz\"><p><a href=\"https:\/\/www.q8oils.com\/products\/\">Products<\/a><\/p><\/blockquote>\n<p><iframe class=\"wp-embedded-content\" sandbox=\"allow-scripts\" security=\"restricted\" style=\"position: absolute; visibility: hidden;\" title=\"&#8220;Products&#8221; &#8212; Q8Oils\" src=\"https:\/\/www.q8oils.com\/products\/embed\/#?secret=x5k4TDF8rb#?secret=L32dQ5bDwz\" data-secret=\"L32dQ5bDwz\" width=\"600\" height=\"338\" frameborder=\"0\" marginwidth=\"0\" marginheight=\"0\" scrolling=\"no\"><\/iframe><\/p>\n<p>&nbsp;<\/p>\n","protected":false},"excerpt":{"rendered":"<p>Diese Mehrzweckschmier\u00f6le werden in Papierfabriken und\/oder Stahlwerken eingesetzt. Unsere Umlauf\u00f6le mit hervorragendem Wasserabscheidungsverm\u00f6gen enthalten \u00f6lige Additive, um den Stick-Slip-Effekt zu eliminieren und die Reibung zu reduzieren.<\/p>\n","protected":false},"author":2,"featured_media":499857,"parent":502642,"menu_order":0,"comment_status":"closed","ping_status":"closed","template":"page-templates\/minor.php","meta":{"_acf_changed":false,"footnotes":""},"class_list":["post-502656","page","type-page","status-publish","has-post-thumbnail","hentry","major-general-industry-de"],"acf":[],"yoast_head":"<!-- This site is optimized with the Yoast SEO plugin v23.5 - https:\/\/yoast.com\/wordpress\/plugins\/seo\/ -->\n<title>Umlauf\u00f6le - Q8Oils<\/title>\n<meta name=\"description\" content=\"Diese Mehrzweckschmier\u00f6le werden in Papierfabriken und\/oder Stahlwerken eingesetzt. Unsere Umlauf\u00f6le mit hervorragendem Wasserabscheidungsverm\u00f6gen enthalten \u00f6lige Additive, um den Stick-Slip-Effekt zu eliminieren und die Reibung zu reduzieren.\" \/>\n<meta name=\"robots\" content=\"index, follow, max-snippet:-1, max-image-preview:large, max-video-preview:-1\" \/>\n<link rel=\"canonical\" href=\"https:\/\/www.q8oils.com\/de\/allgemeine-industrie\/umlaufoele\/\" \/>\n<meta property=\"og:locale\" content=\"de_DE\" \/>\n<meta property=\"og:type\" content=\"article\" \/>\n<meta property=\"og:title\" content=\"Umlauf\u00f6le - Q8Oils\" \/>\n<meta property=\"og:description\" content=\"Diese Mehrzweckschmier\u00f6le werden in Papierfabriken und\/oder Stahlwerken eingesetzt. Unsere Umlauf\u00f6le mit hervorragendem Wasserabscheidungsverm\u00f6gen enthalten \u00f6lige Additive, um den Stick-Slip-Effekt zu eliminieren und die Reibung zu reduzieren.\" \/>\n<meta property=\"og:url\" content=\"https:\/\/www.q8oils.com\/de\/allgemeine-industrie\/umlaufoele\/\" \/>\n<meta property=\"og:site_name\" content=\"Q8Oils\" \/>\n<meta property=\"article:modified_time\" content=\"2020-12-23T15:22:15+00:00\" \/>\n<meta property=\"og:image\" content=\"https:\/\/www.q8oils.com\/wp-content\/uploads\/2020\/05\/23244_Circulating-Oil-1.png\" \/>\n\t<meta property=\"og:image:width\" content=\"200\" \/>\n\t<meta property=\"og:image:height\" content=\"225\" \/>\n\t<meta property=\"og:image:type\" content=\"image\/png\" \/>\n<meta name=\"twitter:card\" content=\"summary_large_image\" \/>\n<script type=\"application\/ld+json\" class=\"yoast-schema-graph\">{\"@context\":\"https:\/\/schema.org\",\"@graph\":[{\"@type\":\"WebPage\",\"@id\":\"https:\/\/www.q8oils.com\/de\/allgemeine-industrie\/umlaufoele\/\",\"url\":\"https:\/\/www.q8oils.com\/de\/allgemeine-industrie\/umlaufoele\/\",\"name\":\"Umlauf\u00f6le - Q8Oils\",\"isPartOf\":{\"@id\":\"https:\/\/www.q8oils.com\/de\/#website\"},\"primaryImageOfPage\":{\"@id\":\"https:\/\/www.q8oils.com\/de\/allgemeine-industrie\/umlaufoele\/#primaryimage\"},\"image\":{\"@id\":\"https:\/\/www.q8oils.com\/de\/allgemeine-industrie\/umlaufoele\/#primaryimage\"},\"thumbnailUrl\":\"https:\/\/www.q8oils.com\/wp-content\/uploads\/2020\/05\/23244_Circulating-Oil-1.png\",\"datePublished\":\"2020-05-21T14:44:14+00:00\",\"dateModified\":\"2020-12-23T15:22:15+00:00\",\"description\":\"Diese Mehrzweckschmier\u00f6le werden in Papierfabriken und\/oder Stahlwerken eingesetzt. Unsere Umlauf\u00f6le mit hervorragendem Wasserabscheidungsverm\u00f6gen enthalten \u00f6lige Additive, um den Stick-Slip-Effekt zu eliminieren und die Reibung zu reduzieren.\",\"breadcrumb\":{\"@id\":\"https:\/\/www.q8oils.com\/de\/allgemeine-industrie\/umlaufoele\/#breadcrumb\"},\"inLanguage\":\"de\",\"potentialAction\":[{\"@type\":\"ReadAction\",\"target\":[\"https:\/\/www.q8oils.com\/de\/allgemeine-industrie\/umlaufoele\/\"]}]},{\"@type\":\"ImageObject\",\"inLanguage\":\"de\",\"@id\":\"https:\/\/www.q8oils.com\/de\/allgemeine-industrie\/umlaufoele\/#primaryimage\",\"url\":\"https:\/\/www.q8oils.com\/wp-content\/uploads\/2020\/05\/23244_Circulating-Oil-1.png\",\"contentUrl\":\"https:\/\/www.q8oils.com\/wp-content\/uploads\/2020\/05\/23244_Circulating-Oil-1.png\",\"width\":200,\"height\":225,\"caption\":\"Circulating Oils Icon - Q8Oils\"},{\"@type\":\"BreadcrumbList\",\"@id\":\"https:\/\/www.q8oils.com\/de\/allgemeine-industrie\/umlaufoele\/#breadcrumb\",\"itemListElement\":[{\"@type\":\"ListItem\",\"position\":1,\"name\":\"Home\",\"item\":\"https:\/\/www.q8oils.com\/de\/\"},{\"@type\":\"ListItem\",\"position\":2,\"name\":\"Allgemeine Industrie\",\"item\":\"https:\/\/www.q8oils.com\/de\/allgemeine-industrie\/\"},{\"@type\":\"ListItem\",\"position\":3,\"name\":\"Umlauf\u00f6le\"}]},{\"@type\":\"WebSite\",\"@id\":\"https:\/\/www.q8oils.com\/de\/#website\",\"url\":\"https:\/\/www.q8oils.com\/de\/\",\"name\":\"Q8Oils\",\"description\":\"Global, partnership, lubricants, solutions\",\"publisher\":{\"@id\":\"https:\/\/www.q8oils.com\/de\/#organization\"},\"potentialAction\":[{\"@type\":\"SearchAction\",\"target\":{\"@type\":\"EntryPoint\",\"urlTemplate\":\"https:\/\/www.q8oils.com\/de\/?s={search_term_string}\"},\"query-input\":{\"@type\":\"PropertyValueSpecification\",\"valueRequired\":true,\"valueName\":\"search_term_string\"}}],\"inLanguage\":\"de\"},{\"@type\":\"Organization\",\"@id\":\"https:\/\/www.q8oils.com\/de\/#organization\",\"name\":\"Q8Oils\",\"url\":\"https:\/\/www.q8oils.com\/de\/\",\"logo\":{\"@type\":\"ImageObject\",\"inLanguage\":\"de\",\"@id\":\"https:\/\/www.q8oils.com\/de\/#\/schema\/logo\/image\/\",\"url\":\"https:\/\/www.q8oils.com\/wp-content\/uploads\/2020\/04\/q8oils-logo.png\",\"contentUrl\":\"https:\/\/www.q8oils.com\/wp-content\/uploads\/2020\/04\/q8oils-logo.png\",\"width\":475,\"height\":100,\"caption\":\"Q8Oils\"},\"image\":{\"@id\":\"https:\/\/www.q8oils.com\/de\/#\/schema\/logo\/image\/\"},\"sameAs\":[\"https:\/\/www.linkedin.com\/Q8Oils\"]}]}<\/script>\n<!-- \/ Yoast SEO plugin. -->","yoast_head_json":{"title":"Umlauf\u00f6le - Q8Oils","description":"Diese Mehrzweckschmier\u00f6le werden in Papierfabriken und\/oder Stahlwerken eingesetzt. Unsere Umlauf\u00f6le mit hervorragendem Wasserabscheidungsverm\u00f6gen enthalten \u00f6lige Additive, um den Stick-Slip-Effekt zu eliminieren und die Reibung zu reduzieren.","robots":{"index":"index","follow":"follow","max-snippet":"max-snippet:-1","max-image-preview":"max-image-preview:large","max-video-preview":"max-video-preview:-1"},"canonical":"https:\/\/www.q8oils.com\/de\/allgemeine-industrie\/umlaufoele\/","og_locale":"de_DE","og_type":"article","og_title":"Umlauf\u00f6le - Q8Oils","og_description":"Diese Mehrzweckschmier\u00f6le werden in Papierfabriken und\/oder Stahlwerken eingesetzt. Unsere Umlauf\u00f6le mit hervorragendem Wasserabscheidungsverm\u00f6gen enthalten \u00f6lige Additive, um den Stick-Slip-Effekt zu eliminieren und die Reibung zu reduzieren.","og_url":"https:\/\/www.q8oils.com\/de\/allgemeine-industrie\/umlaufoele\/","og_site_name":"Q8Oils","article_modified_time":"2020-12-23T15:22:15+00:00","og_image":[{"width":200,"height":225,"url":"https:\/\/www.q8oils.com\/wp-content\/uploads\/2020\/05\/23244_Circulating-Oil-1.png","type":"image\/png"}],"twitter_card":"summary_large_image","schema":{"@context":"https:\/\/schema.org","@graph":[{"@type":"WebPage","@id":"https:\/\/www.q8oils.com\/de\/allgemeine-industrie\/umlaufoele\/","url":"https:\/\/www.q8oils.com\/de\/allgemeine-industrie\/umlaufoele\/","name":"Umlauf\u00f6le - Q8Oils","isPartOf":{"@id":"https:\/\/www.q8oils.com\/de\/#website"},"primaryImageOfPage":{"@id":"https:\/\/www.q8oils.com\/de\/allgemeine-industrie\/umlaufoele\/#primaryimage"},"image":{"@id":"https:\/\/www.q8oils.com\/de\/allgemeine-industrie\/umlaufoele\/#primaryimage"},"thumbnailUrl":"https:\/\/www.q8oils.com\/wp-content\/uploads\/2020\/05\/23244_Circulating-Oil-1.png","datePublished":"2020-05-21T14:44:14+00:00","dateModified":"2020-12-23T15:22:15+00:00","description":"Diese Mehrzweckschmier\u00f6le werden in Papierfabriken und\/oder Stahlwerken eingesetzt. Unsere Umlauf\u00f6le mit hervorragendem Wasserabscheidungsverm\u00f6gen enthalten \u00f6lige Additive, um den Stick-Slip-Effekt zu eliminieren und die Reibung zu reduzieren.","breadcrumb":{"@id":"https:\/\/www.q8oils.com\/de\/allgemeine-industrie\/umlaufoele\/#breadcrumb"},"inLanguage":"de","potentialAction":[{"@type":"ReadAction","target":["https:\/\/www.q8oils.com\/de\/allgemeine-industrie\/umlaufoele\/"]}]},{"@type":"ImageObject","inLanguage":"de","@id":"https:\/\/www.q8oils.com\/de\/allgemeine-industrie\/umlaufoele\/#primaryimage","url":"https:\/\/www.q8oils.com\/wp-content\/uploads\/2020\/05\/23244_Circulating-Oil-1.png","contentUrl":"https:\/\/www.q8oils.com\/wp-content\/uploads\/2020\/05\/23244_Circulating-Oil-1.png","width":200,"height":225,"caption":"Circulating Oils Icon - Q8Oils"},{"@type":"BreadcrumbList","@id":"https:\/\/www.q8oils.com\/de\/allgemeine-industrie\/umlaufoele\/#breadcrumb","itemListElement":[{"@type":"ListItem","position":1,"name":"Home","item":"https:\/\/www.q8oils.com\/de\/"},{"@type":"ListItem","position":2,"name":"Allgemeine Industrie","item":"https:\/\/www.q8oils.com\/de\/allgemeine-industrie\/"},{"@type":"ListItem","position":3,"name":"Umlauf\u00f6le"}]},{"@type":"WebSite","@id":"https:\/\/www.q8oils.com\/de\/#website","url":"https:\/\/www.q8oils.com\/de\/","name":"Q8Oils","description":"Global, partnership, lubricants, solutions","publisher":{"@id":"https:\/\/www.q8oils.com\/de\/#organization"},"potentialAction":[{"@type":"SearchAction","target":{"@type":"EntryPoint","urlTemplate":"https:\/\/www.q8oils.com\/de\/?s={search_term_string}"},"query-input":{"@type":"PropertyValueSpecification","valueRequired":true,"valueName":"search_term_string"}}],"inLanguage":"de"},{"@type":"Organization","@id":"https:\/\/www.q8oils.com\/de\/#organization","name":"Q8Oils","url":"https:\/\/www.q8oils.com\/de\/","logo":{"@type":"ImageObject","inLanguage":"de","@id":"https:\/\/www.q8oils.com\/de\/#\/schema\/logo\/image\/","url":"https:\/\/www.q8oils.com\/wp-content\/uploads\/2020\/04\/q8oils-logo.png","contentUrl":"https:\/\/www.q8oils.com\/wp-content\/uploads\/2020\/04\/q8oils-logo.png","width":475,"height":100,"caption":"Q8Oils"},"image":{"@id":"https:\/\/www.q8oils.com\/de\/#\/schema\/logo\/image\/"},"sameAs":["https:\/\/www.linkedin.com\/Q8Oils"]}]}},"_links":{"self":[{"href":"https:\/\/www.q8oils.com\/de\/wp-json\/wp\/v2\/pages\/502656"}],"collection":[{"href":"https:\/\/www.q8oils.com\/de\/wp-json\/wp\/v2\/pages"}],"about":[{"href":"https:\/\/www.q8oils.com\/de\/wp-json\/wp\/v2\/types\/page"}],"author":[{"embeddable":true,"href":"https:\/\/www.q8oils.com\/de\/wp-json\/wp\/v2\/users\/2"}],"replies":[{"embeddable":true,"href":"https:\/\/www.q8oils.com\/de\/wp-json\/wp\/v2\/comments?post=502656"}],"version-history":[{"count":4,"href":"https:\/\/www.q8oils.com\/de\/wp-json\/wp\/v2\/pages\/502656\/revisions"}],"predecessor-version":[{"id":642945,"href":"https:\/\/www.q8oils.com\/de\/wp-json\/wp\/v2\/pages\/502656\/revisions\/642945"}],"up":[{"embeddable":true,"href":"https:\/\/www.q8oils.com\/de\/wp-json\/wp\/v2\/pages\/502642"}],"wp:featuredmedia":[{"embeddable":true,"href":"https:\/\/www.q8oils.com\/de\/wp-json\/wp\/v2\/media\/499857"}],"wp:attachment":[{"href":"https:\/\/www.q8oils.com\/de\/wp-json\/wp\/v2\/media?parent=502656"}],"curies":[{"name":"wp","href":"https:\/\/api.w.org\/{rel}","templated":true}]}}