
 

{"id":502668,"date":"2020-05-23T07:49:22","date_gmt":"2020-05-23T07:49:22","guid":{"rendered":"https:\/\/www.q8oils.com\/allgemeine-industrie\/degreasers\/"},"modified":"2020-12-23T15:39:27","modified_gmt":"2020-12-23T15:39:27","slug":"enfettungsmittel","status":"publish","type":"page","link":"https:\/\/www.q8oils.com\/de\/allgemeine-industrie\/enfettungsmittel\/","title":{"rendered":"Enfettungsmittel"},"content":{"rendered":"<blockquote class=\"wp-embedded-content\" data-secret=\"X6bt0FHmyQ\"><p><a href=\"https:\/\/www.q8oils.com\/products\/\">Products<\/a><\/p><\/blockquote>\n<p><iframe class=\"wp-embedded-content\" sandbox=\"allow-scripts\" security=\"restricted\" style=\"position: absolute; visibility: hidden;\" title=\"&#8220;Products&#8221; &#8212; Q8Oils\" src=\"https:\/\/www.q8oils.com\/products\/embed\/#?secret=s8EWluwhlp#?secret=X6bt0FHmyQ\" data-secret=\"X6bt0FHmyQ\" width=\"600\" height=\"338\" frameborder=\"0\" marginwidth=\"0\" marginheight=\"0\" scrolling=\"no\"><\/iframe><\/p>\n<p>&nbsp;<\/p>\n","protected":false},"excerpt":{"rendered":"<p>Entfettungsfl\u00fcssigkeiten werden verwendet, um Werkst\u00fccke oder Teile zu reinigen, die mit \u00d6l oder Fett verunreinigt sind. Die Entfettungsfl\u00fcssigkeiten von Q8Oils f\u00fcr die Reinigung von Maschinen, Fahrzeugen und Werkstattb\u00f6den haben einen hohen Flammpunkt und eine gute biologische Abbaubarkeit, sodass sie in jeder Umgebung sicher eingesetzt werden k\u00f6nnen.<\/p>\n","protected":false},"author":2,"featured_media":500210,"parent":502642,"menu_order":0,"comment_status":"closed","ping_status":"closed","template":"page-templates\/minor.php","meta":{"_acf_changed":false,"footnotes":""},"class_list":["post-502668","page","type-page","status-publish","has-post-thumbnail","hentry","major-general-industry-de"],"acf":[],"yoast_head":"<!-- This site is optimized with the Yoast SEO plugin v23.5 - https:\/\/yoast.com\/wordpress\/plugins\/seo\/ -->\n<title>Enfettungsmittel - Q8Oils<\/title>\n<meta name=\"description\" content=\"Entfettungsfl\u00fcssigkeiten werden verwendet, um Werkst\u00fccke oder Teile zu reinigen, die mit \u00d6l oder Fett verunreinigt sind. Die Entfettungsfl\u00fcssigkeiten von Q8Oils f\u00fcr die Reinigung von Maschinen, Fahrzeugen und Werkstattb\u00f6den haben einen hohen Flammpunkt und eine gute biologische Abbaubarkeit, sodass sie in jeder Umgebung sicher eingesetzt werden k\u00f6nnen.\" \/>\n<meta name=\"robots\" content=\"index, follow, max-snippet:-1, max-image-preview:large, max-video-preview:-1\" \/>\n<link rel=\"canonical\" href=\"https:\/\/www.q8oils.com\/de\/allgemeine-industrie\/enfettungsmittel\/\" \/>\n<meta property=\"og:locale\" content=\"de_DE\" \/>\n<meta property=\"og:type\" content=\"article\" \/>\n<meta property=\"og:title\" content=\"Enfettungsmittel - Q8Oils\" \/>\n<meta property=\"og:description\" content=\"Entfettungsfl\u00fcssigkeiten werden verwendet, um Werkst\u00fccke oder Teile zu reinigen, die mit \u00d6l oder Fett verunreinigt sind. Die Entfettungsfl\u00fcssigkeiten von Q8Oils f\u00fcr die Reinigung von Maschinen, Fahrzeugen und Werkstattb\u00f6den haben einen hohen Flammpunkt und eine gute biologische Abbaubarkeit, sodass sie in jeder Umgebung sicher eingesetzt werden k\u00f6nnen.\" \/>\n<meta property=\"og:url\" content=\"https:\/\/www.q8oils.com\/de\/allgemeine-industrie\/enfettungsmittel\/\" \/>\n<meta property=\"og:site_name\" content=\"Q8Oils\" \/>\n<meta property=\"article:modified_time\" content=\"2020-12-23T15:39:27+00:00\" \/>\n<meta property=\"og:image\" content=\"https:\/\/www.q8oils.com\/wp-content\/uploads\/2020\/05\/23250_Degreasers-1.png\" \/>\n\t<meta property=\"og:image:width\" content=\"201\" \/>\n\t<meta property=\"og:image:height\" content=\"225\" \/>\n\t<meta property=\"og:image:type\" content=\"image\/png\" \/>\n<meta name=\"twitter:card\" content=\"summary_large_image\" \/>\n<script type=\"application\/ld+json\" class=\"yoast-schema-graph\">{\"@context\":\"https:\/\/schema.org\",\"@graph\":[{\"@type\":\"WebPage\",\"@id\":\"https:\/\/www.q8oils.com\/de\/allgemeine-industrie\/enfettungsmittel\/\",\"url\":\"https:\/\/www.q8oils.com\/de\/allgemeine-industrie\/enfettungsmittel\/\",\"name\":\"Enfettungsmittel - Q8Oils\",\"isPartOf\":{\"@id\":\"https:\/\/www.q8oils.com\/de\/#website\"},\"primaryImageOfPage\":{\"@id\":\"https:\/\/www.q8oils.com\/de\/allgemeine-industrie\/enfettungsmittel\/#primaryimage\"},\"image\":{\"@id\":\"https:\/\/www.q8oils.com\/de\/allgemeine-industrie\/enfettungsmittel\/#primaryimage\"},\"thumbnailUrl\":\"https:\/\/www.q8oils.com\/wp-content\/uploads\/2020\/05\/23250_Degreasers-1.png\",\"datePublished\":\"2020-05-23T07:49:22+00:00\",\"dateModified\":\"2020-12-23T15:39:27+00:00\",\"description\":\"Entfettungsfl\u00fcssigkeiten werden verwendet, um Werkst\u00fccke oder Teile zu reinigen, die mit \u00d6l oder Fett verunreinigt sind. Die Entfettungsfl\u00fcssigkeiten von Q8Oils f\u00fcr die Reinigung von Maschinen, Fahrzeugen und Werkstattb\u00f6den haben einen hohen Flammpunkt und eine gute biologische Abbaubarkeit, sodass sie in jeder Umgebung sicher eingesetzt werden k\u00f6nnen.\",\"breadcrumb\":{\"@id\":\"https:\/\/www.q8oils.com\/de\/allgemeine-industrie\/enfettungsmittel\/#breadcrumb\"},\"inLanguage\":\"de\",\"potentialAction\":[{\"@type\":\"ReadAction\",\"target\":[\"https:\/\/www.q8oils.com\/de\/allgemeine-industrie\/enfettungsmittel\/\"]}]},{\"@type\":\"ImageObject\",\"inLanguage\":\"de\",\"@id\":\"https:\/\/www.q8oils.com\/de\/allgemeine-industrie\/enfettungsmittel\/#primaryimage\",\"url\":\"https:\/\/www.q8oils.com\/wp-content\/uploads\/2020\/05\/23250_Degreasers-1.png\",\"contentUrl\":\"https:\/\/www.q8oils.com\/wp-content\/uploads\/2020\/05\/23250_Degreasers-1.png\",\"width\":201,\"height\":225,\"caption\":\"Degreasers Icon - Q8Oils\"},{\"@type\":\"BreadcrumbList\",\"@id\":\"https:\/\/www.q8oils.com\/de\/allgemeine-industrie\/enfettungsmittel\/#breadcrumb\",\"itemListElement\":[{\"@type\":\"ListItem\",\"position\":1,\"name\":\"Home\",\"item\":\"https:\/\/www.q8oils.com\/de\/\"},{\"@type\":\"ListItem\",\"position\":2,\"name\":\"Allgemeine Industrie\",\"item\":\"https:\/\/www.q8oils.com\/de\/allgemeine-industrie\/\"},{\"@type\":\"ListItem\",\"position\":3,\"name\":\"Enfettungsmittel\"}]},{\"@type\":\"WebSite\",\"@id\":\"https:\/\/www.q8oils.com\/de\/#website\",\"url\":\"https:\/\/www.q8oils.com\/de\/\",\"name\":\"Q8Oils\",\"description\":\"Global, partnership, lubricants, solutions\",\"publisher\":{\"@id\":\"https:\/\/www.q8oils.com\/de\/#organization\"},\"potentialAction\":[{\"@type\":\"SearchAction\",\"target\":{\"@type\":\"EntryPoint\",\"urlTemplate\":\"https:\/\/www.q8oils.com\/de\/?s={search_term_string}\"},\"query-input\":{\"@type\":\"PropertyValueSpecification\",\"valueRequired\":true,\"valueName\":\"search_term_string\"}}],\"inLanguage\":\"de\"},{\"@type\":\"Organization\",\"@id\":\"https:\/\/www.q8oils.com\/de\/#organization\",\"name\":\"Q8Oils\",\"url\":\"https:\/\/www.q8oils.com\/de\/\",\"logo\":{\"@type\":\"ImageObject\",\"inLanguage\":\"de\",\"@id\":\"https:\/\/www.q8oils.com\/de\/#\/schema\/logo\/image\/\",\"url\":\"https:\/\/www.q8oils.com\/wp-content\/uploads\/2020\/04\/q8oils-logo.png\",\"contentUrl\":\"https:\/\/www.q8oils.com\/wp-content\/uploads\/2020\/04\/q8oils-logo.png\",\"width\":475,\"height\":100,\"caption\":\"Q8Oils\"},\"image\":{\"@id\":\"https:\/\/www.q8oils.com\/de\/#\/schema\/logo\/image\/\"},\"sameAs\":[\"https:\/\/www.linkedin.com\/Q8Oils\"]}]}<\/script>\n<!-- \/ Yoast SEO plugin. -->","yoast_head_json":{"title":"Enfettungsmittel - Q8Oils","description":"Entfettungsfl\u00fcssigkeiten werden verwendet, um Werkst\u00fccke oder Teile zu reinigen, die mit \u00d6l oder Fett verunreinigt sind. Die Entfettungsfl\u00fcssigkeiten von Q8Oils f\u00fcr die Reinigung von Maschinen, Fahrzeugen und Werkstattb\u00f6den haben einen hohen Flammpunkt und eine gute biologische Abbaubarkeit, sodass sie in jeder Umgebung sicher eingesetzt werden k\u00f6nnen.","robots":{"index":"index","follow":"follow","max-snippet":"max-snippet:-1","max-image-preview":"max-image-preview:large","max-video-preview":"max-video-preview:-1"},"canonical":"https:\/\/www.q8oils.com\/de\/allgemeine-industrie\/enfettungsmittel\/","og_locale":"de_DE","og_type":"article","og_title":"Enfettungsmittel - Q8Oils","og_description":"Entfettungsfl\u00fcssigkeiten werden verwendet, um Werkst\u00fccke oder Teile zu reinigen, die mit \u00d6l oder Fett verunreinigt sind. Die Entfettungsfl\u00fcssigkeiten von Q8Oils f\u00fcr die Reinigung von Maschinen, Fahrzeugen und Werkstattb\u00f6den haben einen hohen Flammpunkt und eine gute biologische Abbaubarkeit, sodass sie in jeder Umgebung sicher eingesetzt werden k\u00f6nnen.","og_url":"https:\/\/www.q8oils.com\/de\/allgemeine-industrie\/enfettungsmittel\/","og_site_name":"Q8Oils","article_modified_time":"2020-12-23T15:39:27+00:00","og_image":[{"width":201,"height":225,"url":"https:\/\/www.q8oils.com\/wp-content\/uploads\/2020\/05\/23250_Degreasers-1.png","type":"image\/png"}],"twitter_card":"summary_large_image","schema":{"@context":"https:\/\/schema.org","@graph":[{"@type":"WebPage","@id":"https:\/\/www.q8oils.com\/de\/allgemeine-industrie\/enfettungsmittel\/","url":"https:\/\/www.q8oils.com\/de\/allgemeine-industrie\/enfettungsmittel\/","name":"Enfettungsmittel - Q8Oils","isPartOf":{"@id":"https:\/\/www.q8oils.com\/de\/#website"},"primaryImageOfPage":{"@id":"https:\/\/www.q8oils.com\/de\/allgemeine-industrie\/enfettungsmittel\/#primaryimage"},"image":{"@id":"https:\/\/www.q8oils.com\/de\/allgemeine-industrie\/enfettungsmittel\/#primaryimage"},"thumbnailUrl":"https:\/\/www.q8oils.com\/wp-content\/uploads\/2020\/05\/23250_Degreasers-1.png","datePublished":"2020-05-23T07:49:22+00:00","dateModified":"2020-12-23T15:39:27+00:00","description":"Entfettungsfl\u00fcssigkeiten werden verwendet, um Werkst\u00fccke oder Teile zu reinigen, die mit \u00d6l oder Fett verunreinigt sind. Die Entfettungsfl\u00fcssigkeiten von Q8Oils f\u00fcr die Reinigung von Maschinen, Fahrzeugen und Werkstattb\u00f6den haben einen hohen Flammpunkt und eine gute biologische Abbaubarkeit, sodass sie in jeder Umgebung sicher eingesetzt werden k\u00f6nnen.","breadcrumb":{"@id":"https:\/\/www.q8oils.com\/de\/allgemeine-industrie\/enfettungsmittel\/#breadcrumb"},"inLanguage":"de","potentialAction":[{"@type":"ReadAction","target":["https:\/\/www.q8oils.com\/de\/allgemeine-industrie\/enfettungsmittel\/"]}]},{"@type":"ImageObject","inLanguage":"de","@id":"https:\/\/www.q8oils.com\/de\/allgemeine-industrie\/enfettungsmittel\/#primaryimage","url":"https:\/\/www.q8oils.com\/wp-content\/uploads\/2020\/05\/23250_Degreasers-1.png","contentUrl":"https:\/\/www.q8oils.com\/wp-content\/uploads\/2020\/05\/23250_Degreasers-1.png","width":201,"height":225,"caption":"Degreasers Icon - Q8Oils"},{"@type":"BreadcrumbList","@id":"https:\/\/www.q8oils.com\/de\/allgemeine-industrie\/enfettungsmittel\/#breadcrumb","itemListElement":[{"@type":"ListItem","position":1,"name":"Home","item":"https:\/\/www.q8oils.com\/de\/"},{"@type":"ListItem","position":2,"name":"Allgemeine Industrie","item":"https:\/\/www.q8oils.com\/de\/allgemeine-industrie\/"},{"@type":"ListItem","position":3,"name":"Enfettungsmittel"}]},{"@type":"WebSite","@id":"https:\/\/www.q8oils.com\/de\/#website","url":"https:\/\/www.q8oils.com\/de\/","name":"Q8Oils","description":"Global, partnership, lubricants, solutions","publisher":{"@id":"https:\/\/www.q8oils.com\/de\/#organization"},"potentialAction":[{"@type":"SearchAction","target":{"@type":"EntryPoint","urlTemplate":"https:\/\/www.q8oils.com\/de\/?s={search_term_string}"},"query-input":{"@type":"PropertyValueSpecification","valueRequired":true,"valueName":"search_term_string"}}],"inLanguage":"de"},{"@type":"Organization","@id":"https:\/\/www.q8oils.com\/de\/#organization","name":"Q8Oils","url":"https:\/\/www.q8oils.com\/de\/","logo":{"@type":"ImageObject","inLanguage":"de","@id":"https:\/\/www.q8oils.com\/de\/#\/schema\/logo\/image\/","url":"https:\/\/www.q8oils.com\/wp-content\/uploads\/2020\/04\/q8oils-logo.png","contentUrl":"https:\/\/www.q8oils.com\/wp-content\/uploads\/2020\/04\/q8oils-logo.png","width":475,"height":100,"caption":"Q8Oils"},"image":{"@id":"https:\/\/www.q8oils.com\/de\/#\/schema\/logo\/image\/"},"sameAs":["https:\/\/www.linkedin.com\/Q8Oils"]}]}},"_links":{"self":[{"href":"https:\/\/www.q8oils.com\/de\/wp-json\/wp\/v2\/pages\/502668"}],"collection":[{"href":"https:\/\/www.q8oils.com\/de\/wp-json\/wp\/v2\/pages"}],"about":[{"href":"https:\/\/www.q8oils.com\/de\/wp-json\/wp\/v2\/types\/page"}],"author":[{"embeddable":true,"href":"https:\/\/www.q8oils.com\/de\/wp-json\/wp\/v2\/users\/2"}],"replies":[{"embeddable":true,"href":"https:\/\/www.q8oils.com\/de\/wp-json\/wp\/v2\/comments?post=502668"}],"version-history":[{"count":5,"href":"https:\/\/www.q8oils.com\/de\/wp-json\/wp\/v2\/pages\/502668\/revisions"}],"predecessor-version":[{"id":642955,"href":"https:\/\/www.q8oils.com\/de\/wp-json\/wp\/v2\/pages\/502668\/revisions\/642955"}],"up":[{"embeddable":true,"href":"https:\/\/www.q8oils.com\/de\/wp-json\/wp\/v2\/pages\/502642"}],"wp:featuredmedia":[{"embeddable":true,"href":"https:\/\/www.q8oils.com\/de\/wp-json\/wp\/v2\/media\/500210"}],"wp:attachment":[{"href":"https:\/\/www.q8oils.com\/de\/wp-json\/wp\/v2\/media?parent=502668"}],"curies":[{"name":"wp","href":"https:\/\/api.w.org\/{rel}","templated":true}]}}