
 

{"id":502678,"date":"2020-05-30T13:57:53","date_gmt":"2020-05-30T13:57:53","guid":{"rendered":"https:\/\/www.q8oils.com\/allgemeine-industrie\/trennoele\/tailormade-solutions\/"},"modified":"2020-07-16T09:50:20","modified_gmt":"2020-07-16T09:50:20","slug":"massgeschneiderte-loesungen","status":"publish","type":"page","link":"https:\/\/www.q8oils.com\/de\/allgemeine-industrie\/trennoele\/massgeschneiderte-loesungen\/","title":{"rendered":"Ma\u00dfgeschneiderte L\u00f6sungen"},"content":{"rendered":"","protected":false},"excerpt":{"rendered":"<p>Jeder Hersteller und Kunde hat individuelle Anspr\u00fcche. Unsere technisch versierten Unternehmensberater schlagen anhand Ihrer Gesch\u00e4ftsanforderungen die am besten geeignete L\u00f6sung vor. Dank ihrer langj\u00e4hrigen Erfahrung im Bereich der Trenn\u00f6le verf\u00fcgen unsere Berater \u00fcber ein fundiertes Wissen und pr\u00e4zise Sachkenntnisse, die Ihnen helfen, Ihre Ziele zu erreichen.<\/p>\n","protected":false},"author":2,"featured_media":0,"parent":502674,"menu_order":0,"comment_status":"closed","ping_status":"closed","template":"","meta":{"_acf_changed":false,"footnotes":""},"class_list":["post-502678","page","type-page","status-publish","hentry"],"acf":[],"yoast_head":"<!-- This site is optimized with the Yoast SEO plugin v23.5 - https:\/\/yoast.com\/wordpress\/plugins\/seo\/ -->\n<title>Ma\u00dfgeschneiderte L\u00f6sungen - Q8Oils<\/title>\n<meta name=\"description\" content=\"Jeder Hersteller und Kunde hat individuelle Anspr\u00fcche. Unsere technisch versierten Unternehmensberater schlagen anhand Ihrer Gesch\u00e4ftsanforderungen die am besten geeignete L\u00f6sung vor. Dank ihrer langj\u00e4hrigen Erfahrung im Bereich der Trenn\u00f6le verf\u00fcgen unsere Berater \u00fcber ein fundiertes Wissen und pr\u00e4zise Sachkenntnisse, die Ihnen helfen, Ihre Ziele zu erreichen.\" \/>\n<meta name=\"robots\" content=\"index, follow, max-snippet:-1, max-image-preview:large, max-video-preview:-1\" \/>\n<link rel=\"canonical\" href=\"https:\/\/www.q8oils.com\/de\/allgemeine-industrie\/trennoele\/massgeschneiderte-loesungen\/\" \/>\n<meta property=\"og:locale\" content=\"de_DE\" \/>\n<meta property=\"og:type\" content=\"article\" \/>\n<meta property=\"og:title\" content=\"Ma\u00dfgeschneiderte L\u00f6sungen - Q8Oils\" \/>\n<meta property=\"og:description\" content=\"Jeder Hersteller und Kunde hat individuelle Anspr\u00fcche. Unsere technisch versierten Unternehmensberater schlagen anhand Ihrer Gesch\u00e4ftsanforderungen die am besten geeignete L\u00f6sung vor. Dank ihrer langj\u00e4hrigen Erfahrung im Bereich der Trenn\u00f6le verf\u00fcgen unsere Berater \u00fcber ein fundiertes Wissen und pr\u00e4zise Sachkenntnisse, die Ihnen helfen, Ihre Ziele zu erreichen.\" \/>\n<meta property=\"og:url\" content=\"https:\/\/www.q8oils.com\/de\/allgemeine-industrie\/trennoele\/massgeschneiderte-loesungen\/\" \/>\n<meta property=\"og:site_name\" content=\"Q8Oils\" \/>\n<meta property=\"article:modified_time\" content=\"2020-07-16T09:50:20+00:00\" \/>\n<meta name=\"twitter:card\" content=\"summary_large_image\" \/>\n<script type=\"application\/ld+json\" class=\"yoast-schema-graph\">{\"@context\":\"https:\/\/schema.org\",\"@graph\":[{\"@type\":\"WebPage\",\"@id\":\"https:\/\/www.q8oils.com\/de\/allgemeine-industrie\/trennoele\/massgeschneiderte-loesungen\/\",\"url\":\"https:\/\/www.q8oils.com\/de\/allgemeine-industrie\/trennoele\/massgeschneiderte-loesungen\/\",\"name\":\"Ma\u00dfgeschneiderte L\u00f6sungen - Q8Oils\",\"isPartOf\":{\"@id\":\"https:\/\/www.q8oils.com\/de\/#website\"},\"datePublished\":\"2020-05-30T13:57:53+00:00\",\"dateModified\":\"2020-07-16T09:50:20+00:00\",\"description\":\"Jeder Hersteller und Kunde hat individuelle Anspr\u00fcche. Unsere technisch versierten Unternehmensberater schlagen anhand Ihrer Gesch\u00e4ftsanforderungen die am besten geeignete L\u00f6sung vor. Dank ihrer langj\u00e4hrigen Erfahrung im Bereich der Trenn\u00f6le verf\u00fcgen unsere Berater \u00fcber ein fundiertes Wissen und pr\u00e4zise Sachkenntnisse, die Ihnen helfen, Ihre Ziele zu erreichen.\",\"breadcrumb\":{\"@id\":\"https:\/\/www.q8oils.com\/de\/allgemeine-industrie\/trennoele\/massgeschneiderte-loesungen\/#breadcrumb\"},\"inLanguage\":\"de\",\"potentialAction\":[{\"@type\":\"ReadAction\",\"target\":[\"https:\/\/www.q8oils.com\/de\/allgemeine-industrie\/trennoele\/massgeschneiderte-loesungen\/\"]}]},{\"@type\":\"BreadcrumbList\",\"@id\":\"https:\/\/www.q8oils.com\/de\/allgemeine-industrie\/trennoele\/massgeschneiderte-loesungen\/#breadcrumb\",\"itemListElement\":[{\"@type\":\"ListItem\",\"position\":1,\"name\":\"Home\",\"item\":\"https:\/\/www.q8oils.com\/de\/\"},{\"@type\":\"ListItem\",\"position\":2,\"name\":\"Allgemeine Industrie\",\"item\":\"https:\/\/www.q8oils.com\/de\/allgemeine-industrie\/\"},{\"@type\":\"ListItem\",\"position\":3,\"name\":\"Trenn\u00f6le\",\"item\":\"https:\/\/www.q8oils.com\/de\/allgemeine-industrie\/trennoele\/\"},{\"@type\":\"ListItem\",\"position\":4,\"name\":\"Ma\u00dfgeschneiderte L\u00f6sungen\"}]},{\"@type\":\"WebSite\",\"@id\":\"https:\/\/www.q8oils.com\/de\/#website\",\"url\":\"https:\/\/www.q8oils.com\/de\/\",\"name\":\"Q8Oils\",\"description\":\"Global, partnership, lubricants, solutions\",\"publisher\":{\"@id\":\"https:\/\/www.q8oils.com\/de\/#organization\"},\"potentialAction\":[{\"@type\":\"SearchAction\",\"target\":{\"@type\":\"EntryPoint\",\"urlTemplate\":\"https:\/\/www.q8oils.com\/de\/?s={search_term_string}\"},\"query-input\":{\"@type\":\"PropertyValueSpecification\",\"valueRequired\":true,\"valueName\":\"search_term_string\"}}],\"inLanguage\":\"de\"},{\"@type\":\"Organization\",\"@id\":\"https:\/\/www.q8oils.com\/de\/#organization\",\"name\":\"Q8Oils\",\"url\":\"https:\/\/www.q8oils.com\/de\/\",\"logo\":{\"@type\":\"ImageObject\",\"inLanguage\":\"de\",\"@id\":\"https:\/\/www.q8oils.com\/de\/#\/schema\/logo\/image\/\",\"url\":\"https:\/\/www.q8oils.com\/wp-content\/uploads\/2020\/04\/q8oils-logo.png\",\"contentUrl\":\"https:\/\/www.q8oils.com\/wp-content\/uploads\/2020\/04\/q8oils-logo.png\",\"width\":475,\"height\":100,\"caption\":\"Q8Oils\"},\"image\":{\"@id\":\"https:\/\/www.q8oils.com\/de\/#\/schema\/logo\/image\/\"},\"sameAs\":[\"https:\/\/www.linkedin.com\/Q8Oils\"]}]}<\/script>\n<!-- \/ Yoast SEO plugin. -->","yoast_head_json":{"title":"Ma\u00dfgeschneiderte L\u00f6sungen - Q8Oils","description":"Jeder Hersteller und Kunde hat individuelle Anspr\u00fcche. Unsere technisch versierten Unternehmensberater schlagen anhand Ihrer Gesch\u00e4ftsanforderungen die am besten geeignete L\u00f6sung vor. Dank ihrer langj\u00e4hrigen Erfahrung im Bereich der Trenn\u00f6le verf\u00fcgen unsere Berater \u00fcber ein fundiertes Wissen und pr\u00e4zise Sachkenntnisse, die Ihnen helfen, Ihre Ziele zu erreichen.","robots":{"index":"index","follow":"follow","max-snippet":"max-snippet:-1","max-image-preview":"max-image-preview:large","max-video-preview":"max-video-preview:-1"},"canonical":"https:\/\/www.q8oils.com\/de\/allgemeine-industrie\/trennoele\/massgeschneiderte-loesungen\/","og_locale":"de_DE","og_type":"article","og_title":"Ma\u00dfgeschneiderte L\u00f6sungen - Q8Oils","og_description":"Jeder Hersteller und Kunde hat individuelle Anspr\u00fcche. Unsere technisch versierten Unternehmensberater schlagen anhand Ihrer Gesch\u00e4ftsanforderungen die am besten geeignete L\u00f6sung vor. Dank ihrer langj\u00e4hrigen Erfahrung im Bereich der Trenn\u00f6le verf\u00fcgen unsere Berater \u00fcber ein fundiertes Wissen und pr\u00e4zise Sachkenntnisse, die Ihnen helfen, Ihre Ziele zu erreichen.","og_url":"https:\/\/www.q8oils.com\/de\/allgemeine-industrie\/trennoele\/massgeschneiderte-loesungen\/","og_site_name":"Q8Oils","article_modified_time":"2020-07-16T09:50:20+00:00","twitter_card":"summary_large_image","schema":{"@context":"https:\/\/schema.org","@graph":[{"@type":"WebPage","@id":"https:\/\/www.q8oils.com\/de\/allgemeine-industrie\/trennoele\/massgeschneiderte-loesungen\/","url":"https:\/\/www.q8oils.com\/de\/allgemeine-industrie\/trennoele\/massgeschneiderte-loesungen\/","name":"Ma\u00dfgeschneiderte L\u00f6sungen - Q8Oils","isPartOf":{"@id":"https:\/\/www.q8oils.com\/de\/#website"},"datePublished":"2020-05-30T13:57:53+00:00","dateModified":"2020-07-16T09:50:20+00:00","description":"Jeder Hersteller und Kunde hat individuelle Anspr\u00fcche. Unsere technisch versierten Unternehmensberater schlagen anhand Ihrer Gesch\u00e4ftsanforderungen die am besten geeignete L\u00f6sung vor. Dank ihrer langj\u00e4hrigen Erfahrung im Bereich der Trenn\u00f6le verf\u00fcgen unsere Berater \u00fcber ein fundiertes Wissen und pr\u00e4zise Sachkenntnisse, die Ihnen helfen, Ihre Ziele zu erreichen.","breadcrumb":{"@id":"https:\/\/www.q8oils.com\/de\/allgemeine-industrie\/trennoele\/massgeschneiderte-loesungen\/#breadcrumb"},"inLanguage":"de","potentialAction":[{"@type":"ReadAction","target":["https:\/\/www.q8oils.com\/de\/allgemeine-industrie\/trennoele\/massgeschneiderte-loesungen\/"]}]},{"@type":"BreadcrumbList","@id":"https:\/\/www.q8oils.com\/de\/allgemeine-industrie\/trennoele\/massgeschneiderte-loesungen\/#breadcrumb","itemListElement":[{"@type":"ListItem","position":1,"name":"Home","item":"https:\/\/www.q8oils.com\/de\/"},{"@type":"ListItem","position":2,"name":"Allgemeine Industrie","item":"https:\/\/www.q8oils.com\/de\/allgemeine-industrie\/"},{"@type":"ListItem","position":3,"name":"Trenn\u00f6le","item":"https:\/\/www.q8oils.com\/de\/allgemeine-industrie\/trennoele\/"},{"@type":"ListItem","position":4,"name":"Ma\u00dfgeschneiderte L\u00f6sungen"}]},{"@type":"WebSite","@id":"https:\/\/www.q8oils.com\/de\/#website","url":"https:\/\/www.q8oils.com\/de\/","name":"Q8Oils","description":"Global, partnership, lubricants, solutions","publisher":{"@id":"https:\/\/www.q8oils.com\/de\/#organization"},"potentialAction":[{"@type":"SearchAction","target":{"@type":"EntryPoint","urlTemplate":"https:\/\/www.q8oils.com\/de\/?s={search_term_string}"},"query-input":{"@type":"PropertyValueSpecification","valueRequired":true,"valueName":"search_term_string"}}],"inLanguage":"de"},{"@type":"Organization","@id":"https:\/\/www.q8oils.com\/de\/#organization","name":"Q8Oils","url":"https:\/\/www.q8oils.com\/de\/","logo":{"@type":"ImageObject","inLanguage":"de","@id":"https:\/\/www.q8oils.com\/de\/#\/schema\/logo\/image\/","url":"https:\/\/www.q8oils.com\/wp-content\/uploads\/2020\/04\/q8oils-logo.png","contentUrl":"https:\/\/www.q8oils.com\/wp-content\/uploads\/2020\/04\/q8oils-logo.png","width":475,"height":100,"caption":"Q8Oils"},"image":{"@id":"https:\/\/www.q8oils.com\/de\/#\/schema\/logo\/image\/"},"sameAs":["https:\/\/www.linkedin.com\/Q8Oils"]}]}},"_links":{"self":[{"href":"https:\/\/www.q8oils.com\/de\/wp-json\/wp\/v2\/pages\/502678"}],"collection":[{"href":"https:\/\/www.q8oils.com\/de\/wp-json\/wp\/v2\/pages"}],"about":[{"href":"https:\/\/www.q8oils.com\/de\/wp-json\/wp\/v2\/types\/page"}],"author":[{"embeddable":true,"href":"https:\/\/www.q8oils.com\/de\/wp-json\/wp\/v2\/users\/2"}],"replies":[{"embeddable":true,"href":"https:\/\/www.q8oils.com\/de\/wp-json\/wp\/v2\/comments?post=502678"}],"version-history":[{"count":4,"href":"https:\/\/www.q8oils.com\/de\/wp-json\/wp\/v2\/pages\/502678\/revisions"}],"predecessor-version":[{"id":505585,"href":"https:\/\/www.q8oils.com\/de\/wp-json\/wp\/v2\/pages\/502678\/revisions\/505585"}],"up":[{"embeddable":true,"href":"https:\/\/www.q8oils.com\/de\/wp-json\/wp\/v2\/pages\/502674"}],"wp:attachment":[{"href":"https:\/\/www.q8oils.com\/de\/wp-json\/wp\/v2\/media?parent=502678"}],"curies":[{"name":"wp","href":"https:\/\/api.w.org\/{rel}","templated":true}]}}