
 

{"id":502722,"date":"2020-05-21T12:46:30","date_gmt":"2020-05-21T12:46:30","guid":{"rendered":"https:\/\/www.q8oils.com\/allgemeine-industrie\/hydraulikfluessigkeiten\/energy-efficiency\/"},"modified":"2020-07-16T09:31:08","modified_gmt":"2020-07-16T09:31:08","slug":"energieeffizienz","status":"publish","type":"page","link":"https:\/\/www.q8oils.com\/de\/allgemeine-industrie\/hydraulikfluessigkeiten\/energieeffizienz\/","title":{"rendered":"Energieeffizienz"},"content":{"rendered":"","protected":false},"excerpt":{"rendered":"<p>Q8Oils bietet eine Auswahl an Produkten mit einer stabilen Viskosit\u00e4t, d. h. sie k\u00f6nnen sowohl bei hohen als auch bei niedrigen Temperaturen funktionieren. Dies f\u00fchrt zu deutlichen Energieeinsparungen.<\/p>\n","protected":false},"author":2,"featured_media":0,"parent":502718,"menu_order":0,"comment_status":"closed","ping_status":"closed","template":"","meta":{"_acf_changed":false,"footnotes":""},"class_list":["post-502722","page","type-page","status-publish","hentry"],"acf":[],"yoast_head":"<!-- This site is optimized with the Yoast SEO plugin v23.5 - https:\/\/yoast.com\/wordpress\/plugins\/seo\/ -->\n<title>Energieeffizienz - Q8Oils<\/title>\n<meta name=\"description\" content=\"Q8Oils bietet eine Auswahl an Produkten mit einer stabilen Viskosit\u00e4t, d. h. sie k\u00f6nnen sowohl bei hohen als auch bei niedrigen Temperaturen funktionieren. Dies f\u00fchrt zu deutlichen Energieeinsparungen.\" \/>\n<meta name=\"robots\" content=\"index, follow, max-snippet:-1, max-image-preview:large, max-video-preview:-1\" \/>\n<link rel=\"canonical\" href=\"https:\/\/www.q8oils.com\/de\/allgemeine-industrie\/hydraulikfluessigkeiten\/energieeffizienz\/\" \/>\n<meta property=\"og:locale\" content=\"de_DE\" \/>\n<meta property=\"og:type\" content=\"article\" \/>\n<meta property=\"og:title\" content=\"Energieeffizienz - Q8Oils\" \/>\n<meta property=\"og:description\" content=\"Q8Oils bietet eine Auswahl an Produkten mit einer stabilen Viskosit\u00e4t, d. h. sie k\u00f6nnen sowohl bei hohen als auch bei niedrigen Temperaturen funktionieren. Dies f\u00fchrt zu deutlichen Energieeinsparungen.\" \/>\n<meta property=\"og:url\" content=\"https:\/\/www.q8oils.com\/de\/allgemeine-industrie\/hydraulikfluessigkeiten\/energieeffizienz\/\" \/>\n<meta property=\"og:site_name\" content=\"Q8Oils\" \/>\n<meta property=\"article:modified_time\" content=\"2020-07-16T09:31:08+00:00\" \/>\n<meta name=\"twitter:card\" content=\"summary_large_image\" \/>\n<script type=\"application\/ld+json\" class=\"yoast-schema-graph\">{\"@context\":\"https:\/\/schema.org\",\"@graph\":[{\"@type\":\"WebPage\",\"@id\":\"https:\/\/www.q8oils.com\/de\/allgemeine-industrie\/hydraulikfluessigkeiten\/energieeffizienz\/\",\"url\":\"https:\/\/www.q8oils.com\/de\/allgemeine-industrie\/hydraulikfluessigkeiten\/energieeffizienz\/\",\"name\":\"Energieeffizienz - Q8Oils\",\"isPartOf\":{\"@id\":\"https:\/\/www.q8oils.com\/de\/#website\"},\"datePublished\":\"2020-05-21T12:46:30+00:00\",\"dateModified\":\"2020-07-16T09:31:08+00:00\",\"description\":\"Q8Oils bietet eine Auswahl an Produkten mit einer stabilen Viskosit\u00e4t, d. h. sie k\u00f6nnen sowohl bei hohen als auch bei niedrigen Temperaturen funktionieren. Dies f\u00fchrt zu deutlichen Energieeinsparungen.\",\"breadcrumb\":{\"@id\":\"https:\/\/www.q8oils.com\/de\/allgemeine-industrie\/hydraulikfluessigkeiten\/energieeffizienz\/#breadcrumb\"},\"inLanguage\":\"de\",\"potentialAction\":[{\"@type\":\"ReadAction\",\"target\":[\"https:\/\/www.q8oils.com\/de\/allgemeine-industrie\/hydraulikfluessigkeiten\/energieeffizienz\/\"]}]},{\"@type\":\"BreadcrumbList\",\"@id\":\"https:\/\/www.q8oils.com\/de\/allgemeine-industrie\/hydraulikfluessigkeiten\/energieeffizienz\/#breadcrumb\",\"itemListElement\":[{\"@type\":\"ListItem\",\"position\":1,\"name\":\"Home\",\"item\":\"https:\/\/www.q8oils.com\/de\/\"},{\"@type\":\"ListItem\",\"position\":2,\"name\":\"Allgemeine Industrie\",\"item\":\"https:\/\/www.q8oils.com\/de\/allgemeine-industrie\/\"},{\"@type\":\"ListItem\",\"position\":3,\"name\":\"Hydraulikfl\u00fcssigkeiten\",\"item\":\"https:\/\/www.q8oils.com\/de\/allgemeine-industrie\/hydraulikfluessigkeiten\/\"},{\"@type\":\"ListItem\",\"position\":4,\"name\":\"Energieeffizienz\"}]},{\"@type\":\"WebSite\",\"@id\":\"https:\/\/www.q8oils.com\/de\/#website\",\"url\":\"https:\/\/www.q8oils.com\/de\/\",\"name\":\"Q8Oils\",\"description\":\"Global, partnership, lubricants, solutions\",\"publisher\":{\"@id\":\"https:\/\/www.q8oils.com\/de\/#organization\"},\"potentialAction\":[{\"@type\":\"SearchAction\",\"target\":{\"@type\":\"EntryPoint\",\"urlTemplate\":\"https:\/\/www.q8oils.com\/de\/?s={search_term_string}\"},\"query-input\":{\"@type\":\"PropertyValueSpecification\",\"valueRequired\":true,\"valueName\":\"search_term_string\"}}],\"inLanguage\":\"de\"},{\"@type\":\"Organization\",\"@id\":\"https:\/\/www.q8oils.com\/de\/#organization\",\"name\":\"Q8Oils\",\"url\":\"https:\/\/www.q8oils.com\/de\/\",\"logo\":{\"@type\":\"ImageObject\",\"inLanguage\":\"de\",\"@id\":\"https:\/\/www.q8oils.com\/de\/#\/schema\/logo\/image\/\",\"url\":\"https:\/\/www.q8oils.com\/wp-content\/uploads\/2020\/04\/q8oils-logo.png\",\"contentUrl\":\"https:\/\/www.q8oils.com\/wp-content\/uploads\/2020\/04\/q8oils-logo.png\",\"width\":475,\"height\":100,\"caption\":\"Q8Oils\"},\"image\":{\"@id\":\"https:\/\/www.q8oils.com\/de\/#\/schema\/logo\/image\/\"},\"sameAs\":[\"https:\/\/www.linkedin.com\/Q8Oils\"]}]}<\/script>\n<!-- \/ Yoast SEO plugin. -->","yoast_head_json":{"title":"Energieeffizienz - Q8Oils","description":"Q8Oils bietet eine Auswahl an Produkten mit einer stabilen Viskosit\u00e4t, d. h. sie k\u00f6nnen sowohl bei hohen als auch bei niedrigen Temperaturen funktionieren. Dies f\u00fchrt zu deutlichen Energieeinsparungen.","robots":{"index":"index","follow":"follow","max-snippet":"max-snippet:-1","max-image-preview":"max-image-preview:large","max-video-preview":"max-video-preview:-1"},"canonical":"https:\/\/www.q8oils.com\/de\/allgemeine-industrie\/hydraulikfluessigkeiten\/energieeffizienz\/","og_locale":"de_DE","og_type":"article","og_title":"Energieeffizienz - Q8Oils","og_description":"Q8Oils bietet eine Auswahl an Produkten mit einer stabilen Viskosit\u00e4t, d. h. sie k\u00f6nnen sowohl bei hohen als auch bei niedrigen Temperaturen funktionieren. Dies f\u00fchrt zu deutlichen Energieeinsparungen.","og_url":"https:\/\/www.q8oils.com\/de\/allgemeine-industrie\/hydraulikfluessigkeiten\/energieeffizienz\/","og_site_name":"Q8Oils","article_modified_time":"2020-07-16T09:31:08+00:00","twitter_card":"summary_large_image","schema":{"@context":"https:\/\/schema.org","@graph":[{"@type":"WebPage","@id":"https:\/\/www.q8oils.com\/de\/allgemeine-industrie\/hydraulikfluessigkeiten\/energieeffizienz\/","url":"https:\/\/www.q8oils.com\/de\/allgemeine-industrie\/hydraulikfluessigkeiten\/energieeffizienz\/","name":"Energieeffizienz - Q8Oils","isPartOf":{"@id":"https:\/\/www.q8oils.com\/de\/#website"},"datePublished":"2020-05-21T12:46:30+00:00","dateModified":"2020-07-16T09:31:08+00:00","description":"Q8Oils bietet eine Auswahl an Produkten mit einer stabilen Viskosit\u00e4t, d. h. sie k\u00f6nnen sowohl bei hohen als auch bei niedrigen Temperaturen funktionieren. Dies f\u00fchrt zu deutlichen Energieeinsparungen.","breadcrumb":{"@id":"https:\/\/www.q8oils.com\/de\/allgemeine-industrie\/hydraulikfluessigkeiten\/energieeffizienz\/#breadcrumb"},"inLanguage":"de","potentialAction":[{"@type":"ReadAction","target":["https:\/\/www.q8oils.com\/de\/allgemeine-industrie\/hydraulikfluessigkeiten\/energieeffizienz\/"]}]},{"@type":"BreadcrumbList","@id":"https:\/\/www.q8oils.com\/de\/allgemeine-industrie\/hydraulikfluessigkeiten\/energieeffizienz\/#breadcrumb","itemListElement":[{"@type":"ListItem","position":1,"name":"Home","item":"https:\/\/www.q8oils.com\/de\/"},{"@type":"ListItem","position":2,"name":"Allgemeine Industrie","item":"https:\/\/www.q8oils.com\/de\/allgemeine-industrie\/"},{"@type":"ListItem","position":3,"name":"Hydraulikfl\u00fcssigkeiten","item":"https:\/\/www.q8oils.com\/de\/allgemeine-industrie\/hydraulikfluessigkeiten\/"},{"@type":"ListItem","position":4,"name":"Energieeffizienz"}]},{"@type":"WebSite","@id":"https:\/\/www.q8oils.com\/de\/#website","url":"https:\/\/www.q8oils.com\/de\/","name":"Q8Oils","description":"Global, partnership, lubricants, solutions","publisher":{"@id":"https:\/\/www.q8oils.com\/de\/#organization"},"potentialAction":[{"@type":"SearchAction","target":{"@type":"EntryPoint","urlTemplate":"https:\/\/www.q8oils.com\/de\/?s={search_term_string}"},"query-input":{"@type":"PropertyValueSpecification","valueRequired":true,"valueName":"search_term_string"}}],"inLanguage":"de"},{"@type":"Organization","@id":"https:\/\/www.q8oils.com\/de\/#organization","name":"Q8Oils","url":"https:\/\/www.q8oils.com\/de\/","logo":{"@type":"ImageObject","inLanguage":"de","@id":"https:\/\/www.q8oils.com\/de\/#\/schema\/logo\/image\/","url":"https:\/\/www.q8oils.com\/wp-content\/uploads\/2020\/04\/q8oils-logo.png","contentUrl":"https:\/\/www.q8oils.com\/wp-content\/uploads\/2020\/04\/q8oils-logo.png","width":475,"height":100,"caption":"Q8Oils"},"image":{"@id":"https:\/\/www.q8oils.com\/de\/#\/schema\/logo\/image\/"},"sameAs":["https:\/\/www.linkedin.com\/Q8Oils"]}]}},"_links":{"self":[{"href":"https:\/\/www.q8oils.com\/de\/wp-json\/wp\/v2\/pages\/502722"}],"collection":[{"href":"https:\/\/www.q8oils.com\/de\/wp-json\/wp\/v2\/pages"}],"about":[{"href":"https:\/\/www.q8oils.com\/de\/wp-json\/wp\/v2\/types\/page"}],"author":[{"embeddable":true,"href":"https:\/\/www.q8oils.com\/de\/wp-json\/wp\/v2\/users\/2"}],"replies":[{"embeddable":true,"href":"https:\/\/www.q8oils.com\/de\/wp-json\/wp\/v2\/comments?post=502722"}],"version-history":[{"count":3,"href":"https:\/\/www.q8oils.com\/de\/wp-json\/wp\/v2\/pages\/502722\/revisions"}],"predecessor-version":[{"id":505565,"href":"https:\/\/www.q8oils.com\/de\/wp-json\/wp\/v2\/pages\/502722\/revisions\/505565"}],"up":[{"embeddable":true,"href":"https:\/\/www.q8oils.com\/de\/wp-json\/wp\/v2\/pages\/502718"}],"wp:attachment":[{"href":"https:\/\/www.q8oils.com\/de\/wp-json\/wp\/v2\/media?parent=502722"}],"curies":[{"name":"wp","href":"https:\/\/api.w.org\/{rel}","templated":true}]}}