
 

{"id":502730,"date":"2020-05-21T15:20:22","date_gmt":"2020-05-21T15:20:22","guid":{"rendered":"https:\/\/www.q8oils.com\/allgemeine-industrie\/industrial-gear-oils\/"},"modified":"2020-12-23T16:43:48","modified_gmt":"2020-12-23T16:43:48","slug":"industriegetriebeoele","status":"publish","type":"page","link":"https:\/\/www.q8oils.com\/de\/allgemeine-industrie\/industriegetriebeoele\/","title":{"rendered":"Industriegetriebe\u00f6le"},"content":{"rendered":"<blockquote class=\"wp-embedded-content\" data-secret=\"bTrjPhl6XI\"><p><a href=\"https:\/\/www.q8oils.com\/products\/\">Products<\/a><\/p><\/blockquote>\n<p><iframe class=\"wp-embedded-content\" sandbox=\"allow-scripts\" security=\"restricted\" style=\"position: absolute; visibility: hidden;\" title=\"&#8220;Products&#8221; &#8212; Q8Oils\" src=\"https:\/\/www.q8oils.com\/products\/embed\/#?secret=qr3WwJ5qEc#?secret=bTrjPhl6XI\" data-secret=\"bTrjPhl6XI\" width=\"600\" height=\"338\" frameborder=\"0\" marginwidth=\"0\" marginheight=\"0\" scrolling=\"no\"><\/iframe><\/p>\n<p>&nbsp;<\/p>\n","protected":false},"excerpt":{"rendered":"<p>Das Portfolio an Industriegetriebe\u00f6len von Q8Oils wurde speziell entwickelt, um L\u00f6sungen f\u00fcr die Herausforderungen der Industrie zu finden, wobei der Energieertrag stetig ansteigt, w\u00e4hrend die Getriebegr\u00f6\u00dfe kleiner wird. Das bedeutet, dass die Verschlei\u00dfschutzeigenschaften unserer Schmierstoffe die immer strengeren Anforderungen moderner Getriebe \u00fcbertreffen.<\/p>\n","protected":false},"author":2,"featured_media":499876,"parent":502642,"menu_order":0,"comment_status":"closed","ping_status":"closed","template":"page-templates\/minor.php","meta":{"_acf_changed":false,"footnotes":""},"class_list":["post-502730","page","type-page","status-publish","has-post-thumbnail","hentry","major-general-industry-de"],"acf":[],"yoast_head":"<!-- This site is optimized with the Yoast SEO plugin v23.5 - https:\/\/yoast.com\/wordpress\/plugins\/seo\/ -->\n<title>Industriegetriebe\u00f6le - Q8Oils<\/title>\n<meta name=\"description\" content=\"Das Portfolio an Industriegetriebe\u00f6len von Q8Oils wurde speziell entwickelt, um L\u00f6sungen f\u00fcr die Herausforderungen der Industrie zu finden, wobei der Energieertrag stetig ansteigt, w\u00e4hrend die Getriebegr\u00f6\u00dfe kleiner wird. Das bedeutet, dass die Verschlei\u00dfschutzeigenschaften unserer Schmierstoffe die immer strengeren Anforderungen moderner Getriebe \u00fcbertreffen.\" \/>\n<meta name=\"robots\" content=\"index, follow, max-snippet:-1, max-image-preview:large, max-video-preview:-1\" \/>\n<link rel=\"canonical\" href=\"https:\/\/www.q8oils.com\/de\/allgemeine-industrie\/industriegetriebeoele\/\" \/>\n<meta property=\"og:locale\" content=\"de_DE\" \/>\n<meta property=\"og:type\" content=\"article\" \/>\n<meta property=\"og:title\" content=\"Industriegetriebe\u00f6le - Q8Oils\" \/>\n<meta property=\"og:description\" content=\"Das Portfolio an Industriegetriebe\u00f6len von Q8Oils wurde speziell entwickelt, um L\u00f6sungen f\u00fcr die Herausforderungen der Industrie zu finden, wobei der Energieertrag stetig ansteigt, w\u00e4hrend die Getriebegr\u00f6\u00dfe kleiner wird. Das bedeutet, dass die Verschlei\u00dfschutzeigenschaften unserer Schmierstoffe die immer strengeren Anforderungen moderner Getriebe \u00fcbertreffen.\" \/>\n<meta property=\"og:url\" content=\"https:\/\/www.q8oils.com\/de\/allgemeine-industrie\/industriegetriebeoele\/\" \/>\n<meta property=\"og:site_name\" content=\"Q8Oils\" \/>\n<meta property=\"article:modified_time\" content=\"2020-12-23T16:43:48+00:00\" \/>\n<meta property=\"og:image\" content=\"https:\/\/www.q8oils.com\/wp-content\/uploads\/2020\/05\/23246_Industrial-Gear-Oil-1.png\" \/>\n\t<meta property=\"og:image:width\" content=\"201\" \/>\n\t<meta property=\"og:image:height\" content=\"225\" \/>\n\t<meta property=\"og:image:type\" content=\"image\/png\" \/>\n<meta name=\"twitter:card\" content=\"summary_large_image\" \/>\n<script type=\"application\/ld+json\" class=\"yoast-schema-graph\">{\"@context\":\"https:\/\/schema.org\",\"@graph\":[{\"@type\":\"WebPage\",\"@id\":\"https:\/\/www.q8oils.com\/de\/allgemeine-industrie\/industriegetriebeoele\/\",\"url\":\"https:\/\/www.q8oils.com\/de\/allgemeine-industrie\/industriegetriebeoele\/\",\"name\":\"Industriegetriebe\u00f6le - Q8Oils\",\"isPartOf\":{\"@id\":\"https:\/\/www.q8oils.com\/de\/#website\"},\"primaryImageOfPage\":{\"@id\":\"https:\/\/www.q8oils.com\/de\/allgemeine-industrie\/industriegetriebeoele\/#primaryimage\"},\"image\":{\"@id\":\"https:\/\/www.q8oils.com\/de\/allgemeine-industrie\/industriegetriebeoele\/#primaryimage\"},\"thumbnailUrl\":\"https:\/\/www.q8oils.com\/wp-content\/uploads\/2020\/05\/23246_Industrial-Gear-Oil-1.png\",\"datePublished\":\"2020-05-21T15:20:22+00:00\",\"dateModified\":\"2020-12-23T16:43:48+00:00\",\"description\":\"Das Portfolio an Industriegetriebe\u00f6len von Q8Oils wurde speziell entwickelt, um L\u00f6sungen f\u00fcr die Herausforderungen der Industrie zu finden, wobei der Energieertrag stetig ansteigt, w\u00e4hrend die Getriebegr\u00f6\u00dfe kleiner wird. Das bedeutet, dass die Verschlei\u00dfschutzeigenschaften unserer Schmierstoffe die immer strengeren Anforderungen moderner Getriebe \u00fcbertreffen.\",\"breadcrumb\":{\"@id\":\"https:\/\/www.q8oils.com\/de\/allgemeine-industrie\/industriegetriebeoele\/#breadcrumb\"},\"inLanguage\":\"de\",\"potentialAction\":[{\"@type\":\"ReadAction\",\"target\":[\"https:\/\/www.q8oils.com\/de\/allgemeine-industrie\/industriegetriebeoele\/\"]}]},{\"@type\":\"ImageObject\",\"inLanguage\":\"de\",\"@id\":\"https:\/\/www.q8oils.com\/de\/allgemeine-industrie\/industriegetriebeoele\/#primaryimage\",\"url\":\"https:\/\/www.q8oils.com\/wp-content\/uploads\/2020\/05\/23246_Industrial-Gear-Oil-1.png\",\"contentUrl\":\"https:\/\/www.q8oils.com\/wp-content\/uploads\/2020\/05\/23246_Industrial-Gear-Oil-1.png\",\"width\":201,\"height\":225,\"caption\":\"Industrial Gear Oil Icon -Q8Oils\"},{\"@type\":\"BreadcrumbList\",\"@id\":\"https:\/\/www.q8oils.com\/de\/allgemeine-industrie\/industriegetriebeoele\/#breadcrumb\",\"itemListElement\":[{\"@type\":\"ListItem\",\"position\":1,\"name\":\"Home\",\"item\":\"https:\/\/www.q8oils.com\/de\/\"},{\"@type\":\"ListItem\",\"position\":2,\"name\":\"Allgemeine Industrie\",\"item\":\"https:\/\/www.q8oils.com\/de\/allgemeine-industrie\/\"},{\"@type\":\"ListItem\",\"position\":3,\"name\":\"Industriegetriebe\u00f6le\"}]},{\"@type\":\"WebSite\",\"@id\":\"https:\/\/www.q8oils.com\/de\/#website\",\"url\":\"https:\/\/www.q8oils.com\/de\/\",\"name\":\"Q8Oils\",\"description\":\"Global, partnership, lubricants, solutions\",\"publisher\":{\"@id\":\"https:\/\/www.q8oils.com\/de\/#organization\"},\"potentialAction\":[{\"@type\":\"SearchAction\",\"target\":{\"@type\":\"EntryPoint\",\"urlTemplate\":\"https:\/\/www.q8oils.com\/de\/?s={search_term_string}\"},\"query-input\":{\"@type\":\"PropertyValueSpecification\",\"valueRequired\":true,\"valueName\":\"search_term_string\"}}],\"inLanguage\":\"de\"},{\"@type\":\"Organization\",\"@id\":\"https:\/\/www.q8oils.com\/de\/#organization\",\"name\":\"Q8Oils\",\"url\":\"https:\/\/www.q8oils.com\/de\/\",\"logo\":{\"@type\":\"ImageObject\",\"inLanguage\":\"de\",\"@id\":\"https:\/\/www.q8oils.com\/de\/#\/schema\/logo\/image\/\",\"url\":\"https:\/\/www.q8oils.com\/wp-content\/uploads\/2020\/04\/q8oils-logo.png\",\"contentUrl\":\"https:\/\/www.q8oils.com\/wp-content\/uploads\/2020\/04\/q8oils-logo.png\",\"width\":475,\"height\":100,\"caption\":\"Q8Oils\"},\"image\":{\"@id\":\"https:\/\/www.q8oils.com\/de\/#\/schema\/logo\/image\/\"},\"sameAs\":[\"https:\/\/www.linkedin.com\/Q8Oils\"]}]}<\/script>\n<!-- \/ Yoast SEO plugin. -->","yoast_head_json":{"title":"Industriegetriebe\u00f6le - Q8Oils","description":"Das Portfolio an Industriegetriebe\u00f6len von Q8Oils wurde speziell entwickelt, um L\u00f6sungen f\u00fcr die Herausforderungen der Industrie zu finden, wobei der Energieertrag stetig ansteigt, w\u00e4hrend die Getriebegr\u00f6\u00dfe kleiner wird. Das bedeutet, dass die Verschlei\u00dfschutzeigenschaften unserer Schmierstoffe die immer strengeren Anforderungen moderner Getriebe \u00fcbertreffen.","robots":{"index":"index","follow":"follow","max-snippet":"max-snippet:-1","max-image-preview":"max-image-preview:large","max-video-preview":"max-video-preview:-1"},"canonical":"https:\/\/www.q8oils.com\/de\/allgemeine-industrie\/industriegetriebeoele\/","og_locale":"de_DE","og_type":"article","og_title":"Industriegetriebe\u00f6le - Q8Oils","og_description":"Das Portfolio an Industriegetriebe\u00f6len von Q8Oils wurde speziell entwickelt, um L\u00f6sungen f\u00fcr die Herausforderungen der Industrie zu finden, wobei der Energieertrag stetig ansteigt, w\u00e4hrend die Getriebegr\u00f6\u00dfe kleiner wird. Das bedeutet, dass die Verschlei\u00dfschutzeigenschaften unserer Schmierstoffe die immer strengeren Anforderungen moderner Getriebe \u00fcbertreffen.","og_url":"https:\/\/www.q8oils.com\/de\/allgemeine-industrie\/industriegetriebeoele\/","og_site_name":"Q8Oils","article_modified_time":"2020-12-23T16:43:48+00:00","og_image":[{"width":201,"height":225,"url":"https:\/\/www.q8oils.com\/wp-content\/uploads\/2020\/05\/23246_Industrial-Gear-Oil-1.png","type":"image\/png"}],"twitter_card":"summary_large_image","schema":{"@context":"https:\/\/schema.org","@graph":[{"@type":"WebPage","@id":"https:\/\/www.q8oils.com\/de\/allgemeine-industrie\/industriegetriebeoele\/","url":"https:\/\/www.q8oils.com\/de\/allgemeine-industrie\/industriegetriebeoele\/","name":"Industriegetriebe\u00f6le - Q8Oils","isPartOf":{"@id":"https:\/\/www.q8oils.com\/de\/#website"},"primaryImageOfPage":{"@id":"https:\/\/www.q8oils.com\/de\/allgemeine-industrie\/industriegetriebeoele\/#primaryimage"},"image":{"@id":"https:\/\/www.q8oils.com\/de\/allgemeine-industrie\/industriegetriebeoele\/#primaryimage"},"thumbnailUrl":"https:\/\/www.q8oils.com\/wp-content\/uploads\/2020\/05\/23246_Industrial-Gear-Oil-1.png","datePublished":"2020-05-21T15:20:22+00:00","dateModified":"2020-12-23T16:43:48+00:00","description":"Das Portfolio an Industriegetriebe\u00f6len von Q8Oils wurde speziell entwickelt, um L\u00f6sungen f\u00fcr die Herausforderungen der Industrie zu finden, wobei der Energieertrag stetig ansteigt, w\u00e4hrend die Getriebegr\u00f6\u00dfe kleiner wird. Das bedeutet, dass die Verschlei\u00dfschutzeigenschaften unserer Schmierstoffe die immer strengeren Anforderungen moderner Getriebe \u00fcbertreffen.","breadcrumb":{"@id":"https:\/\/www.q8oils.com\/de\/allgemeine-industrie\/industriegetriebeoele\/#breadcrumb"},"inLanguage":"de","potentialAction":[{"@type":"ReadAction","target":["https:\/\/www.q8oils.com\/de\/allgemeine-industrie\/industriegetriebeoele\/"]}]},{"@type":"ImageObject","inLanguage":"de","@id":"https:\/\/www.q8oils.com\/de\/allgemeine-industrie\/industriegetriebeoele\/#primaryimage","url":"https:\/\/www.q8oils.com\/wp-content\/uploads\/2020\/05\/23246_Industrial-Gear-Oil-1.png","contentUrl":"https:\/\/www.q8oils.com\/wp-content\/uploads\/2020\/05\/23246_Industrial-Gear-Oil-1.png","width":201,"height":225,"caption":"Industrial Gear Oil Icon -Q8Oils"},{"@type":"BreadcrumbList","@id":"https:\/\/www.q8oils.com\/de\/allgemeine-industrie\/industriegetriebeoele\/#breadcrumb","itemListElement":[{"@type":"ListItem","position":1,"name":"Home","item":"https:\/\/www.q8oils.com\/de\/"},{"@type":"ListItem","position":2,"name":"Allgemeine Industrie","item":"https:\/\/www.q8oils.com\/de\/allgemeine-industrie\/"},{"@type":"ListItem","position":3,"name":"Industriegetriebe\u00f6le"}]},{"@type":"WebSite","@id":"https:\/\/www.q8oils.com\/de\/#website","url":"https:\/\/www.q8oils.com\/de\/","name":"Q8Oils","description":"Global, partnership, lubricants, solutions","publisher":{"@id":"https:\/\/www.q8oils.com\/de\/#organization"},"potentialAction":[{"@type":"SearchAction","target":{"@type":"EntryPoint","urlTemplate":"https:\/\/www.q8oils.com\/de\/?s={search_term_string}"},"query-input":{"@type":"PropertyValueSpecification","valueRequired":true,"valueName":"search_term_string"}}],"inLanguage":"de"},{"@type":"Organization","@id":"https:\/\/www.q8oils.com\/de\/#organization","name":"Q8Oils","url":"https:\/\/www.q8oils.com\/de\/","logo":{"@type":"ImageObject","inLanguage":"de","@id":"https:\/\/www.q8oils.com\/de\/#\/schema\/logo\/image\/","url":"https:\/\/www.q8oils.com\/wp-content\/uploads\/2020\/04\/q8oils-logo.png","contentUrl":"https:\/\/www.q8oils.com\/wp-content\/uploads\/2020\/04\/q8oils-logo.png","width":475,"height":100,"caption":"Q8Oils"},"image":{"@id":"https:\/\/www.q8oils.com\/de\/#\/schema\/logo\/image\/"},"sameAs":["https:\/\/www.linkedin.com\/Q8Oils"]}]}},"_links":{"self":[{"href":"https:\/\/www.q8oils.com\/de\/wp-json\/wp\/v2\/pages\/502730"}],"collection":[{"href":"https:\/\/www.q8oils.com\/de\/wp-json\/wp\/v2\/pages"}],"about":[{"href":"https:\/\/www.q8oils.com\/de\/wp-json\/wp\/v2\/types\/page"}],"author":[{"embeddable":true,"href":"https:\/\/www.q8oils.com\/de\/wp-json\/wp\/v2\/users\/2"}],"replies":[{"embeddable":true,"href":"https:\/\/www.q8oils.com\/de\/wp-json\/wp\/v2\/comments?post=502730"}],"version-history":[{"count":4,"href":"https:\/\/www.q8oils.com\/de\/wp-json\/wp\/v2\/pages\/502730\/revisions"}],"predecessor-version":[{"id":642981,"href":"https:\/\/www.q8oils.com\/de\/wp-json\/wp\/v2\/pages\/502730\/revisions\/642981"}],"up":[{"embeddable":true,"href":"https:\/\/www.q8oils.com\/de\/wp-json\/wp\/v2\/pages\/502642"}],"wp:featuredmedia":[{"embeddable":true,"href":"https:\/\/www.q8oils.com\/de\/wp-json\/wp\/v2\/media\/499876"}],"wp:attachment":[{"href":"https:\/\/www.q8oils.com\/de\/wp-json\/wp\/v2\/media?parent=502730"}],"curies":[{"name":"wp","href":"https:\/\/api.w.org\/{rel}","templated":true}]}}