
 

{"id":502735,"date":"2020-05-30T13:35:32","date_gmt":"2020-05-30T13:35:32","guid":{"rendered":"https:\/\/www.q8oils.com\/allgemeine-industrie\/pneumatic-oils\/"},"modified":"2020-12-23T17:00:55","modified_gmt":"2020-12-23T17:00:55","slug":"pneumatikoele","status":"publish","type":"page","link":"https:\/\/www.q8oils.com\/de\/allgemeine-industrie\/pneumatikoele\/","title":{"rendered":"Pneumatik\u00f6le"},"content":{"rendered":"<blockquote class=\"wp-embedded-content\" data-secret=\"LnZo4MUqlL\"><p><a href=\"https:\/\/www.q8oils.com\/products\/\">Products<\/a><\/p><\/blockquote>\n<p><iframe class=\"wp-embedded-content\" sandbox=\"allow-scripts\" security=\"restricted\" style=\"position: absolute; visibility: hidden;\" title=\"&#8220;Products&#8221; &#8212; Q8Oils\" src=\"https:\/\/www.q8oils.com\/products\/embed\/#?secret=TLNigRb7vz#?secret=LnZo4MUqlL\" data-secret=\"LnZo4MUqlL\" width=\"600\" height=\"338\" frameborder=\"0\" marginwidth=\"0\" marginheight=\"0\" scrolling=\"no\"><\/iframe><\/p>\n<p>&nbsp;<\/p>\n","protected":false},"excerpt":{"rendered":"<p>Pneumatische Werkzeuge und Gesteinsbohrger\u00e4te sind extremen Bedingungen ausgesetzt. Unser Portfolio f\u00fcr pneumatische Werkzeuge bietet einen hervorragenden Schutz vor Verschlei\u00df, Rost und Korrosion sogar in der Gegenwart von kondensiertem Wasser. Mit ihrem ausgezeichneten Schutz vor Vereisung und einer hohen Best\u00e4ndigkeit gegen den Wascheffekt von Wasser sind diese \u00d6le die beste Wahl.<\/p>\n","protected":false},"author":2,"featured_media":500217,"parent":502642,"menu_order":0,"comment_status":"closed","ping_status":"closed","template":"page-templates\/minor.php","meta":{"_acf_changed":false,"footnotes":""},"class_list":["post-502735","page","type-page","status-publish","has-post-thumbnail","hentry","major-general-industry-de"],"acf":[],"yoast_head":"<!-- This site is optimized with the Yoast SEO plugin v23.5 - https:\/\/yoast.com\/wordpress\/plugins\/seo\/ -->\n<title>Pneumatik\u00f6le - Q8Oils<\/title>\n<meta name=\"description\" content=\"Pneumatische Werkzeuge und Gesteinsbohrger\u00e4te sind extremen Bedingungen ausgesetzt. Unser Portfolio f\u00fcr pneumatische Werkzeuge bietet einen hervorragenden Schutz vor Verschlei\u00df, Rost und Korrosion sogar in der Gegenwart von kondensiertem Wasser. Mit ihrem ausgezeichneten Schutz vor Vereisung und einer hohen Best\u00e4ndigkeit gegen den Wascheffekt von Wasser sind diese \u00d6le die beste Wahl.\" \/>\n<meta name=\"robots\" content=\"index, follow, max-snippet:-1, max-image-preview:large, max-video-preview:-1\" \/>\n<link rel=\"canonical\" href=\"https:\/\/www.q8oils.com\/de\/allgemeine-industrie\/pneumatikoele\/\" \/>\n<meta property=\"og:locale\" content=\"de_DE\" \/>\n<meta property=\"og:type\" content=\"article\" \/>\n<meta property=\"og:title\" content=\"Pneumatik\u00f6le - Q8Oils\" \/>\n<meta property=\"og:description\" content=\"Pneumatische Werkzeuge und Gesteinsbohrger\u00e4te sind extremen Bedingungen ausgesetzt. Unser Portfolio f\u00fcr pneumatische Werkzeuge bietet einen hervorragenden Schutz vor Verschlei\u00df, Rost und Korrosion sogar in der Gegenwart von kondensiertem Wasser. Mit ihrem ausgezeichneten Schutz vor Vereisung und einer hohen Best\u00e4ndigkeit gegen den Wascheffekt von Wasser sind diese \u00d6le die beste Wahl.\" \/>\n<meta property=\"og:url\" content=\"https:\/\/www.q8oils.com\/de\/allgemeine-industrie\/pneumatikoele\/\" \/>\n<meta property=\"og:site_name\" content=\"Q8Oils\" \/>\n<meta property=\"article:modified_time\" content=\"2020-12-23T17:00:55+00:00\" \/>\n<meta property=\"og:image\" content=\"https:\/\/www.q8oils.com\/wp-content\/uploads\/2020\/05\/23247_Pneumatic-Oils-1.png\" \/>\n\t<meta property=\"og:image:width\" content=\"201\" \/>\n\t<meta property=\"og:image:height\" content=\"225\" \/>\n\t<meta property=\"og:image:type\" content=\"image\/png\" \/>\n<meta name=\"twitter:card\" content=\"summary_large_image\" \/>\n<script type=\"application\/ld+json\" class=\"yoast-schema-graph\">{\"@context\":\"https:\/\/schema.org\",\"@graph\":[{\"@type\":\"WebPage\",\"@id\":\"https:\/\/www.q8oils.com\/de\/allgemeine-industrie\/pneumatikoele\/\",\"url\":\"https:\/\/www.q8oils.com\/de\/allgemeine-industrie\/pneumatikoele\/\",\"name\":\"Pneumatik\u00f6le - Q8Oils\",\"isPartOf\":{\"@id\":\"https:\/\/www.q8oils.com\/de\/#website\"},\"primaryImageOfPage\":{\"@id\":\"https:\/\/www.q8oils.com\/de\/allgemeine-industrie\/pneumatikoele\/#primaryimage\"},\"image\":{\"@id\":\"https:\/\/www.q8oils.com\/de\/allgemeine-industrie\/pneumatikoele\/#primaryimage\"},\"thumbnailUrl\":\"https:\/\/www.q8oils.com\/wp-content\/uploads\/2020\/05\/23247_Pneumatic-Oils-1.png\",\"datePublished\":\"2020-05-30T13:35:32+00:00\",\"dateModified\":\"2020-12-23T17:00:55+00:00\",\"description\":\"Pneumatische Werkzeuge und Gesteinsbohrger\u00e4te sind extremen Bedingungen ausgesetzt. Unser Portfolio f\u00fcr pneumatische Werkzeuge bietet einen hervorragenden Schutz vor Verschlei\u00df, Rost und Korrosion sogar in der Gegenwart von kondensiertem Wasser. Mit ihrem ausgezeichneten Schutz vor Vereisung und einer hohen Best\u00e4ndigkeit gegen den Wascheffekt von Wasser sind diese \u00d6le die beste Wahl.\",\"breadcrumb\":{\"@id\":\"https:\/\/www.q8oils.com\/de\/allgemeine-industrie\/pneumatikoele\/#breadcrumb\"},\"inLanguage\":\"de\",\"potentialAction\":[{\"@type\":\"ReadAction\",\"target\":[\"https:\/\/www.q8oils.com\/de\/allgemeine-industrie\/pneumatikoele\/\"]}]},{\"@type\":\"ImageObject\",\"inLanguage\":\"de\",\"@id\":\"https:\/\/www.q8oils.com\/de\/allgemeine-industrie\/pneumatikoele\/#primaryimage\",\"url\":\"https:\/\/www.q8oils.com\/wp-content\/uploads\/2020\/05\/23247_Pneumatic-Oils-1.png\",\"contentUrl\":\"https:\/\/www.q8oils.com\/wp-content\/uploads\/2020\/05\/23247_Pneumatic-Oils-1.png\",\"width\":201,\"height\":225,\"caption\":\"Pneumatic Oils - Q8Oils\"},{\"@type\":\"BreadcrumbList\",\"@id\":\"https:\/\/www.q8oils.com\/de\/allgemeine-industrie\/pneumatikoele\/#breadcrumb\",\"itemListElement\":[{\"@type\":\"ListItem\",\"position\":1,\"name\":\"Home\",\"item\":\"https:\/\/www.q8oils.com\/de\/\"},{\"@type\":\"ListItem\",\"position\":2,\"name\":\"Allgemeine Industrie\",\"item\":\"https:\/\/www.q8oils.com\/de\/allgemeine-industrie\/\"},{\"@type\":\"ListItem\",\"position\":3,\"name\":\"Pneumatik\u00f6le\"}]},{\"@type\":\"WebSite\",\"@id\":\"https:\/\/www.q8oils.com\/de\/#website\",\"url\":\"https:\/\/www.q8oils.com\/de\/\",\"name\":\"Q8Oils\",\"description\":\"Global, partnership, lubricants, solutions\",\"publisher\":{\"@id\":\"https:\/\/www.q8oils.com\/de\/#organization\"},\"potentialAction\":[{\"@type\":\"SearchAction\",\"target\":{\"@type\":\"EntryPoint\",\"urlTemplate\":\"https:\/\/www.q8oils.com\/de\/?s={search_term_string}\"},\"query-input\":{\"@type\":\"PropertyValueSpecification\",\"valueRequired\":true,\"valueName\":\"search_term_string\"}}],\"inLanguage\":\"de\"},{\"@type\":\"Organization\",\"@id\":\"https:\/\/www.q8oils.com\/de\/#organization\",\"name\":\"Q8Oils\",\"url\":\"https:\/\/www.q8oils.com\/de\/\",\"logo\":{\"@type\":\"ImageObject\",\"inLanguage\":\"de\",\"@id\":\"https:\/\/www.q8oils.com\/de\/#\/schema\/logo\/image\/\",\"url\":\"https:\/\/www.q8oils.com\/wp-content\/uploads\/2020\/04\/q8oils-logo.png\",\"contentUrl\":\"https:\/\/www.q8oils.com\/wp-content\/uploads\/2020\/04\/q8oils-logo.png\",\"width\":475,\"height\":100,\"caption\":\"Q8Oils\"},\"image\":{\"@id\":\"https:\/\/www.q8oils.com\/de\/#\/schema\/logo\/image\/\"},\"sameAs\":[\"https:\/\/www.linkedin.com\/Q8Oils\"]}]}<\/script>\n<!-- \/ Yoast SEO plugin. -->","yoast_head_json":{"title":"Pneumatik\u00f6le - Q8Oils","description":"Pneumatische Werkzeuge und Gesteinsbohrger\u00e4te sind extremen Bedingungen ausgesetzt. Unser Portfolio f\u00fcr pneumatische Werkzeuge bietet einen hervorragenden Schutz vor Verschlei\u00df, Rost und Korrosion sogar in der Gegenwart von kondensiertem Wasser. Mit ihrem ausgezeichneten Schutz vor Vereisung und einer hohen Best\u00e4ndigkeit gegen den Wascheffekt von Wasser sind diese \u00d6le die beste Wahl.","robots":{"index":"index","follow":"follow","max-snippet":"max-snippet:-1","max-image-preview":"max-image-preview:large","max-video-preview":"max-video-preview:-1"},"canonical":"https:\/\/www.q8oils.com\/de\/allgemeine-industrie\/pneumatikoele\/","og_locale":"de_DE","og_type":"article","og_title":"Pneumatik\u00f6le - Q8Oils","og_description":"Pneumatische Werkzeuge und Gesteinsbohrger\u00e4te sind extremen Bedingungen ausgesetzt. Unser Portfolio f\u00fcr pneumatische Werkzeuge bietet einen hervorragenden Schutz vor Verschlei\u00df, Rost und Korrosion sogar in der Gegenwart von kondensiertem Wasser. Mit ihrem ausgezeichneten Schutz vor Vereisung und einer hohen Best\u00e4ndigkeit gegen den Wascheffekt von Wasser sind diese \u00d6le die beste Wahl.","og_url":"https:\/\/www.q8oils.com\/de\/allgemeine-industrie\/pneumatikoele\/","og_site_name":"Q8Oils","article_modified_time":"2020-12-23T17:00:55+00:00","og_image":[{"width":201,"height":225,"url":"https:\/\/www.q8oils.com\/wp-content\/uploads\/2020\/05\/23247_Pneumatic-Oils-1.png","type":"image\/png"}],"twitter_card":"summary_large_image","schema":{"@context":"https:\/\/schema.org","@graph":[{"@type":"WebPage","@id":"https:\/\/www.q8oils.com\/de\/allgemeine-industrie\/pneumatikoele\/","url":"https:\/\/www.q8oils.com\/de\/allgemeine-industrie\/pneumatikoele\/","name":"Pneumatik\u00f6le - Q8Oils","isPartOf":{"@id":"https:\/\/www.q8oils.com\/de\/#website"},"primaryImageOfPage":{"@id":"https:\/\/www.q8oils.com\/de\/allgemeine-industrie\/pneumatikoele\/#primaryimage"},"image":{"@id":"https:\/\/www.q8oils.com\/de\/allgemeine-industrie\/pneumatikoele\/#primaryimage"},"thumbnailUrl":"https:\/\/www.q8oils.com\/wp-content\/uploads\/2020\/05\/23247_Pneumatic-Oils-1.png","datePublished":"2020-05-30T13:35:32+00:00","dateModified":"2020-12-23T17:00:55+00:00","description":"Pneumatische Werkzeuge und Gesteinsbohrger\u00e4te sind extremen Bedingungen ausgesetzt. Unser Portfolio f\u00fcr pneumatische Werkzeuge bietet einen hervorragenden Schutz vor Verschlei\u00df, Rost und Korrosion sogar in der Gegenwart von kondensiertem Wasser. Mit ihrem ausgezeichneten Schutz vor Vereisung und einer hohen Best\u00e4ndigkeit gegen den Wascheffekt von Wasser sind diese \u00d6le die beste Wahl.","breadcrumb":{"@id":"https:\/\/www.q8oils.com\/de\/allgemeine-industrie\/pneumatikoele\/#breadcrumb"},"inLanguage":"de","potentialAction":[{"@type":"ReadAction","target":["https:\/\/www.q8oils.com\/de\/allgemeine-industrie\/pneumatikoele\/"]}]},{"@type":"ImageObject","inLanguage":"de","@id":"https:\/\/www.q8oils.com\/de\/allgemeine-industrie\/pneumatikoele\/#primaryimage","url":"https:\/\/www.q8oils.com\/wp-content\/uploads\/2020\/05\/23247_Pneumatic-Oils-1.png","contentUrl":"https:\/\/www.q8oils.com\/wp-content\/uploads\/2020\/05\/23247_Pneumatic-Oils-1.png","width":201,"height":225,"caption":"Pneumatic Oils - Q8Oils"},{"@type":"BreadcrumbList","@id":"https:\/\/www.q8oils.com\/de\/allgemeine-industrie\/pneumatikoele\/#breadcrumb","itemListElement":[{"@type":"ListItem","position":1,"name":"Home","item":"https:\/\/www.q8oils.com\/de\/"},{"@type":"ListItem","position":2,"name":"Allgemeine Industrie","item":"https:\/\/www.q8oils.com\/de\/allgemeine-industrie\/"},{"@type":"ListItem","position":3,"name":"Pneumatik\u00f6le"}]},{"@type":"WebSite","@id":"https:\/\/www.q8oils.com\/de\/#website","url":"https:\/\/www.q8oils.com\/de\/","name":"Q8Oils","description":"Global, partnership, lubricants, solutions","publisher":{"@id":"https:\/\/www.q8oils.com\/de\/#organization"},"potentialAction":[{"@type":"SearchAction","target":{"@type":"EntryPoint","urlTemplate":"https:\/\/www.q8oils.com\/de\/?s={search_term_string}"},"query-input":{"@type":"PropertyValueSpecification","valueRequired":true,"valueName":"search_term_string"}}],"inLanguage":"de"},{"@type":"Organization","@id":"https:\/\/www.q8oils.com\/de\/#organization","name":"Q8Oils","url":"https:\/\/www.q8oils.com\/de\/","logo":{"@type":"ImageObject","inLanguage":"de","@id":"https:\/\/www.q8oils.com\/de\/#\/schema\/logo\/image\/","url":"https:\/\/www.q8oils.com\/wp-content\/uploads\/2020\/04\/q8oils-logo.png","contentUrl":"https:\/\/www.q8oils.com\/wp-content\/uploads\/2020\/04\/q8oils-logo.png","width":475,"height":100,"caption":"Q8Oils"},"image":{"@id":"https:\/\/www.q8oils.com\/de\/#\/schema\/logo\/image\/"},"sameAs":["https:\/\/www.linkedin.com\/Q8Oils"]}]}},"_links":{"self":[{"href":"https:\/\/www.q8oils.com\/de\/wp-json\/wp\/v2\/pages\/502735"}],"collection":[{"href":"https:\/\/www.q8oils.com\/de\/wp-json\/wp\/v2\/pages"}],"about":[{"href":"https:\/\/www.q8oils.com\/de\/wp-json\/wp\/v2\/types\/page"}],"author":[{"embeddable":true,"href":"https:\/\/www.q8oils.com\/de\/wp-json\/wp\/v2\/users\/2"}],"replies":[{"embeddable":true,"href":"https:\/\/www.q8oils.com\/de\/wp-json\/wp\/v2\/comments?post=502735"}],"version-history":[{"count":3,"href":"https:\/\/www.q8oils.com\/de\/wp-json\/wp\/v2\/pages\/502735\/revisions"}],"predecessor-version":[{"id":642986,"href":"https:\/\/www.q8oils.com\/de\/wp-json\/wp\/v2\/pages\/502735\/revisions\/642986"}],"up":[{"embeddable":true,"href":"https:\/\/www.q8oils.com\/de\/wp-json\/wp\/v2\/pages\/502642"}],"wp:featuredmedia":[{"embeddable":true,"href":"https:\/\/www.q8oils.com\/de\/wp-json\/wp\/v2\/media\/500217"}],"wp:attachment":[{"href":"https:\/\/www.q8oils.com\/de\/wp-json\/wp\/v2\/media?parent=502735"}],"curies":[{"name":"wp","href":"https:\/\/api.w.org\/{rel}","templated":true}]}}