
 

{"id":503346,"date":"2020-04-16T09:46:20","date_gmt":"2020-04-16T09:46:20","guid":{"rendered":"https:\/\/www.q8oils.com\/become-a-q8oils-distributor\/"},"modified":"2020-06-22T14:13:40","modified_gmt":"2020-06-22T14:13:40","slug":"werden-sie-q8oils-haendler","status":"publish","type":"page","link":"https:\/\/www.q8oils.com\/de\/werden-sie-q8oils-haendler\/","title":{"rendered":"Werden Sie Q8Oils-H\u00e4ndler"},"content":{"rendered":"","protected":false},"excerpt":{"rendered":"<p>Q8Oils bem\u00fcht sich um die Entwicklung innovativer Produkte h\u00f6chster Qualit\u00e4t, um unsere Kunden zu unterst\u00fctzen, ihre Ziele zu erreichen. Dank der Erg\u00e4nzung unserer Produkte durch einen zuverl\u00e4ssigen und ma\u00dfgeschneiderten Service sind wir in der Lage, Mehrwert zu schaffen und uns im Markt zu behaupten.<\/p>\n","protected":false},"author":2,"featured_media":0,"parent":0,"menu_order":0,"comment_status":"closed","ping_status":"closed","template":"page-templates\/default-sidebar-right.php","meta":{"_acf_changed":false,"footnotes":""},"class_list":["post-503346","page","type-page","status-publish","hentry"],"acf":[],"yoast_head":"<!-- This site is optimized with the Yoast SEO plugin v23.5 - https:\/\/yoast.com\/wordpress\/plugins\/seo\/ -->\n<title>Werden Sie Q8Oils-H\u00e4ndler - Q8Oils<\/title>\n<meta name=\"description\" content=\"Q8Oils bem\u00fcht sich um die Entwicklung innovativer Produkte h\u00f6chster Qualit\u00e4t, um unsere Kunden zu unterst\u00fctzen, ihre Ziele zu erreichen. Dank der Erg\u00e4nzung unserer Produkte durch einen zuverl\u00e4ssigen und ma\u00dfgeschneiderten Service sind wir in der Lage, Mehrwert zu schaffen und uns im Markt zu behaupten.\" \/>\n<meta name=\"robots\" content=\"index, follow, max-snippet:-1, max-image-preview:large, max-video-preview:-1\" \/>\n<link rel=\"canonical\" href=\"https:\/\/www.q8oils.com\/de\/werden-sie-q8oils-haendler\/\" \/>\n<meta property=\"og:locale\" content=\"de_DE\" \/>\n<meta property=\"og:type\" content=\"article\" \/>\n<meta property=\"og:title\" content=\"Werden Sie Q8Oils-H\u00e4ndler - Q8Oils\" \/>\n<meta property=\"og:description\" content=\"Q8Oils bem\u00fcht sich um die Entwicklung innovativer Produkte h\u00f6chster Qualit\u00e4t, um unsere Kunden zu unterst\u00fctzen, ihre Ziele zu erreichen. Dank der Erg\u00e4nzung unserer Produkte durch einen zuverl\u00e4ssigen und ma\u00dfgeschneiderten Service sind wir in der Lage, Mehrwert zu schaffen und uns im Markt zu behaupten.\" \/>\n<meta property=\"og:url\" content=\"https:\/\/www.q8oils.com\/de\/werden-sie-q8oils-haendler\/\" \/>\n<meta property=\"og:site_name\" content=\"Q8Oils\" \/>\n<meta property=\"article:modified_time\" content=\"2020-06-22T14:13:40+00:00\" \/>\n<meta name=\"twitter:card\" content=\"summary_large_image\" \/>\n<script type=\"application\/ld+json\" class=\"yoast-schema-graph\">{\"@context\":\"https:\/\/schema.org\",\"@graph\":[{\"@type\":\"WebPage\",\"@id\":\"https:\/\/www.q8oils.com\/de\/werden-sie-q8oils-haendler\/\",\"url\":\"https:\/\/www.q8oils.com\/de\/werden-sie-q8oils-haendler\/\",\"name\":\"Werden Sie Q8Oils-H\u00e4ndler - Q8Oils\",\"isPartOf\":{\"@id\":\"https:\/\/www.q8oils.com\/de\/#website\"},\"datePublished\":\"2020-04-16T09:46:20+00:00\",\"dateModified\":\"2020-06-22T14:13:40+00:00\",\"description\":\"Q8Oils bem\u00fcht sich um die Entwicklung innovativer Produkte h\u00f6chster Qualit\u00e4t, um unsere Kunden zu unterst\u00fctzen, ihre Ziele zu erreichen. Dank der Erg\u00e4nzung unserer Produkte durch einen zuverl\u00e4ssigen und ma\u00dfgeschneiderten Service sind wir in der Lage, Mehrwert zu schaffen und uns im Markt zu behaupten.\",\"breadcrumb\":{\"@id\":\"https:\/\/www.q8oils.com\/de\/werden-sie-q8oils-haendler\/#breadcrumb\"},\"inLanguage\":\"de\",\"potentialAction\":[{\"@type\":\"ReadAction\",\"target\":[\"https:\/\/www.q8oils.com\/de\/werden-sie-q8oils-haendler\/\"]}]},{\"@type\":\"BreadcrumbList\",\"@id\":\"https:\/\/www.q8oils.com\/de\/werden-sie-q8oils-haendler\/#breadcrumb\",\"itemListElement\":[{\"@type\":\"ListItem\",\"position\":1,\"name\":\"Home\",\"item\":\"https:\/\/www.q8oils.com\/de\/\"},{\"@type\":\"ListItem\",\"position\":2,\"name\":\"Werden Sie Q8Oils-H\u00e4ndler\"}]},{\"@type\":\"WebSite\",\"@id\":\"https:\/\/www.q8oils.com\/de\/#website\",\"url\":\"https:\/\/www.q8oils.com\/de\/\",\"name\":\"Q8Oils\",\"description\":\"Global, partnership, lubricants, solutions\",\"publisher\":{\"@id\":\"https:\/\/www.q8oils.com\/de\/#organization\"},\"potentialAction\":[{\"@type\":\"SearchAction\",\"target\":{\"@type\":\"EntryPoint\",\"urlTemplate\":\"https:\/\/www.q8oils.com\/de\/?s={search_term_string}\"},\"query-input\":{\"@type\":\"PropertyValueSpecification\",\"valueRequired\":true,\"valueName\":\"search_term_string\"}}],\"inLanguage\":\"de\"},{\"@type\":\"Organization\",\"@id\":\"https:\/\/www.q8oils.com\/de\/#organization\",\"name\":\"Q8Oils\",\"url\":\"https:\/\/www.q8oils.com\/de\/\",\"logo\":{\"@type\":\"ImageObject\",\"inLanguage\":\"de\",\"@id\":\"https:\/\/www.q8oils.com\/de\/#\/schema\/logo\/image\/\",\"url\":\"https:\/\/www.q8oils.com\/wp-content\/uploads\/2020\/04\/q8oils-logo.png\",\"contentUrl\":\"https:\/\/www.q8oils.com\/wp-content\/uploads\/2020\/04\/q8oils-logo.png\",\"width\":475,\"height\":100,\"caption\":\"Q8Oils\"},\"image\":{\"@id\":\"https:\/\/www.q8oils.com\/de\/#\/schema\/logo\/image\/\"},\"sameAs\":[\"https:\/\/www.linkedin.com\/Q8Oils\"]}]}<\/script>\n<!-- \/ Yoast SEO plugin. -->","yoast_head_json":{"title":"Werden Sie Q8Oils-H\u00e4ndler - Q8Oils","description":"Q8Oils bem\u00fcht sich um die Entwicklung innovativer Produkte h\u00f6chster Qualit\u00e4t, um unsere Kunden zu unterst\u00fctzen, ihre Ziele zu erreichen. Dank der Erg\u00e4nzung unserer Produkte durch einen zuverl\u00e4ssigen und ma\u00dfgeschneiderten Service sind wir in der Lage, Mehrwert zu schaffen und uns im Markt zu behaupten.","robots":{"index":"index","follow":"follow","max-snippet":"max-snippet:-1","max-image-preview":"max-image-preview:large","max-video-preview":"max-video-preview:-1"},"canonical":"https:\/\/www.q8oils.com\/de\/werden-sie-q8oils-haendler\/","og_locale":"de_DE","og_type":"article","og_title":"Werden Sie Q8Oils-H\u00e4ndler - Q8Oils","og_description":"Q8Oils bem\u00fcht sich um die Entwicklung innovativer Produkte h\u00f6chster Qualit\u00e4t, um unsere Kunden zu unterst\u00fctzen, ihre Ziele zu erreichen. Dank der Erg\u00e4nzung unserer Produkte durch einen zuverl\u00e4ssigen und ma\u00dfgeschneiderten Service sind wir in der Lage, Mehrwert zu schaffen und uns im Markt zu behaupten.","og_url":"https:\/\/www.q8oils.com\/de\/werden-sie-q8oils-haendler\/","og_site_name":"Q8Oils","article_modified_time":"2020-06-22T14:13:40+00:00","twitter_card":"summary_large_image","schema":{"@context":"https:\/\/schema.org","@graph":[{"@type":"WebPage","@id":"https:\/\/www.q8oils.com\/de\/werden-sie-q8oils-haendler\/","url":"https:\/\/www.q8oils.com\/de\/werden-sie-q8oils-haendler\/","name":"Werden Sie Q8Oils-H\u00e4ndler - Q8Oils","isPartOf":{"@id":"https:\/\/www.q8oils.com\/de\/#website"},"datePublished":"2020-04-16T09:46:20+00:00","dateModified":"2020-06-22T14:13:40+00:00","description":"Q8Oils bem\u00fcht sich um die Entwicklung innovativer Produkte h\u00f6chster Qualit\u00e4t, um unsere Kunden zu unterst\u00fctzen, ihre Ziele zu erreichen. Dank der Erg\u00e4nzung unserer Produkte durch einen zuverl\u00e4ssigen und ma\u00dfgeschneiderten Service sind wir in der Lage, Mehrwert zu schaffen und uns im Markt zu behaupten.","breadcrumb":{"@id":"https:\/\/www.q8oils.com\/de\/werden-sie-q8oils-haendler\/#breadcrumb"},"inLanguage":"de","potentialAction":[{"@type":"ReadAction","target":["https:\/\/www.q8oils.com\/de\/werden-sie-q8oils-haendler\/"]}]},{"@type":"BreadcrumbList","@id":"https:\/\/www.q8oils.com\/de\/werden-sie-q8oils-haendler\/#breadcrumb","itemListElement":[{"@type":"ListItem","position":1,"name":"Home","item":"https:\/\/www.q8oils.com\/de\/"},{"@type":"ListItem","position":2,"name":"Werden Sie Q8Oils-H\u00e4ndler"}]},{"@type":"WebSite","@id":"https:\/\/www.q8oils.com\/de\/#website","url":"https:\/\/www.q8oils.com\/de\/","name":"Q8Oils","description":"Global, partnership, lubricants, solutions","publisher":{"@id":"https:\/\/www.q8oils.com\/de\/#organization"},"potentialAction":[{"@type":"SearchAction","target":{"@type":"EntryPoint","urlTemplate":"https:\/\/www.q8oils.com\/de\/?s={search_term_string}"},"query-input":{"@type":"PropertyValueSpecification","valueRequired":true,"valueName":"search_term_string"}}],"inLanguage":"de"},{"@type":"Organization","@id":"https:\/\/www.q8oils.com\/de\/#organization","name":"Q8Oils","url":"https:\/\/www.q8oils.com\/de\/","logo":{"@type":"ImageObject","inLanguage":"de","@id":"https:\/\/www.q8oils.com\/de\/#\/schema\/logo\/image\/","url":"https:\/\/www.q8oils.com\/wp-content\/uploads\/2020\/04\/q8oils-logo.png","contentUrl":"https:\/\/www.q8oils.com\/wp-content\/uploads\/2020\/04\/q8oils-logo.png","width":475,"height":100,"caption":"Q8Oils"},"image":{"@id":"https:\/\/www.q8oils.com\/de\/#\/schema\/logo\/image\/"},"sameAs":["https:\/\/www.linkedin.com\/Q8Oils"]}]}},"_links":{"self":[{"href":"https:\/\/www.q8oils.com\/de\/wp-json\/wp\/v2\/pages\/503346"}],"collection":[{"href":"https:\/\/www.q8oils.com\/de\/wp-json\/wp\/v2\/pages"}],"about":[{"href":"https:\/\/www.q8oils.com\/de\/wp-json\/wp\/v2\/types\/page"}],"author":[{"embeddable":true,"href":"https:\/\/www.q8oils.com\/de\/wp-json\/wp\/v2\/users\/2"}],"replies":[{"embeddable":true,"href":"https:\/\/www.q8oils.com\/de\/wp-json\/wp\/v2\/comments?post=503346"}],"version-history":[{"count":6,"href":"https:\/\/www.q8oils.com\/de\/wp-json\/wp\/v2\/pages\/503346\/revisions"}],"predecessor-version":[{"id":503352,"href":"https:\/\/www.q8oils.com\/de\/wp-json\/wp\/v2\/pages\/503346\/revisions\/503352"}],"wp:attachment":[{"href":"https:\/\/www.q8oils.com\/de\/wp-json\/wp\/v2\/media?parent=503346"}],"curies":[{"name":"wp","href":"https:\/\/api.w.org\/{rel}","templated":true}]}}