
 

{"id":504717,"date":"2020-04-24T15:00:18","date_gmt":"2020-04-24T15:00:18","guid":{"rendered":"https:\/\/www.q8oils.com\/qui-sommes-nous\/"},"modified":"2020-12-07T10:21:47","modified_gmt":"2020-12-07T10:21:47","slug":"wir-ueber-uns","status":"publish","type":"page","link":"https:\/\/www.q8oils.com\/de\/wir-ueber-uns\/","title":{"rendered":"Wir \u00fcber uns"},"content":{"rendered":"","protected":false},"excerpt":{"rendered":"<p>Wir entwickeln, produzieren und liefern ein umfassendes Sortiment an hochentwickelten Schmierstoffen mit einem Portfolio von mehr als 1.000 Produkten und f\u00fcr nahezu jede Anwendung, vom kleinsten Verbraucher bis zur gr\u00f6\u00dften Maschine.<\/p>\n","protected":false},"author":2,"featured_media":0,"parent":0,"menu_order":0,"comment_status":"closed","ping_status":"closed","template":"","meta":{"_acf_changed":false,"footnotes":""},"class_list":["post-504717","page","type-page","status-publish","hentry"],"acf":[],"yoast_head":"<!-- This site is optimized with the Yoast SEO plugin v23.5 - https:\/\/yoast.com\/wordpress\/plugins\/seo\/ -->\n<title>Wir \u00fcber uns - Q8Oils<\/title>\n<meta name=\"description\" content=\"Wir entwickeln, produzieren und liefern ein umfassendes Sortiment an hochentwickelten Schmierstoffen mit einem Portfolio von mehr als 1.000 Produkten und f\u00fcr nahezu jede Anwendung, vom kleinsten Verbraucher bis zur gr\u00f6\u00dften Maschine.\" \/>\n<meta name=\"robots\" content=\"index, follow, max-snippet:-1, max-image-preview:large, max-video-preview:-1\" \/>\n<link rel=\"canonical\" href=\"https:\/\/www.q8oils.com\/de\/wir-ueber-uns\/\" \/>\n<meta property=\"og:locale\" content=\"de_DE\" \/>\n<meta property=\"og:type\" content=\"article\" \/>\n<meta property=\"og:title\" content=\"Wir \u00fcber uns - Q8Oils\" \/>\n<meta property=\"og:description\" content=\"Wir entwickeln, produzieren und liefern ein umfassendes Sortiment an hochentwickelten Schmierstoffen mit einem Portfolio von mehr als 1.000 Produkten und f\u00fcr nahezu jede Anwendung, vom kleinsten Verbraucher bis zur gr\u00f6\u00dften Maschine.\" \/>\n<meta property=\"og:url\" content=\"https:\/\/www.q8oils.com\/de\/wir-ueber-uns\/\" \/>\n<meta property=\"og:site_name\" content=\"Q8Oils\" \/>\n<meta property=\"article:modified_time\" content=\"2020-12-07T10:21:47+00:00\" \/>\n<meta name=\"twitter:card\" content=\"summary_large_image\" \/>\n<script type=\"application\/ld+json\" class=\"yoast-schema-graph\">{\"@context\":\"https:\/\/schema.org\",\"@graph\":[{\"@type\":\"WebPage\",\"@id\":\"https:\/\/www.q8oils.com\/de\/wir-ueber-uns\/\",\"url\":\"https:\/\/www.q8oils.com\/de\/wir-ueber-uns\/\",\"name\":\"Wir \u00fcber uns - Q8Oils\",\"isPartOf\":{\"@id\":\"https:\/\/www.q8oils.com\/de\/#website\"},\"datePublished\":\"2020-04-24T15:00:18+00:00\",\"dateModified\":\"2020-12-07T10:21:47+00:00\",\"description\":\"Wir entwickeln, produzieren und liefern ein umfassendes Sortiment an hochentwickelten Schmierstoffen mit einem Portfolio von mehr als 1.000 Produkten und f\u00fcr nahezu jede Anwendung, vom kleinsten Verbraucher bis zur gr\u00f6\u00dften Maschine.\",\"breadcrumb\":{\"@id\":\"https:\/\/www.q8oils.com\/de\/wir-ueber-uns\/#breadcrumb\"},\"inLanguage\":\"de\",\"potentialAction\":[{\"@type\":\"ReadAction\",\"target\":[\"https:\/\/www.q8oils.com\/de\/wir-ueber-uns\/\"]}]},{\"@type\":\"BreadcrumbList\",\"@id\":\"https:\/\/www.q8oils.com\/de\/wir-ueber-uns\/#breadcrumb\",\"itemListElement\":[{\"@type\":\"ListItem\",\"position\":1,\"name\":\"Home\",\"item\":\"https:\/\/www.q8oils.com\/de\/\"},{\"@type\":\"ListItem\",\"position\":2,\"name\":\"Wir \u00fcber uns\"}]},{\"@type\":\"WebSite\",\"@id\":\"https:\/\/www.q8oils.com\/de\/#website\",\"url\":\"https:\/\/www.q8oils.com\/de\/\",\"name\":\"Q8Oils\",\"description\":\"Global, partnership, lubricants, solutions\",\"publisher\":{\"@id\":\"https:\/\/www.q8oils.com\/de\/#organization\"},\"potentialAction\":[{\"@type\":\"SearchAction\",\"target\":{\"@type\":\"EntryPoint\",\"urlTemplate\":\"https:\/\/www.q8oils.com\/de\/?s={search_term_string}\"},\"query-input\":{\"@type\":\"PropertyValueSpecification\",\"valueRequired\":true,\"valueName\":\"search_term_string\"}}],\"inLanguage\":\"de\"},{\"@type\":\"Organization\",\"@id\":\"https:\/\/www.q8oils.com\/de\/#organization\",\"name\":\"Q8Oils\",\"url\":\"https:\/\/www.q8oils.com\/de\/\",\"logo\":{\"@type\":\"ImageObject\",\"inLanguage\":\"de\",\"@id\":\"https:\/\/www.q8oils.com\/de\/#\/schema\/logo\/image\/\",\"url\":\"https:\/\/www.q8oils.com\/wp-content\/uploads\/2020\/04\/q8oils-logo.png\",\"contentUrl\":\"https:\/\/www.q8oils.com\/wp-content\/uploads\/2020\/04\/q8oils-logo.png\",\"width\":475,\"height\":100,\"caption\":\"Q8Oils\"},\"image\":{\"@id\":\"https:\/\/www.q8oils.com\/de\/#\/schema\/logo\/image\/\"},\"sameAs\":[\"https:\/\/www.linkedin.com\/Q8Oils\"]}]}<\/script>\n<!-- \/ Yoast SEO plugin. -->","yoast_head_json":{"title":"Wir \u00fcber uns - Q8Oils","description":"Wir entwickeln, produzieren und liefern ein umfassendes Sortiment an hochentwickelten Schmierstoffen mit einem Portfolio von mehr als 1.000 Produkten und f\u00fcr nahezu jede Anwendung, vom kleinsten Verbraucher bis zur gr\u00f6\u00dften Maschine.","robots":{"index":"index","follow":"follow","max-snippet":"max-snippet:-1","max-image-preview":"max-image-preview:large","max-video-preview":"max-video-preview:-1"},"canonical":"https:\/\/www.q8oils.com\/de\/wir-ueber-uns\/","og_locale":"de_DE","og_type":"article","og_title":"Wir \u00fcber uns - Q8Oils","og_description":"Wir entwickeln, produzieren und liefern ein umfassendes Sortiment an hochentwickelten Schmierstoffen mit einem Portfolio von mehr als 1.000 Produkten und f\u00fcr nahezu jede Anwendung, vom kleinsten Verbraucher bis zur gr\u00f6\u00dften Maschine.","og_url":"https:\/\/www.q8oils.com\/de\/wir-ueber-uns\/","og_site_name":"Q8Oils","article_modified_time":"2020-12-07T10:21:47+00:00","twitter_card":"summary_large_image","schema":{"@context":"https:\/\/schema.org","@graph":[{"@type":"WebPage","@id":"https:\/\/www.q8oils.com\/de\/wir-ueber-uns\/","url":"https:\/\/www.q8oils.com\/de\/wir-ueber-uns\/","name":"Wir \u00fcber uns - Q8Oils","isPartOf":{"@id":"https:\/\/www.q8oils.com\/de\/#website"},"datePublished":"2020-04-24T15:00:18+00:00","dateModified":"2020-12-07T10:21:47+00:00","description":"Wir entwickeln, produzieren und liefern ein umfassendes Sortiment an hochentwickelten Schmierstoffen mit einem Portfolio von mehr als 1.000 Produkten und f\u00fcr nahezu jede Anwendung, vom kleinsten Verbraucher bis zur gr\u00f6\u00dften Maschine.","breadcrumb":{"@id":"https:\/\/www.q8oils.com\/de\/wir-ueber-uns\/#breadcrumb"},"inLanguage":"de","potentialAction":[{"@type":"ReadAction","target":["https:\/\/www.q8oils.com\/de\/wir-ueber-uns\/"]}]},{"@type":"BreadcrumbList","@id":"https:\/\/www.q8oils.com\/de\/wir-ueber-uns\/#breadcrumb","itemListElement":[{"@type":"ListItem","position":1,"name":"Home","item":"https:\/\/www.q8oils.com\/de\/"},{"@type":"ListItem","position":2,"name":"Wir \u00fcber uns"}]},{"@type":"WebSite","@id":"https:\/\/www.q8oils.com\/de\/#website","url":"https:\/\/www.q8oils.com\/de\/","name":"Q8Oils","description":"Global, partnership, lubricants, solutions","publisher":{"@id":"https:\/\/www.q8oils.com\/de\/#organization"},"potentialAction":[{"@type":"SearchAction","target":{"@type":"EntryPoint","urlTemplate":"https:\/\/www.q8oils.com\/de\/?s={search_term_string}"},"query-input":{"@type":"PropertyValueSpecification","valueRequired":true,"valueName":"search_term_string"}}],"inLanguage":"de"},{"@type":"Organization","@id":"https:\/\/www.q8oils.com\/de\/#organization","name":"Q8Oils","url":"https:\/\/www.q8oils.com\/de\/","logo":{"@type":"ImageObject","inLanguage":"de","@id":"https:\/\/www.q8oils.com\/de\/#\/schema\/logo\/image\/","url":"https:\/\/www.q8oils.com\/wp-content\/uploads\/2020\/04\/q8oils-logo.png","contentUrl":"https:\/\/www.q8oils.com\/wp-content\/uploads\/2020\/04\/q8oils-logo.png","width":475,"height":100,"caption":"Q8Oils"},"image":{"@id":"https:\/\/www.q8oils.com\/de\/#\/schema\/logo\/image\/"},"sameAs":["https:\/\/www.linkedin.com\/Q8Oils"]}]}},"_links":{"self":[{"href":"https:\/\/www.q8oils.com\/de\/wp-json\/wp\/v2\/pages\/504717"}],"collection":[{"href":"https:\/\/www.q8oils.com\/de\/wp-json\/wp\/v2\/pages"}],"about":[{"href":"https:\/\/www.q8oils.com\/de\/wp-json\/wp\/v2\/types\/page"}],"author":[{"embeddable":true,"href":"https:\/\/www.q8oils.com\/de\/wp-json\/wp\/v2\/users\/2"}],"replies":[{"embeddable":true,"href":"https:\/\/www.q8oils.com\/de\/wp-json\/wp\/v2\/comments?post=504717"}],"version-history":[{"count":4,"href":"https:\/\/www.q8oils.com\/de\/wp-json\/wp\/v2\/pages\/504717\/revisions"}],"predecessor-version":[{"id":641874,"href":"https:\/\/www.q8oils.com\/de\/wp-json\/wp\/v2\/pages\/504717\/revisions\/641874"}],"wp:attachment":[{"href":"https:\/\/www.q8oils.com\/de\/wp-json\/wp\/v2\/media?parent=504717"}],"curies":[{"name":"wp","href":"https:\/\/api.w.org\/{rel}","templated":true}]}}