
 

{"id":502772,"date":"2020-05-17T17:13:24","date_gmt":"2020-05-17T17:13:24","guid":{"rendered":"https:\/\/www.q8oils.com\/heavy-duty\/"},"modified":"2020-12-09T14:09:37","modified_gmt":"2020-12-09T14:09:37","slug":"camiones-y-autobuses","status":"publish","type":"page","link":"https:\/\/www.q8oils.com\/es\/automocion\/camiones-y-autobuses\/","title":{"rendered":"Camiones y Autobuses"},"content":{"rendered":"","protected":false},"excerpt":{"rendered":"<p>Nuestra gama para veh\u00edculos pesados es adecuada para cada uso dentro de este segmento y aumenta la eficiencia del motor, ampl\u00eda los intervalos de cambio y tiene una baja concentraci\u00f3n de SAPS para proteger mejor el motor.<\/p>\n","protected":false},"author":2,"featured_media":501130,"parent":502745,"menu_order":0,"comment_status":"closed","ping_status":"closed","template":"page-templates\/minor.php","meta":{"_acf_changed":false,"footnotes":""},"class_list":["post-502772","page","type-page","status-publish","has-post-thumbnail","hentry","major-automotive-es"],"acf":[],"yoast_head":"<!-- This site is optimized with the Yoast SEO plugin v23.5 - https:\/\/yoast.com\/wordpress\/plugins\/seo\/ -->\n<title>Camiones y Autobuses - Q8Oils<\/title>\n<meta name=\"description\" content=\"El Q8 Formula Truck, de la gama superior para HDDO de Q8Oils, ha sido testado con \u00e9xito en una amplia variedad de usos en condiciones extremas. La gama es adecuada para cualquier flota de camiones y aumenta la eficiencia del motor, prolonga los intervalos de cambios de aceite, tiene una baja concentraci\u00f3n de SAPS para proteger mejor el motor y reduce el consumo de combustible.\" \/>\n<meta name=\"robots\" content=\"index, follow, max-snippet:-1, max-image-preview:large, max-video-preview:-1\" \/>\n<link rel=\"canonical\" href=\"https:\/\/www.q8oils.com\/es\/automocion\/camiones-y-autobuses\/\" \/>\n<meta property=\"og:locale\" content=\"es_ES\" \/>\n<meta property=\"og:type\" content=\"article\" \/>\n<meta property=\"og:title\" content=\"Camiones y Autobuses - Q8Oils\" \/>\n<meta property=\"og:description\" content=\"El Q8 Formula Truck, de la gama superior para HDDO de Q8Oils, ha sido testado con \u00e9xito en una amplia variedad de usos en condiciones extremas. La gama es adecuada para cualquier flota de camiones y aumenta la eficiencia del motor, prolonga los intervalos de cambios de aceite, tiene una baja concentraci\u00f3n de SAPS para proteger mejor el motor y reduce el consumo de combustible.\" \/>\n<meta property=\"og:url\" content=\"https:\/\/www.q8oils.com\/es\/automocion\/camiones-y-autobuses\/\" \/>\n<meta property=\"og:site_name\" content=\"Q8Oils\" \/>\n<meta property=\"article:modified_time\" content=\"2020-12-09T14:09:37+00:00\" \/>\n<meta property=\"og:image\" content=\"https:\/\/www.q8oils.com\/wp-content\/uploads\/2020\/06\/21229_On-Road_Transport-1.png\" \/>\n\t<meta property=\"og:image:width\" content=\"200\" \/>\n\t<meta property=\"og:image:height\" content=\"200\" \/>\n\t<meta property=\"og:image:type\" content=\"image\/png\" \/>\n<meta name=\"twitter:card\" content=\"summary_large_image\" \/>\n<script type=\"application\/ld+json\" class=\"yoast-schema-graph\">{\"@context\":\"https:\/\/schema.org\",\"@graph\":[{\"@type\":\"WebPage\",\"@id\":\"https:\/\/www.q8oils.com\/es\/automocion\/camiones-y-autobuses\/\",\"url\":\"https:\/\/www.q8oils.com\/es\/automocion\/camiones-y-autobuses\/\",\"name\":\"Camiones y Autobuses - Q8Oils\",\"isPartOf\":{\"@id\":\"https:\/\/www.q8oils.com\/es\/#website\"},\"primaryImageOfPage\":{\"@id\":\"https:\/\/www.q8oils.com\/es\/automocion\/camiones-y-autobuses\/#primaryimage\"},\"image\":{\"@id\":\"https:\/\/www.q8oils.com\/es\/automocion\/camiones-y-autobuses\/#primaryimage\"},\"thumbnailUrl\":\"https:\/\/www.q8oils.com\/wp-content\/uploads\/2020\/06\/21229_On-Road_Transport-1.png\",\"datePublished\":\"2020-05-17T17:13:24+00:00\",\"dateModified\":\"2020-12-09T14:09:37+00:00\",\"description\":\"El Q8 Formula Truck, de la gama superior para HDDO de Q8Oils, ha sido testado con \u00e9xito en una amplia variedad de usos en condiciones extremas. La gama es adecuada para cualquier flota de camiones y aumenta la eficiencia del motor, prolonga los intervalos de cambios de aceite, tiene una baja concentraci\u00f3n de SAPS para proteger mejor el motor y reduce el consumo de combustible.\",\"breadcrumb\":{\"@id\":\"https:\/\/www.q8oils.com\/es\/automocion\/camiones-y-autobuses\/#breadcrumb\"},\"inLanguage\":\"es\",\"potentialAction\":[{\"@type\":\"ReadAction\",\"target\":[\"https:\/\/www.q8oils.com\/es\/automocion\/camiones-y-autobuses\/\"]}]},{\"@type\":\"ImageObject\",\"inLanguage\":\"es\",\"@id\":\"https:\/\/www.q8oils.com\/es\/automocion\/camiones-y-autobuses\/#primaryimage\",\"url\":\"https:\/\/www.q8oils.com\/wp-content\/uploads\/2020\/06\/21229_On-Road_Transport-1.png\",\"contentUrl\":\"https:\/\/www.q8oils.com\/wp-content\/uploads\/2020\/06\/21229_On-Road_Transport-1.png\",\"width\":200,\"height\":200,\"caption\":\"Heavy Duty Icon - Q8Oils\"},{\"@type\":\"BreadcrumbList\",\"@id\":\"https:\/\/www.q8oils.com\/es\/automocion\/camiones-y-autobuses\/#breadcrumb\",\"itemListElement\":[{\"@type\":\"ListItem\",\"position\":1,\"name\":\"Home\",\"item\":\"https:\/\/www.q8oils.com\/es\/\"},{\"@type\":\"ListItem\",\"position\":2,\"name\":\"Automoci\u00f3n\",\"item\":\"https:\/\/www.q8oils.com\/es\/automocion\/\"},{\"@type\":\"ListItem\",\"position\":3,\"name\":\"Camiones y Autobuses\"}]},{\"@type\":\"WebSite\",\"@id\":\"https:\/\/www.q8oils.com\/es\/#website\",\"url\":\"https:\/\/www.q8oils.com\/es\/\",\"name\":\"Q8Oils\",\"description\":\"Global, partnership, lubricants, solutions\",\"publisher\":{\"@id\":\"https:\/\/www.q8oils.com\/es\/#organization\"},\"potentialAction\":[{\"@type\":\"SearchAction\",\"target\":{\"@type\":\"EntryPoint\",\"urlTemplate\":\"https:\/\/www.q8oils.com\/es\/?s={search_term_string}\"},\"query-input\":{\"@type\":\"PropertyValueSpecification\",\"valueRequired\":true,\"valueName\":\"search_term_string\"}}],\"inLanguage\":\"es\"},{\"@type\":\"Organization\",\"@id\":\"https:\/\/www.q8oils.com\/es\/#organization\",\"name\":\"Q8Oils\",\"url\":\"https:\/\/www.q8oils.com\/es\/\",\"logo\":{\"@type\":\"ImageObject\",\"inLanguage\":\"es\",\"@id\":\"https:\/\/www.q8oils.com\/es\/#\/schema\/logo\/image\/\",\"url\":\"https:\/\/www.q8oils.com\/wp-content\/uploads\/2020\/04\/q8oils-logo.png\",\"contentUrl\":\"https:\/\/www.q8oils.com\/wp-content\/uploads\/2020\/04\/q8oils-logo.png\",\"width\":475,\"height\":100,\"caption\":\"Q8Oils\"},\"image\":{\"@id\":\"https:\/\/www.q8oils.com\/es\/#\/schema\/logo\/image\/\"},\"sameAs\":[\"https:\/\/www.linkedin.com\/Q8Oils\"]}]}<\/script>\n<!-- \/ Yoast SEO plugin. -->","yoast_head_json":{"title":"Camiones y Autobuses - Q8Oils","description":"El Q8 Formula Truck, de la gama superior para HDDO de Q8Oils, ha sido testado con \u00e9xito en una amplia variedad de usos en condiciones extremas. La gama es adecuada para cualquier flota de camiones y aumenta la eficiencia del motor, prolonga los intervalos de cambios de aceite, tiene una baja concentraci\u00f3n de SAPS para proteger mejor el motor y reduce el consumo de combustible.","robots":{"index":"index","follow":"follow","max-snippet":"max-snippet:-1","max-image-preview":"max-image-preview:large","max-video-preview":"max-video-preview:-1"},"canonical":"https:\/\/www.q8oils.com\/es\/automocion\/camiones-y-autobuses\/","og_locale":"es_ES","og_type":"article","og_title":"Camiones y Autobuses - Q8Oils","og_description":"El Q8 Formula Truck, de la gama superior para HDDO de Q8Oils, ha sido testado con \u00e9xito en una amplia variedad de usos en condiciones extremas. La gama es adecuada para cualquier flota de camiones y aumenta la eficiencia del motor, prolonga los intervalos de cambios de aceite, tiene una baja concentraci\u00f3n de SAPS para proteger mejor el motor y reduce el consumo de combustible.","og_url":"https:\/\/www.q8oils.com\/es\/automocion\/camiones-y-autobuses\/","og_site_name":"Q8Oils","article_modified_time":"2020-12-09T14:09:37+00:00","og_image":[{"width":200,"height":200,"url":"https:\/\/www.q8oils.com\/wp-content\/uploads\/2020\/06\/21229_On-Road_Transport-1.png","type":"image\/png"}],"twitter_card":"summary_large_image","schema":{"@context":"https:\/\/schema.org","@graph":[{"@type":"WebPage","@id":"https:\/\/www.q8oils.com\/es\/automocion\/camiones-y-autobuses\/","url":"https:\/\/www.q8oils.com\/es\/automocion\/camiones-y-autobuses\/","name":"Camiones y Autobuses - Q8Oils","isPartOf":{"@id":"https:\/\/www.q8oils.com\/es\/#website"},"primaryImageOfPage":{"@id":"https:\/\/www.q8oils.com\/es\/automocion\/camiones-y-autobuses\/#primaryimage"},"image":{"@id":"https:\/\/www.q8oils.com\/es\/automocion\/camiones-y-autobuses\/#primaryimage"},"thumbnailUrl":"https:\/\/www.q8oils.com\/wp-content\/uploads\/2020\/06\/21229_On-Road_Transport-1.png","datePublished":"2020-05-17T17:13:24+00:00","dateModified":"2020-12-09T14:09:37+00:00","description":"El Q8 Formula Truck, de la gama superior para HDDO de Q8Oils, ha sido testado con \u00e9xito en una amplia variedad de usos en condiciones extremas. La gama es adecuada para cualquier flota de camiones y aumenta la eficiencia del motor, prolonga los intervalos de cambios de aceite, tiene una baja concentraci\u00f3n de SAPS para proteger mejor el motor y reduce el consumo de combustible.","breadcrumb":{"@id":"https:\/\/www.q8oils.com\/es\/automocion\/camiones-y-autobuses\/#breadcrumb"},"inLanguage":"es","potentialAction":[{"@type":"ReadAction","target":["https:\/\/www.q8oils.com\/es\/automocion\/camiones-y-autobuses\/"]}]},{"@type":"ImageObject","inLanguage":"es","@id":"https:\/\/www.q8oils.com\/es\/automocion\/camiones-y-autobuses\/#primaryimage","url":"https:\/\/www.q8oils.com\/wp-content\/uploads\/2020\/06\/21229_On-Road_Transport-1.png","contentUrl":"https:\/\/www.q8oils.com\/wp-content\/uploads\/2020\/06\/21229_On-Road_Transport-1.png","width":200,"height":200,"caption":"Heavy Duty Icon - Q8Oils"},{"@type":"BreadcrumbList","@id":"https:\/\/www.q8oils.com\/es\/automocion\/camiones-y-autobuses\/#breadcrumb","itemListElement":[{"@type":"ListItem","position":1,"name":"Home","item":"https:\/\/www.q8oils.com\/es\/"},{"@type":"ListItem","position":2,"name":"Automoci\u00f3n","item":"https:\/\/www.q8oils.com\/es\/automocion\/"},{"@type":"ListItem","position":3,"name":"Camiones y Autobuses"}]},{"@type":"WebSite","@id":"https:\/\/www.q8oils.com\/es\/#website","url":"https:\/\/www.q8oils.com\/es\/","name":"Q8Oils","description":"Global, partnership, lubricants, solutions","publisher":{"@id":"https:\/\/www.q8oils.com\/es\/#organization"},"potentialAction":[{"@type":"SearchAction","target":{"@type":"EntryPoint","urlTemplate":"https:\/\/www.q8oils.com\/es\/?s={search_term_string}"},"query-input":{"@type":"PropertyValueSpecification","valueRequired":true,"valueName":"search_term_string"}}],"inLanguage":"es"},{"@type":"Organization","@id":"https:\/\/www.q8oils.com\/es\/#organization","name":"Q8Oils","url":"https:\/\/www.q8oils.com\/es\/","logo":{"@type":"ImageObject","inLanguage":"es","@id":"https:\/\/www.q8oils.com\/es\/#\/schema\/logo\/image\/","url":"https:\/\/www.q8oils.com\/wp-content\/uploads\/2020\/04\/q8oils-logo.png","contentUrl":"https:\/\/www.q8oils.com\/wp-content\/uploads\/2020\/04\/q8oils-logo.png","width":475,"height":100,"caption":"Q8Oils"},"image":{"@id":"https:\/\/www.q8oils.com\/es\/#\/schema\/logo\/image\/"},"sameAs":["https:\/\/www.linkedin.com\/Q8Oils"]}]}},"_links":{"self":[{"href":"https:\/\/www.q8oils.com\/es\/wp-json\/wp\/v2\/pages\/502772"}],"collection":[{"href":"https:\/\/www.q8oils.com\/es\/wp-json\/wp\/v2\/pages"}],"about":[{"href":"https:\/\/www.q8oils.com\/es\/wp-json\/wp\/v2\/types\/page"}],"author":[{"embeddable":true,"href":"https:\/\/www.q8oils.com\/es\/wp-json\/wp\/v2\/users\/2"}],"replies":[{"embeddable":true,"href":"https:\/\/www.q8oils.com\/es\/wp-json\/wp\/v2\/comments?post=502772"}],"version-history":[{"count":5,"href":"https:\/\/www.q8oils.com\/es\/wp-json\/wp\/v2\/pages\/502772\/revisions"}],"predecessor-version":[{"id":641903,"href":"https:\/\/www.q8oils.com\/es\/wp-json\/wp\/v2\/pages\/502772\/revisions\/641903"}],"up":[{"embeddable":true,"href":"https:\/\/www.q8oils.com\/es\/wp-json\/wp\/v2\/pages\/502745"}],"wp:featuredmedia":[{"embeddable":true,"href":"https:\/\/www.q8oils.com\/es\/wp-json\/wp\/v2\/media\/501130"}],"wp:attachment":[{"href":"https:\/\/www.q8oils.com\/es\/wp-json\/wp\/v2\/media?parent=502772"}],"curies":[{"name":"wp","href":"https:\/\/api.w.org\/{rel}","templated":true}]}}