
 

{"id":502809,"date":"2020-05-21T07:25:49","date_gmt":"2020-05-21T07:25:49","guid":{"rendered":"https:\/\/www.q8oils.com\/automocion\/small-engines\/"},"modified":"2020-12-09T14:45:46","modified_gmt":"2020-12-09T14:45:46","slug":"motores-pequenos","status":"publish","type":"page","link":"https:\/\/www.q8oils.com\/es\/automocion\/motores-pequenos\/","title":{"rendered":"Motores peque\u00f1os"},"content":{"rendered":"","protected":false},"excerpt":{"rendered":"<p>La gama de lubricantes Q8Oils para motores peque\u00f1os, como motocicletas, scooters, n\u00e1utica de recreo y m\u00e1quinas de jardiner\u00eda, ha sido desarrollada y probada bajo las condiciones m\u00e1s extremas.<\/p>\n","protected":false},"author":2,"featured_media":499575,"parent":502745,"menu_order":0,"comment_status":"closed","ping_status":"closed","template":"page-templates\/minor.php","meta":{"_acf_changed":false,"footnotes":""},"class_list":["post-502809","page","type-page","status-publish","has-post-thumbnail","hentry","major-automotive-es"],"acf":[],"yoast_head":"<!-- This site is optimized with the Yoast SEO plugin v23.5 - https:\/\/yoast.com\/wordpress\/plugins\/seo\/ -->\n<title>Motores peque\u00f1os - Q8Oils<\/title>\n<meta name=\"description\" content=\"La gama de lubricantes Q8Oils para motores peque\u00f1os, como motocicletas, scooters, n\u00e1utica de recreo y m\u00e1quinas de jardiner\u00eda, ha sido desarrollada y probada bajo las condiciones m\u00e1s extremas.\" \/>\n<meta name=\"robots\" content=\"index, follow, max-snippet:-1, max-image-preview:large, max-video-preview:-1\" \/>\n<link rel=\"canonical\" href=\"https:\/\/www.q8oils.com\/es\/automocion\/motores-pequenos\/\" \/>\n<meta property=\"og:locale\" content=\"es_ES\" \/>\n<meta property=\"og:type\" content=\"article\" \/>\n<meta property=\"og:title\" content=\"Motores peque\u00f1os - Q8Oils\" \/>\n<meta property=\"og:description\" content=\"La gama de lubricantes Q8Oils para motores peque\u00f1os, como motocicletas, scooters, n\u00e1utica de recreo y m\u00e1quinas de jardiner\u00eda, ha sido desarrollada y probada bajo las condiciones m\u00e1s extremas.\" \/>\n<meta property=\"og:url\" content=\"https:\/\/www.q8oils.com\/es\/automocion\/motores-pequenos\/\" \/>\n<meta property=\"og:site_name\" content=\"Q8Oils\" \/>\n<meta property=\"article:modified_time\" content=\"2020-12-09T14:45:46+00:00\" \/>\n<meta property=\"og:image\" content=\"https:\/\/www.q8oils.com\/wp-content\/uploads\/2020\/05\/21231_Motorcycles-2.png\" \/>\n\t<meta property=\"og:image:width\" content=\"200\" \/>\n\t<meta property=\"og:image:height\" content=\"200\" \/>\n\t<meta property=\"og:image:type\" content=\"image\/png\" \/>\n<meta name=\"twitter:card\" content=\"summary_large_image\" \/>\n<script type=\"application\/ld+json\" class=\"yoast-schema-graph\">{\"@context\":\"https:\/\/schema.org\",\"@graph\":[{\"@type\":\"WebPage\",\"@id\":\"https:\/\/www.q8oils.com\/es\/automocion\/motores-pequenos\/\",\"url\":\"https:\/\/www.q8oils.com\/es\/automocion\/motores-pequenos\/\",\"name\":\"Motores peque\u00f1os - Q8Oils\",\"isPartOf\":{\"@id\":\"https:\/\/www.q8oils.com\/es\/#website\"},\"primaryImageOfPage\":{\"@id\":\"https:\/\/www.q8oils.com\/es\/automocion\/motores-pequenos\/#primaryimage\"},\"image\":{\"@id\":\"https:\/\/www.q8oils.com\/es\/automocion\/motores-pequenos\/#primaryimage\"},\"thumbnailUrl\":\"https:\/\/www.q8oils.com\/wp-content\/uploads\/2020\/05\/21231_Motorcycles-2.png\",\"datePublished\":\"2020-05-21T07:25:49+00:00\",\"dateModified\":\"2020-12-09T14:45:46+00:00\",\"description\":\"La gama de lubricantes Q8Oils para motores peque\u00f1os, como motocicletas, scooters, n\u00e1utica de recreo y m\u00e1quinas de jardiner\u00eda, ha sido desarrollada y probada bajo las condiciones m\u00e1s extremas.\",\"breadcrumb\":{\"@id\":\"https:\/\/www.q8oils.com\/es\/automocion\/motores-pequenos\/#breadcrumb\"},\"inLanguage\":\"es\",\"potentialAction\":[{\"@type\":\"ReadAction\",\"target\":[\"https:\/\/www.q8oils.com\/es\/automocion\/motores-pequenos\/\"]}]},{\"@type\":\"ImageObject\",\"inLanguage\":\"es\",\"@id\":\"https:\/\/www.q8oils.com\/es\/automocion\/motores-pequenos\/#primaryimage\",\"url\":\"https:\/\/www.q8oils.com\/wp-content\/uploads\/2020\/05\/21231_Motorcycles-2.png\",\"contentUrl\":\"https:\/\/www.q8oils.com\/wp-content\/uploads\/2020\/05\/21231_Motorcycles-2.png\",\"width\":200,\"height\":200,\"caption\":\"Motorcycle icon - Q8Oils\"},{\"@type\":\"BreadcrumbList\",\"@id\":\"https:\/\/www.q8oils.com\/es\/automocion\/motores-pequenos\/#breadcrumb\",\"itemListElement\":[{\"@type\":\"ListItem\",\"position\":1,\"name\":\"Home\",\"item\":\"https:\/\/www.q8oils.com\/es\/\"},{\"@type\":\"ListItem\",\"position\":2,\"name\":\"Automoci\u00f3n\",\"item\":\"https:\/\/www.q8oils.com\/es\/automocion\/\"},{\"@type\":\"ListItem\",\"position\":3,\"name\":\"Motores peque\u00f1os\"}]},{\"@type\":\"WebSite\",\"@id\":\"https:\/\/www.q8oils.com\/es\/#website\",\"url\":\"https:\/\/www.q8oils.com\/es\/\",\"name\":\"Q8Oils\",\"description\":\"Global, partnership, lubricants, solutions\",\"publisher\":{\"@id\":\"https:\/\/www.q8oils.com\/es\/#organization\"},\"potentialAction\":[{\"@type\":\"SearchAction\",\"target\":{\"@type\":\"EntryPoint\",\"urlTemplate\":\"https:\/\/www.q8oils.com\/es\/?s={search_term_string}\"},\"query-input\":{\"@type\":\"PropertyValueSpecification\",\"valueRequired\":true,\"valueName\":\"search_term_string\"}}],\"inLanguage\":\"es\"},{\"@type\":\"Organization\",\"@id\":\"https:\/\/www.q8oils.com\/es\/#organization\",\"name\":\"Q8Oils\",\"url\":\"https:\/\/www.q8oils.com\/es\/\",\"logo\":{\"@type\":\"ImageObject\",\"inLanguage\":\"es\",\"@id\":\"https:\/\/www.q8oils.com\/es\/#\/schema\/logo\/image\/\",\"url\":\"https:\/\/www.q8oils.com\/wp-content\/uploads\/2020\/04\/q8oils-logo.png\",\"contentUrl\":\"https:\/\/www.q8oils.com\/wp-content\/uploads\/2020\/04\/q8oils-logo.png\",\"width\":475,\"height\":100,\"caption\":\"Q8Oils\"},\"image\":{\"@id\":\"https:\/\/www.q8oils.com\/es\/#\/schema\/logo\/image\/\"},\"sameAs\":[\"https:\/\/www.linkedin.com\/Q8Oils\"]}]}<\/script>\n<!-- \/ Yoast SEO plugin. -->","yoast_head_json":{"title":"Motores peque\u00f1os - Q8Oils","description":"La gama de lubricantes Q8Oils para motores peque\u00f1os, como motocicletas, scooters, n\u00e1utica de recreo y m\u00e1quinas de jardiner\u00eda, ha sido desarrollada y probada bajo las condiciones m\u00e1s extremas.","robots":{"index":"index","follow":"follow","max-snippet":"max-snippet:-1","max-image-preview":"max-image-preview:large","max-video-preview":"max-video-preview:-1"},"canonical":"https:\/\/www.q8oils.com\/es\/automocion\/motores-pequenos\/","og_locale":"es_ES","og_type":"article","og_title":"Motores peque\u00f1os - Q8Oils","og_description":"La gama de lubricantes Q8Oils para motores peque\u00f1os, como motocicletas, scooters, n\u00e1utica de recreo y m\u00e1quinas de jardiner\u00eda, ha sido desarrollada y probada bajo las condiciones m\u00e1s extremas.","og_url":"https:\/\/www.q8oils.com\/es\/automocion\/motores-pequenos\/","og_site_name":"Q8Oils","article_modified_time":"2020-12-09T14:45:46+00:00","og_image":[{"width":200,"height":200,"url":"https:\/\/www.q8oils.com\/wp-content\/uploads\/2020\/05\/21231_Motorcycles-2.png","type":"image\/png"}],"twitter_card":"summary_large_image","schema":{"@context":"https:\/\/schema.org","@graph":[{"@type":"WebPage","@id":"https:\/\/www.q8oils.com\/es\/automocion\/motores-pequenos\/","url":"https:\/\/www.q8oils.com\/es\/automocion\/motores-pequenos\/","name":"Motores peque\u00f1os - Q8Oils","isPartOf":{"@id":"https:\/\/www.q8oils.com\/es\/#website"},"primaryImageOfPage":{"@id":"https:\/\/www.q8oils.com\/es\/automocion\/motores-pequenos\/#primaryimage"},"image":{"@id":"https:\/\/www.q8oils.com\/es\/automocion\/motores-pequenos\/#primaryimage"},"thumbnailUrl":"https:\/\/www.q8oils.com\/wp-content\/uploads\/2020\/05\/21231_Motorcycles-2.png","datePublished":"2020-05-21T07:25:49+00:00","dateModified":"2020-12-09T14:45:46+00:00","description":"La gama de lubricantes Q8Oils para motores peque\u00f1os, como motocicletas, scooters, n\u00e1utica de recreo y m\u00e1quinas de jardiner\u00eda, ha sido desarrollada y probada bajo las condiciones m\u00e1s extremas.","breadcrumb":{"@id":"https:\/\/www.q8oils.com\/es\/automocion\/motores-pequenos\/#breadcrumb"},"inLanguage":"es","potentialAction":[{"@type":"ReadAction","target":["https:\/\/www.q8oils.com\/es\/automocion\/motores-pequenos\/"]}]},{"@type":"ImageObject","inLanguage":"es","@id":"https:\/\/www.q8oils.com\/es\/automocion\/motores-pequenos\/#primaryimage","url":"https:\/\/www.q8oils.com\/wp-content\/uploads\/2020\/05\/21231_Motorcycles-2.png","contentUrl":"https:\/\/www.q8oils.com\/wp-content\/uploads\/2020\/05\/21231_Motorcycles-2.png","width":200,"height":200,"caption":"Motorcycle icon - Q8Oils"},{"@type":"BreadcrumbList","@id":"https:\/\/www.q8oils.com\/es\/automocion\/motores-pequenos\/#breadcrumb","itemListElement":[{"@type":"ListItem","position":1,"name":"Home","item":"https:\/\/www.q8oils.com\/es\/"},{"@type":"ListItem","position":2,"name":"Automoci\u00f3n","item":"https:\/\/www.q8oils.com\/es\/automocion\/"},{"@type":"ListItem","position":3,"name":"Motores peque\u00f1os"}]},{"@type":"WebSite","@id":"https:\/\/www.q8oils.com\/es\/#website","url":"https:\/\/www.q8oils.com\/es\/","name":"Q8Oils","description":"Global, partnership, lubricants, solutions","publisher":{"@id":"https:\/\/www.q8oils.com\/es\/#organization"},"potentialAction":[{"@type":"SearchAction","target":{"@type":"EntryPoint","urlTemplate":"https:\/\/www.q8oils.com\/es\/?s={search_term_string}"},"query-input":{"@type":"PropertyValueSpecification","valueRequired":true,"valueName":"search_term_string"}}],"inLanguage":"es"},{"@type":"Organization","@id":"https:\/\/www.q8oils.com\/es\/#organization","name":"Q8Oils","url":"https:\/\/www.q8oils.com\/es\/","logo":{"@type":"ImageObject","inLanguage":"es","@id":"https:\/\/www.q8oils.com\/es\/#\/schema\/logo\/image\/","url":"https:\/\/www.q8oils.com\/wp-content\/uploads\/2020\/04\/q8oils-logo.png","contentUrl":"https:\/\/www.q8oils.com\/wp-content\/uploads\/2020\/04\/q8oils-logo.png","width":475,"height":100,"caption":"Q8Oils"},"image":{"@id":"https:\/\/www.q8oils.com\/es\/#\/schema\/logo\/image\/"},"sameAs":["https:\/\/www.linkedin.com\/Q8Oils"]}]}},"_links":{"self":[{"href":"https:\/\/www.q8oils.com\/es\/wp-json\/wp\/v2\/pages\/502809"}],"collection":[{"href":"https:\/\/www.q8oils.com\/es\/wp-json\/wp\/v2\/pages"}],"about":[{"href":"https:\/\/www.q8oils.com\/es\/wp-json\/wp\/v2\/types\/page"}],"author":[{"embeddable":true,"href":"https:\/\/www.q8oils.com\/es\/wp-json\/wp\/v2\/users\/2"}],"replies":[{"embeddable":true,"href":"https:\/\/www.q8oils.com\/es\/wp-json\/wp\/v2\/comments?post=502809"}],"version-history":[{"count":5,"href":"https:\/\/www.q8oils.com\/es\/wp-json\/wp\/v2\/pages\/502809\/revisions"}],"predecessor-version":[{"id":641914,"href":"https:\/\/www.q8oils.com\/es\/wp-json\/wp\/v2\/pages\/502809\/revisions\/641914"}],"up":[{"embeddable":true,"href":"https:\/\/www.q8oils.com\/es\/wp-json\/wp\/v2\/pages\/502745"}],"wp:featuredmedia":[{"embeddable":true,"href":"https:\/\/www.q8oils.com\/es\/wp-json\/wp\/v2\/media\/499575"}],"wp:attachment":[{"href":"https:\/\/www.q8oils.com\/es\/wp-json\/wp\/v2\/media?parent=502809"}],"curies":[{"name":"wp","href":"https:\/\/api.w.org\/{rel}","templated":true}]}}