
 

{"id":502814,"date":"2020-05-21T09:50:26","date_gmt":"2020-05-21T09:50:26","guid":{"rendered":"https:\/\/www.q8oils.com\/energy\/"},"modified":"2021-02-27T12:44:14","modified_gmt":"2021-02-27T12:44:14","slug":"energia","status":"publish","type":"page","link":"https:\/\/www.q8oils.com\/es\/energia\/","title":{"rendered":"Energ\u00eda"},"content":{"rendered":"","protected":false},"excerpt":{"rendered":"<p>Q8Oils is the preferred oil manufacturer for the energy sector. Thanks to our wide-ranging experience, our innovative R&#038;D program and our own formulations with selective additive-technology, our state-of-the-art energy lubricants exceed industry standards. Thanks to our wide-ranging experience in this challenging market and our innovative R&#038;D program, we continuously optimize our products for the energy market.<\/p>\n","protected":false},"author":2,"featured_media":0,"parent":0,"menu_order":0,"comment_status":"closed","ping_status":"closed","template":"page-templates\/major.php","meta":{"_acf_changed":false,"footnotes":""},"class_list":["post-502814","page","type-page","status-publish","hentry"],"acf":[],"yoast_head":"<!-- This site is optimized with the Yoast SEO plugin v23.5 - https:\/\/yoast.com\/wordpress\/plugins\/seo\/ -->\n<title>Energ\u00eda - Q8Oils<\/title>\n<meta name=\"description\" content=\"Q8Oils es el fabricante de lubricantes preferido por el sector energ\u00e9tico. Gracias a nuestra amplia experiencia, innovadores programas de I+D y formulaciones propias con una selectiva tecnolog\u00eda de aditivos, nuestros lubricantes de vanguardia para la industria energ\u00e9tica superan con creces los est\u00e1ndares del sector. Por si esto fuera poco, optimizamos continuamente nuestros productos para el mercado energ\u00e9tico vali\u00e9ndonos de nuestra amplia experiencia en el sector.\" \/>\n<meta name=\"robots\" content=\"index, follow, max-snippet:-1, max-image-preview:large, max-video-preview:-1\" \/>\n<link rel=\"canonical\" href=\"https:\/\/www.q8oils.com\/es\/energia\/\" \/>\n<meta property=\"og:locale\" content=\"es_ES\" \/>\n<meta property=\"og:type\" content=\"article\" \/>\n<meta property=\"og:title\" content=\"Energ\u00eda - Q8Oils\" \/>\n<meta property=\"og:description\" content=\"Q8Oils es el fabricante de lubricantes preferido por el sector energ\u00e9tico. Gracias a nuestra amplia experiencia, innovadores programas de I+D y formulaciones propias con una selectiva tecnolog\u00eda de aditivos, nuestros lubricantes de vanguardia para la industria energ\u00e9tica superan con creces los est\u00e1ndares del sector. Por si esto fuera poco, optimizamos continuamente nuestros productos para el mercado energ\u00e9tico vali\u00e9ndonos de nuestra amplia experiencia en el sector.\" \/>\n<meta property=\"og:url\" content=\"https:\/\/www.q8oils.com\/es\/energia\/\" \/>\n<meta property=\"og:site_name\" content=\"Q8Oils\" \/>\n<meta property=\"article:modified_time\" content=\"2021-02-27T12:44:14+00:00\" \/>\n<meta name=\"twitter:card\" content=\"summary_large_image\" \/>\n<script type=\"application\/ld+json\" class=\"yoast-schema-graph\">{\"@context\":\"https:\/\/schema.org\",\"@graph\":[{\"@type\":\"WebPage\",\"@id\":\"https:\/\/www.q8oils.com\/es\/energia\/\",\"url\":\"https:\/\/www.q8oils.com\/es\/energia\/\",\"name\":\"Energ\u00eda - Q8Oils\",\"isPartOf\":{\"@id\":\"https:\/\/www.q8oils.com\/es\/#website\"},\"datePublished\":\"2020-05-21T09:50:26+00:00\",\"dateModified\":\"2021-02-27T12:44:14+00:00\",\"description\":\"Q8Oils es el fabricante de lubricantes preferido por el sector energ\u00e9tico. Gracias a nuestra amplia experiencia, innovadores programas de I+D y formulaciones propias con una selectiva tecnolog\u00eda de aditivos, nuestros lubricantes de vanguardia para la industria energ\u00e9tica superan con creces los est\u00e1ndares del sector. Por si esto fuera poco, optimizamos continuamente nuestros productos para el mercado energ\u00e9tico vali\u00e9ndonos de nuestra amplia experiencia en el sector.\",\"breadcrumb\":{\"@id\":\"https:\/\/www.q8oils.com\/es\/energia\/#breadcrumb\"},\"inLanguage\":\"es\",\"potentialAction\":[{\"@type\":\"ReadAction\",\"target\":[\"https:\/\/www.q8oils.com\/es\/energia\/\"]}]},{\"@type\":\"BreadcrumbList\",\"@id\":\"https:\/\/www.q8oils.com\/es\/energia\/#breadcrumb\",\"itemListElement\":[{\"@type\":\"ListItem\",\"position\":1,\"name\":\"Home\",\"item\":\"https:\/\/www.q8oils.com\/es\/\"},{\"@type\":\"ListItem\",\"position\":2,\"name\":\"Energ\u00eda\"}]},{\"@type\":\"WebSite\",\"@id\":\"https:\/\/www.q8oils.com\/es\/#website\",\"url\":\"https:\/\/www.q8oils.com\/es\/\",\"name\":\"Q8Oils\",\"description\":\"Global, partnership, lubricants, solutions\",\"publisher\":{\"@id\":\"https:\/\/www.q8oils.com\/es\/#organization\"},\"potentialAction\":[{\"@type\":\"SearchAction\",\"target\":{\"@type\":\"EntryPoint\",\"urlTemplate\":\"https:\/\/www.q8oils.com\/es\/?s={search_term_string}\"},\"query-input\":{\"@type\":\"PropertyValueSpecification\",\"valueRequired\":true,\"valueName\":\"search_term_string\"}}],\"inLanguage\":\"es\"},{\"@type\":\"Organization\",\"@id\":\"https:\/\/www.q8oils.com\/es\/#organization\",\"name\":\"Q8Oils\",\"url\":\"https:\/\/www.q8oils.com\/es\/\",\"logo\":{\"@type\":\"ImageObject\",\"inLanguage\":\"es\",\"@id\":\"https:\/\/www.q8oils.com\/es\/#\/schema\/logo\/image\/\",\"url\":\"https:\/\/www.q8oils.com\/wp-content\/uploads\/2020\/04\/q8oils-logo.png\",\"contentUrl\":\"https:\/\/www.q8oils.com\/wp-content\/uploads\/2020\/04\/q8oils-logo.png\",\"width\":475,\"height\":100,\"caption\":\"Q8Oils\"},\"image\":{\"@id\":\"https:\/\/www.q8oils.com\/es\/#\/schema\/logo\/image\/\"},\"sameAs\":[\"https:\/\/www.linkedin.com\/Q8Oils\"]}]}<\/script>\n<!-- \/ Yoast SEO plugin. -->","yoast_head_json":{"title":"Energ\u00eda - Q8Oils","description":"Q8Oils es el fabricante de lubricantes preferido por el sector energ\u00e9tico. Gracias a nuestra amplia experiencia, innovadores programas de I+D y formulaciones propias con una selectiva tecnolog\u00eda de aditivos, nuestros lubricantes de vanguardia para la industria energ\u00e9tica superan con creces los est\u00e1ndares del sector. Por si esto fuera poco, optimizamos continuamente nuestros productos para el mercado energ\u00e9tico vali\u00e9ndonos de nuestra amplia experiencia en el sector.","robots":{"index":"index","follow":"follow","max-snippet":"max-snippet:-1","max-image-preview":"max-image-preview:large","max-video-preview":"max-video-preview:-1"},"canonical":"https:\/\/www.q8oils.com\/es\/energia\/","og_locale":"es_ES","og_type":"article","og_title":"Energ\u00eda - Q8Oils","og_description":"Q8Oils es el fabricante de lubricantes preferido por el sector energ\u00e9tico. Gracias a nuestra amplia experiencia, innovadores programas de I+D y formulaciones propias con una selectiva tecnolog\u00eda de aditivos, nuestros lubricantes de vanguardia para la industria energ\u00e9tica superan con creces los est\u00e1ndares del sector. Por si esto fuera poco, optimizamos continuamente nuestros productos para el mercado energ\u00e9tico vali\u00e9ndonos de nuestra amplia experiencia en el sector.","og_url":"https:\/\/www.q8oils.com\/es\/energia\/","og_site_name":"Q8Oils","article_modified_time":"2021-02-27T12:44:14+00:00","twitter_card":"summary_large_image","schema":{"@context":"https:\/\/schema.org","@graph":[{"@type":"WebPage","@id":"https:\/\/www.q8oils.com\/es\/energia\/","url":"https:\/\/www.q8oils.com\/es\/energia\/","name":"Energ\u00eda - Q8Oils","isPartOf":{"@id":"https:\/\/www.q8oils.com\/es\/#website"},"datePublished":"2020-05-21T09:50:26+00:00","dateModified":"2021-02-27T12:44:14+00:00","description":"Q8Oils es el fabricante de lubricantes preferido por el sector energ\u00e9tico. Gracias a nuestra amplia experiencia, innovadores programas de I+D y formulaciones propias con una selectiva tecnolog\u00eda de aditivos, nuestros lubricantes de vanguardia para la industria energ\u00e9tica superan con creces los est\u00e1ndares del sector. Por si esto fuera poco, optimizamos continuamente nuestros productos para el mercado energ\u00e9tico vali\u00e9ndonos de nuestra amplia experiencia en el sector.","breadcrumb":{"@id":"https:\/\/www.q8oils.com\/es\/energia\/#breadcrumb"},"inLanguage":"es","potentialAction":[{"@type":"ReadAction","target":["https:\/\/www.q8oils.com\/es\/energia\/"]}]},{"@type":"BreadcrumbList","@id":"https:\/\/www.q8oils.com\/es\/energia\/#breadcrumb","itemListElement":[{"@type":"ListItem","position":1,"name":"Home","item":"https:\/\/www.q8oils.com\/es\/"},{"@type":"ListItem","position":2,"name":"Energ\u00eda"}]},{"@type":"WebSite","@id":"https:\/\/www.q8oils.com\/es\/#website","url":"https:\/\/www.q8oils.com\/es\/","name":"Q8Oils","description":"Global, partnership, lubricants, solutions","publisher":{"@id":"https:\/\/www.q8oils.com\/es\/#organization"},"potentialAction":[{"@type":"SearchAction","target":{"@type":"EntryPoint","urlTemplate":"https:\/\/www.q8oils.com\/es\/?s={search_term_string}"},"query-input":{"@type":"PropertyValueSpecification","valueRequired":true,"valueName":"search_term_string"}}],"inLanguage":"es"},{"@type":"Organization","@id":"https:\/\/www.q8oils.com\/es\/#organization","name":"Q8Oils","url":"https:\/\/www.q8oils.com\/es\/","logo":{"@type":"ImageObject","inLanguage":"es","@id":"https:\/\/www.q8oils.com\/es\/#\/schema\/logo\/image\/","url":"https:\/\/www.q8oils.com\/wp-content\/uploads\/2020\/04\/q8oils-logo.png","contentUrl":"https:\/\/www.q8oils.com\/wp-content\/uploads\/2020\/04\/q8oils-logo.png","width":475,"height":100,"caption":"Q8Oils"},"image":{"@id":"https:\/\/www.q8oils.com\/es\/#\/schema\/logo\/image\/"},"sameAs":["https:\/\/www.linkedin.com\/Q8Oils"]}]}},"_links":{"self":[{"href":"https:\/\/www.q8oils.com\/es\/wp-json\/wp\/v2\/pages\/502814"}],"collection":[{"href":"https:\/\/www.q8oils.com\/es\/wp-json\/wp\/v2\/pages"}],"about":[{"href":"https:\/\/www.q8oils.com\/es\/wp-json\/wp\/v2\/types\/page"}],"author":[{"embeddable":true,"href":"https:\/\/www.q8oils.com\/es\/wp-json\/wp\/v2\/users\/2"}],"replies":[{"embeddable":true,"href":"https:\/\/www.q8oils.com\/es\/wp-json\/wp\/v2\/comments?post=502814"}],"version-history":[{"count":6,"href":"https:\/\/www.q8oils.com\/es\/wp-json\/wp\/v2\/pages\/502814\/revisions"}],"predecessor-version":[{"id":688912,"href":"https:\/\/www.q8oils.com\/es\/wp-json\/wp\/v2\/pages\/502814\/revisions\/688912"}],"wp:attachment":[{"href":"https:\/\/www.q8oils.com\/es\/wp-json\/wp\/v2\/media?parent=502814"}],"curies":[{"name":"wp","href":"https:\/\/api.w.org\/{rel}","templated":true}]}}