
 

{"id":502818,"date":"2020-05-31T14:47:57","date_gmt":"2020-05-31T14:47:57","guid":{"rendered":"https:\/\/www.q8oils.com\/energia\/compressor-oils\/"},"modified":"2020-11-27T14:12:18","modified_gmt":"2020-11-27T14:12:18","slug":"lubricantes-para-compresores","status":"publish","type":"page","link":"https:\/\/www.q8oils.com\/es\/energia\/lubricantes-para-compresores\/","title":{"rendered":"Lubricantes para compresores"},"content":{"rendered":"","protected":false},"excerpt":{"rendered":"<p>Nuestra gama de aceites para compresores con tecnolog\u00eda mejorada ha sido desarrollada especialmente para mejorar el rendimiento de los compresores de gas, aire y refrigeraci\u00f3n. Q8Oils ofrece una soluci\u00f3n completa de lubricantes, abarcando desde minerales hasta totalmente sint\u00e9ticos, que cumplen y superan los est\u00e1ndares de la industria.<\/p>\n","protected":false},"author":2,"featured_media":500374,"parent":502814,"menu_order":0,"comment_status":"closed","ping_status":"closed","template":"page-templates\/minor.php","meta":{"_acf_changed":false,"footnotes":""},"class_list":["post-502818","page","type-page","status-publish","has-post-thumbnail","hentry","major-energy-es"],"acf":[],"yoast_head":"<!-- This site is optimized with the Yoast SEO plugin v23.5 - https:\/\/yoast.com\/wordpress\/plugins\/seo\/ -->\n<title>Lubricantes para compresores - Q8Oils<\/title>\n<meta name=\"description\" content=\"Nuestra gama de aceites para compresores con tecnolog\u00eda mejorada ha sido desarrollada especialmente para mejorar el rendimiento de los compresores de gas, aire y refrigeraci\u00f3n. Q8Oils ofrece una soluci\u00f3n completa de lubricantes, abarcando desde minerales hasta totalmente sint\u00e9ticos, que cumplen y superan los est\u00e1ndares de la industria.\" \/>\n<meta name=\"robots\" content=\"index, follow, max-snippet:-1, max-image-preview:large, max-video-preview:-1\" \/>\n<link rel=\"canonical\" href=\"https:\/\/www.q8oils.com\/es\/energia\/lubricantes-para-compresores\/\" \/>\n<meta property=\"og:locale\" content=\"es_ES\" \/>\n<meta property=\"og:type\" content=\"article\" \/>\n<meta property=\"og:title\" content=\"Lubricantes para compresores - Q8Oils\" \/>\n<meta property=\"og:description\" content=\"Nuestra gama de aceites para compresores con tecnolog\u00eda mejorada ha sido desarrollada especialmente para mejorar el rendimiento de los compresores de gas, aire y refrigeraci\u00f3n. Q8Oils ofrece una soluci\u00f3n completa de lubricantes, abarcando desde minerales hasta totalmente sint\u00e9ticos, que cumplen y superan los est\u00e1ndares de la industria.\" \/>\n<meta property=\"og:url\" content=\"https:\/\/www.q8oils.com\/es\/energia\/lubricantes-para-compresores\/\" \/>\n<meta property=\"og:site_name\" content=\"Q8Oils\" \/>\n<meta property=\"article:modified_time\" content=\"2020-11-27T14:12:18+00:00\" \/>\n<meta property=\"og:image\" content=\"https:\/\/www.q8oils.com\/wp-content\/uploads\/2020\/05\/25182_Compressor-Oil.png\" \/>\n\t<meta property=\"og:image:width\" content=\"200\" \/>\n\t<meta property=\"og:image:height\" content=\"225\" \/>\n\t<meta property=\"og:image:type\" content=\"image\/png\" \/>\n<meta name=\"twitter:card\" content=\"summary_large_image\" \/>\n<script type=\"application\/ld+json\" class=\"yoast-schema-graph\">{\"@context\":\"https:\/\/schema.org\",\"@graph\":[{\"@type\":\"WebPage\",\"@id\":\"https:\/\/www.q8oils.com\/es\/energia\/lubricantes-para-compresores\/\",\"url\":\"https:\/\/www.q8oils.com\/es\/energia\/lubricantes-para-compresores\/\",\"name\":\"Lubricantes para compresores - Q8Oils\",\"isPartOf\":{\"@id\":\"https:\/\/www.q8oils.com\/es\/#website\"},\"primaryImageOfPage\":{\"@id\":\"https:\/\/www.q8oils.com\/es\/energia\/lubricantes-para-compresores\/#primaryimage\"},\"image\":{\"@id\":\"https:\/\/www.q8oils.com\/es\/energia\/lubricantes-para-compresores\/#primaryimage\"},\"thumbnailUrl\":\"https:\/\/www.q8oils.com\/wp-content\/uploads\/2020\/05\/25182_Compressor-Oil.png\",\"datePublished\":\"2020-05-31T14:47:57+00:00\",\"dateModified\":\"2020-11-27T14:12:18+00:00\",\"description\":\"Nuestra gama de aceites para compresores con tecnolog\u00eda mejorada ha sido desarrollada especialmente para mejorar el rendimiento de los compresores de gas, aire y refrigeraci\u00f3n. Q8Oils ofrece una soluci\u00f3n completa de lubricantes, abarcando desde minerales hasta totalmente sint\u00e9ticos, que cumplen y superan los est\u00e1ndares de la industria.\",\"breadcrumb\":{\"@id\":\"https:\/\/www.q8oils.com\/es\/energia\/lubricantes-para-compresores\/#breadcrumb\"},\"inLanguage\":\"es\",\"potentialAction\":[{\"@type\":\"ReadAction\",\"target\":[\"https:\/\/www.q8oils.com\/es\/energia\/lubricantes-para-compresores\/\"]}]},{\"@type\":\"ImageObject\",\"inLanguage\":\"es\",\"@id\":\"https:\/\/www.q8oils.com\/es\/energia\/lubricantes-para-compresores\/#primaryimage\",\"url\":\"https:\/\/www.q8oils.com\/wp-content\/uploads\/2020\/05\/25182_Compressor-Oil.png\",\"contentUrl\":\"https:\/\/www.q8oils.com\/wp-content\/uploads\/2020\/05\/25182_Compressor-Oil.png\",\"width\":200,\"height\":225,\"caption\":\"Compressor oil icon -Q8Oils\"},{\"@type\":\"BreadcrumbList\",\"@id\":\"https:\/\/www.q8oils.com\/es\/energia\/lubricantes-para-compresores\/#breadcrumb\",\"itemListElement\":[{\"@type\":\"ListItem\",\"position\":1,\"name\":\"Home\",\"item\":\"https:\/\/www.q8oils.com\/es\/\"},{\"@type\":\"ListItem\",\"position\":2,\"name\":\"Energ\u00eda\",\"item\":\"https:\/\/www.q8oils.com\/es\/energia\/\"},{\"@type\":\"ListItem\",\"position\":3,\"name\":\"Lubricantes para compresores\"}]},{\"@type\":\"WebSite\",\"@id\":\"https:\/\/www.q8oils.com\/es\/#website\",\"url\":\"https:\/\/www.q8oils.com\/es\/\",\"name\":\"Q8Oils\",\"description\":\"Global, partnership, lubricants, solutions\",\"publisher\":{\"@id\":\"https:\/\/www.q8oils.com\/es\/#organization\"},\"potentialAction\":[{\"@type\":\"SearchAction\",\"target\":{\"@type\":\"EntryPoint\",\"urlTemplate\":\"https:\/\/www.q8oils.com\/es\/?s={search_term_string}\"},\"query-input\":{\"@type\":\"PropertyValueSpecification\",\"valueRequired\":true,\"valueName\":\"search_term_string\"}}],\"inLanguage\":\"es\"},{\"@type\":\"Organization\",\"@id\":\"https:\/\/www.q8oils.com\/es\/#organization\",\"name\":\"Q8Oils\",\"url\":\"https:\/\/www.q8oils.com\/es\/\",\"logo\":{\"@type\":\"ImageObject\",\"inLanguage\":\"es\",\"@id\":\"https:\/\/www.q8oils.com\/es\/#\/schema\/logo\/image\/\",\"url\":\"https:\/\/www.q8oils.com\/wp-content\/uploads\/2020\/04\/q8oils-logo.png\",\"contentUrl\":\"https:\/\/www.q8oils.com\/wp-content\/uploads\/2020\/04\/q8oils-logo.png\",\"width\":475,\"height\":100,\"caption\":\"Q8Oils\"},\"image\":{\"@id\":\"https:\/\/www.q8oils.com\/es\/#\/schema\/logo\/image\/\"},\"sameAs\":[\"https:\/\/www.linkedin.com\/Q8Oils\"]}]}<\/script>\n<!-- \/ Yoast SEO plugin. -->","yoast_head_json":{"title":"Lubricantes para compresores - Q8Oils","description":"Nuestra gama de aceites para compresores con tecnolog\u00eda mejorada ha sido desarrollada especialmente para mejorar el rendimiento de los compresores de gas, aire y refrigeraci\u00f3n. Q8Oils ofrece una soluci\u00f3n completa de lubricantes, abarcando desde minerales hasta totalmente sint\u00e9ticos, que cumplen y superan los est\u00e1ndares de la industria.","robots":{"index":"index","follow":"follow","max-snippet":"max-snippet:-1","max-image-preview":"max-image-preview:large","max-video-preview":"max-video-preview:-1"},"canonical":"https:\/\/www.q8oils.com\/es\/energia\/lubricantes-para-compresores\/","og_locale":"es_ES","og_type":"article","og_title":"Lubricantes para compresores - Q8Oils","og_description":"Nuestra gama de aceites para compresores con tecnolog\u00eda mejorada ha sido desarrollada especialmente para mejorar el rendimiento de los compresores de gas, aire y refrigeraci\u00f3n. Q8Oils ofrece una soluci\u00f3n completa de lubricantes, abarcando desde minerales hasta totalmente sint\u00e9ticos, que cumplen y superan los est\u00e1ndares de la industria.","og_url":"https:\/\/www.q8oils.com\/es\/energia\/lubricantes-para-compresores\/","og_site_name":"Q8Oils","article_modified_time":"2020-11-27T14:12:18+00:00","og_image":[{"width":200,"height":225,"url":"https:\/\/www.q8oils.com\/wp-content\/uploads\/2020\/05\/25182_Compressor-Oil.png","type":"image\/png"}],"twitter_card":"summary_large_image","schema":{"@context":"https:\/\/schema.org","@graph":[{"@type":"WebPage","@id":"https:\/\/www.q8oils.com\/es\/energia\/lubricantes-para-compresores\/","url":"https:\/\/www.q8oils.com\/es\/energia\/lubricantes-para-compresores\/","name":"Lubricantes para compresores - Q8Oils","isPartOf":{"@id":"https:\/\/www.q8oils.com\/es\/#website"},"primaryImageOfPage":{"@id":"https:\/\/www.q8oils.com\/es\/energia\/lubricantes-para-compresores\/#primaryimage"},"image":{"@id":"https:\/\/www.q8oils.com\/es\/energia\/lubricantes-para-compresores\/#primaryimage"},"thumbnailUrl":"https:\/\/www.q8oils.com\/wp-content\/uploads\/2020\/05\/25182_Compressor-Oil.png","datePublished":"2020-05-31T14:47:57+00:00","dateModified":"2020-11-27T14:12:18+00:00","description":"Nuestra gama de aceites para compresores con tecnolog\u00eda mejorada ha sido desarrollada especialmente para mejorar el rendimiento de los compresores de gas, aire y refrigeraci\u00f3n. Q8Oils ofrece una soluci\u00f3n completa de lubricantes, abarcando desde minerales hasta totalmente sint\u00e9ticos, que cumplen y superan los est\u00e1ndares de la industria.","breadcrumb":{"@id":"https:\/\/www.q8oils.com\/es\/energia\/lubricantes-para-compresores\/#breadcrumb"},"inLanguage":"es","potentialAction":[{"@type":"ReadAction","target":["https:\/\/www.q8oils.com\/es\/energia\/lubricantes-para-compresores\/"]}]},{"@type":"ImageObject","inLanguage":"es","@id":"https:\/\/www.q8oils.com\/es\/energia\/lubricantes-para-compresores\/#primaryimage","url":"https:\/\/www.q8oils.com\/wp-content\/uploads\/2020\/05\/25182_Compressor-Oil.png","contentUrl":"https:\/\/www.q8oils.com\/wp-content\/uploads\/2020\/05\/25182_Compressor-Oil.png","width":200,"height":225,"caption":"Compressor oil icon -Q8Oils"},{"@type":"BreadcrumbList","@id":"https:\/\/www.q8oils.com\/es\/energia\/lubricantes-para-compresores\/#breadcrumb","itemListElement":[{"@type":"ListItem","position":1,"name":"Home","item":"https:\/\/www.q8oils.com\/es\/"},{"@type":"ListItem","position":2,"name":"Energ\u00eda","item":"https:\/\/www.q8oils.com\/es\/energia\/"},{"@type":"ListItem","position":3,"name":"Lubricantes para compresores"}]},{"@type":"WebSite","@id":"https:\/\/www.q8oils.com\/es\/#website","url":"https:\/\/www.q8oils.com\/es\/","name":"Q8Oils","description":"Global, partnership, lubricants, solutions","publisher":{"@id":"https:\/\/www.q8oils.com\/es\/#organization"},"potentialAction":[{"@type":"SearchAction","target":{"@type":"EntryPoint","urlTemplate":"https:\/\/www.q8oils.com\/es\/?s={search_term_string}"},"query-input":{"@type":"PropertyValueSpecification","valueRequired":true,"valueName":"search_term_string"}}],"inLanguage":"es"},{"@type":"Organization","@id":"https:\/\/www.q8oils.com\/es\/#organization","name":"Q8Oils","url":"https:\/\/www.q8oils.com\/es\/","logo":{"@type":"ImageObject","inLanguage":"es","@id":"https:\/\/www.q8oils.com\/es\/#\/schema\/logo\/image\/","url":"https:\/\/www.q8oils.com\/wp-content\/uploads\/2020\/04\/q8oils-logo.png","contentUrl":"https:\/\/www.q8oils.com\/wp-content\/uploads\/2020\/04\/q8oils-logo.png","width":475,"height":100,"caption":"Q8Oils"},"image":{"@id":"https:\/\/www.q8oils.com\/es\/#\/schema\/logo\/image\/"},"sameAs":["https:\/\/www.linkedin.com\/Q8Oils"]}]}},"_links":{"self":[{"href":"https:\/\/www.q8oils.com\/es\/wp-json\/wp\/v2\/pages\/502818"}],"collection":[{"href":"https:\/\/www.q8oils.com\/es\/wp-json\/wp\/v2\/pages"}],"about":[{"href":"https:\/\/www.q8oils.com\/es\/wp-json\/wp\/v2\/types\/page"}],"author":[{"embeddable":true,"href":"https:\/\/www.q8oils.com\/es\/wp-json\/wp\/v2\/users\/2"}],"replies":[{"embeddable":true,"href":"https:\/\/www.q8oils.com\/es\/wp-json\/wp\/v2\/comments?post=502818"}],"version-history":[{"count":4,"href":"https:\/\/www.q8oils.com\/es\/wp-json\/wp\/v2\/pages\/502818\/revisions"}],"predecessor-version":[{"id":641766,"href":"https:\/\/www.q8oils.com\/es\/wp-json\/wp\/v2\/pages\/502818\/revisions\/641766"}],"up":[{"embeddable":true,"href":"https:\/\/www.q8oils.com\/es\/wp-json\/wp\/v2\/pages\/502814"}],"wp:featuredmedia":[{"embeddable":true,"href":"https:\/\/www.q8oils.com\/es\/wp-json\/wp\/v2\/media\/500374"}],"wp:attachment":[{"href":"https:\/\/www.q8oils.com\/es\/wp-json\/wp\/v2\/media?parent=502818"}],"curies":[{"name":"wp","href":"https:\/\/api.w.org\/{rel}","templated":true}]}}