
 

{"id":502828,"date":"2020-05-21T09:46:07","date_gmt":"2020-05-21T09:46:07","guid":{"rendered":"https:\/\/www.q8oils.com\/energia\/gas-engine-oils\/"},"modified":"2021-02-27T12:53:45","modified_gmt":"2021-02-27T12:53:45","slug":"lubricantes-para-motores-a-gas","status":"publish","type":"page","link":"https:\/\/www.q8oils.com\/es\/energia\/lubricantes-para-motores-a-gas\/","title":{"rendered":"Lubricantes para motores a gas"},"content":{"rendered":"","protected":false},"excerpt":{"rendered":"<p>Los motores de gas estacionarios actuales est\u00e1n sometidos a condiciones extremas de operaci\u00f3n. Esto requiere lubricantes avanzados con una excelente estabilidad frente a la oxidaci\u00f3n y bajos sedimentos de cenizas. Nuestra gama Q8 Mahler ofrece la mejor soluci\u00f3n para mantener limpio su motor y reducir los costes de operaci\u00f3n.<\/p>\n","protected":false},"author":2,"featured_media":500367,"parent":502814,"menu_order":0,"comment_status":"closed","ping_status":"closed","template":"page-templates\/minor.php","meta":{"_acf_changed":false,"footnotes":""},"class_list":["post-502828","page","type-page","status-publish","has-post-thumbnail","hentry","major-energy-es"],"acf":[],"yoast_head":"<!-- This site is optimized with the Yoast SEO plugin v23.5 - https:\/\/yoast.com\/wordpress\/plugins\/seo\/ -->\n<title>Lubricantes para motores a gas - Q8Oils<\/title>\n<meta name=\"description\" content=\"Los motores de gas estacionarios actuales est\u00e1n sometidos a condiciones extremas de operaci\u00f3n. Esto requiere lubricantes avanzados con una excelente estabilidad frente a la oxidaci\u00f3n y bajos sedimentos de cenizas. Nuestra gama Q8 Mahler ofrece la mejor soluci\u00f3n para mantener limpio su motor y reducir los costes de operaci\u00f3n.\" \/>\n<meta name=\"robots\" content=\"index, follow, max-snippet:-1, max-image-preview:large, max-video-preview:-1\" \/>\n<link rel=\"canonical\" href=\"https:\/\/www.q8oils.com\/es\/energia\/lubricantes-para-motores-a-gas\/\" \/>\n<meta property=\"og:locale\" content=\"es_ES\" \/>\n<meta property=\"og:type\" content=\"article\" \/>\n<meta property=\"og:title\" content=\"Lubricantes para motores a gas - Q8Oils\" \/>\n<meta property=\"og:description\" content=\"Los motores de gas estacionarios actuales est\u00e1n sometidos a condiciones extremas de operaci\u00f3n. Esto requiere lubricantes avanzados con una excelente estabilidad frente a la oxidaci\u00f3n y bajos sedimentos de cenizas. Nuestra gama Q8 Mahler ofrece la mejor soluci\u00f3n para mantener limpio su motor y reducir los costes de operaci\u00f3n.\" \/>\n<meta property=\"og:url\" content=\"https:\/\/www.q8oils.com\/es\/energia\/lubricantes-para-motores-a-gas\/\" \/>\n<meta property=\"og:site_name\" content=\"Q8Oils\" \/>\n<meta property=\"article:modified_time\" content=\"2021-02-27T12:53:45+00:00\" \/>\n<meta property=\"og:image\" content=\"https:\/\/www.q8oils.com\/wp-content\/uploads\/2020\/05\/25181_Gas-Engine-Oil.png\" \/>\n\t<meta property=\"og:image:width\" content=\"201\" \/>\n\t<meta property=\"og:image:height\" content=\"225\" \/>\n\t<meta property=\"og:image:type\" content=\"image\/png\" \/>\n<meta name=\"twitter:card\" content=\"summary_large_image\" \/>\n<script type=\"application\/ld+json\" class=\"yoast-schema-graph\">{\"@context\":\"https:\/\/schema.org\",\"@graph\":[{\"@type\":\"WebPage\",\"@id\":\"https:\/\/www.q8oils.com\/es\/energia\/lubricantes-para-motores-a-gas\/\",\"url\":\"https:\/\/www.q8oils.com\/es\/energia\/lubricantes-para-motores-a-gas\/\",\"name\":\"Lubricantes para motores a gas - Q8Oils\",\"isPartOf\":{\"@id\":\"https:\/\/www.q8oils.com\/es\/#website\"},\"primaryImageOfPage\":{\"@id\":\"https:\/\/www.q8oils.com\/es\/energia\/lubricantes-para-motores-a-gas\/#primaryimage\"},\"image\":{\"@id\":\"https:\/\/www.q8oils.com\/es\/energia\/lubricantes-para-motores-a-gas\/#primaryimage\"},\"thumbnailUrl\":\"https:\/\/www.q8oils.com\/wp-content\/uploads\/2020\/05\/25181_Gas-Engine-Oil.png\",\"datePublished\":\"2020-05-21T09:46:07+00:00\",\"dateModified\":\"2021-02-27T12:53:45+00:00\",\"description\":\"Los motores de gas estacionarios actuales est\u00e1n sometidos a condiciones extremas de operaci\u00f3n. Esto requiere lubricantes avanzados con una excelente estabilidad frente a la oxidaci\u00f3n y bajos sedimentos de cenizas. Nuestra gama Q8 Mahler ofrece la mejor soluci\u00f3n para mantener limpio su motor y reducir los costes de operaci\u00f3n.\",\"breadcrumb\":{\"@id\":\"https:\/\/www.q8oils.com\/es\/energia\/lubricantes-para-motores-a-gas\/#breadcrumb\"},\"inLanguage\":\"es\",\"potentialAction\":[{\"@type\":\"ReadAction\",\"target\":[\"https:\/\/www.q8oils.com\/es\/energia\/lubricantes-para-motores-a-gas\/\"]}]},{\"@type\":\"ImageObject\",\"inLanguage\":\"es\",\"@id\":\"https:\/\/www.q8oils.com\/es\/energia\/lubricantes-para-motores-a-gas\/#primaryimage\",\"url\":\"https:\/\/www.q8oils.com\/wp-content\/uploads\/2020\/05\/25181_Gas-Engine-Oil.png\",\"contentUrl\":\"https:\/\/www.q8oils.com\/wp-content\/uploads\/2020\/05\/25181_Gas-Engine-Oil.png\",\"width\":201,\"height\":225,\"caption\":\"Gas engine oils icon - Q8oils\"},{\"@type\":\"BreadcrumbList\",\"@id\":\"https:\/\/www.q8oils.com\/es\/energia\/lubricantes-para-motores-a-gas\/#breadcrumb\",\"itemListElement\":[{\"@type\":\"ListItem\",\"position\":1,\"name\":\"Home\",\"item\":\"https:\/\/www.q8oils.com\/es\/\"},{\"@type\":\"ListItem\",\"position\":2,\"name\":\"Energ\u00eda\",\"item\":\"https:\/\/www.q8oils.com\/es\/energia\/\"},{\"@type\":\"ListItem\",\"position\":3,\"name\":\"Lubricantes para motores a gas\"}]},{\"@type\":\"WebSite\",\"@id\":\"https:\/\/www.q8oils.com\/es\/#website\",\"url\":\"https:\/\/www.q8oils.com\/es\/\",\"name\":\"Q8Oils\",\"description\":\"Global, partnership, lubricants, solutions\",\"publisher\":{\"@id\":\"https:\/\/www.q8oils.com\/es\/#organization\"},\"potentialAction\":[{\"@type\":\"SearchAction\",\"target\":{\"@type\":\"EntryPoint\",\"urlTemplate\":\"https:\/\/www.q8oils.com\/es\/?s={search_term_string}\"},\"query-input\":{\"@type\":\"PropertyValueSpecification\",\"valueRequired\":true,\"valueName\":\"search_term_string\"}}],\"inLanguage\":\"es\"},{\"@type\":\"Organization\",\"@id\":\"https:\/\/www.q8oils.com\/es\/#organization\",\"name\":\"Q8Oils\",\"url\":\"https:\/\/www.q8oils.com\/es\/\",\"logo\":{\"@type\":\"ImageObject\",\"inLanguage\":\"es\",\"@id\":\"https:\/\/www.q8oils.com\/es\/#\/schema\/logo\/image\/\",\"url\":\"https:\/\/www.q8oils.com\/wp-content\/uploads\/2020\/04\/q8oils-logo.png\",\"contentUrl\":\"https:\/\/www.q8oils.com\/wp-content\/uploads\/2020\/04\/q8oils-logo.png\",\"width\":475,\"height\":100,\"caption\":\"Q8Oils\"},\"image\":{\"@id\":\"https:\/\/www.q8oils.com\/es\/#\/schema\/logo\/image\/\"},\"sameAs\":[\"https:\/\/www.linkedin.com\/Q8Oils\"]}]}<\/script>\n<!-- \/ Yoast SEO plugin. -->","yoast_head_json":{"title":"Lubricantes para motores a gas - Q8Oils","description":"Los motores de gas estacionarios actuales est\u00e1n sometidos a condiciones extremas de operaci\u00f3n. Esto requiere lubricantes avanzados con una excelente estabilidad frente a la oxidaci\u00f3n y bajos sedimentos de cenizas. Nuestra gama Q8 Mahler ofrece la mejor soluci\u00f3n para mantener limpio su motor y reducir los costes de operaci\u00f3n.","robots":{"index":"index","follow":"follow","max-snippet":"max-snippet:-1","max-image-preview":"max-image-preview:large","max-video-preview":"max-video-preview:-1"},"canonical":"https:\/\/www.q8oils.com\/es\/energia\/lubricantes-para-motores-a-gas\/","og_locale":"es_ES","og_type":"article","og_title":"Lubricantes para motores a gas - Q8Oils","og_description":"Los motores de gas estacionarios actuales est\u00e1n sometidos a condiciones extremas de operaci\u00f3n. Esto requiere lubricantes avanzados con una excelente estabilidad frente a la oxidaci\u00f3n y bajos sedimentos de cenizas. Nuestra gama Q8 Mahler ofrece la mejor soluci\u00f3n para mantener limpio su motor y reducir los costes de operaci\u00f3n.","og_url":"https:\/\/www.q8oils.com\/es\/energia\/lubricantes-para-motores-a-gas\/","og_site_name":"Q8Oils","article_modified_time":"2021-02-27T12:53:45+00:00","og_image":[{"width":201,"height":225,"url":"https:\/\/www.q8oils.com\/wp-content\/uploads\/2020\/05\/25181_Gas-Engine-Oil.png","type":"image\/png"}],"twitter_card":"summary_large_image","schema":{"@context":"https:\/\/schema.org","@graph":[{"@type":"WebPage","@id":"https:\/\/www.q8oils.com\/es\/energia\/lubricantes-para-motores-a-gas\/","url":"https:\/\/www.q8oils.com\/es\/energia\/lubricantes-para-motores-a-gas\/","name":"Lubricantes para motores a gas - Q8Oils","isPartOf":{"@id":"https:\/\/www.q8oils.com\/es\/#website"},"primaryImageOfPage":{"@id":"https:\/\/www.q8oils.com\/es\/energia\/lubricantes-para-motores-a-gas\/#primaryimage"},"image":{"@id":"https:\/\/www.q8oils.com\/es\/energia\/lubricantes-para-motores-a-gas\/#primaryimage"},"thumbnailUrl":"https:\/\/www.q8oils.com\/wp-content\/uploads\/2020\/05\/25181_Gas-Engine-Oil.png","datePublished":"2020-05-21T09:46:07+00:00","dateModified":"2021-02-27T12:53:45+00:00","description":"Los motores de gas estacionarios actuales est\u00e1n sometidos a condiciones extremas de operaci\u00f3n. Esto requiere lubricantes avanzados con una excelente estabilidad frente a la oxidaci\u00f3n y bajos sedimentos de cenizas. Nuestra gama Q8 Mahler ofrece la mejor soluci\u00f3n para mantener limpio su motor y reducir los costes de operaci\u00f3n.","breadcrumb":{"@id":"https:\/\/www.q8oils.com\/es\/energia\/lubricantes-para-motores-a-gas\/#breadcrumb"},"inLanguage":"es","potentialAction":[{"@type":"ReadAction","target":["https:\/\/www.q8oils.com\/es\/energia\/lubricantes-para-motores-a-gas\/"]}]},{"@type":"ImageObject","inLanguage":"es","@id":"https:\/\/www.q8oils.com\/es\/energia\/lubricantes-para-motores-a-gas\/#primaryimage","url":"https:\/\/www.q8oils.com\/wp-content\/uploads\/2020\/05\/25181_Gas-Engine-Oil.png","contentUrl":"https:\/\/www.q8oils.com\/wp-content\/uploads\/2020\/05\/25181_Gas-Engine-Oil.png","width":201,"height":225,"caption":"Gas engine oils icon - Q8oils"},{"@type":"BreadcrumbList","@id":"https:\/\/www.q8oils.com\/es\/energia\/lubricantes-para-motores-a-gas\/#breadcrumb","itemListElement":[{"@type":"ListItem","position":1,"name":"Home","item":"https:\/\/www.q8oils.com\/es\/"},{"@type":"ListItem","position":2,"name":"Energ\u00eda","item":"https:\/\/www.q8oils.com\/es\/energia\/"},{"@type":"ListItem","position":3,"name":"Lubricantes para motores a gas"}]},{"@type":"WebSite","@id":"https:\/\/www.q8oils.com\/es\/#website","url":"https:\/\/www.q8oils.com\/es\/","name":"Q8Oils","description":"Global, partnership, lubricants, solutions","publisher":{"@id":"https:\/\/www.q8oils.com\/es\/#organization"},"potentialAction":[{"@type":"SearchAction","target":{"@type":"EntryPoint","urlTemplate":"https:\/\/www.q8oils.com\/es\/?s={search_term_string}"},"query-input":{"@type":"PropertyValueSpecification","valueRequired":true,"valueName":"search_term_string"}}],"inLanguage":"es"},{"@type":"Organization","@id":"https:\/\/www.q8oils.com\/es\/#organization","name":"Q8Oils","url":"https:\/\/www.q8oils.com\/es\/","logo":{"@type":"ImageObject","inLanguage":"es","@id":"https:\/\/www.q8oils.com\/es\/#\/schema\/logo\/image\/","url":"https:\/\/www.q8oils.com\/wp-content\/uploads\/2020\/04\/q8oils-logo.png","contentUrl":"https:\/\/www.q8oils.com\/wp-content\/uploads\/2020\/04\/q8oils-logo.png","width":475,"height":100,"caption":"Q8Oils"},"image":{"@id":"https:\/\/www.q8oils.com\/es\/#\/schema\/logo\/image\/"},"sameAs":["https:\/\/www.linkedin.com\/Q8Oils"]}]}},"_links":{"self":[{"href":"https:\/\/www.q8oils.com\/es\/wp-json\/wp\/v2\/pages\/502828"}],"collection":[{"href":"https:\/\/www.q8oils.com\/es\/wp-json\/wp\/v2\/pages"}],"about":[{"href":"https:\/\/www.q8oils.com\/es\/wp-json\/wp\/v2\/types\/page"}],"author":[{"embeddable":true,"href":"https:\/\/www.q8oils.com\/es\/wp-json\/wp\/v2\/users\/2"}],"replies":[{"embeddable":true,"href":"https:\/\/www.q8oils.com\/es\/wp-json\/wp\/v2\/comments?post=502828"}],"version-history":[{"count":7,"href":"https:\/\/www.q8oils.com\/es\/wp-json\/wp\/v2\/pages\/502828\/revisions"}],"predecessor-version":[{"id":688918,"href":"https:\/\/www.q8oils.com\/es\/wp-json\/wp\/v2\/pages\/502828\/revisions\/688918"}],"up":[{"embeddable":true,"href":"https:\/\/www.q8oils.com\/es\/wp-json\/wp\/v2\/pages\/502814"}],"wp:featuredmedia":[{"embeddable":true,"href":"https:\/\/www.q8oils.com\/es\/wp-json\/wp\/v2\/media\/500367"}],"wp:attachment":[{"href":"https:\/\/www.q8oils.com\/es\/wp-json\/wp\/v2\/media?parent=502828"}],"curies":[{"name":"wp","href":"https:\/\/api.w.org\/{rel}","templated":true}]}}