
 

{"id":502861,"date":"2020-05-31T15:24:14","date_gmt":"2020-05-31T15:24:14","guid":{"rendered":"https:\/\/www.q8oils.com\/energia\/turbine-oils\/"},"modified":"2020-11-27T14:08:59","modified_gmt":"2020-11-27T14:08:59","slug":"lubricantes-para-turbinas","status":"publish","type":"page","link":"https:\/\/www.q8oils.com\/es\/energia\/lubricantes-para-turbinas\/","title":{"rendered":"Lubricantes para turbinas"},"content":{"rendered":"","protected":false},"excerpt":{"rendered":"<p>Las altas temperaturas de operaci\u00f3n en grandes sistemas de circulaci\u00f3n en turbinas de gas son la causa principal de los fallos prematuros del aceite de turbinas por culpa de la oxidaci\u00f3n. Nuestras gamas Q8 Volta y Q8 van Gogh para turbinas de gas, vapor e hidr\u00e1ulicas ofrecen una excelente estabilidad frente a la oxidaci\u00f3n, para garantizar una operaci\u00f3n fiable.<\/p>\n","protected":false},"author":2,"featured_media":500381,"parent":502814,"menu_order":0,"comment_status":"closed","ping_status":"closed","template":"page-templates\/minor.php","meta":{"_acf_changed":false,"footnotes":""},"class_list":["post-502861","page","type-page","status-publish","has-post-thumbnail","hentry","major-energy-es"],"acf":[],"yoast_head":"<!-- This site is optimized with the Yoast SEO plugin v23.5 - https:\/\/yoast.com\/wordpress\/plugins\/seo\/ -->\n<title>Lubricantes para turbinas - Q8Oils<\/title>\n<meta name=\"description\" content=\"Las altas temperaturas de operaci\u00f3n en grandes sistemas de circulaci\u00f3n en turbinas de gas son la causa principal de los fallos prematuros del aceite de turbinas por culpa de la oxidaci\u00f3n. Nuestras gamas Q8 Volta y Q8 van Gogh para turbinas de gas, vapor e hidr\u00e1ulicas ofrecen una excelente estabilidad frente a la oxidaci\u00f3n, para garantizar una operaci\u00f3n fiable.\" \/>\n<meta name=\"robots\" content=\"index, follow, max-snippet:-1, max-image-preview:large, max-video-preview:-1\" \/>\n<link rel=\"canonical\" href=\"https:\/\/www.q8oils.com\/es\/energia\/lubricantes-para-turbinas\/\" \/>\n<meta property=\"og:locale\" content=\"es_ES\" \/>\n<meta property=\"og:type\" content=\"article\" \/>\n<meta property=\"og:title\" content=\"Lubricantes para turbinas - Q8Oils\" \/>\n<meta property=\"og:description\" content=\"Las altas temperaturas de operaci\u00f3n en grandes sistemas de circulaci\u00f3n en turbinas de gas son la causa principal de los fallos prematuros del aceite de turbinas por culpa de la oxidaci\u00f3n. Nuestras gamas Q8 Volta y Q8 van Gogh para turbinas de gas, vapor e hidr\u00e1ulicas ofrecen una excelente estabilidad frente a la oxidaci\u00f3n, para garantizar una operaci\u00f3n fiable.\" \/>\n<meta property=\"og:url\" content=\"https:\/\/www.q8oils.com\/es\/energia\/lubricantes-para-turbinas\/\" \/>\n<meta property=\"og:site_name\" content=\"Q8Oils\" \/>\n<meta property=\"article:modified_time\" content=\"2020-11-27T14:08:59+00:00\" \/>\n<meta property=\"og:image\" content=\"https:\/\/www.q8oils.com\/wp-content\/uploads\/2020\/05\/25183_Turbine-Oil.png\" \/>\n\t<meta property=\"og:image:width\" content=\"200\" \/>\n\t<meta property=\"og:image:height\" content=\"225\" \/>\n\t<meta property=\"og:image:type\" content=\"image\/png\" \/>\n<meta name=\"twitter:card\" content=\"summary_large_image\" \/>\n<script type=\"application\/ld+json\" class=\"yoast-schema-graph\">{\"@context\":\"https:\/\/schema.org\",\"@graph\":[{\"@type\":\"WebPage\",\"@id\":\"https:\/\/www.q8oils.com\/es\/energia\/lubricantes-para-turbinas\/\",\"url\":\"https:\/\/www.q8oils.com\/es\/energia\/lubricantes-para-turbinas\/\",\"name\":\"Lubricantes para turbinas - Q8Oils\",\"isPartOf\":{\"@id\":\"https:\/\/www.q8oils.com\/es\/#website\"},\"primaryImageOfPage\":{\"@id\":\"https:\/\/www.q8oils.com\/es\/energia\/lubricantes-para-turbinas\/#primaryimage\"},\"image\":{\"@id\":\"https:\/\/www.q8oils.com\/es\/energia\/lubricantes-para-turbinas\/#primaryimage\"},\"thumbnailUrl\":\"https:\/\/www.q8oils.com\/wp-content\/uploads\/2020\/05\/25183_Turbine-Oil.png\",\"datePublished\":\"2020-05-31T15:24:14+00:00\",\"dateModified\":\"2020-11-27T14:08:59+00:00\",\"description\":\"Las altas temperaturas de operaci\u00f3n en grandes sistemas de circulaci\u00f3n en turbinas de gas son la causa principal de los fallos prematuros del aceite de turbinas por culpa de la oxidaci\u00f3n. Nuestras gamas Q8 Volta y Q8 van Gogh para turbinas de gas, vapor e hidr\u00e1ulicas ofrecen una excelente estabilidad frente a la oxidaci\u00f3n, para garantizar una operaci\u00f3n fiable.\",\"breadcrumb\":{\"@id\":\"https:\/\/www.q8oils.com\/es\/energia\/lubricantes-para-turbinas\/#breadcrumb\"},\"inLanguage\":\"es\",\"potentialAction\":[{\"@type\":\"ReadAction\",\"target\":[\"https:\/\/www.q8oils.com\/es\/energia\/lubricantes-para-turbinas\/\"]}]},{\"@type\":\"ImageObject\",\"inLanguage\":\"es\",\"@id\":\"https:\/\/www.q8oils.com\/es\/energia\/lubricantes-para-turbinas\/#primaryimage\",\"url\":\"https:\/\/www.q8oils.com\/wp-content\/uploads\/2020\/05\/25183_Turbine-Oil.png\",\"contentUrl\":\"https:\/\/www.q8oils.com\/wp-content\/uploads\/2020\/05\/25183_Turbine-Oil.png\",\"width\":200,\"height\":225,\"caption\":\"Turbine Oils icon - Q8Oils\"},{\"@type\":\"BreadcrumbList\",\"@id\":\"https:\/\/www.q8oils.com\/es\/energia\/lubricantes-para-turbinas\/#breadcrumb\",\"itemListElement\":[{\"@type\":\"ListItem\",\"position\":1,\"name\":\"Home\",\"item\":\"https:\/\/www.q8oils.com\/es\/\"},{\"@type\":\"ListItem\",\"position\":2,\"name\":\"Energ\u00eda\",\"item\":\"https:\/\/www.q8oils.com\/es\/energia\/\"},{\"@type\":\"ListItem\",\"position\":3,\"name\":\"Lubricantes para turbinas\"}]},{\"@type\":\"WebSite\",\"@id\":\"https:\/\/www.q8oils.com\/es\/#website\",\"url\":\"https:\/\/www.q8oils.com\/es\/\",\"name\":\"Q8Oils\",\"description\":\"Global, partnership, lubricants, solutions\",\"publisher\":{\"@id\":\"https:\/\/www.q8oils.com\/es\/#organization\"},\"potentialAction\":[{\"@type\":\"SearchAction\",\"target\":{\"@type\":\"EntryPoint\",\"urlTemplate\":\"https:\/\/www.q8oils.com\/es\/?s={search_term_string}\"},\"query-input\":{\"@type\":\"PropertyValueSpecification\",\"valueRequired\":true,\"valueName\":\"search_term_string\"}}],\"inLanguage\":\"es\"},{\"@type\":\"Organization\",\"@id\":\"https:\/\/www.q8oils.com\/es\/#organization\",\"name\":\"Q8Oils\",\"url\":\"https:\/\/www.q8oils.com\/es\/\",\"logo\":{\"@type\":\"ImageObject\",\"inLanguage\":\"es\",\"@id\":\"https:\/\/www.q8oils.com\/es\/#\/schema\/logo\/image\/\",\"url\":\"https:\/\/www.q8oils.com\/wp-content\/uploads\/2020\/04\/q8oils-logo.png\",\"contentUrl\":\"https:\/\/www.q8oils.com\/wp-content\/uploads\/2020\/04\/q8oils-logo.png\",\"width\":475,\"height\":100,\"caption\":\"Q8Oils\"},\"image\":{\"@id\":\"https:\/\/www.q8oils.com\/es\/#\/schema\/logo\/image\/\"},\"sameAs\":[\"https:\/\/www.linkedin.com\/Q8Oils\"]}]}<\/script>\n<!-- \/ Yoast SEO plugin. -->","yoast_head_json":{"title":"Lubricantes para turbinas - Q8Oils","description":"Las altas temperaturas de operaci\u00f3n en grandes sistemas de circulaci\u00f3n en turbinas de gas son la causa principal de los fallos prematuros del aceite de turbinas por culpa de la oxidaci\u00f3n. Nuestras gamas Q8 Volta y Q8 van Gogh para turbinas de gas, vapor e hidr\u00e1ulicas ofrecen una excelente estabilidad frente a la oxidaci\u00f3n, para garantizar una operaci\u00f3n fiable.","robots":{"index":"index","follow":"follow","max-snippet":"max-snippet:-1","max-image-preview":"max-image-preview:large","max-video-preview":"max-video-preview:-1"},"canonical":"https:\/\/www.q8oils.com\/es\/energia\/lubricantes-para-turbinas\/","og_locale":"es_ES","og_type":"article","og_title":"Lubricantes para turbinas - Q8Oils","og_description":"Las altas temperaturas de operaci\u00f3n en grandes sistemas de circulaci\u00f3n en turbinas de gas son la causa principal de los fallos prematuros del aceite de turbinas por culpa de la oxidaci\u00f3n. Nuestras gamas Q8 Volta y Q8 van Gogh para turbinas de gas, vapor e hidr\u00e1ulicas ofrecen una excelente estabilidad frente a la oxidaci\u00f3n, para garantizar una operaci\u00f3n fiable.","og_url":"https:\/\/www.q8oils.com\/es\/energia\/lubricantes-para-turbinas\/","og_site_name":"Q8Oils","article_modified_time":"2020-11-27T14:08:59+00:00","og_image":[{"width":200,"height":225,"url":"https:\/\/www.q8oils.com\/wp-content\/uploads\/2020\/05\/25183_Turbine-Oil.png","type":"image\/png"}],"twitter_card":"summary_large_image","schema":{"@context":"https:\/\/schema.org","@graph":[{"@type":"WebPage","@id":"https:\/\/www.q8oils.com\/es\/energia\/lubricantes-para-turbinas\/","url":"https:\/\/www.q8oils.com\/es\/energia\/lubricantes-para-turbinas\/","name":"Lubricantes para turbinas - Q8Oils","isPartOf":{"@id":"https:\/\/www.q8oils.com\/es\/#website"},"primaryImageOfPage":{"@id":"https:\/\/www.q8oils.com\/es\/energia\/lubricantes-para-turbinas\/#primaryimage"},"image":{"@id":"https:\/\/www.q8oils.com\/es\/energia\/lubricantes-para-turbinas\/#primaryimage"},"thumbnailUrl":"https:\/\/www.q8oils.com\/wp-content\/uploads\/2020\/05\/25183_Turbine-Oil.png","datePublished":"2020-05-31T15:24:14+00:00","dateModified":"2020-11-27T14:08:59+00:00","description":"Las altas temperaturas de operaci\u00f3n en grandes sistemas de circulaci\u00f3n en turbinas de gas son la causa principal de los fallos prematuros del aceite de turbinas por culpa de la oxidaci\u00f3n. Nuestras gamas Q8 Volta y Q8 van Gogh para turbinas de gas, vapor e hidr\u00e1ulicas ofrecen una excelente estabilidad frente a la oxidaci\u00f3n, para garantizar una operaci\u00f3n fiable.","breadcrumb":{"@id":"https:\/\/www.q8oils.com\/es\/energia\/lubricantes-para-turbinas\/#breadcrumb"},"inLanguage":"es","potentialAction":[{"@type":"ReadAction","target":["https:\/\/www.q8oils.com\/es\/energia\/lubricantes-para-turbinas\/"]}]},{"@type":"ImageObject","inLanguage":"es","@id":"https:\/\/www.q8oils.com\/es\/energia\/lubricantes-para-turbinas\/#primaryimage","url":"https:\/\/www.q8oils.com\/wp-content\/uploads\/2020\/05\/25183_Turbine-Oil.png","contentUrl":"https:\/\/www.q8oils.com\/wp-content\/uploads\/2020\/05\/25183_Turbine-Oil.png","width":200,"height":225,"caption":"Turbine Oils icon - Q8Oils"},{"@type":"BreadcrumbList","@id":"https:\/\/www.q8oils.com\/es\/energia\/lubricantes-para-turbinas\/#breadcrumb","itemListElement":[{"@type":"ListItem","position":1,"name":"Home","item":"https:\/\/www.q8oils.com\/es\/"},{"@type":"ListItem","position":2,"name":"Energ\u00eda","item":"https:\/\/www.q8oils.com\/es\/energia\/"},{"@type":"ListItem","position":3,"name":"Lubricantes para turbinas"}]},{"@type":"WebSite","@id":"https:\/\/www.q8oils.com\/es\/#website","url":"https:\/\/www.q8oils.com\/es\/","name":"Q8Oils","description":"Global, partnership, lubricants, solutions","publisher":{"@id":"https:\/\/www.q8oils.com\/es\/#organization"},"potentialAction":[{"@type":"SearchAction","target":{"@type":"EntryPoint","urlTemplate":"https:\/\/www.q8oils.com\/es\/?s={search_term_string}"},"query-input":{"@type":"PropertyValueSpecification","valueRequired":true,"valueName":"search_term_string"}}],"inLanguage":"es"},{"@type":"Organization","@id":"https:\/\/www.q8oils.com\/es\/#organization","name":"Q8Oils","url":"https:\/\/www.q8oils.com\/es\/","logo":{"@type":"ImageObject","inLanguage":"es","@id":"https:\/\/www.q8oils.com\/es\/#\/schema\/logo\/image\/","url":"https:\/\/www.q8oils.com\/wp-content\/uploads\/2020\/04\/q8oils-logo.png","contentUrl":"https:\/\/www.q8oils.com\/wp-content\/uploads\/2020\/04\/q8oils-logo.png","width":475,"height":100,"caption":"Q8Oils"},"image":{"@id":"https:\/\/www.q8oils.com\/es\/#\/schema\/logo\/image\/"},"sameAs":["https:\/\/www.linkedin.com\/Q8Oils"]}]}},"_links":{"self":[{"href":"https:\/\/www.q8oils.com\/es\/wp-json\/wp\/v2\/pages\/502861"}],"collection":[{"href":"https:\/\/www.q8oils.com\/es\/wp-json\/wp\/v2\/pages"}],"about":[{"href":"https:\/\/www.q8oils.com\/es\/wp-json\/wp\/v2\/types\/page"}],"author":[{"embeddable":true,"href":"https:\/\/www.q8oils.com\/es\/wp-json\/wp\/v2\/users\/2"}],"replies":[{"embeddable":true,"href":"https:\/\/www.q8oils.com\/es\/wp-json\/wp\/v2\/comments?post=502861"}],"version-history":[{"count":4,"href":"https:\/\/www.q8oils.com\/es\/wp-json\/wp\/v2\/pages\/502861\/revisions"}],"predecessor-version":[{"id":641762,"href":"https:\/\/www.q8oils.com\/es\/wp-json\/wp\/v2\/pages\/502861\/revisions\/641762"}],"up":[{"embeddable":true,"href":"https:\/\/www.q8oils.com\/es\/wp-json\/wp\/v2\/pages\/502814"}],"wp:featuredmedia":[{"embeddable":true,"href":"https:\/\/www.q8oils.com\/es\/wp-json\/wp\/v2\/media\/500381"}],"wp:attachment":[{"href":"https:\/\/www.q8oils.com\/es\/wp-json\/wp\/v2\/media?parent=502861"}],"curies":[{"name":"wp","href":"https:\/\/api.w.org\/{rel}","templated":true}]}}