
 

{"id":503031,"date":"2020-05-21T15:39:42","date_gmt":"2020-05-21T15:39:42","guid":{"rendered":"https:\/\/www.q8oils.com\/industria-general\/chain-oils\/"},"modified":"2020-12-23T15:14:46","modified_gmt":"2020-12-23T15:14:46","slug":"aceites-para-cadenas","status":"publish","type":"page","link":"https:\/\/www.q8oils.com\/es\/industria-general\/aceites-para-cadenas\/","title":{"rendered":"Aceites para cadenas"},"content":{"rendered":"<blockquote class=\"wp-embedded-content\" data-secret=\"G4U3OODo4t\"><p><a href=\"https:\/\/www.q8oils.com\/products\/\">Products<\/a><\/p><\/blockquote>\n<p><iframe class=\"wp-embedded-content\" sandbox=\"allow-scripts\" security=\"restricted\" style=\"position: absolute; visibility: hidden;\" title=\"&#8220;Products&#8221; &#8212; Q8Oils\" src=\"https:\/\/www.q8oils.com\/products\/embed\/#?secret=7NC9ZmEK4A#?secret=G4U3OODo4t\" data-secret=\"G4U3OODo4t\" width=\"600\" height=\"338\" frameborder=\"0\" marginwidth=\"0\" marginheight=\"0\" scrolling=\"no\"><\/iframe><\/p>\n<p>&nbsp;<\/p>\n","protected":false},"excerpt":{"rendered":"<p>La lubricaci\u00f3n de cadenas requiere aceites espec\u00edficos. Nuestros aceites para cadenas se desarrollan para ofrecer los mayores niveles de protecci\u00f3n y productividad y garantizar una fiabilidad operativa continua.<\/p>\n","protected":false},"author":2,"featured_media":499906,"parent":502986,"menu_order":0,"comment_status":"closed","ping_status":"closed","template":"page-templates\/minor.php","meta":{"_acf_changed":false,"footnotes":""},"class_list":["post-503031","page","type-page","status-publish","has-post-thumbnail","hentry","major-general-industry-es"],"acf":[],"yoast_head":"<!-- This site is optimized with the Yoast SEO plugin v23.5 - https:\/\/yoast.com\/wordpress\/plugins\/seo\/ -->\n<title>Aceites para cadenas - Q8Oils<\/title>\n<meta name=\"description\" content=\"La lubricaci\u00f3n de cadenas requiere aceites espec\u00edficos. Nuestros aceites para cadenas se desarrollan para ofrecer los mayores niveles de protecci\u00f3n y productividad y garantizar una fiabilidad operativa continua.\" \/>\n<meta name=\"robots\" content=\"index, follow, max-snippet:-1, max-image-preview:large, max-video-preview:-1\" \/>\n<link rel=\"canonical\" href=\"https:\/\/www.q8oils.com\/es\/industria-general\/aceites-para-cadenas\/\" \/>\n<meta property=\"og:locale\" content=\"es_ES\" \/>\n<meta property=\"og:type\" content=\"article\" \/>\n<meta property=\"og:title\" content=\"Aceites para cadenas - Q8Oils\" \/>\n<meta property=\"og:description\" content=\"La lubricaci\u00f3n de cadenas requiere aceites espec\u00edficos. Nuestros aceites para cadenas se desarrollan para ofrecer los mayores niveles de protecci\u00f3n y productividad y garantizar una fiabilidad operativa continua.\" \/>\n<meta property=\"og:url\" content=\"https:\/\/www.q8oils.com\/es\/industria-general\/aceites-para-cadenas\/\" \/>\n<meta property=\"og:site_name\" content=\"Q8Oils\" \/>\n<meta property=\"article:modified_time\" content=\"2020-12-23T15:14:46+00:00\" \/>\n<meta property=\"og:image\" content=\"https:\/\/www.q8oils.com\/wp-content\/uploads\/2020\/05\/21220_Chain-Oil-1.png\" \/>\n\t<meta property=\"og:image:width\" content=\"200\" \/>\n\t<meta property=\"og:image:height\" content=\"225\" \/>\n\t<meta property=\"og:image:type\" content=\"image\/png\" \/>\n<meta name=\"twitter:card\" content=\"summary_large_image\" \/>\n<script type=\"application\/ld+json\" class=\"yoast-schema-graph\">{\"@context\":\"https:\/\/schema.org\",\"@graph\":[{\"@type\":\"WebPage\",\"@id\":\"https:\/\/www.q8oils.com\/es\/industria-general\/aceites-para-cadenas\/\",\"url\":\"https:\/\/www.q8oils.com\/es\/industria-general\/aceites-para-cadenas\/\",\"name\":\"Aceites para cadenas - Q8Oils\",\"isPartOf\":{\"@id\":\"https:\/\/www.q8oils.com\/es\/#website\"},\"primaryImageOfPage\":{\"@id\":\"https:\/\/www.q8oils.com\/es\/industria-general\/aceites-para-cadenas\/#primaryimage\"},\"image\":{\"@id\":\"https:\/\/www.q8oils.com\/es\/industria-general\/aceites-para-cadenas\/#primaryimage\"},\"thumbnailUrl\":\"https:\/\/www.q8oils.com\/wp-content\/uploads\/2020\/05\/21220_Chain-Oil-1.png\",\"datePublished\":\"2020-05-21T15:39:42+00:00\",\"dateModified\":\"2020-12-23T15:14:46+00:00\",\"description\":\"La lubricaci\u00f3n de cadenas requiere aceites espec\u00edficos. Nuestros aceites para cadenas se desarrollan para ofrecer los mayores niveles de protecci\u00f3n y productividad y garantizar una fiabilidad operativa continua.\",\"breadcrumb\":{\"@id\":\"https:\/\/www.q8oils.com\/es\/industria-general\/aceites-para-cadenas\/#breadcrumb\"},\"inLanguage\":\"es\",\"potentialAction\":[{\"@type\":\"ReadAction\",\"target\":[\"https:\/\/www.q8oils.com\/es\/industria-general\/aceites-para-cadenas\/\"]}]},{\"@type\":\"ImageObject\",\"inLanguage\":\"es\",\"@id\":\"https:\/\/www.q8oils.com\/es\/industria-general\/aceites-para-cadenas\/#primaryimage\",\"url\":\"https:\/\/www.q8oils.com\/wp-content\/uploads\/2020\/05\/21220_Chain-Oil-1.png\",\"contentUrl\":\"https:\/\/www.q8oils.com\/wp-content\/uploads\/2020\/05\/21220_Chain-Oil-1.png\",\"width\":200,\"height\":225,\"caption\":\"Chain Oils Icon - Q8Oils\"},{\"@type\":\"BreadcrumbList\",\"@id\":\"https:\/\/www.q8oils.com\/es\/industria-general\/aceites-para-cadenas\/#breadcrumb\",\"itemListElement\":[{\"@type\":\"ListItem\",\"position\":1,\"name\":\"Home\",\"item\":\"https:\/\/www.q8oils.com\/es\/\"},{\"@type\":\"ListItem\",\"position\":2,\"name\":\"Industria General\",\"item\":\"https:\/\/www.q8oils.com\/es\/industria-general\/\"},{\"@type\":\"ListItem\",\"position\":3,\"name\":\"Aceites para cadenas\"}]},{\"@type\":\"WebSite\",\"@id\":\"https:\/\/www.q8oils.com\/es\/#website\",\"url\":\"https:\/\/www.q8oils.com\/es\/\",\"name\":\"Q8Oils\",\"description\":\"Global, partnership, lubricants, solutions\",\"publisher\":{\"@id\":\"https:\/\/www.q8oils.com\/es\/#organization\"},\"potentialAction\":[{\"@type\":\"SearchAction\",\"target\":{\"@type\":\"EntryPoint\",\"urlTemplate\":\"https:\/\/www.q8oils.com\/es\/?s={search_term_string}\"},\"query-input\":{\"@type\":\"PropertyValueSpecification\",\"valueRequired\":true,\"valueName\":\"search_term_string\"}}],\"inLanguage\":\"es\"},{\"@type\":\"Organization\",\"@id\":\"https:\/\/www.q8oils.com\/es\/#organization\",\"name\":\"Q8Oils\",\"url\":\"https:\/\/www.q8oils.com\/es\/\",\"logo\":{\"@type\":\"ImageObject\",\"inLanguage\":\"es\",\"@id\":\"https:\/\/www.q8oils.com\/es\/#\/schema\/logo\/image\/\",\"url\":\"https:\/\/www.q8oils.com\/wp-content\/uploads\/2020\/04\/q8oils-logo.png\",\"contentUrl\":\"https:\/\/www.q8oils.com\/wp-content\/uploads\/2020\/04\/q8oils-logo.png\",\"width\":475,\"height\":100,\"caption\":\"Q8Oils\"},\"image\":{\"@id\":\"https:\/\/www.q8oils.com\/es\/#\/schema\/logo\/image\/\"},\"sameAs\":[\"https:\/\/www.linkedin.com\/Q8Oils\"]}]}<\/script>\n<!-- \/ Yoast SEO plugin. -->","yoast_head_json":{"title":"Aceites para cadenas - Q8Oils","description":"La lubricaci\u00f3n de cadenas requiere aceites espec\u00edficos. Nuestros aceites para cadenas se desarrollan para ofrecer los mayores niveles de protecci\u00f3n y productividad y garantizar una fiabilidad operativa continua.","robots":{"index":"index","follow":"follow","max-snippet":"max-snippet:-1","max-image-preview":"max-image-preview:large","max-video-preview":"max-video-preview:-1"},"canonical":"https:\/\/www.q8oils.com\/es\/industria-general\/aceites-para-cadenas\/","og_locale":"es_ES","og_type":"article","og_title":"Aceites para cadenas - Q8Oils","og_description":"La lubricaci\u00f3n de cadenas requiere aceites espec\u00edficos. Nuestros aceites para cadenas se desarrollan para ofrecer los mayores niveles de protecci\u00f3n y productividad y garantizar una fiabilidad operativa continua.","og_url":"https:\/\/www.q8oils.com\/es\/industria-general\/aceites-para-cadenas\/","og_site_name":"Q8Oils","article_modified_time":"2020-12-23T15:14:46+00:00","og_image":[{"width":200,"height":225,"url":"https:\/\/www.q8oils.com\/wp-content\/uploads\/2020\/05\/21220_Chain-Oil-1.png","type":"image\/png"}],"twitter_card":"summary_large_image","schema":{"@context":"https:\/\/schema.org","@graph":[{"@type":"WebPage","@id":"https:\/\/www.q8oils.com\/es\/industria-general\/aceites-para-cadenas\/","url":"https:\/\/www.q8oils.com\/es\/industria-general\/aceites-para-cadenas\/","name":"Aceites para cadenas - Q8Oils","isPartOf":{"@id":"https:\/\/www.q8oils.com\/es\/#website"},"primaryImageOfPage":{"@id":"https:\/\/www.q8oils.com\/es\/industria-general\/aceites-para-cadenas\/#primaryimage"},"image":{"@id":"https:\/\/www.q8oils.com\/es\/industria-general\/aceites-para-cadenas\/#primaryimage"},"thumbnailUrl":"https:\/\/www.q8oils.com\/wp-content\/uploads\/2020\/05\/21220_Chain-Oil-1.png","datePublished":"2020-05-21T15:39:42+00:00","dateModified":"2020-12-23T15:14:46+00:00","description":"La lubricaci\u00f3n de cadenas requiere aceites espec\u00edficos. Nuestros aceites para cadenas se desarrollan para ofrecer los mayores niveles de protecci\u00f3n y productividad y garantizar una fiabilidad operativa continua.","breadcrumb":{"@id":"https:\/\/www.q8oils.com\/es\/industria-general\/aceites-para-cadenas\/#breadcrumb"},"inLanguage":"es","potentialAction":[{"@type":"ReadAction","target":["https:\/\/www.q8oils.com\/es\/industria-general\/aceites-para-cadenas\/"]}]},{"@type":"ImageObject","inLanguage":"es","@id":"https:\/\/www.q8oils.com\/es\/industria-general\/aceites-para-cadenas\/#primaryimage","url":"https:\/\/www.q8oils.com\/wp-content\/uploads\/2020\/05\/21220_Chain-Oil-1.png","contentUrl":"https:\/\/www.q8oils.com\/wp-content\/uploads\/2020\/05\/21220_Chain-Oil-1.png","width":200,"height":225,"caption":"Chain Oils Icon - Q8Oils"},{"@type":"BreadcrumbList","@id":"https:\/\/www.q8oils.com\/es\/industria-general\/aceites-para-cadenas\/#breadcrumb","itemListElement":[{"@type":"ListItem","position":1,"name":"Home","item":"https:\/\/www.q8oils.com\/es\/"},{"@type":"ListItem","position":2,"name":"Industria General","item":"https:\/\/www.q8oils.com\/es\/industria-general\/"},{"@type":"ListItem","position":3,"name":"Aceites para cadenas"}]},{"@type":"WebSite","@id":"https:\/\/www.q8oils.com\/es\/#website","url":"https:\/\/www.q8oils.com\/es\/","name":"Q8Oils","description":"Global, partnership, lubricants, solutions","publisher":{"@id":"https:\/\/www.q8oils.com\/es\/#organization"},"potentialAction":[{"@type":"SearchAction","target":{"@type":"EntryPoint","urlTemplate":"https:\/\/www.q8oils.com\/es\/?s={search_term_string}"},"query-input":{"@type":"PropertyValueSpecification","valueRequired":true,"valueName":"search_term_string"}}],"inLanguage":"es"},{"@type":"Organization","@id":"https:\/\/www.q8oils.com\/es\/#organization","name":"Q8Oils","url":"https:\/\/www.q8oils.com\/es\/","logo":{"@type":"ImageObject","inLanguage":"es","@id":"https:\/\/www.q8oils.com\/es\/#\/schema\/logo\/image\/","url":"https:\/\/www.q8oils.com\/wp-content\/uploads\/2020\/04\/q8oils-logo.png","contentUrl":"https:\/\/www.q8oils.com\/wp-content\/uploads\/2020\/04\/q8oils-logo.png","width":475,"height":100,"caption":"Q8Oils"},"image":{"@id":"https:\/\/www.q8oils.com\/es\/#\/schema\/logo\/image\/"},"sameAs":["https:\/\/www.linkedin.com\/Q8Oils"]}]}},"_links":{"self":[{"href":"https:\/\/www.q8oils.com\/es\/wp-json\/wp\/v2\/pages\/503031"}],"collection":[{"href":"https:\/\/www.q8oils.com\/es\/wp-json\/wp\/v2\/pages"}],"about":[{"href":"https:\/\/www.q8oils.com\/es\/wp-json\/wp\/v2\/types\/page"}],"author":[{"embeddable":true,"href":"https:\/\/www.q8oils.com\/es\/wp-json\/wp\/v2\/users\/2"}],"replies":[{"embeddable":true,"href":"https:\/\/www.q8oils.com\/es\/wp-json\/wp\/v2\/comments?post=503031"}],"version-history":[{"count":4,"href":"https:\/\/www.q8oils.com\/es\/wp-json\/wp\/v2\/pages\/503031\/revisions"}],"predecessor-version":[{"id":642942,"href":"https:\/\/www.q8oils.com\/es\/wp-json\/wp\/v2\/pages\/503031\/revisions\/642942"}],"up":[{"embeddable":true,"href":"https:\/\/www.q8oils.com\/es\/wp-json\/wp\/v2\/pages\/502986"}],"wp:featuredmedia":[{"embeddable":true,"href":"https:\/\/www.q8oils.com\/es\/wp-json\/wp\/v2\/media\/499906"}],"wp:attachment":[{"href":"https:\/\/www.q8oils.com\/es\/wp-json\/wp\/v2\/media?parent=503031"}],"curies":[{"name":"wp","href":"https:\/\/api.w.org\/{rel}","templated":true}]}}