
 

{"id":503035,"date":"2020-05-21T14:44:14","date_gmt":"2020-05-21T14:44:14","guid":{"rendered":"https:\/\/www.q8oils.com\/industria-general\/circulating-oils\/"},"modified":"2020-12-23T15:24:58","modified_gmt":"2020-12-23T15:24:58","slug":"aceites-de-circulacion","status":"publish","type":"page","link":"https:\/\/www.q8oils.com\/es\/industria-general\/aceites-de-circulacion\/","title":{"rendered":"Aceites de Circulaci\u00f3n"},"content":{"rendered":"<blockquote class=\"wp-embedded-content\" data-secret=\"EkGJIY8Mme\"><p><a href=\"https:\/\/www.q8oils.com\/products\/\">Products<\/a><\/p><\/blockquote>\n<p><iframe class=\"wp-embedded-content\" sandbox=\"allow-scripts\" security=\"restricted\" style=\"position: absolute; visibility: hidden;\" title=\"&#8220;Products&#8221; &#8212; Q8Oils\" src=\"https:\/\/www.q8oils.com\/products\/embed\/#?secret=qwEOSqwYah#?secret=EkGJIY8Mme\" data-secret=\"EkGJIY8Mme\" width=\"600\" height=\"338\" frameborder=\"0\" marginwidth=\"0\" marginheight=\"0\" scrolling=\"no\"><\/iframe><\/p>\n<p>&nbsp;<\/p>\n","protected":false},"excerpt":{"rendered":"<p>Estos lubricantes multiuso se utilizan en las f\u00e1bricas de papel y en las acer\u00edas. Nuestros aceites de circulaci\u00f3n, tienen unas propiedades excepcionales de separaci\u00f3n del agua, contienen aditivos oleosos para eliminar el efecto \u00abstick-slip\u00bb (tirones) y reducen la fricci\u00f3n.<\/p>\n","protected":false},"author":2,"featured_media":499860,"parent":502986,"menu_order":0,"comment_status":"closed","ping_status":"closed","template":"page-templates\/minor.php","meta":{"_acf_changed":false,"footnotes":""},"class_list":["post-503035","page","type-page","status-publish","has-post-thumbnail","hentry","major-general-industry-es"],"acf":[],"yoast_head":"<!-- This site is optimized with the Yoast SEO plugin v23.5 - https:\/\/yoast.com\/wordpress\/plugins\/seo\/ -->\n<title>Aceites de Circulaci\u00f3n - Q8Oils<\/title>\n<meta name=\"description\" content=\"Estos lubricantes multiuso se utilizan en las f\u00e1bricas de papel y en las acer\u00edas. Nuestros aceites de circulaci\u00f3n, tienen unas propiedades excepcionales de separaci\u00f3n del agua, contienen aditivos oleosos para eliminar el efecto \u00abstick-slip\u00bb (tirones) y reducen la fricci\u00f3n.\" \/>\n<meta name=\"robots\" content=\"index, follow, max-snippet:-1, max-image-preview:large, max-video-preview:-1\" \/>\n<link rel=\"canonical\" href=\"https:\/\/www.q8oils.com\/es\/industria-general\/aceites-de-circulacion\/\" \/>\n<meta property=\"og:locale\" content=\"es_ES\" \/>\n<meta property=\"og:type\" content=\"article\" \/>\n<meta property=\"og:title\" content=\"Aceites de Circulaci\u00f3n - Q8Oils\" \/>\n<meta property=\"og:description\" content=\"Estos lubricantes multiuso se utilizan en las f\u00e1bricas de papel y en las acer\u00edas. Nuestros aceites de circulaci\u00f3n, tienen unas propiedades excepcionales de separaci\u00f3n del agua, contienen aditivos oleosos para eliminar el efecto \u00abstick-slip\u00bb (tirones) y reducen la fricci\u00f3n.\" \/>\n<meta property=\"og:url\" content=\"https:\/\/www.q8oils.com\/es\/industria-general\/aceites-de-circulacion\/\" \/>\n<meta property=\"og:site_name\" content=\"Q8Oils\" \/>\n<meta property=\"article:modified_time\" content=\"2020-12-23T15:24:58+00:00\" \/>\n<meta property=\"og:image\" content=\"https:\/\/www.q8oils.com\/wp-content\/uploads\/2020\/05\/23244_Circulating-Oil-1.png\" \/>\n\t<meta property=\"og:image:width\" content=\"200\" \/>\n\t<meta property=\"og:image:height\" content=\"225\" \/>\n\t<meta property=\"og:image:type\" content=\"image\/png\" \/>\n<meta name=\"twitter:card\" content=\"summary_large_image\" \/>\n<script type=\"application\/ld+json\" class=\"yoast-schema-graph\">{\"@context\":\"https:\/\/schema.org\",\"@graph\":[{\"@type\":\"WebPage\",\"@id\":\"https:\/\/www.q8oils.com\/es\/industria-general\/aceites-de-circulacion\/\",\"url\":\"https:\/\/www.q8oils.com\/es\/industria-general\/aceites-de-circulacion\/\",\"name\":\"Aceites de Circulaci\u00f3n - Q8Oils\",\"isPartOf\":{\"@id\":\"https:\/\/www.q8oils.com\/es\/#website\"},\"primaryImageOfPage\":{\"@id\":\"https:\/\/www.q8oils.com\/es\/industria-general\/aceites-de-circulacion\/#primaryimage\"},\"image\":{\"@id\":\"https:\/\/www.q8oils.com\/es\/industria-general\/aceites-de-circulacion\/#primaryimage\"},\"thumbnailUrl\":\"https:\/\/www.q8oils.com\/wp-content\/uploads\/2020\/05\/23244_Circulating-Oil-1.png\",\"datePublished\":\"2020-05-21T14:44:14+00:00\",\"dateModified\":\"2020-12-23T15:24:58+00:00\",\"description\":\"Estos lubricantes multiuso se utilizan en las f\u00e1bricas de papel y en las acer\u00edas. Nuestros aceites de circulaci\u00f3n, tienen unas propiedades excepcionales de separaci\u00f3n del agua, contienen aditivos oleosos para eliminar el efecto \u00abstick-slip\u00bb (tirones) y reducen la fricci\u00f3n.\",\"breadcrumb\":{\"@id\":\"https:\/\/www.q8oils.com\/es\/industria-general\/aceites-de-circulacion\/#breadcrumb\"},\"inLanguage\":\"es\",\"potentialAction\":[{\"@type\":\"ReadAction\",\"target\":[\"https:\/\/www.q8oils.com\/es\/industria-general\/aceites-de-circulacion\/\"]}]},{\"@type\":\"ImageObject\",\"inLanguage\":\"es\",\"@id\":\"https:\/\/www.q8oils.com\/es\/industria-general\/aceites-de-circulacion\/#primaryimage\",\"url\":\"https:\/\/www.q8oils.com\/wp-content\/uploads\/2020\/05\/23244_Circulating-Oil-1.png\",\"contentUrl\":\"https:\/\/www.q8oils.com\/wp-content\/uploads\/2020\/05\/23244_Circulating-Oil-1.png\",\"width\":200,\"height\":225,\"caption\":\"Circulating Oils Icon - Q8Oils\"},{\"@type\":\"BreadcrumbList\",\"@id\":\"https:\/\/www.q8oils.com\/es\/industria-general\/aceites-de-circulacion\/#breadcrumb\",\"itemListElement\":[{\"@type\":\"ListItem\",\"position\":1,\"name\":\"Home\",\"item\":\"https:\/\/www.q8oils.com\/es\/\"},{\"@type\":\"ListItem\",\"position\":2,\"name\":\"Industria General\",\"item\":\"https:\/\/www.q8oils.com\/es\/industria-general\/\"},{\"@type\":\"ListItem\",\"position\":3,\"name\":\"Aceites de Circulaci\u00f3n\"}]},{\"@type\":\"WebSite\",\"@id\":\"https:\/\/www.q8oils.com\/es\/#website\",\"url\":\"https:\/\/www.q8oils.com\/es\/\",\"name\":\"Q8Oils\",\"description\":\"Global, partnership, lubricants, solutions\",\"publisher\":{\"@id\":\"https:\/\/www.q8oils.com\/es\/#organization\"},\"potentialAction\":[{\"@type\":\"SearchAction\",\"target\":{\"@type\":\"EntryPoint\",\"urlTemplate\":\"https:\/\/www.q8oils.com\/es\/?s={search_term_string}\"},\"query-input\":{\"@type\":\"PropertyValueSpecification\",\"valueRequired\":true,\"valueName\":\"search_term_string\"}}],\"inLanguage\":\"es\"},{\"@type\":\"Organization\",\"@id\":\"https:\/\/www.q8oils.com\/es\/#organization\",\"name\":\"Q8Oils\",\"url\":\"https:\/\/www.q8oils.com\/es\/\",\"logo\":{\"@type\":\"ImageObject\",\"inLanguage\":\"es\",\"@id\":\"https:\/\/www.q8oils.com\/es\/#\/schema\/logo\/image\/\",\"url\":\"https:\/\/www.q8oils.com\/wp-content\/uploads\/2020\/04\/q8oils-logo.png\",\"contentUrl\":\"https:\/\/www.q8oils.com\/wp-content\/uploads\/2020\/04\/q8oils-logo.png\",\"width\":475,\"height\":100,\"caption\":\"Q8Oils\"},\"image\":{\"@id\":\"https:\/\/www.q8oils.com\/es\/#\/schema\/logo\/image\/\"},\"sameAs\":[\"https:\/\/www.linkedin.com\/Q8Oils\"]}]}<\/script>\n<!-- \/ Yoast SEO plugin. -->","yoast_head_json":{"title":"Aceites de Circulaci\u00f3n - Q8Oils","description":"Estos lubricantes multiuso se utilizan en las f\u00e1bricas de papel y en las acer\u00edas. Nuestros aceites de circulaci\u00f3n, tienen unas propiedades excepcionales de separaci\u00f3n del agua, contienen aditivos oleosos para eliminar el efecto \u00abstick-slip\u00bb (tirones) y reducen la fricci\u00f3n.","robots":{"index":"index","follow":"follow","max-snippet":"max-snippet:-1","max-image-preview":"max-image-preview:large","max-video-preview":"max-video-preview:-1"},"canonical":"https:\/\/www.q8oils.com\/es\/industria-general\/aceites-de-circulacion\/","og_locale":"es_ES","og_type":"article","og_title":"Aceites de Circulaci\u00f3n - Q8Oils","og_description":"Estos lubricantes multiuso se utilizan en las f\u00e1bricas de papel y en las acer\u00edas. Nuestros aceites de circulaci\u00f3n, tienen unas propiedades excepcionales de separaci\u00f3n del agua, contienen aditivos oleosos para eliminar el efecto \u00abstick-slip\u00bb (tirones) y reducen la fricci\u00f3n.","og_url":"https:\/\/www.q8oils.com\/es\/industria-general\/aceites-de-circulacion\/","og_site_name":"Q8Oils","article_modified_time":"2020-12-23T15:24:58+00:00","og_image":[{"width":200,"height":225,"url":"https:\/\/www.q8oils.com\/wp-content\/uploads\/2020\/05\/23244_Circulating-Oil-1.png","type":"image\/png"}],"twitter_card":"summary_large_image","schema":{"@context":"https:\/\/schema.org","@graph":[{"@type":"WebPage","@id":"https:\/\/www.q8oils.com\/es\/industria-general\/aceites-de-circulacion\/","url":"https:\/\/www.q8oils.com\/es\/industria-general\/aceites-de-circulacion\/","name":"Aceites de Circulaci\u00f3n - Q8Oils","isPartOf":{"@id":"https:\/\/www.q8oils.com\/es\/#website"},"primaryImageOfPage":{"@id":"https:\/\/www.q8oils.com\/es\/industria-general\/aceites-de-circulacion\/#primaryimage"},"image":{"@id":"https:\/\/www.q8oils.com\/es\/industria-general\/aceites-de-circulacion\/#primaryimage"},"thumbnailUrl":"https:\/\/www.q8oils.com\/wp-content\/uploads\/2020\/05\/23244_Circulating-Oil-1.png","datePublished":"2020-05-21T14:44:14+00:00","dateModified":"2020-12-23T15:24:58+00:00","description":"Estos lubricantes multiuso se utilizan en las f\u00e1bricas de papel y en las acer\u00edas. Nuestros aceites de circulaci\u00f3n, tienen unas propiedades excepcionales de separaci\u00f3n del agua, contienen aditivos oleosos para eliminar el efecto \u00abstick-slip\u00bb (tirones) y reducen la fricci\u00f3n.","breadcrumb":{"@id":"https:\/\/www.q8oils.com\/es\/industria-general\/aceites-de-circulacion\/#breadcrumb"},"inLanguage":"es","potentialAction":[{"@type":"ReadAction","target":["https:\/\/www.q8oils.com\/es\/industria-general\/aceites-de-circulacion\/"]}]},{"@type":"ImageObject","inLanguage":"es","@id":"https:\/\/www.q8oils.com\/es\/industria-general\/aceites-de-circulacion\/#primaryimage","url":"https:\/\/www.q8oils.com\/wp-content\/uploads\/2020\/05\/23244_Circulating-Oil-1.png","contentUrl":"https:\/\/www.q8oils.com\/wp-content\/uploads\/2020\/05\/23244_Circulating-Oil-1.png","width":200,"height":225,"caption":"Circulating Oils Icon - Q8Oils"},{"@type":"BreadcrumbList","@id":"https:\/\/www.q8oils.com\/es\/industria-general\/aceites-de-circulacion\/#breadcrumb","itemListElement":[{"@type":"ListItem","position":1,"name":"Home","item":"https:\/\/www.q8oils.com\/es\/"},{"@type":"ListItem","position":2,"name":"Industria General","item":"https:\/\/www.q8oils.com\/es\/industria-general\/"},{"@type":"ListItem","position":3,"name":"Aceites de Circulaci\u00f3n"}]},{"@type":"WebSite","@id":"https:\/\/www.q8oils.com\/es\/#website","url":"https:\/\/www.q8oils.com\/es\/","name":"Q8Oils","description":"Global, partnership, lubricants, solutions","publisher":{"@id":"https:\/\/www.q8oils.com\/es\/#organization"},"potentialAction":[{"@type":"SearchAction","target":{"@type":"EntryPoint","urlTemplate":"https:\/\/www.q8oils.com\/es\/?s={search_term_string}"},"query-input":{"@type":"PropertyValueSpecification","valueRequired":true,"valueName":"search_term_string"}}],"inLanguage":"es"},{"@type":"Organization","@id":"https:\/\/www.q8oils.com\/es\/#organization","name":"Q8Oils","url":"https:\/\/www.q8oils.com\/es\/","logo":{"@type":"ImageObject","inLanguage":"es","@id":"https:\/\/www.q8oils.com\/es\/#\/schema\/logo\/image\/","url":"https:\/\/www.q8oils.com\/wp-content\/uploads\/2020\/04\/q8oils-logo.png","contentUrl":"https:\/\/www.q8oils.com\/wp-content\/uploads\/2020\/04\/q8oils-logo.png","width":475,"height":100,"caption":"Q8Oils"},"image":{"@id":"https:\/\/www.q8oils.com\/es\/#\/schema\/logo\/image\/"},"sameAs":["https:\/\/www.linkedin.com\/Q8Oils"]}]}},"_links":{"self":[{"href":"https:\/\/www.q8oils.com\/es\/wp-json\/wp\/v2\/pages\/503035"}],"collection":[{"href":"https:\/\/www.q8oils.com\/es\/wp-json\/wp\/v2\/pages"}],"about":[{"href":"https:\/\/www.q8oils.com\/es\/wp-json\/wp\/v2\/types\/page"}],"author":[{"embeddable":true,"href":"https:\/\/www.q8oils.com\/es\/wp-json\/wp\/v2\/users\/2"}],"replies":[{"embeddable":true,"href":"https:\/\/www.q8oils.com\/es\/wp-json\/wp\/v2\/comments?post=503035"}],"version-history":[{"count":5,"href":"https:\/\/www.q8oils.com\/es\/wp-json\/wp\/v2\/pages\/503035\/revisions"}],"predecessor-version":[{"id":642947,"href":"https:\/\/www.q8oils.com\/es\/wp-json\/wp\/v2\/pages\/503035\/revisions\/642947"}],"up":[{"embeddable":true,"href":"https:\/\/www.q8oils.com\/es\/wp-json\/wp\/v2\/pages\/502986"}],"wp:featuredmedia":[{"embeddable":true,"href":"https:\/\/www.q8oils.com\/es\/wp-json\/wp\/v2\/media\/499860"}],"wp:attachment":[{"href":"https:\/\/www.q8oils.com\/es\/wp-json\/wp\/v2\/media?parent=503035"}],"curies":[{"name":"wp","href":"https:\/\/api.w.org\/{rel}","templated":true}]}}