
 

{"id":503058,"date":"2020-05-30T13:57:53","date_gmt":"2020-05-30T13:57:53","guid":{"rendered":"https:\/\/www.q8oils.com\/industria-general\/aceites-desmoldeantes\/tailormade-solutions\/"},"modified":"2020-07-16T14:04:43","modified_gmt":"2020-07-16T14:04:43","slug":"soluciones-a-medida","status":"publish","type":"page","link":"https:\/\/www.q8oils.com\/es\/industria-general\/aceites-desmoldeantes\/soluciones-a-medida\/","title":{"rendered":"Soluciones a medida"},"content":{"rendered":"","protected":false},"excerpt":{"rendered":"<p>Q8Oils ofrece una extensa gama de agentes desmoldeantes y antiadherentes: Q8 da Vinci, Q8 Cemol, Q8 Dali, Q8 Dalton, Q8 Dino. Esta gama se ampl\u00eda continuamente para cubrir aplicaciones de desmolde generales as\u00ed como para adaptarla a los requisitos de fabricaci\u00f3n individuales.<\/p>\n","protected":false},"author":2,"featured_media":0,"parent":503053,"menu_order":0,"comment_status":"closed","ping_status":"closed","template":"","meta":{"_acf_changed":false,"footnotes":""},"class_list":["post-503058","page","type-page","status-publish","hentry"],"acf":[],"yoast_head":"<!-- This site is optimized with the Yoast SEO plugin v23.5 - https:\/\/yoast.com\/wordpress\/plugins\/seo\/ -->\n<title>Soluciones a medida - Q8Oils<\/title>\n<meta name=\"description\" content=\"Q8Oils ofrece una extensa gama de agentes desmoldeantes y antiadherentes: Q8 da Vinci, Q8 Cemol, Q8 Dali, Q8 Dalton, Q8 Dino. Esta gama se ampl\u00eda continuamente para cubrir aplicaciones de desmolde generales as\u00ed como para adaptarla a los requisitos de fabricaci\u00f3n individuales.\" \/>\n<meta name=\"robots\" content=\"index, follow, max-snippet:-1, max-image-preview:large, max-video-preview:-1\" \/>\n<link rel=\"canonical\" href=\"https:\/\/www.q8oils.com\/es\/industria-general\/aceites-desmoldeantes\/soluciones-a-medida\/\" \/>\n<meta property=\"og:locale\" content=\"es_ES\" \/>\n<meta property=\"og:type\" content=\"article\" \/>\n<meta property=\"og:title\" content=\"Soluciones a medida - Q8Oils\" \/>\n<meta property=\"og:description\" content=\"Q8Oils ofrece una extensa gama de agentes desmoldeantes y antiadherentes: Q8 da Vinci, Q8 Cemol, Q8 Dali, Q8 Dalton, Q8 Dino. Esta gama se ampl\u00eda continuamente para cubrir aplicaciones de desmolde generales as\u00ed como para adaptarla a los requisitos de fabricaci\u00f3n individuales.\" \/>\n<meta property=\"og:url\" content=\"https:\/\/www.q8oils.com\/es\/industria-general\/aceites-desmoldeantes\/soluciones-a-medida\/\" \/>\n<meta property=\"og:site_name\" content=\"Q8Oils\" \/>\n<meta property=\"article:modified_time\" content=\"2020-07-16T14:04:43+00:00\" \/>\n<meta name=\"twitter:card\" content=\"summary_large_image\" \/>\n<script type=\"application\/ld+json\" class=\"yoast-schema-graph\">{\"@context\":\"https:\/\/schema.org\",\"@graph\":[{\"@type\":\"WebPage\",\"@id\":\"https:\/\/www.q8oils.com\/es\/industria-general\/aceites-desmoldeantes\/soluciones-a-medida\/\",\"url\":\"https:\/\/www.q8oils.com\/es\/industria-general\/aceites-desmoldeantes\/soluciones-a-medida\/\",\"name\":\"Soluciones a medida - Q8Oils\",\"isPartOf\":{\"@id\":\"https:\/\/www.q8oils.com\/es\/#website\"},\"datePublished\":\"2020-05-30T13:57:53+00:00\",\"dateModified\":\"2020-07-16T14:04:43+00:00\",\"description\":\"Q8Oils ofrece una extensa gama de agentes desmoldeantes y antiadherentes: Q8 da Vinci, Q8 Cemol, Q8 Dali, Q8 Dalton, Q8 Dino. Esta gama se ampl\u00eda continuamente para cubrir aplicaciones de desmolde generales as\u00ed como para adaptarla a los requisitos de fabricaci\u00f3n individuales.\",\"breadcrumb\":{\"@id\":\"https:\/\/www.q8oils.com\/es\/industria-general\/aceites-desmoldeantes\/soluciones-a-medida\/#breadcrumb\"},\"inLanguage\":\"es\",\"potentialAction\":[{\"@type\":\"ReadAction\",\"target\":[\"https:\/\/www.q8oils.com\/es\/industria-general\/aceites-desmoldeantes\/soluciones-a-medida\/\"]}]},{\"@type\":\"BreadcrumbList\",\"@id\":\"https:\/\/www.q8oils.com\/es\/industria-general\/aceites-desmoldeantes\/soluciones-a-medida\/#breadcrumb\",\"itemListElement\":[{\"@type\":\"ListItem\",\"position\":1,\"name\":\"Home\",\"item\":\"https:\/\/www.q8oils.com\/es\/\"},{\"@type\":\"ListItem\",\"position\":2,\"name\":\"Industria General\",\"item\":\"https:\/\/www.q8oils.com\/es\/industria-general\/\"},{\"@type\":\"ListItem\",\"position\":3,\"name\":\"Aceites Desmoldeantes\",\"item\":\"https:\/\/www.q8oils.com\/es\/industria-general\/aceites-desmoldeantes\/\"},{\"@type\":\"ListItem\",\"position\":4,\"name\":\"Soluciones a medida\"}]},{\"@type\":\"WebSite\",\"@id\":\"https:\/\/www.q8oils.com\/es\/#website\",\"url\":\"https:\/\/www.q8oils.com\/es\/\",\"name\":\"Q8Oils\",\"description\":\"Global, partnership, lubricants, solutions\",\"publisher\":{\"@id\":\"https:\/\/www.q8oils.com\/es\/#organization\"},\"potentialAction\":[{\"@type\":\"SearchAction\",\"target\":{\"@type\":\"EntryPoint\",\"urlTemplate\":\"https:\/\/www.q8oils.com\/es\/?s={search_term_string}\"},\"query-input\":{\"@type\":\"PropertyValueSpecification\",\"valueRequired\":true,\"valueName\":\"search_term_string\"}}],\"inLanguage\":\"es\"},{\"@type\":\"Organization\",\"@id\":\"https:\/\/www.q8oils.com\/es\/#organization\",\"name\":\"Q8Oils\",\"url\":\"https:\/\/www.q8oils.com\/es\/\",\"logo\":{\"@type\":\"ImageObject\",\"inLanguage\":\"es\",\"@id\":\"https:\/\/www.q8oils.com\/es\/#\/schema\/logo\/image\/\",\"url\":\"https:\/\/www.q8oils.com\/wp-content\/uploads\/2020\/04\/q8oils-logo.png\",\"contentUrl\":\"https:\/\/www.q8oils.com\/wp-content\/uploads\/2020\/04\/q8oils-logo.png\",\"width\":475,\"height\":100,\"caption\":\"Q8Oils\"},\"image\":{\"@id\":\"https:\/\/www.q8oils.com\/es\/#\/schema\/logo\/image\/\"},\"sameAs\":[\"https:\/\/www.linkedin.com\/Q8Oils\"]}]}<\/script>\n<!-- \/ Yoast SEO plugin. -->","yoast_head_json":{"title":"Soluciones a medida - Q8Oils","description":"Q8Oils ofrece una extensa gama de agentes desmoldeantes y antiadherentes: Q8 da Vinci, Q8 Cemol, Q8 Dali, Q8 Dalton, Q8 Dino. Esta gama se ampl\u00eda continuamente para cubrir aplicaciones de desmolde generales as\u00ed como para adaptarla a los requisitos de fabricaci\u00f3n individuales.","robots":{"index":"index","follow":"follow","max-snippet":"max-snippet:-1","max-image-preview":"max-image-preview:large","max-video-preview":"max-video-preview:-1"},"canonical":"https:\/\/www.q8oils.com\/es\/industria-general\/aceites-desmoldeantes\/soluciones-a-medida\/","og_locale":"es_ES","og_type":"article","og_title":"Soluciones a medida - Q8Oils","og_description":"Q8Oils ofrece una extensa gama de agentes desmoldeantes y antiadherentes: Q8 da Vinci, Q8 Cemol, Q8 Dali, Q8 Dalton, Q8 Dino. Esta gama se ampl\u00eda continuamente para cubrir aplicaciones de desmolde generales as\u00ed como para adaptarla a los requisitos de fabricaci\u00f3n individuales.","og_url":"https:\/\/www.q8oils.com\/es\/industria-general\/aceites-desmoldeantes\/soluciones-a-medida\/","og_site_name":"Q8Oils","article_modified_time":"2020-07-16T14:04:43+00:00","twitter_card":"summary_large_image","schema":{"@context":"https:\/\/schema.org","@graph":[{"@type":"WebPage","@id":"https:\/\/www.q8oils.com\/es\/industria-general\/aceites-desmoldeantes\/soluciones-a-medida\/","url":"https:\/\/www.q8oils.com\/es\/industria-general\/aceites-desmoldeantes\/soluciones-a-medida\/","name":"Soluciones a medida - Q8Oils","isPartOf":{"@id":"https:\/\/www.q8oils.com\/es\/#website"},"datePublished":"2020-05-30T13:57:53+00:00","dateModified":"2020-07-16T14:04:43+00:00","description":"Q8Oils ofrece una extensa gama de agentes desmoldeantes y antiadherentes: Q8 da Vinci, Q8 Cemol, Q8 Dali, Q8 Dalton, Q8 Dino. Esta gama se ampl\u00eda continuamente para cubrir aplicaciones de desmolde generales as\u00ed como para adaptarla a los requisitos de fabricaci\u00f3n individuales.","breadcrumb":{"@id":"https:\/\/www.q8oils.com\/es\/industria-general\/aceites-desmoldeantes\/soluciones-a-medida\/#breadcrumb"},"inLanguage":"es","potentialAction":[{"@type":"ReadAction","target":["https:\/\/www.q8oils.com\/es\/industria-general\/aceites-desmoldeantes\/soluciones-a-medida\/"]}]},{"@type":"BreadcrumbList","@id":"https:\/\/www.q8oils.com\/es\/industria-general\/aceites-desmoldeantes\/soluciones-a-medida\/#breadcrumb","itemListElement":[{"@type":"ListItem","position":1,"name":"Home","item":"https:\/\/www.q8oils.com\/es\/"},{"@type":"ListItem","position":2,"name":"Industria General","item":"https:\/\/www.q8oils.com\/es\/industria-general\/"},{"@type":"ListItem","position":3,"name":"Aceites Desmoldeantes","item":"https:\/\/www.q8oils.com\/es\/industria-general\/aceites-desmoldeantes\/"},{"@type":"ListItem","position":4,"name":"Soluciones a medida"}]},{"@type":"WebSite","@id":"https:\/\/www.q8oils.com\/es\/#website","url":"https:\/\/www.q8oils.com\/es\/","name":"Q8Oils","description":"Global, partnership, lubricants, solutions","publisher":{"@id":"https:\/\/www.q8oils.com\/es\/#organization"},"potentialAction":[{"@type":"SearchAction","target":{"@type":"EntryPoint","urlTemplate":"https:\/\/www.q8oils.com\/es\/?s={search_term_string}"},"query-input":{"@type":"PropertyValueSpecification","valueRequired":true,"valueName":"search_term_string"}}],"inLanguage":"es"},{"@type":"Organization","@id":"https:\/\/www.q8oils.com\/es\/#organization","name":"Q8Oils","url":"https:\/\/www.q8oils.com\/es\/","logo":{"@type":"ImageObject","inLanguage":"es","@id":"https:\/\/www.q8oils.com\/es\/#\/schema\/logo\/image\/","url":"https:\/\/www.q8oils.com\/wp-content\/uploads\/2020\/04\/q8oils-logo.png","contentUrl":"https:\/\/www.q8oils.com\/wp-content\/uploads\/2020\/04\/q8oils-logo.png","width":475,"height":100,"caption":"Q8Oils"},"image":{"@id":"https:\/\/www.q8oils.com\/es\/#\/schema\/logo\/image\/"},"sameAs":["https:\/\/www.linkedin.com\/Q8Oils"]}]}},"_links":{"self":[{"href":"https:\/\/www.q8oils.com\/es\/wp-json\/wp\/v2\/pages\/503058"}],"collection":[{"href":"https:\/\/www.q8oils.com\/es\/wp-json\/wp\/v2\/pages"}],"about":[{"href":"https:\/\/www.q8oils.com\/es\/wp-json\/wp\/v2\/types\/page"}],"author":[{"embeddable":true,"href":"https:\/\/www.q8oils.com\/es\/wp-json\/wp\/v2\/users\/2"}],"replies":[{"embeddable":true,"href":"https:\/\/www.q8oils.com\/es\/wp-json\/wp\/v2\/comments?post=503058"}],"version-history":[{"count":4,"href":"https:\/\/www.q8oils.com\/es\/wp-json\/wp\/v2\/pages\/503058\/revisions"}],"predecessor-version":[{"id":505949,"href":"https:\/\/www.q8oils.com\/es\/wp-json\/wp\/v2\/pages\/503058\/revisions\/505949"}],"up":[{"embeddable":true,"href":"https:\/\/www.q8oils.com\/es\/wp-json\/wp\/v2\/pages\/503053"}],"wp:attachment":[{"href":"https:\/\/www.q8oils.com\/es\/wp-json\/wp\/v2\/media?parent=503058"}],"curies":[{"name":"wp","href":"https:\/\/api.w.org\/{rel}","templated":true}]}}