
 

{"id":499264,"date":"2020-04-08T12:22:41","date_gmt":"2020-04-08T12:22:41","guid":{"rendered":"https:\/\/www.q8oils.com\/passenger-cars\/"},"modified":"2020-12-09T13:38:31","modified_gmt":"2020-12-09T13:38:31","slug":"voitures","status":"publish","type":"page","link":"https:\/\/www.q8oils.com\/fr\/automotive\/voitures\/","title":{"rendered":"Voitures"},"content":{"rendered":"","protected":false},"excerpt":{"rendered":"<p>Une gamme compl\u00e8te pour voitures con\u00e7ue pour prot\u00e9ger les composants vitaux, diminuer la consommation de carburant et r\u00e9duire les \u00e9missions nocives, approuv\u00e9e par la plupart des constructeurs.<\/p>\n","protected":false},"author":2,"featured_media":436,"parent":502109,"menu_order":0,"comment_status":"closed","ping_status":"closed","template":"page-templates\/minor.php","meta":{"_acf_changed":false,"footnotes":""},"class_list":["post-499264","page","type-page","status-publish","has-post-thumbnail","hentry","major-automotive-fr"],"acf":[],"yoast_head":"<!-- This site is optimized with the Yoast SEO plugin v23.5 - https:\/\/yoast.com\/wordpress\/plugins\/seo\/ -->\n<title>Voitures - Q8Oils<\/title>\n<meta name=\"description\" content=\"Le paysage automobile a consid\u00e9rablement chang\u00e9 au cours de la derni\u00e8re d\u00e9cennie. Aujourd\u2019hui, les \u00ab hautes performances \u00bb d\u2019un moteur ne se r\u00e9sument plus \u00e0 la vitesse et la puissance. Elles sont \u00e9galement synonymes d\u2019efficacit\u00e9, de r\u00e9sistance et de propret\u00e9.La qualit\u00e9 et la fiabilit\u00e9 de nos lubrifiants ont \u00e9t\u00e9 attest\u00e9es par d\u2019innombrables clients ayant parcouru des millions de kilom\u00e8tres. Con\u00e7us pour prot\u00e9ger les composants vitaux, r\u00e9duire la consommation de carburant et diminuer les \u00e9missions nocives, ils repr\u00e9sentent ce qui se fait de mieux en termes de technologie et sont continuellement am\u00e9lior\u00e9s pour r\u00e9pondre aux besoins de nos clients et des constructeurs.\" \/>\n<meta name=\"robots\" content=\"index, follow, max-snippet:-1, max-image-preview:large, max-video-preview:-1\" \/>\n<link rel=\"canonical\" href=\"https:\/\/www.q8oils.com\/fr\/automotive\/voitures\/\" \/>\n<meta property=\"og:locale\" content=\"fr_FR\" \/>\n<meta property=\"og:type\" content=\"article\" \/>\n<meta property=\"og:title\" content=\"Voitures - Q8Oils\" \/>\n<meta property=\"og:description\" content=\"Le paysage automobile a consid\u00e9rablement chang\u00e9 au cours de la derni\u00e8re d\u00e9cennie. Aujourd\u2019hui, les \u00ab hautes performances \u00bb d\u2019un moteur ne se r\u00e9sument plus \u00e0 la vitesse et la puissance. Elles sont \u00e9galement synonymes d\u2019efficacit\u00e9, de r\u00e9sistance et de propret\u00e9.La qualit\u00e9 et la fiabilit\u00e9 de nos lubrifiants ont \u00e9t\u00e9 attest\u00e9es par d\u2019innombrables clients ayant parcouru des millions de kilom\u00e8tres. Con\u00e7us pour prot\u00e9ger les composants vitaux, r\u00e9duire la consommation de carburant et diminuer les \u00e9missions nocives, ils repr\u00e9sentent ce qui se fait de mieux en termes de technologie et sont continuellement am\u00e9lior\u00e9s pour r\u00e9pondre aux besoins de nos clients et des constructeurs.\" \/>\n<meta property=\"og:url\" content=\"https:\/\/www.q8oils.com\/fr\/automotive\/voitures\/\" \/>\n<meta property=\"og:site_name\" content=\"Q8Oils\" \/>\n<meta property=\"article:modified_time\" content=\"2020-12-09T13:38:31+00:00\" \/>\n<meta property=\"og:image\" content=\"https:\/\/www.q8oils.com\/wp-content\/uploads\/2020\/04\/21226_Passenger-Car.png\" \/>\n\t<meta property=\"og:image:width\" content=\"444\" \/>\n\t<meta property=\"og:image:height\" content=\"296\" \/>\n\t<meta property=\"og:image:type\" content=\"image\/png\" \/>\n<meta name=\"twitter:card\" content=\"summary_large_image\" \/>\n<script type=\"application\/ld+json\" class=\"yoast-schema-graph\">{\"@context\":\"https:\/\/schema.org\",\"@graph\":[{\"@type\":\"WebPage\",\"@id\":\"https:\/\/www.q8oils.com\/fr\/automotive\/voitures\/\",\"url\":\"https:\/\/www.q8oils.com\/fr\/automotive\/voitures\/\",\"name\":\"Voitures - Q8Oils\",\"isPartOf\":{\"@id\":\"https:\/\/www.q8oils.com\/fr\/#website\"},\"primaryImageOfPage\":{\"@id\":\"https:\/\/www.q8oils.com\/fr\/automotive\/voitures\/#primaryimage\"},\"image\":{\"@id\":\"https:\/\/www.q8oils.com\/fr\/automotive\/voitures\/#primaryimage\"},\"thumbnailUrl\":\"https:\/\/www.q8oils.com\/wp-content\/uploads\/2020\/04\/21226_Passenger-Car.png\",\"datePublished\":\"2020-04-08T12:22:41+00:00\",\"dateModified\":\"2020-12-09T13:38:31+00:00\",\"description\":\"Le paysage automobile a consid\u00e9rablement chang\u00e9 au cours de la derni\u00e8re d\u00e9cennie. Aujourd\u2019hui, les \u00ab hautes performances \u00bb d\u2019un moteur ne se r\u00e9sument plus \u00e0 la vitesse et la puissance. Elles sont \u00e9galement synonymes d\u2019efficacit\u00e9, de r\u00e9sistance et de propret\u00e9.La qualit\u00e9 et la fiabilit\u00e9 de nos lubrifiants ont \u00e9t\u00e9 attest\u00e9es par d\u2019innombrables clients ayant parcouru des millions de kilom\u00e8tres. Con\u00e7us pour prot\u00e9ger les composants vitaux, r\u00e9duire la consommation de carburant et diminuer les \u00e9missions nocives, ils repr\u00e9sentent ce qui se fait de mieux en termes de technologie et sont continuellement am\u00e9lior\u00e9s pour r\u00e9pondre aux besoins de nos clients et des constructeurs.\",\"breadcrumb\":{\"@id\":\"https:\/\/www.q8oils.com\/fr\/automotive\/voitures\/#breadcrumb\"},\"inLanguage\":\"fr-FR\",\"potentialAction\":[{\"@type\":\"ReadAction\",\"target\":[\"https:\/\/www.q8oils.com\/fr\/automotive\/voitures\/\"]}]},{\"@type\":\"ImageObject\",\"inLanguage\":\"fr-FR\",\"@id\":\"https:\/\/www.q8oils.com\/fr\/automotive\/voitures\/#primaryimage\",\"url\":\"https:\/\/www.q8oils.com\/wp-content\/uploads\/2020\/04\/21226_Passenger-Car.png\",\"contentUrl\":\"https:\/\/www.q8oils.com\/wp-content\/uploads\/2020\/04\/21226_Passenger-Car.png\",\"width\":444,\"height\":296,\"caption\":\"Passenger Car\"},{\"@type\":\"BreadcrumbList\",\"@id\":\"https:\/\/www.q8oils.com\/fr\/automotive\/voitures\/#breadcrumb\",\"itemListElement\":[{\"@type\":\"ListItem\",\"position\":1,\"name\":\"Home\",\"item\":\"https:\/\/www.q8oils.com\/fr\/\"},{\"@type\":\"ListItem\",\"position\":2,\"name\":\"Automotive\",\"item\":\"https:\/\/www.q8oils.com\/fr\/automotive\/\"},{\"@type\":\"ListItem\",\"position\":3,\"name\":\"Voitures\"}]},{\"@type\":\"WebSite\",\"@id\":\"https:\/\/www.q8oils.com\/fr\/#website\",\"url\":\"https:\/\/www.q8oils.com\/fr\/\",\"name\":\"Q8Oils\",\"description\":\"Global, partnership, lubricants, solutions\",\"publisher\":{\"@id\":\"https:\/\/www.q8oils.com\/fr\/#organization\"},\"potentialAction\":[{\"@type\":\"SearchAction\",\"target\":{\"@type\":\"EntryPoint\",\"urlTemplate\":\"https:\/\/www.q8oils.com\/fr\/?s={search_term_string}\"},\"query-input\":{\"@type\":\"PropertyValueSpecification\",\"valueRequired\":true,\"valueName\":\"search_term_string\"}}],\"inLanguage\":\"fr-FR\"},{\"@type\":\"Organization\",\"@id\":\"https:\/\/www.q8oils.com\/fr\/#organization\",\"name\":\"Q8Oils\",\"url\":\"https:\/\/www.q8oils.com\/fr\/\",\"logo\":{\"@type\":\"ImageObject\",\"inLanguage\":\"fr-FR\",\"@id\":\"https:\/\/www.q8oils.com\/fr\/#\/schema\/logo\/image\/\",\"url\":\"https:\/\/www.q8oils.com\/wp-content\/uploads\/2020\/04\/q8oils-logo.png\",\"contentUrl\":\"https:\/\/www.q8oils.com\/wp-content\/uploads\/2020\/04\/q8oils-logo.png\",\"width\":475,\"height\":100,\"caption\":\"Q8Oils\"},\"image\":{\"@id\":\"https:\/\/www.q8oils.com\/fr\/#\/schema\/logo\/image\/\"},\"sameAs\":[\"https:\/\/www.linkedin.com\/Q8Oils\"]}]}<\/script>\n<!-- \/ Yoast SEO plugin. -->","yoast_head_json":{"title":"Voitures - Q8Oils","description":"Le paysage automobile a consid\u00e9rablement chang\u00e9 au cours de la derni\u00e8re d\u00e9cennie. Aujourd\u2019hui, les \u00ab hautes performances \u00bb d\u2019un moteur ne se r\u00e9sument plus \u00e0 la vitesse et la puissance. Elles sont \u00e9galement synonymes d\u2019efficacit\u00e9, de r\u00e9sistance et de propret\u00e9.La qualit\u00e9 et la fiabilit\u00e9 de nos lubrifiants ont \u00e9t\u00e9 attest\u00e9es par d\u2019innombrables clients ayant parcouru des millions de kilom\u00e8tres. Con\u00e7us pour prot\u00e9ger les composants vitaux, r\u00e9duire la consommation de carburant et diminuer les \u00e9missions nocives, ils repr\u00e9sentent ce qui se fait de mieux en termes de technologie et sont continuellement am\u00e9lior\u00e9s pour r\u00e9pondre aux besoins de nos clients et des constructeurs.","robots":{"index":"index","follow":"follow","max-snippet":"max-snippet:-1","max-image-preview":"max-image-preview:large","max-video-preview":"max-video-preview:-1"},"canonical":"https:\/\/www.q8oils.com\/fr\/automotive\/voitures\/","og_locale":"fr_FR","og_type":"article","og_title":"Voitures - Q8Oils","og_description":"Le paysage automobile a consid\u00e9rablement chang\u00e9 au cours de la derni\u00e8re d\u00e9cennie. Aujourd\u2019hui, les \u00ab hautes performances \u00bb d\u2019un moteur ne se r\u00e9sument plus \u00e0 la vitesse et la puissance. Elles sont \u00e9galement synonymes d\u2019efficacit\u00e9, de r\u00e9sistance et de propret\u00e9.La qualit\u00e9 et la fiabilit\u00e9 de nos lubrifiants ont \u00e9t\u00e9 attest\u00e9es par d\u2019innombrables clients ayant parcouru des millions de kilom\u00e8tres. Con\u00e7us pour prot\u00e9ger les composants vitaux, r\u00e9duire la consommation de carburant et diminuer les \u00e9missions nocives, ils repr\u00e9sentent ce qui se fait de mieux en termes de technologie et sont continuellement am\u00e9lior\u00e9s pour r\u00e9pondre aux besoins de nos clients et des constructeurs.","og_url":"https:\/\/www.q8oils.com\/fr\/automotive\/voitures\/","og_site_name":"Q8Oils","article_modified_time":"2020-12-09T13:38:31+00:00","og_image":[{"width":444,"height":296,"url":"https:\/\/www.q8oils.com\/wp-content\/uploads\/2020\/04\/21226_Passenger-Car.png","type":"image\/png"}],"twitter_card":"summary_large_image","schema":{"@context":"https:\/\/schema.org","@graph":[{"@type":"WebPage","@id":"https:\/\/www.q8oils.com\/fr\/automotive\/voitures\/","url":"https:\/\/www.q8oils.com\/fr\/automotive\/voitures\/","name":"Voitures - Q8Oils","isPartOf":{"@id":"https:\/\/www.q8oils.com\/fr\/#website"},"primaryImageOfPage":{"@id":"https:\/\/www.q8oils.com\/fr\/automotive\/voitures\/#primaryimage"},"image":{"@id":"https:\/\/www.q8oils.com\/fr\/automotive\/voitures\/#primaryimage"},"thumbnailUrl":"https:\/\/www.q8oils.com\/wp-content\/uploads\/2020\/04\/21226_Passenger-Car.png","datePublished":"2020-04-08T12:22:41+00:00","dateModified":"2020-12-09T13:38:31+00:00","description":"Le paysage automobile a consid\u00e9rablement chang\u00e9 au cours de la derni\u00e8re d\u00e9cennie. Aujourd\u2019hui, les \u00ab hautes performances \u00bb d\u2019un moteur ne se r\u00e9sument plus \u00e0 la vitesse et la puissance. Elles sont \u00e9galement synonymes d\u2019efficacit\u00e9, de r\u00e9sistance et de propret\u00e9.La qualit\u00e9 et la fiabilit\u00e9 de nos lubrifiants ont \u00e9t\u00e9 attest\u00e9es par d\u2019innombrables clients ayant parcouru des millions de kilom\u00e8tres. Con\u00e7us pour prot\u00e9ger les composants vitaux, r\u00e9duire la consommation de carburant et diminuer les \u00e9missions nocives, ils repr\u00e9sentent ce qui se fait de mieux en termes de technologie et sont continuellement am\u00e9lior\u00e9s pour r\u00e9pondre aux besoins de nos clients et des constructeurs.","breadcrumb":{"@id":"https:\/\/www.q8oils.com\/fr\/automotive\/voitures\/#breadcrumb"},"inLanguage":"fr-FR","potentialAction":[{"@type":"ReadAction","target":["https:\/\/www.q8oils.com\/fr\/automotive\/voitures\/"]}]},{"@type":"ImageObject","inLanguage":"fr-FR","@id":"https:\/\/www.q8oils.com\/fr\/automotive\/voitures\/#primaryimage","url":"https:\/\/www.q8oils.com\/wp-content\/uploads\/2020\/04\/21226_Passenger-Car.png","contentUrl":"https:\/\/www.q8oils.com\/wp-content\/uploads\/2020\/04\/21226_Passenger-Car.png","width":444,"height":296,"caption":"Passenger Car"},{"@type":"BreadcrumbList","@id":"https:\/\/www.q8oils.com\/fr\/automotive\/voitures\/#breadcrumb","itemListElement":[{"@type":"ListItem","position":1,"name":"Home","item":"https:\/\/www.q8oils.com\/fr\/"},{"@type":"ListItem","position":2,"name":"Automotive","item":"https:\/\/www.q8oils.com\/fr\/automotive\/"},{"@type":"ListItem","position":3,"name":"Voitures"}]},{"@type":"WebSite","@id":"https:\/\/www.q8oils.com\/fr\/#website","url":"https:\/\/www.q8oils.com\/fr\/","name":"Q8Oils","description":"Global, partnership, lubricants, solutions","publisher":{"@id":"https:\/\/www.q8oils.com\/fr\/#organization"},"potentialAction":[{"@type":"SearchAction","target":{"@type":"EntryPoint","urlTemplate":"https:\/\/www.q8oils.com\/fr\/?s={search_term_string}"},"query-input":{"@type":"PropertyValueSpecification","valueRequired":true,"valueName":"search_term_string"}}],"inLanguage":"fr-FR"},{"@type":"Organization","@id":"https:\/\/www.q8oils.com\/fr\/#organization","name":"Q8Oils","url":"https:\/\/www.q8oils.com\/fr\/","logo":{"@type":"ImageObject","inLanguage":"fr-FR","@id":"https:\/\/www.q8oils.com\/fr\/#\/schema\/logo\/image\/","url":"https:\/\/www.q8oils.com\/wp-content\/uploads\/2020\/04\/q8oils-logo.png","contentUrl":"https:\/\/www.q8oils.com\/wp-content\/uploads\/2020\/04\/q8oils-logo.png","width":475,"height":100,"caption":"Q8Oils"},"image":{"@id":"https:\/\/www.q8oils.com\/fr\/#\/schema\/logo\/image\/"},"sameAs":["https:\/\/www.linkedin.com\/Q8Oils"]}]}},"_links":{"self":[{"href":"https:\/\/www.q8oils.com\/fr\/wp-json\/wp\/v2\/pages\/499264"}],"collection":[{"href":"https:\/\/www.q8oils.com\/fr\/wp-json\/wp\/v2\/pages"}],"about":[{"href":"https:\/\/www.q8oils.com\/fr\/wp-json\/wp\/v2\/types\/page"}],"author":[{"embeddable":true,"href":"https:\/\/www.q8oils.com\/fr\/wp-json\/wp\/v2\/users\/2"}],"replies":[{"embeddable":true,"href":"https:\/\/www.q8oils.com\/fr\/wp-json\/wp\/v2\/comments?post=499264"}],"version-history":[{"count":7,"href":"https:\/\/www.q8oils.com\/fr\/wp-json\/wp\/v2\/pages\/499264\/revisions"}],"predecessor-version":[{"id":641895,"href":"https:\/\/www.q8oils.com\/fr\/wp-json\/wp\/v2\/pages\/499264\/revisions\/641895"}],"up":[{"embeddable":true,"href":"https:\/\/www.q8oils.com\/fr\/wp-json\/wp\/v2\/pages\/502109"}],"wp:featuredmedia":[{"embeddable":true,"href":"https:\/\/www.q8oils.com\/fr\/wp-json\/wp\/v2\/media\/436"}],"wp:attachment":[{"href":"https:\/\/www.q8oils.com\/fr\/wp-json\/wp\/v2\/media?parent=499264"}],"curies":[{"name":"wp","href":"https:\/\/api.w.org\/{rel}","templated":true}]}}