
 

{"id":502109,"date":"2020-04-03T14:42:02","date_gmt":"2020-04-03T14:42:02","guid":{"rendered":"https:\/\/www.q8oils.com\/automotive\/"},"modified":"2020-07-16T18:02:15","modified_gmt":"2020-07-16T18:02:15","slug":"automotive","status":"publish","type":"page","link":"https:\/\/www.q8oils.com\/fr\/automotive\/","title":{"rendered":"Automotive"},"content":{"rendered":"","protected":false},"excerpt":{"rendered":"<p>Notre r\u00e9putation \u00e0 l\u2019\u00e9chelle mondiale, notre fiabilit\u00e9 en mati\u00e8re de qualit\u00e9 et notre approche innovante et progressive font de Q8Oils le partenaire id\u00e9al dans le secteur automobile. Nos lubrifiants sont con\u00e7us pour prot\u00e9ger les composants vitaux, am\u00e9liorer la consommation de carburant et r\u00e9duire les \u00e9missions nocives. Nos lubrifiants automobiles sont sans cesse am\u00e9lior\u00e9s afin de r\u00e9pondre aux divers besoins de nos clients et des fabricants de pi\u00e8ces d\u2019origine.<\/p>\n","protected":false},"author":2,"featured_media":0,"parent":0,"menu_order":0,"comment_status":"closed","ping_status":"closed","template":"page-templates\/major.php","meta":{"_acf_changed":false,"footnotes":""},"class_list":["post-502109","page","type-page","status-publish","hentry"],"acf":[],"yoast_head":"<!-- This site is optimized with the Yoast SEO plugin v23.5 - https:\/\/yoast.com\/wordpress\/plugins\/seo\/ -->\n<title>Automotive - Q8Oils<\/title>\n<meta name=\"description\" content=\"Notre r\u00e9putation \u00e0 l\u2019\u00e9chelle mondiale, notre fiabilit\u00e9 en mati\u00e8re de qualit\u00e9 et notre approche innovante et progressive font de Q8Oils le partenaire id\u00e9al dans le secteur automobile. Nos lubrifiants sont con\u00e7us pour prot\u00e9ger les composants vitaux, am\u00e9liorer la consommation de carburant et r\u00e9duire les \u00e9missions nocives. Nos lubrifiants automobiles sont sans cesse am\u00e9lior\u00e9s afin de r\u00e9pondre aux divers besoins de nos clients et des fabricants de pi\u00e8ces d\u2019origine.\" \/>\n<meta name=\"robots\" content=\"index, follow, max-snippet:-1, max-image-preview:large, max-video-preview:-1\" \/>\n<link rel=\"canonical\" href=\"https:\/\/www.q8oils.com\/fr\/automotive\/\" \/>\n<meta property=\"og:locale\" content=\"fr_FR\" \/>\n<meta property=\"og:type\" content=\"article\" \/>\n<meta property=\"og:title\" content=\"Automotive - Q8Oils\" \/>\n<meta property=\"og:description\" content=\"Notre r\u00e9putation \u00e0 l\u2019\u00e9chelle mondiale, notre fiabilit\u00e9 en mati\u00e8re de qualit\u00e9 et notre approche innovante et progressive font de Q8Oils le partenaire id\u00e9al dans le secteur automobile. Nos lubrifiants sont con\u00e7us pour prot\u00e9ger les composants vitaux, am\u00e9liorer la consommation de carburant et r\u00e9duire les \u00e9missions nocives. Nos lubrifiants automobiles sont sans cesse am\u00e9lior\u00e9s afin de r\u00e9pondre aux divers besoins de nos clients et des fabricants de pi\u00e8ces d\u2019origine.\" \/>\n<meta property=\"og:url\" content=\"https:\/\/www.q8oils.com\/fr\/automotive\/\" \/>\n<meta property=\"og:site_name\" content=\"Q8Oils\" \/>\n<meta property=\"article:modified_time\" content=\"2020-07-16T18:02:15+00:00\" \/>\n<meta name=\"twitter:card\" content=\"summary_large_image\" \/>\n<script type=\"application\/ld+json\" class=\"yoast-schema-graph\">{\"@context\":\"https:\/\/schema.org\",\"@graph\":[{\"@type\":\"WebPage\",\"@id\":\"https:\/\/www.q8oils.com\/fr\/automotive\/\",\"url\":\"https:\/\/www.q8oils.com\/fr\/automotive\/\",\"name\":\"Automotive - Q8Oils\",\"isPartOf\":{\"@id\":\"https:\/\/www.q8oils.com\/fr\/#website\"},\"datePublished\":\"2020-04-03T14:42:02+00:00\",\"dateModified\":\"2020-07-16T18:02:15+00:00\",\"description\":\"Notre r\u00e9putation \u00e0 l\u2019\u00e9chelle mondiale, notre fiabilit\u00e9 en mati\u00e8re de qualit\u00e9 et notre approche innovante et progressive font de Q8Oils le partenaire id\u00e9al dans le secteur automobile. Nos lubrifiants sont con\u00e7us pour prot\u00e9ger les composants vitaux, am\u00e9liorer la consommation de carburant et r\u00e9duire les \u00e9missions nocives. Nos lubrifiants automobiles sont sans cesse am\u00e9lior\u00e9s afin de r\u00e9pondre aux divers besoins de nos clients et des fabricants de pi\u00e8ces d\u2019origine.\",\"breadcrumb\":{\"@id\":\"https:\/\/www.q8oils.com\/fr\/automotive\/#breadcrumb\"},\"inLanguage\":\"fr-FR\",\"potentialAction\":[{\"@type\":\"ReadAction\",\"target\":[\"https:\/\/www.q8oils.com\/fr\/automotive\/\"]}]},{\"@type\":\"BreadcrumbList\",\"@id\":\"https:\/\/www.q8oils.com\/fr\/automotive\/#breadcrumb\",\"itemListElement\":[{\"@type\":\"ListItem\",\"position\":1,\"name\":\"Home\",\"item\":\"https:\/\/www.q8oils.com\/fr\/\"},{\"@type\":\"ListItem\",\"position\":2,\"name\":\"Automotive\"}]},{\"@type\":\"WebSite\",\"@id\":\"https:\/\/www.q8oils.com\/fr\/#website\",\"url\":\"https:\/\/www.q8oils.com\/fr\/\",\"name\":\"Q8Oils\",\"description\":\"Global, partnership, lubricants, solutions\",\"publisher\":{\"@id\":\"https:\/\/www.q8oils.com\/fr\/#organization\"},\"potentialAction\":[{\"@type\":\"SearchAction\",\"target\":{\"@type\":\"EntryPoint\",\"urlTemplate\":\"https:\/\/www.q8oils.com\/fr\/?s={search_term_string}\"},\"query-input\":{\"@type\":\"PropertyValueSpecification\",\"valueRequired\":true,\"valueName\":\"search_term_string\"}}],\"inLanguage\":\"fr-FR\"},{\"@type\":\"Organization\",\"@id\":\"https:\/\/www.q8oils.com\/fr\/#organization\",\"name\":\"Q8Oils\",\"url\":\"https:\/\/www.q8oils.com\/fr\/\",\"logo\":{\"@type\":\"ImageObject\",\"inLanguage\":\"fr-FR\",\"@id\":\"https:\/\/www.q8oils.com\/fr\/#\/schema\/logo\/image\/\",\"url\":\"https:\/\/www.q8oils.com\/wp-content\/uploads\/2020\/04\/q8oils-logo.png\",\"contentUrl\":\"https:\/\/www.q8oils.com\/wp-content\/uploads\/2020\/04\/q8oils-logo.png\",\"width\":475,\"height\":100,\"caption\":\"Q8Oils\"},\"image\":{\"@id\":\"https:\/\/www.q8oils.com\/fr\/#\/schema\/logo\/image\/\"},\"sameAs\":[\"https:\/\/www.linkedin.com\/Q8Oils\"]}]}<\/script>\n<!-- \/ Yoast SEO plugin. -->","yoast_head_json":{"title":"Automotive - Q8Oils","description":"Notre r\u00e9putation \u00e0 l\u2019\u00e9chelle mondiale, notre fiabilit\u00e9 en mati\u00e8re de qualit\u00e9 et notre approche innovante et progressive font de Q8Oils le partenaire id\u00e9al dans le secteur automobile. Nos lubrifiants sont con\u00e7us pour prot\u00e9ger les composants vitaux, am\u00e9liorer la consommation de carburant et r\u00e9duire les \u00e9missions nocives. Nos lubrifiants automobiles sont sans cesse am\u00e9lior\u00e9s afin de r\u00e9pondre aux divers besoins de nos clients et des fabricants de pi\u00e8ces d\u2019origine.","robots":{"index":"index","follow":"follow","max-snippet":"max-snippet:-1","max-image-preview":"max-image-preview:large","max-video-preview":"max-video-preview:-1"},"canonical":"https:\/\/www.q8oils.com\/fr\/automotive\/","og_locale":"fr_FR","og_type":"article","og_title":"Automotive - Q8Oils","og_description":"Notre r\u00e9putation \u00e0 l\u2019\u00e9chelle mondiale, notre fiabilit\u00e9 en mati\u00e8re de qualit\u00e9 et notre approche innovante et progressive font de Q8Oils le partenaire id\u00e9al dans le secteur automobile. Nos lubrifiants sont con\u00e7us pour prot\u00e9ger les composants vitaux, am\u00e9liorer la consommation de carburant et r\u00e9duire les \u00e9missions nocives. Nos lubrifiants automobiles sont sans cesse am\u00e9lior\u00e9s afin de r\u00e9pondre aux divers besoins de nos clients et des fabricants de pi\u00e8ces d\u2019origine.","og_url":"https:\/\/www.q8oils.com\/fr\/automotive\/","og_site_name":"Q8Oils","article_modified_time":"2020-07-16T18:02:15+00:00","twitter_card":"summary_large_image","schema":{"@context":"https:\/\/schema.org","@graph":[{"@type":"WebPage","@id":"https:\/\/www.q8oils.com\/fr\/automotive\/","url":"https:\/\/www.q8oils.com\/fr\/automotive\/","name":"Automotive - Q8Oils","isPartOf":{"@id":"https:\/\/www.q8oils.com\/fr\/#website"},"datePublished":"2020-04-03T14:42:02+00:00","dateModified":"2020-07-16T18:02:15+00:00","description":"Notre r\u00e9putation \u00e0 l\u2019\u00e9chelle mondiale, notre fiabilit\u00e9 en mati\u00e8re de qualit\u00e9 et notre approche innovante et progressive font de Q8Oils le partenaire id\u00e9al dans le secteur automobile. Nos lubrifiants sont con\u00e7us pour prot\u00e9ger les composants vitaux, am\u00e9liorer la consommation de carburant et r\u00e9duire les \u00e9missions nocives. Nos lubrifiants automobiles sont sans cesse am\u00e9lior\u00e9s afin de r\u00e9pondre aux divers besoins de nos clients et des fabricants de pi\u00e8ces d\u2019origine.","breadcrumb":{"@id":"https:\/\/www.q8oils.com\/fr\/automotive\/#breadcrumb"},"inLanguage":"fr-FR","potentialAction":[{"@type":"ReadAction","target":["https:\/\/www.q8oils.com\/fr\/automotive\/"]}]},{"@type":"BreadcrumbList","@id":"https:\/\/www.q8oils.com\/fr\/automotive\/#breadcrumb","itemListElement":[{"@type":"ListItem","position":1,"name":"Home","item":"https:\/\/www.q8oils.com\/fr\/"},{"@type":"ListItem","position":2,"name":"Automotive"}]},{"@type":"WebSite","@id":"https:\/\/www.q8oils.com\/fr\/#website","url":"https:\/\/www.q8oils.com\/fr\/","name":"Q8Oils","description":"Global, partnership, lubricants, solutions","publisher":{"@id":"https:\/\/www.q8oils.com\/fr\/#organization"},"potentialAction":[{"@type":"SearchAction","target":{"@type":"EntryPoint","urlTemplate":"https:\/\/www.q8oils.com\/fr\/?s={search_term_string}"},"query-input":{"@type":"PropertyValueSpecification","valueRequired":true,"valueName":"search_term_string"}}],"inLanguage":"fr-FR"},{"@type":"Organization","@id":"https:\/\/www.q8oils.com\/fr\/#organization","name":"Q8Oils","url":"https:\/\/www.q8oils.com\/fr\/","logo":{"@type":"ImageObject","inLanguage":"fr-FR","@id":"https:\/\/www.q8oils.com\/fr\/#\/schema\/logo\/image\/","url":"https:\/\/www.q8oils.com\/wp-content\/uploads\/2020\/04\/q8oils-logo.png","contentUrl":"https:\/\/www.q8oils.com\/wp-content\/uploads\/2020\/04\/q8oils-logo.png","width":475,"height":100,"caption":"Q8Oils"},"image":{"@id":"https:\/\/www.q8oils.com\/fr\/#\/schema\/logo\/image\/"},"sameAs":["https:\/\/www.linkedin.com\/Q8Oils"]}]}},"_links":{"self":[{"href":"https:\/\/www.q8oils.com\/fr\/wp-json\/wp\/v2\/pages\/502109"}],"collection":[{"href":"https:\/\/www.q8oils.com\/fr\/wp-json\/wp\/v2\/pages"}],"about":[{"href":"https:\/\/www.q8oils.com\/fr\/wp-json\/wp\/v2\/types\/page"}],"author":[{"embeddable":true,"href":"https:\/\/www.q8oils.com\/fr\/wp-json\/wp\/v2\/users\/2"}],"replies":[{"embeddable":true,"href":"https:\/\/www.q8oils.com\/fr\/wp-json\/wp\/v2\/comments?post=502109"}],"version-history":[{"count":4,"href":"https:\/\/www.q8oils.com\/fr\/wp-json\/wp\/v2\/pages\/502109\/revisions"}],"predecessor-version":[{"id":506105,"href":"https:\/\/www.q8oils.com\/fr\/wp-json\/wp\/v2\/pages\/502109\/revisions\/506105"}],"wp:attachment":[{"href":"https:\/\/www.q8oils.com\/fr\/wp-json\/wp\/v2\/media?parent=502109"}],"curies":[{"name":"wp","href":"https:\/\/api.w.org\/{rel}","templated":true}]}}