
 

{"id":502133,"date":"2020-05-17T17:13:24","date_gmt":"2020-05-17T17:13:24","guid":{"rendered":"https:\/\/www.q8oils.com\/automotive\/heavy-duty\/"},"modified":"2020-12-09T14:07:05","modified_gmt":"2020-12-09T14:07:05","slug":"camions-et-bus","status":"publish","type":"page","link":"https:\/\/www.q8oils.com\/fr\/automotive\/camions-et-bus\/","title":{"rendered":"Camions et Bus"},"content":{"rendered":"","protected":false},"excerpt":{"rendered":"<p>Notre gamme pour poids lourds convient pour toutes les applications fortement charg\u00e9es et am\u00e9liore l\u2019efficacit\u00e9 du moteur, allonge les intervalles de vidange et a des propri\u00e9t\u00e9s faible teneur en \u00ab SAPS \u00bb (cendres sulfat\u00e9es, phosphore et soufre), garantissant une meilleure protection des syst\u00e8mes de retraitement des gaz.<\/p>\n","protected":false},"author":2,"featured_media":501127,"parent":502109,"menu_order":0,"comment_status":"closed","ping_status":"closed","template":"page-templates\/minor.php","meta":{"_acf_changed":false,"footnotes":""},"class_list":["post-502133","page","type-page","status-publish","has-post-thumbnail","hentry","major-automotive-fr"],"acf":[],"yoast_head":"<!-- This site is optimized with the Yoast SEO plugin v23.5 - https:\/\/yoast.com\/wordpress\/plugins\/seo\/ -->\n<title>Camions et Bus - Q8Oils<\/title>\n<meta name=\"description\" content=\"Q8 Formula Truck, la gamme HDDO de Q8Oils a subi avec r\u00e9ussite des tests dans un large \u00e9ventail d\u2019applications et dans des conditions extr\u00eames. La gamme convient pour n\u2019importe quelle flotte de camions et permet d\u2019am\u00e9liorer l\u2019efficacit\u00e9 moteur ainsi que d\u2019espacer les vidanges. Elle a des propri\u00e9t\u00e9s de faible teneur en \u00ab SAPS \u00bb (cendres sulfat\u00e9es, phosphore et soufre) pour une meilleure protection des syst\u00e8mes de retraitement des gaz et, de plus, r\u00e9duit la consommation de carburant.\" \/>\n<meta name=\"robots\" content=\"index, follow, max-snippet:-1, max-image-preview:large, max-video-preview:-1\" \/>\n<link rel=\"canonical\" href=\"https:\/\/www.q8oils.com\/fr\/automotive\/camions-et-bus\/\" \/>\n<meta property=\"og:locale\" content=\"fr_FR\" \/>\n<meta property=\"og:type\" content=\"article\" \/>\n<meta property=\"og:title\" content=\"Camions et Bus - Q8Oils\" \/>\n<meta property=\"og:description\" content=\"Q8 Formula Truck, la gamme HDDO de Q8Oils a subi avec r\u00e9ussite des tests dans un large \u00e9ventail d\u2019applications et dans des conditions extr\u00eames. La gamme convient pour n\u2019importe quelle flotte de camions et permet d\u2019am\u00e9liorer l\u2019efficacit\u00e9 moteur ainsi que d\u2019espacer les vidanges. Elle a des propri\u00e9t\u00e9s de faible teneur en \u00ab SAPS \u00bb (cendres sulfat\u00e9es, phosphore et soufre) pour une meilleure protection des syst\u00e8mes de retraitement des gaz et, de plus, r\u00e9duit la consommation de carburant.\" \/>\n<meta property=\"og:url\" content=\"https:\/\/www.q8oils.com\/fr\/automotive\/camions-et-bus\/\" \/>\n<meta property=\"og:site_name\" content=\"Q8Oils\" \/>\n<meta property=\"article:modified_time\" content=\"2020-12-09T14:07:05+00:00\" \/>\n<meta property=\"og:image\" content=\"https:\/\/www.q8oils.com\/wp-content\/uploads\/2020\/06\/21229_On-Road_Transport-1.png\" \/>\n\t<meta property=\"og:image:width\" content=\"200\" \/>\n\t<meta property=\"og:image:height\" content=\"200\" \/>\n\t<meta property=\"og:image:type\" content=\"image\/png\" \/>\n<meta name=\"twitter:card\" content=\"summary_large_image\" \/>\n<script type=\"application\/ld+json\" class=\"yoast-schema-graph\">{\"@context\":\"https:\/\/schema.org\",\"@graph\":[{\"@type\":\"WebPage\",\"@id\":\"https:\/\/www.q8oils.com\/fr\/automotive\/camions-et-bus\/\",\"url\":\"https:\/\/www.q8oils.com\/fr\/automotive\/camions-et-bus\/\",\"name\":\"Camions et Bus - Q8Oils\",\"isPartOf\":{\"@id\":\"https:\/\/www.q8oils.com\/fr\/#website\"},\"primaryImageOfPage\":{\"@id\":\"https:\/\/www.q8oils.com\/fr\/automotive\/camions-et-bus\/#primaryimage\"},\"image\":{\"@id\":\"https:\/\/www.q8oils.com\/fr\/automotive\/camions-et-bus\/#primaryimage\"},\"thumbnailUrl\":\"https:\/\/www.q8oils.com\/wp-content\/uploads\/2020\/06\/21229_On-Road_Transport-1.png\",\"datePublished\":\"2020-05-17T17:13:24+00:00\",\"dateModified\":\"2020-12-09T14:07:05+00:00\",\"description\":\"Q8 Formula Truck, la gamme HDDO de Q8Oils a subi avec r\u00e9ussite des tests dans un large \u00e9ventail d\u2019applications et dans des conditions extr\u00eames. La gamme convient pour n\u2019importe quelle flotte de camions et permet d\u2019am\u00e9liorer l\u2019efficacit\u00e9 moteur ainsi que d\u2019espacer les vidanges. Elle a des propri\u00e9t\u00e9s de faible teneur en \u00ab SAPS \u00bb (cendres sulfat\u00e9es, phosphore et soufre) pour une meilleure protection des syst\u00e8mes de retraitement des gaz et, de plus, r\u00e9duit la consommation de carburant.\",\"breadcrumb\":{\"@id\":\"https:\/\/www.q8oils.com\/fr\/automotive\/camions-et-bus\/#breadcrumb\"},\"inLanguage\":\"fr-FR\",\"potentialAction\":[{\"@type\":\"ReadAction\",\"target\":[\"https:\/\/www.q8oils.com\/fr\/automotive\/camions-et-bus\/\"]}]},{\"@type\":\"ImageObject\",\"inLanguage\":\"fr-FR\",\"@id\":\"https:\/\/www.q8oils.com\/fr\/automotive\/camions-et-bus\/#primaryimage\",\"url\":\"https:\/\/www.q8oils.com\/wp-content\/uploads\/2020\/06\/21229_On-Road_Transport-1.png\",\"contentUrl\":\"https:\/\/www.q8oils.com\/wp-content\/uploads\/2020\/06\/21229_On-Road_Transport-1.png\",\"width\":200,\"height\":200,\"caption\":\"Heavy Duty Icon - Q8Oils\"},{\"@type\":\"BreadcrumbList\",\"@id\":\"https:\/\/www.q8oils.com\/fr\/automotive\/camions-et-bus\/#breadcrumb\",\"itemListElement\":[{\"@type\":\"ListItem\",\"position\":1,\"name\":\"Home\",\"item\":\"https:\/\/www.q8oils.com\/fr\/\"},{\"@type\":\"ListItem\",\"position\":2,\"name\":\"Automotive\",\"item\":\"https:\/\/www.q8oils.com\/fr\/automotive\/\"},{\"@type\":\"ListItem\",\"position\":3,\"name\":\"Camions et Bus\"}]},{\"@type\":\"WebSite\",\"@id\":\"https:\/\/www.q8oils.com\/fr\/#website\",\"url\":\"https:\/\/www.q8oils.com\/fr\/\",\"name\":\"Q8Oils\",\"description\":\"Global, partnership, lubricants, solutions\",\"publisher\":{\"@id\":\"https:\/\/www.q8oils.com\/fr\/#organization\"},\"potentialAction\":[{\"@type\":\"SearchAction\",\"target\":{\"@type\":\"EntryPoint\",\"urlTemplate\":\"https:\/\/www.q8oils.com\/fr\/?s={search_term_string}\"},\"query-input\":{\"@type\":\"PropertyValueSpecification\",\"valueRequired\":true,\"valueName\":\"search_term_string\"}}],\"inLanguage\":\"fr-FR\"},{\"@type\":\"Organization\",\"@id\":\"https:\/\/www.q8oils.com\/fr\/#organization\",\"name\":\"Q8Oils\",\"url\":\"https:\/\/www.q8oils.com\/fr\/\",\"logo\":{\"@type\":\"ImageObject\",\"inLanguage\":\"fr-FR\",\"@id\":\"https:\/\/www.q8oils.com\/fr\/#\/schema\/logo\/image\/\",\"url\":\"https:\/\/www.q8oils.com\/wp-content\/uploads\/2020\/04\/q8oils-logo.png\",\"contentUrl\":\"https:\/\/www.q8oils.com\/wp-content\/uploads\/2020\/04\/q8oils-logo.png\",\"width\":475,\"height\":100,\"caption\":\"Q8Oils\"},\"image\":{\"@id\":\"https:\/\/www.q8oils.com\/fr\/#\/schema\/logo\/image\/\"},\"sameAs\":[\"https:\/\/www.linkedin.com\/Q8Oils\"]}]}<\/script>\n<!-- \/ Yoast SEO plugin. -->","yoast_head_json":{"title":"Camions et Bus - Q8Oils","description":"Q8 Formula Truck, la gamme HDDO de Q8Oils a subi avec r\u00e9ussite des tests dans un large \u00e9ventail d\u2019applications et dans des conditions extr\u00eames. La gamme convient pour n\u2019importe quelle flotte de camions et permet d\u2019am\u00e9liorer l\u2019efficacit\u00e9 moteur ainsi que d\u2019espacer les vidanges. Elle a des propri\u00e9t\u00e9s de faible teneur en \u00ab SAPS \u00bb (cendres sulfat\u00e9es, phosphore et soufre) pour une meilleure protection des syst\u00e8mes de retraitement des gaz et, de plus, r\u00e9duit la consommation de carburant.","robots":{"index":"index","follow":"follow","max-snippet":"max-snippet:-1","max-image-preview":"max-image-preview:large","max-video-preview":"max-video-preview:-1"},"canonical":"https:\/\/www.q8oils.com\/fr\/automotive\/camions-et-bus\/","og_locale":"fr_FR","og_type":"article","og_title":"Camions et Bus - Q8Oils","og_description":"Q8 Formula Truck, la gamme HDDO de Q8Oils a subi avec r\u00e9ussite des tests dans un large \u00e9ventail d\u2019applications et dans des conditions extr\u00eames. La gamme convient pour n\u2019importe quelle flotte de camions et permet d\u2019am\u00e9liorer l\u2019efficacit\u00e9 moteur ainsi que d\u2019espacer les vidanges. Elle a des propri\u00e9t\u00e9s de faible teneur en \u00ab SAPS \u00bb (cendres sulfat\u00e9es, phosphore et soufre) pour une meilleure protection des syst\u00e8mes de retraitement des gaz et, de plus, r\u00e9duit la consommation de carburant.","og_url":"https:\/\/www.q8oils.com\/fr\/automotive\/camions-et-bus\/","og_site_name":"Q8Oils","article_modified_time":"2020-12-09T14:07:05+00:00","og_image":[{"width":200,"height":200,"url":"https:\/\/www.q8oils.com\/wp-content\/uploads\/2020\/06\/21229_On-Road_Transport-1.png","type":"image\/png"}],"twitter_card":"summary_large_image","schema":{"@context":"https:\/\/schema.org","@graph":[{"@type":"WebPage","@id":"https:\/\/www.q8oils.com\/fr\/automotive\/camions-et-bus\/","url":"https:\/\/www.q8oils.com\/fr\/automotive\/camions-et-bus\/","name":"Camions et Bus - Q8Oils","isPartOf":{"@id":"https:\/\/www.q8oils.com\/fr\/#website"},"primaryImageOfPage":{"@id":"https:\/\/www.q8oils.com\/fr\/automotive\/camions-et-bus\/#primaryimage"},"image":{"@id":"https:\/\/www.q8oils.com\/fr\/automotive\/camions-et-bus\/#primaryimage"},"thumbnailUrl":"https:\/\/www.q8oils.com\/wp-content\/uploads\/2020\/06\/21229_On-Road_Transport-1.png","datePublished":"2020-05-17T17:13:24+00:00","dateModified":"2020-12-09T14:07:05+00:00","description":"Q8 Formula Truck, la gamme HDDO de Q8Oils a subi avec r\u00e9ussite des tests dans un large \u00e9ventail d\u2019applications et dans des conditions extr\u00eames. La gamme convient pour n\u2019importe quelle flotte de camions et permet d\u2019am\u00e9liorer l\u2019efficacit\u00e9 moteur ainsi que d\u2019espacer les vidanges. Elle a des propri\u00e9t\u00e9s de faible teneur en \u00ab SAPS \u00bb (cendres sulfat\u00e9es, phosphore et soufre) pour une meilleure protection des syst\u00e8mes de retraitement des gaz et, de plus, r\u00e9duit la consommation de carburant.","breadcrumb":{"@id":"https:\/\/www.q8oils.com\/fr\/automotive\/camions-et-bus\/#breadcrumb"},"inLanguage":"fr-FR","potentialAction":[{"@type":"ReadAction","target":["https:\/\/www.q8oils.com\/fr\/automotive\/camions-et-bus\/"]}]},{"@type":"ImageObject","inLanguage":"fr-FR","@id":"https:\/\/www.q8oils.com\/fr\/automotive\/camions-et-bus\/#primaryimage","url":"https:\/\/www.q8oils.com\/wp-content\/uploads\/2020\/06\/21229_On-Road_Transport-1.png","contentUrl":"https:\/\/www.q8oils.com\/wp-content\/uploads\/2020\/06\/21229_On-Road_Transport-1.png","width":200,"height":200,"caption":"Heavy Duty Icon - Q8Oils"},{"@type":"BreadcrumbList","@id":"https:\/\/www.q8oils.com\/fr\/automotive\/camions-et-bus\/#breadcrumb","itemListElement":[{"@type":"ListItem","position":1,"name":"Home","item":"https:\/\/www.q8oils.com\/fr\/"},{"@type":"ListItem","position":2,"name":"Automotive","item":"https:\/\/www.q8oils.com\/fr\/automotive\/"},{"@type":"ListItem","position":3,"name":"Camions et Bus"}]},{"@type":"WebSite","@id":"https:\/\/www.q8oils.com\/fr\/#website","url":"https:\/\/www.q8oils.com\/fr\/","name":"Q8Oils","description":"Global, partnership, lubricants, solutions","publisher":{"@id":"https:\/\/www.q8oils.com\/fr\/#organization"},"potentialAction":[{"@type":"SearchAction","target":{"@type":"EntryPoint","urlTemplate":"https:\/\/www.q8oils.com\/fr\/?s={search_term_string}"},"query-input":{"@type":"PropertyValueSpecification","valueRequired":true,"valueName":"search_term_string"}}],"inLanguage":"fr-FR"},{"@type":"Organization","@id":"https:\/\/www.q8oils.com\/fr\/#organization","name":"Q8Oils","url":"https:\/\/www.q8oils.com\/fr\/","logo":{"@type":"ImageObject","inLanguage":"fr-FR","@id":"https:\/\/www.q8oils.com\/fr\/#\/schema\/logo\/image\/","url":"https:\/\/www.q8oils.com\/wp-content\/uploads\/2020\/04\/q8oils-logo.png","contentUrl":"https:\/\/www.q8oils.com\/wp-content\/uploads\/2020\/04\/q8oils-logo.png","width":475,"height":100,"caption":"Q8Oils"},"image":{"@id":"https:\/\/www.q8oils.com\/fr\/#\/schema\/logo\/image\/"},"sameAs":["https:\/\/www.linkedin.com\/Q8Oils"]}]}},"_links":{"self":[{"href":"https:\/\/www.q8oils.com\/fr\/wp-json\/wp\/v2\/pages\/502133"}],"collection":[{"href":"https:\/\/www.q8oils.com\/fr\/wp-json\/wp\/v2\/pages"}],"about":[{"href":"https:\/\/www.q8oils.com\/fr\/wp-json\/wp\/v2\/types\/page"}],"author":[{"embeddable":true,"href":"https:\/\/www.q8oils.com\/fr\/wp-json\/wp\/v2\/users\/2"}],"replies":[{"embeddable":true,"href":"https:\/\/www.q8oils.com\/fr\/wp-json\/wp\/v2\/comments?post=502133"}],"version-history":[{"count":6,"href":"https:\/\/www.q8oils.com\/fr\/wp-json\/wp\/v2\/pages\/502133\/revisions"}],"predecessor-version":[{"id":641900,"href":"https:\/\/www.q8oils.com\/fr\/wp-json\/wp\/v2\/pages\/502133\/revisions\/641900"}],"up":[{"embeddable":true,"href":"https:\/\/www.q8oils.com\/fr\/wp-json\/wp\/v2\/pages\/502109"}],"wp:featuredmedia":[{"embeddable":true,"href":"https:\/\/www.q8oils.com\/fr\/wp-json\/wp\/v2\/media\/501127"}],"wp:attachment":[{"href":"https:\/\/www.q8oils.com\/fr\/wp-json\/wp\/v2\/media?parent=502133"}],"curies":[{"name":"wp","href":"https:\/\/api.w.org\/{rel}","templated":true}]}}