
 

{"id":502162,"date":"2020-05-30T10:09:26","date_gmt":"2020-05-30T10:09:26","guid":{"rendered":"https:\/\/www.q8oils.com\/automotive\/camions-et-bus\/supporting-services\/"},"modified":"2020-07-15T20:55:36","modified_gmt":"2020-07-15T20:55:36","slug":"services-dassistance","status":"publish","type":"page","link":"https:\/\/www.q8oils.com\/fr\/automotive\/camions-et-bus\/services-dassistance\/","title":{"rendered":"Services d\u2019assistance"},"content":{"rendered":"","protected":false},"excerpt":{"rendered":"<p>Nos produits de qualit\u00e9 sup\u00e9rieure sont soutenus par un service apr\u00e8s-vente et un service technique du plus haut niveau.<\/p>\n","protected":false},"author":2,"featured_media":0,"parent":502133,"menu_order":0,"comment_status":"closed","ping_status":"closed","template":"","meta":{"_acf_changed":false,"footnotes":""},"class_list":["post-502162","page","type-page","status-publish","hentry"],"acf":[],"yoast_head":"<!-- This site is optimized with the Yoast SEO plugin v23.5 - https:\/\/yoast.com\/wordpress\/plugins\/seo\/ -->\n<title>Services d\u2019assistance - Q8Oils<\/title>\n<meta name=\"description\" content=\"Nos produits de qualit\u00e9 sup\u00e9rieure sont soutenus par un service apr\u00e8s-vente et un service technique du plus haut niveau.\" \/>\n<meta name=\"robots\" content=\"index, follow, max-snippet:-1, max-image-preview:large, max-video-preview:-1\" \/>\n<link rel=\"canonical\" href=\"https:\/\/www.q8oils.com\/fr\/automotive\/camions-et-bus\/services-dassistance\/\" \/>\n<meta property=\"og:locale\" content=\"fr_FR\" \/>\n<meta property=\"og:type\" content=\"article\" \/>\n<meta property=\"og:title\" content=\"Services d\u2019assistance - Q8Oils\" \/>\n<meta property=\"og:description\" content=\"Nos produits de qualit\u00e9 sup\u00e9rieure sont soutenus par un service apr\u00e8s-vente et un service technique du plus haut niveau.\" \/>\n<meta property=\"og:url\" content=\"https:\/\/www.q8oils.com\/fr\/automotive\/camions-et-bus\/services-dassistance\/\" \/>\n<meta property=\"og:site_name\" content=\"Q8Oils\" \/>\n<meta property=\"article:modified_time\" content=\"2020-07-15T20:55:36+00:00\" \/>\n<meta name=\"twitter:card\" content=\"summary_large_image\" \/>\n<script type=\"application\/ld+json\" class=\"yoast-schema-graph\">{\"@context\":\"https:\/\/schema.org\",\"@graph\":[{\"@type\":\"WebPage\",\"@id\":\"https:\/\/www.q8oils.com\/fr\/automotive\/camions-et-bus\/services-dassistance\/\",\"url\":\"https:\/\/www.q8oils.com\/fr\/automotive\/camions-et-bus\/services-dassistance\/\",\"name\":\"Services d\u2019assistance - Q8Oils\",\"isPartOf\":{\"@id\":\"https:\/\/www.q8oils.com\/fr\/#website\"},\"datePublished\":\"2020-05-30T10:09:26+00:00\",\"dateModified\":\"2020-07-15T20:55:36+00:00\",\"description\":\"Nos produits de qualit\u00e9 sup\u00e9rieure sont soutenus par un service apr\u00e8s-vente et un service technique du plus haut niveau.\",\"breadcrumb\":{\"@id\":\"https:\/\/www.q8oils.com\/fr\/automotive\/camions-et-bus\/services-dassistance\/#breadcrumb\"},\"inLanguage\":\"fr-FR\",\"potentialAction\":[{\"@type\":\"ReadAction\",\"target\":[\"https:\/\/www.q8oils.com\/fr\/automotive\/camions-et-bus\/services-dassistance\/\"]}]},{\"@type\":\"BreadcrumbList\",\"@id\":\"https:\/\/www.q8oils.com\/fr\/automotive\/camions-et-bus\/services-dassistance\/#breadcrumb\",\"itemListElement\":[{\"@type\":\"ListItem\",\"position\":1,\"name\":\"Home\",\"item\":\"https:\/\/www.q8oils.com\/fr\/\"},{\"@type\":\"ListItem\",\"position\":2,\"name\":\"Automotive\",\"item\":\"https:\/\/www.q8oils.com\/fr\/automotive\/\"},{\"@type\":\"ListItem\",\"position\":3,\"name\":\"Camions et Bus\",\"item\":\"https:\/\/www.q8oils.com\/fr\/automotive\/camions-et-bus\/\"},{\"@type\":\"ListItem\",\"position\":4,\"name\":\"Services d\u2019assistance\"}]},{\"@type\":\"WebSite\",\"@id\":\"https:\/\/www.q8oils.com\/fr\/#website\",\"url\":\"https:\/\/www.q8oils.com\/fr\/\",\"name\":\"Q8Oils\",\"description\":\"Global, partnership, lubricants, solutions\",\"publisher\":{\"@id\":\"https:\/\/www.q8oils.com\/fr\/#organization\"},\"potentialAction\":[{\"@type\":\"SearchAction\",\"target\":{\"@type\":\"EntryPoint\",\"urlTemplate\":\"https:\/\/www.q8oils.com\/fr\/?s={search_term_string}\"},\"query-input\":{\"@type\":\"PropertyValueSpecification\",\"valueRequired\":true,\"valueName\":\"search_term_string\"}}],\"inLanguage\":\"fr-FR\"},{\"@type\":\"Organization\",\"@id\":\"https:\/\/www.q8oils.com\/fr\/#organization\",\"name\":\"Q8Oils\",\"url\":\"https:\/\/www.q8oils.com\/fr\/\",\"logo\":{\"@type\":\"ImageObject\",\"inLanguage\":\"fr-FR\",\"@id\":\"https:\/\/www.q8oils.com\/fr\/#\/schema\/logo\/image\/\",\"url\":\"https:\/\/www.q8oils.com\/wp-content\/uploads\/2020\/04\/q8oils-logo.png\",\"contentUrl\":\"https:\/\/www.q8oils.com\/wp-content\/uploads\/2020\/04\/q8oils-logo.png\",\"width\":475,\"height\":100,\"caption\":\"Q8Oils\"},\"image\":{\"@id\":\"https:\/\/www.q8oils.com\/fr\/#\/schema\/logo\/image\/\"},\"sameAs\":[\"https:\/\/www.linkedin.com\/Q8Oils\"]}]}<\/script>\n<!-- \/ Yoast SEO plugin. -->","yoast_head_json":{"title":"Services d\u2019assistance - Q8Oils","description":"Nos produits de qualit\u00e9 sup\u00e9rieure sont soutenus par un service apr\u00e8s-vente et un service technique du plus haut niveau.","robots":{"index":"index","follow":"follow","max-snippet":"max-snippet:-1","max-image-preview":"max-image-preview:large","max-video-preview":"max-video-preview:-1"},"canonical":"https:\/\/www.q8oils.com\/fr\/automotive\/camions-et-bus\/services-dassistance\/","og_locale":"fr_FR","og_type":"article","og_title":"Services d\u2019assistance - Q8Oils","og_description":"Nos produits de qualit\u00e9 sup\u00e9rieure sont soutenus par un service apr\u00e8s-vente et un service technique du plus haut niveau.","og_url":"https:\/\/www.q8oils.com\/fr\/automotive\/camions-et-bus\/services-dassistance\/","og_site_name":"Q8Oils","article_modified_time":"2020-07-15T20:55:36+00:00","twitter_card":"summary_large_image","schema":{"@context":"https:\/\/schema.org","@graph":[{"@type":"WebPage","@id":"https:\/\/www.q8oils.com\/fr\/automotive\/camions-et-bus\/services-dassistance\/","url":"https:\/\/www.q8oils.com\/fr\/automotive\/camions-et-bus\/services-dassistance\/","name":"Services d\u2019assistance - Q8Oils","isPartOf":{"@id":"https:\/\/www.q8oils.com\/fr\/#website"},"datePublished":"2020-05-30T10:09:26+00:00","dateModified":"2020-07-15T20:55:36+00:00","description":"Nos produits de qualit\u00e9 sup\u00e9rieure sont soutenus par un service apr\u00e8s-vente et un service technique du plus haut niveau.","breadcrumb":{"@id":"https:\/\/www.q8oils.com\/fr\/automotive\/camions-et-bus\/services-dassistance\/#breadcrumb"},"inLanguage":"fr-FR","potentialAction":[{"@type":"ReadAction","target":["https:\/\/www.q8oils.com\/fr\/automotive\/camions-et-bus\/services-dassistance\/"]}]},{"@type":"BreadcrumbList","@id":"https:\/\/www.q8oils.com\/fr\/automotive\/camions-et-bus\/services-dassistance\/#breadcrumb","itemListElement":[{"@type":"ListItem","position":1,"name":"Home","item":"https:\/\/www.q8oils.com\/fr\/"},{"@type":"ListItem","position":2,"name":"Automotive","item":"https:\/\/www.q8oils.com\/fr\/automotive\/"},{"@type":"ListItem","position":3,"name":"Camions et Bus","item":"https:\/\/www.q8oils.com\/fr\/automotive\/camions-et-bus\/"},{"@type":"ListItem","position":4,"name":"Services d\u2019assistance"}]},{"@type":"WebSite","@id":"https:\/\/www.q8oils.com\/fr\/#website","url":"https:\/\/www.q8oils.com\/fr\/","name":"Q8Oils","description":"Global, partnership, lubricants, solutions","publisher":{"@id":"https:\/\/www.q8oils.com\/fr\/#organization"},"potentialAction":[{"@type":"SearchAction","target":{"@type":"EntryPoint","urlTemplate":"https:\/\/www.q8oils.com\/fr\/?s={search_term_string}"},"query-input":{"@type":"PropertyValueSpecification","valueRequired":true,"valueName":"search_term_string"}}],"inLanguage":"fr-FR"},{"@type":"Organization","@id":"https:\/\/www.q8oils.com\/fr\/#organization","name":"Q8Oils","url":"https:\/\/www.q8oils.com\/fr\/","logo":{"@type":"ImageObject","inLanguage":"fr-FR","@id":"https:\/\/www.q8oils.com\/fr\/#\/schema\/logo\/image\/","url":"https:\/\/www.q8oils.com\/wp-content\/uploads\/2020\/04\/q8oils-logo.png","contentUrl":"https:\/\/www.q8oils.com\/wp-content\/uploads\/2020\/04\/q8oils-logo.png","width":475,"height":100,"caption":"Q8Oils"},"image":{"@id":"https:\/\/www.q8oils.com\/fr\/#\/schema\/logo\/image\/"},"sameAs":["https:\/\/www.linkedin.com\/Q8Oils"]}]}},"_links":{"self":[{"href":"https:\/\/www.q8oils.com\/fr\/wp-json\/wp\/v2\/pages\/502162"}],"collection":[{"href":"https:\/\/www.q8oils.com\/fr\/wp-json\/wp\/v2\/pages"}],"about":[{"href":"https:\/\/www.q8oils.com\/fr\/wp-json\/wp\/v2\/types\/page"}],"author":[{"embeddable":true,"href":"https:\/\/www.q8oils.com\/fr\/wp-json\/wp\/v2\/users\/2"}],"replies":[{"embeddable":true,"href":"https:\/\/www.q8oils.com\/fr\/wp-json\/wp\/v2\/comments?post=502162"}],"version-history":[{"count":3,"href":"https:\/\/www.q8oils.com\/fr\/wp-json\/wp\/v2\/pages\/502162\/revisions"}],"predecessor-version":[{"id":505400,"href":"https:\/\/www.q8oils.com\/fr\/wp-json\/wp\/v2\/pages\/502162\/revisions\/505400"}],"up":[{"embeddable":true,"href":"https:\/\/www.q8oils.com\/fr\/wp-json\/wp\/v2\/pages\/502133"}],"wp:attachment":[{"href":"https:\/\/www.q8oils.com\/fr\/wp-json\/wp\/v2\/media?parent=502162"}],"curies":[{"name":"wp","href":"https:\/\/api.w.org\/{rel}","templated":true}]}}