
 

{"id":502195,"date":"2020-05-21T09:50:26","date_gmt":"2020-05-21T09:50:26","guid":{"rendered":"https:\/\/www.q8oils.com\/energy\/"},"modified":"2021-02-27T12:41:31","modified_gmt":"2021-02-27T12:41:31","slug":"energie","status":"publish","type":"page","link":"https:\/\/www.q8oils.com\/fr\/energie\/","title":{"rendered":"Energie"},"content":{"rendered":"","protected":false},"excerpt":{"rendered":"<p>Q8Oils est le fabricant n\u00b0 1 d\u2019huiles destin\u00e9es au secteur \u00e9nerg\u00e9tique. Gr\u00e2ce \u00e0 notre riche exp\u00e9rience, notre programme R&#038;D novateur et nos propres formulations, nos lubrifiants de pointe d\u00e9passent les normes du secteur. Notre vaste exp\u00e9rience sur ce march\u00e9 difficile et notre programme de R&#038;D novateur nous ont permis d\u2019optimiser sans cesse nos produits destin\u00e9s au march\u00e9 de l\u2019\u00e9nergie.<\/p>\n","protected":false},"author":2,"featured_media":0,"parent":0,"menu_order":0,"comment_status":"closed","ping_status":"closed","template":"page-templates\/major.php","meta":{"_acf_changed":false,"footnotes":""},"class_list":["post-502195","page","type-page","status-publish","hentry"],"acf":[],"yoast_head":"<!-- This site is optimized with the Yoast SEO plugin v23.5 - https:\/\/yoast.com\/wordpress\/plugins\/seo\/ -->\n<title>Energie - Q8Oils<\/title>\n<meta name=\"description\" content=\"Q8Oils est le fabricant n\u00b0 1 d\u2019huiles destin\u00e9es au secteur \u00e9nerg\u00e9tique. Gr\u00e2ce \u00e0 notre riche exp\u00e9rience, notre programme R&amp;D novateur et nos propres formulations, nos lubrifiants de pointe d\u00e9passent les normes du secteur. Notre vaste exp\u00e9rience sur ce march\u00e9 difficile et notre programme de R&amp;D novateur nous ont permis d\u2019optimiser sans cesse nos produits destin\u00e9s au march\u00e9 de l\u2019\u00e9nergie.\" \/>\n<meta name=\"robots\" content=\"index, follow, max-snippet:-1, max-image-preview:large, max-video-preview:-1\" \/>\n<link rel=\"canonical\" href=\"https:\/\/www.q8oils.com\/fr\/energie\/\" \/>\n<meta property=\"og:locale\" content=\"fr_FR\" \/>\n<meta property=\"og:type\" content=\"article\" \/>\n<meta property=\"og:title\" content=\"Energie - Q8Oils\" \/>\n<meta property=\"og:description\" content=\"Q8Oils est le fabricant n\u00b0 1 d\u2019huiles destin\u00e9es au secteur \u00e9nerg\u00e9tique. Gr\u00e2ce \u00e0 notre riche exp\u00e9rience, notre programme R&amp;D novateur et nos propres formulations, nos lubrifiants de pointe d\u00e9passent les normes du secteur. Notre vaste exp\u00e9rience sur ce march\u00e9 difficile et notre programme de R&amp;D novateur nous ont permis d\u2019optimiser sans cesse nos produits destin\u00e9s au march\u00e9 de l\u2019\u00e9nergie.\" \/>\n<meta property=\"og:url\" content=\"https:\/\/www.q8oils.com\/fr\/energie\/\" \/>\n<meta property=\"og:site_name\" content=\"Q8Oils\" \/>\n<meta property=\"article:modified_time\" content=\"2021-02-27T12:41:31+00:00\" \/>\n<meta name=\"twitter:card\" content=\"summary_large_image\" \/>\n<script type=\"application\/ld+json\" class=\"yoast-schema-graph\">{\"@context\":\"https:\/\/schema.org\",\"@graph\":[{\"@type\":\"WebPage\",\"@id\":\"https:\/\/www.q8oils.com\/fr\/energie\/\",\"url\":\"https:\/\/www.q8oils.com\/fr\/energie\/\",\"name\":\"Energie - Q8Oils\",\"isPartOf\":{\"@id\":\"https:\/\/www.q8oils.com\/fr\/#website\"},\"datePublished\":\"2020-05-21T09:50:26+00:00\",\"dateModified\":\"2021-02-27T12:41:31+00:00\",\"description\":\"Q8Oils est le fabricant n\u00b0 1 d\u2019huiles destin\u00e9es au secteur \u00e9nerg\u00e9tique. Gr\u00e2ce \u00e0 notre riche exp\u00e9rience, notre programme R&D novateur et nos propres formulations, nos lubrifiants de pointe d\u00e9passent les normes du secteur. Notre vaste exp\u00e9rience sur ce march\u00e9 difficile et notre programme de R&D novateur nous ont permis d\u2019optimiser sans cesse nos produits destin\u00e9s au march\u00e9 de l\u2019\u00e9nergie.\",\"breadcrumb\":{\"@id\":\"https:\/\/www.q8oils.com\/fr\/energie\/#breadcrumb\"},\"inLanguage\":\"fr-FR\",\"potentialAction\":[{\"@type\":\"ReadAction\",\"target\":[\"https:\/\/www.q8oils.com\/fr\/energie\/\"]}]},{\"@type\":\"BreadcrumbList\",\"@id\":\"https:\/\/www.q8oils.com\/fr\/energie\/#breadcrumb\",\"itemListElement\":[{\"@type\":\"ListItem\",\"position\":1,\"name\":\"Home\",\"item\":\"https:\/\/www.q8oils.com\/fr\/\"},{\"@type\":\"ListItem\",\"position\":2,\"name\":\"Energie\"}]},{\"@type\":\"WebSite\",\"@id\":\"https:\/\/www.q8oils.com\/fr\/#website\",\"url\":\"https:\/\/www.q8oils.com\/fr\/\",\"name\":\"Q8Oils\",\"description\":\"Global, partnership, lubricants, solutions\",\"publisher\":{\"@id\":\"https:\/\/www.q8oils.com\/fr\/#organization\"},\"potentialAction\":[{\"@type\":\"SearchAction\",\"target\":{\"@type\":\"EntryPoint\",\"urlTemplate\":\"https:\/\/www.q8oils.com\/fr\/?s={search_term_string}\"},\"query-input\":{\"@type\":\"PropertyValueSpecification\",\"valueRequired\":true,\"valueName\":\"search_term_string\"}}],\"inLanguage\":\"fr-FR\"},{\"@type\":\"Organization\",\"@id\":\"https:\/\/www.q8oils.com\/fr\/#organization\",\"name\":\"Q8Oils\",\"url\":\"https:\/\/www.q8oils.com\/fr\/\",\"logo\":{\"@type\":\"ImageObject\",\"inLanguage\":\"fr-FR\",\"@id\":\"https:\/\/www.q8oils.com\/fr\/#\/schema\/logo\/image\/\",\"url\":\"https:\/\/www.q8oils.com\/wp-content\/uploads\/2020\/04\/q8oils-logo.png\",\"contentUrl\":\"https:\/\/www.q8oils.com\/wp-content\/uploads\/2020\/04\/q8oils-logo.png\",\"width\":475,\"height\":100,\"caption\":\"Q8Oils\"},\"image\":{\"@id\":\"https:\/\/www.q8oils.com\/fr\/#\/schema\/logo\/image\/\"},\"sameAs\":[\"https:\/\/www.linkedin.com\/Q8Oils\"]}]}<\/script>\n<!-- \/ Yoast SEO plugin. -->","yoast_head_json":{"title":"Energie - Q8Oils","description":"Q8Oils est le fabricant n\u00b0 1 d\u2019huiles destin\u00e9es au secteur \u00e9nerg\u00e9tique. Gr\u00e2ce \u00e0 notre riche exp\u00e9rience, notre programme R&D novateur et nos propres formulations, nos lubrifiants de pointe d\u00e9passent les normes du secteur. Notre vaste exp\u00e9rience sur ce march\u00e9 difficile et notre programme de R&D novateur nous ont permis d\u2019optimiser sans cesse nos produits destin\u00e9s au march\u00e9 de l\u2019\u00e9nergie.","robots":{"index":"index","follow":"follow","max-snippet":"max-snippet:-1","max-image-preview":"max-image-preview:large","max-video-preview":"max-video-preview:-1"},"canonical":"https:\/\/www.q8oils.com\/fr\/energie\/","og_locale":"fr_FR","og_type":"article","og_title":"Energie - Q8Oils","og_description":"Q8Oils est le fabricant n\u00b0 1 d\u2019huiles destin\u00e9es au secteur \u00e9nerg\u00e9tique. Gr\u00e2ce \u00e0 notre riche exp\u00e9rience, notre programme R&D novateur et nos propres formulations, nos lubrifiants de pointe d\u00e9passent les normes du secteur. Notre vaste exp\u00e9rience sur ce march\u00e9 difficile et notre programme de R&D novateur nous ont permis d\u2019optimiser sans cesse nos produits destin\u00e9s au march\u00e9 de l\u2019\u00e9nergie.","og_url":"https:\/\/www.q8oils.com\/fr\/energie\/","og_site_name":"Q8Oils","article_modified_time":"2021-02-27T12:41:31+00:00","twitter_card":"summary_large_image","schema":{"@context":"https:\/\/schema.org","@graph":[{"@type":"WebPage","@id":"https:\/\/www.q8oils.com\/fr\/energie\/","url":"https:\/\/www.q8oils.com\/fr\/energie\/","name":"Energie - Q8Oils","isPartOf":{"@id":"https:\/\/www.q8oils.com\/fr\/#website"},"datePublished":"2020-05-21T09:50:26+00:00","dateModified":"2021-02-27T12:41:31+00:00","description":"Q8Oils est le fabricant n\u00b0 1 d\u2019huiles destin\u00e9es au secteur \u00e9nerg\u00e9tique. Gr\u00e2ce \u00e0 notre riche exp\u00e9rience, notre programme R&D novateur et nos propres formulations, nos lubrifiants de pointe d\u00e9passent les normes du secteur. Notre vaste exp\u00e9rience sur ce march\u00e9 difficile et notre programme de R&D novateur nous ont permis d\u2019optimiser sans cesse nos produits destin\u00e9s au march\u00e9 de l\u2019\u00e9nergie.","breadcrumb":{"@id":"https:\/\/www.q8oils.com\/fr\/energie\/#breadcrumb"},"inLanguage":"fr-FR","potentialAction":[{"@type":"ReadAction","target":["https:\/\/www.q8oils.com\/fr\/energie\/"]}]},{"@type":"BreadcrumbList","@id":"https:\/\/www.q8oils.com\/fr\/energie\/#breadcrumb","itemListElement":[{"@type":"ListItem","position":1,"name":"Home","item":"https:\/\/www.q8oils.com\/fr\/"},{"@type":"ListItem","position":2,"name":"Energie"}]},{"@type":"WebSite","@id":"https:\/\/www.q8oils.com\/fr\/#website","url":"https:\/\/www.q8oils.com\/fr\/","name":"Q8Oils","description":"Global, partnership, lubricants, solutions","publisher":{"@id":"https:\/\/www.q8oils.com\/fr\/#organization"},"potentialAction":[{"@type":"SearchAction","target":{"@type":"EntryPoint","urlTemplate":"https:\/\/www.q8oils.com\/fr\/?s={search_term_string}"},"query-input":{"@type":"PropertyValueSpecification","valueRequired":true,"valueName":"search_term_string"}}],"inLanguage":"fr-FR"},{"@type":"Organization","@id":"https:\/\/www.q8oils.com\/fr\/#organization","name":"Q8Oils","url":"https:\/\/www.q8oils.com\/fr\/","logo":{"@type":"ImageObject","inLanguage":"fr-FR","@id":"https:\/\/www.q8oils.com\/fr\/#\/schema\/logo\/image\/","url":"https:\/\/www.q8oils.com\/wp-content\/uploads\/2020\/04\/q8oils-logo.png","contentUrl":"https:\/\/www.q8oils.com\/wp-content\/uploads\/2020\/04\/q8oils-logo.png","width":475,"height":100,"caption":"Q8Oils"},"image":{"@id":"https:\/\/www.q8oils.com\/fr\/#\/schema\/logo\/image\/"},"sameAs":["https:\/\/www.linkedin.com\/Q8Oils"]}]}},"_links":{"self":[{"href":"https:\/\/www.q8oils.com\/fr\/wp-json\/wp\/v2\/pages\/502195"}],"collection":[{"href":"https:\/\/www.q8oils.com\/fr\/wp-json\/wp\/v2\/pages"}],"about":[{"href":"https:\/\/www.q8oils.com\/fr\/wp-json\/wp\/v2\/types\/page"}],"author":[{"embeddable":true,"href":"https:\/\/www.q8oils.com\/fr\/wp-json\/wp\/v2\/users\/2"}],"replies":[{"embeddable":true,"href":"https:\/\/www.q8oils.com\/fr\/wp-json\/wp\/v2\/comments?post=502195"}],"version-history":[{"count":4,"href":"https:\/\/www.q8oils.com\/fr\/wp-json\/wp\/v2\/pages\/502195\/revisions"}],"predecessor-version":[{"id":688909,"href":"https:\/\/www.q8oils.com\/fr\/wp-json\/wp\/v2\/pages\/502195\/revisions\/688909"}],"wp:attachment":[{"href":"https:\/\/www.q8oils.com\/fr\/wp-json\/wp\/v2\/media?parent=502195"}],"curies":[{"name":"wp","href":"https:\/\/api.w.org\/{rel}","templated":true}]}}