
 

{"id":502214,"date":"2020-05-31T14:47:57","date_gmt":"2020-05-31T14:47:57","guid":{"rendered":"https:\/\/www.q8oils.com\/energie\/compressor-oils\/"},"modified":"2020-11-27T14:11:35","modified_gmt":"2020-11-27T14:11:35","slug":"huiles-pour-compresseurs","status":"publish","type":"page","link":"https:\/\/www.q8oils.com\/fr\/energie\/huiles-pour-compresseurs\/","title":{"rendered":"Huiles pour compresseurs"},"content":{"rendered":"","protected":false},"excerpt":{"rendered":"<p>Notre gamme d\u2019huiles pour compresseurs de haute technologie a \u00e9t\u00e9 sp\u00e9cialement d\u00e9velopp\u00e9e pour am\u00e9liorer la performance des compresseurs de gaz, d\u2019air et de r\u00e9frig\u00e9ration. Q8Oils propose une solution compl\u00e8te, allant des lubrifiants min\u00e9raux aux lubrifiants 100 % synth\u00e9tiques conformes et sup\u00e9rieurs aux normes de l\u2019industrie.<\/p>\n","protected":false},"author":2,"featured_media":500370,"parent":502195,"menu_order":0,"comment_status":"closed","ping_status":"closed","template":"page-templates\/minor.php","meta":{"_acf_changed":false,"footnotes":""},"class_list":["post-502214","page","type-page","status-publish","has-post-thumbnail","hentry","major-energy-fr"],"acf":[],"yoast_head":"<!-- This site is optimized with the Yoast SEO plugin v23.5 - https:\/\/yoast.com\/wordpress\/plugins\/seo\/ -->\n<title>Huiles pour compresseurs - Q8Oils<\/title>\n<meta name=\"description\" content=\"Notre gamme d\u2019huiles pour compresseurs de haute technologie a \u00e9t\u00e9 sp\u00e9cialement d\u00e9velopp\u00e9e pour am\u00e9liorer la performance des compresseurs de gaz, d\u2019air et de r\u00e9frig\u00e9ration. Q8Oils propose une solution compl\u00e8te, allant des lubrifiants min\u00e9raux aux lubrifiants 100 % synth\u00e9tiques conformes et sup\u00e9rieurs aux normes de l\u2019industrie.\" \/>\n<meta name=\"robots\" content=\"index, follow, max-snippet:-1, max-image-preview:large, max-video-preview:-1\" \/>\n<link rel=\"canonical\" href=\"https:\/\/www.q8oils.com\/fr\/energie\/huiles-pour-compresseurs\/\" \/>\n<meta property=\"og:locale\" content=\"fr_FR\" \/>\n<meta property=\"og:type\" content=\"article\" \/>\n<meta property=\"og:title\" content=\"Huiles pour compresseurs - Q8Oils\" \/>\n<meta property=\"og:description\" content=\"Notre gamme d\u2019huiles pour compresseurs de haute technologie a \u00e9t\u00e9 sp\u00e9cialement d\u00e9velopp\u00e9e pour am\u00e9liorer la performance des compresseurs de gaz, d\u2019air et de r\u00e9frig\u00e9ration. Q8Oils propose une solution compl\u00e8te, allant des lubrifiants min\u00e9raux aux lubrifiants 100 % synth\u00e9tiques conformes et sup\u00e9rieurs aux normes de l\u2019industrie.\" \/>\n<meta property=\"og:url\" content=\"https:\/\/www.q8oils.com\/fr\/energie\/huiles-pour-compresseurs\/\" \/>\n<meta property=\"og:site_name\" content=\"Q8Oils\" \/>\n<meta property=\"article:modified_time\" content=\"2020-11-27T14:11:35+00:00\" \/>\n<meta property=\"og:image\" content=\"https:\/\/www.q8oils.com\/wp-content\/uploads\/2020\/05\/25182_Compressor-Oil.png\" \/>\n\t<meta property=\"og:image:width\" content=\"200\" \/>\n\t<meta property=\"og:image:height\" content=\"225\" \/>\n\t<meta property=\"og:image:type\" content=\"image\/png\" \/>\n<meta name=\"twitter:card\" content=\"summary_large_image\" \/>\n<script type=\"application\/ld+json\" class=\"yoast-schema-graph\">{\"@context\":\"https:\/\/schema.org\",\"@graph\":[{\"@type\":\"WebPage\",\"@id\":\"https:\/\/www.q8oils.com\/fr\/energie\/huiles-pour-compresseurs\/\",\"url\":\"https:\/\/www.q8oils.com\/fr\/energie\/huiles-pour-compresseurs\/\",\"name\":\"Huiles pour compresseurs - Q8Oils\",\"isPartOf\":{\"@id\":\"https:\/\/www.q8oils.com\/fr\/#website\"},\"primaryImageOfPage\":{\"@id\":\"https:\/\/www.q8oils.com\/fr\/energie\/huiles-pour-compresseurs\/#primaryimage\"},\"image\":{\"@id\":\"https:\/\/www.q8oils.com\/fr\/energie\/huiles-pour-compresseurs\/#primaryimage\"},\"thumbnailUrl\":\"https:\/\/www.q8oils.com\/wp-content\/uploads\/2020\/05\/25182_Compressor-Oil.png\",\"datePublished\":\"2020-05-31T14:47:57+00:00\",\"dateModified\":\"2020-11-27T14:11:35+00:00\",\"description\":\"Notre gamme d\u2019huiles pour compresseurs de haute technologie a \u00e9t\u00e9 sp\u00e9cialement d\u00e9velopp\u00e9e pour am\u00e9liorer la performance des compresseurs de gaz, d\u2019air et de r\u00e9frig\u00e9ration. Q8Oils propose une solution compl\u00e8te, allant des lubrifiants min\u00e9raux aux lubrifiants 100 % synth\u00e9tiques conformes et sup\u00e9rieurs aux normes de l\u2019industrie.\",\"breadcrumb\":{\"@id\":\"https:\/\/www.q8oils.com\/fr\/energie\/huiles-pour-compresseurs\/#breadcrumb\"},\"inLanguage\":\"fr-FR\",\"potentialAction\":[{\"@type\":\"ReadAction\",\"target\":[\"https:\/\/www.q8oils.com\/fr\/energie\/huiles-pour-compresseurs\/\"]}]},{\"@type\":\"ImageObject\",\"inLanguage\":\"fr-FR\",\"@id\":\"https:\/\/www.q8oils.com\/fr\/energie\/huiles-pour-compresseurs\/#primaryimage\",\"url\":\"https:\/\/www.q8oils.com\/wp-content\/uploads\/2020\/05\/25182_Compressor-Oil.png\",\"contentUrl\":\"https:\/\/www.q8oils.com\/wp-content\/uploads\/2020\/05\/25182_Compressor-Oil.png\",\"width\":200,\"height\":225,\"caption\":\"Compressor oil icon -Q8Oils\"},{\"@type\":\"BreadcrumbList\",\"@id\":\"https:\/\/www.q8oils.com\/fr\/energie\/huiles-pour-compresseurs\/#breadcrumb\",\"itemListElement\":[{\"@type\":\"ListItem\",\"position\":1,\"name\":\"Home\",\"item\":\"https:\/\/www.q8oils.com\/fr\/\"},{\"@type\":\"ListItem\",\"position\":2,\"name\":\"Energie\",\"item\":\"https:\/\/www.q8oils.com\/fr\/energie\/\"},{\"@type\":\"ListItem\",\"position\":3,\"name\":\"Huiles pour compresseurs\"}]},{\"@type\":\"WebSite\",\"@id\":\"https:\/\/www.q8oils.com\/fr\/#website\",\"url\":\"https:\/\/www.q8oils.com\/fr\/\",\"name\":\"Q8Oils\",\"description\":\"Global, partnership, lubricants, solutions\",\"publisher\":{\"@id\":\"https:\/\/www.q8oils.com\/fr\/#organization\"},\"potentialAction\":[{\"@type\":\"SearchAction\",\"target\":{\"@type\":\"EntryPoint\",\"urlTemplate\":\"https:\/\/www.q8oils.com\/fr\/?s={search_term_string}\"},\"query-input\":{\"@type\":\"PropertyValueSpecification\",\"valueRequired\":true,\"valueName\":\"search_term_string\"}}],\"inLanguage\":\"fr-FR\"},{\"@type\":\"Organization\",\"@id\":\"https:\/\/www.q8oils.com\/fr\/#organization\",\"name\":\"Q8Oils\",\"url\":\"https:\/\/www.q8oils.com\/fr\/\",\"logo\":{\"@type\":\"ImageObject\",\"inLanguage\":\"fr-FR\",\"@id\":\"https:\/\/www.q8oils.com\/fr\/#\/schema\/logo\/image\/\",\"url\":\"https:\/\/www.q8oils.com\/wp-content\/uploads\/2020\/04\/q8oils-logo.png\",\"contentUrl\":\"https:\/\/www.q8oils.com\/wp-content\/uploads\/2020\/04\/q8oils-logo.png\",\"width\":475,\"height\":100,\"caption\":\"Q8Oils\"},\"image\":{\"@id\":\"https:\/\/www.q8oils.com\/fr\/#\/schema\/logo\/image\/\"},\"sameAs\":[\"https:\/\/www.linkedin.com\/Q8Oils\"]}]}<\/script>\n<!-- \/ Yoast SEO plugin. -->","yoast_head_json":{"title":"Huiles pour compresseurs - Q8Oils","description":"Notre gamme d\u2019huiles pour compresseurs de haute technologie a \u00e9t\u00e9 sp\u00e9cialement d\u00e9velopp\u00e9e pour am\u00e9liorer la performance des compresseurs de gaz, d\u2019air et de r\u00e9frig\u00e9ration. Q8Oils propose une solution compl\u00e8te, allant des lubrifiants min\u00e9raux aux lubrifiants 100 % synth\u00e9tiques conformes et sup\u00e9rieurs aux normes de l\u2019industrie.","robots":{"index":"index","follow":"follow","max-snippet":"max-snippet:-1","max-image-preview":"max-image-preview:large","max-video-preview":"max-video-preview:-1"},"canonical":"https:\/\/www.q8oils.com\/fr\/energie\/huiles-pour-compresseurs\/","og_locale":"fr_FR","og_type":"article","og_title":"Huiles pour compresseurs - Q8Oils","og_description":"Notre gamme d\u2019huiles pour compresseurs de haute technologie a \u00e9t\u00e9 sp\u00e9cialement d\u00e9velopp\u00e9e pour am\u00e9liorer la performance des compresseurs de gaz, d\u2019air et de r\u00e9frig\u00e9ration. Q8Oils propose une solution compl\u00e8te, allant des lubrifiants min\u00e9raux aux lubrifiants 100 % synth\u00e9tiques conformes et sup\u00e9rieurs aux normes de l\u2019industrie.","og_url":"https:\/\/www.q8oils.com\/fr\/energie\/huiles-pour-compresseurs\/","og_site_name":"Q8Oils","article_modified_time":"2020-11-27T14:11:35+00:00","og_image":[{"width":200,"height":225,"url":"https:\/\/www.q8oils.com\/wp-content\/uploads\/2020\/05\/25182_Compressor-Oil.png","type":"image\/png"}],"twitter_card":"summary_large_image","schema":{"@context":"https:\/\/schema.org","@graph":[{"@type":"WebPage","@id":"https:\/\/www.q8oils.com\/fr\/energie\/huiles-pour-compresseurs\/","url":"https:\/\/www.q8oils.com\/fr\/energie\/huiles-pour-compresseurs\/","name":"Huiles pour compresseurs - Q8Oils","isPartOf":{"@id":"https:\/\/www.q8oils.com\/fr\/#website"},"primaryImageOfPage":{"@id":"https:\/\/www.q8oils.com\/fr\/energie\/huiles-pour-compresseurs\/#primaryimage"},"image":{"@id":"https:\/\/www.q8oils.com\/fr\/energie\/huiles-pour-compresseurs\/#primaryimage"},"thumbnailUrl":"https:\/\/www.q8oils.com\/wp-content\/uploads\/2020\/05\/25182_Compressor-Oil.png","datePublished":"2020-05-31T14:47:57+00:00","dateModified":"2020-11-27T14:11:35+00:00","description":"Notre gamme d\u2019huiles pour compresseurs de haute technologie a \u00e9t\u00e9 sp\u00e9cialement d\u00e9velopp\u00e9e pour am\u00e9liorer la performance des compresseurs de gaz, d\u2019air et de r\u00e9frig\u00e9ration. Q8Oils propose une solution compl\u00e8te, allant des lubrifiants min\u00e9raux aux lubrifiants 100 % synth\u00e9tiques conformes et sup\u00e9rieurs aux normes de l\u2019industrie.","breadcrumb":{"@id":"https:\/\/www.q8oils.com\/fr\/energie\/huiles-pour-compresseurs\/#breadcrumb"},"inLanguage":"fr-FR","potentialAction":[{"@type":"ReadAction","target":["https:\/\/www.q8oils.com\/fr\/energie\/huiles-pour-compresseurs\/"]}]},{"@type":"ImageObject","inLanguage":"fr-FR","@id":"https:\/\/www.q8oils.com\/fr\/energie\/huiles-pour-compresseurs\/#primaryimage","url":"https:\/\/www.q8oils.com\/wp-content\/uploads\/2020\/05\/25182_Compressor-Oil.png","contentUrl":"https:\/\/www.q8oils.com\/wp-content\/uploads\/2020\/05\/25182_Compressor-Oil.png","width":200,"height":225,"caption":"Compressor oil icon -Q8Oils"},{"@type":"BreadcrumbList","@id":"https:\/\/www.q8oils.com\/fr\/energie\/huiles-pour-compresseurs\/#breadcrumb","itemListElement":[{"@type":"ListItem","position":1,"name":"Home","item":"https:\/\/www.q8oils.com\/fr\/"},{"@type":"ListItem","position":2,"name":"Energie","item":"https:\/\/www.q8oils.com\/fr\/energie\/"},{"@type":"ListItem","position":3,"name":"Huiles pour compresseurs"}]},{"@type":"WebSite","@id":"https:\/\/www.q8oils.com\/fr\/#website","url":"https:\/\/www.q8oils.com\/fr\/","name":"Q8Oils","description":"Global, partnership, lubricants, solutions","publisher":{"@id":"https:\/\/www.q8oils.com\/fr\/#organization"},"potentialAction":[{"@type":"SearchAction","target":{"@type":"EntryPoint","urlTemplate":"https:\/\/www.q8oils.com\/fr\/?s={search_term_string}"},"query-input":{"@type":"PropertyValueSpecification","valueRequired":true,"valueName":"search_term_string"}}],"inLanguage":"fr-FR"},{"@type":"Organization","@id":"https:\/\/www.q8oils.com\/fr\/#organization","name":"Q8Oils","url":"https:\/\/www.q8oils.com\/fr\/","logo":{"@type":"ImageObject","inLanguage":"fr-FR","@id":"https:\/\/www.q8oils.com\/fr\/#\/schema\/logo\/image\/","url":"https:\/\/www.q8oils.com\/wp-content\/uploads\/2020\/04\/q8oils-logo.png","contentUrl":"https:\/\/www.q8oils.com\/wp-content\/uploads\/2020\/04\/q8oils-logo.png","width":475,"height":100,"caption":"Q8Oils"},"image":{"@id":"https:\/\/www.q8oils.com\/fr\/#\/schema\/logo\/image\/"},"sameAs":["https:\/\/www.linkedin.com\/Q8Oils"]}]}},"_links":{"self":[{"href":"https:\/\/www.q8oils.com\/fr\/wp-json\/wp\/v2\/pages\/502214"}],"collection":[{"href":"https:\/\/www.q8oils.com\/fr\/wp-json\/wp\/v2\/pages"}],"about":[{"href":"https:\/\/www.q8oils.com\/fr\/wp-json\/wp\/v2\/types\/page"}],"author":[{"embeddable":true,"href":"https:\/\/www.q8oils.com\/fr\/wp-json\/wp\/v2\/users\/2"}],"replies":[{"embeddable":true,"href":"https:\/\/www.q8oils.com\/fr\/wp-json\/wp\/v2\/comments?post=502214"}],"version-history":[{"count":5,"href":"https:\/\/www.q8oils.com\/fr\/wp-json\/wp\/v2\/pages\/502214\/revisions"}],"predecessor-version":[{"id":641765,"href":"https:\/\/www.q8oils.com\/fr\/wp-json\/wp\/v2\/pages\/502214\/revisions\/641765"}],"up":[{"embeddable":true,"href":"https:\/\/www.q8oils.com\/fr\/wp-json\/wp\/v2\/pages\/502195"}],"wp:featuredmedia":[{"embeddable":true,"href":"https:\/\/www.q8oils.com\/fr\/wp-json\/wp\/v2\/media\/500370"}],"wp:attachment":[{"href":"https:\/\/www.q8oils.com\/fr\/wp-json\/wp\/v2\/media?parent=502214"}],"curies":[{"name":"wp","href":"https:\/\/api.w.org\/{rel}","templated":true}]}}