
 

{"id":502223,"date":"2020-05-21T09:46:07","date_gmt":"2020-05-21T09:46:07","guid":{"rendered":"https:\/\/www.q8oils.com\/energie\/gas-engine-oils\/"},"modified":"2025-04-18T08:25:24","modified_gmt":"2025-04-18T08:25:24","slug":"huiles-pour-moteurs-a-gaz","status":"publish","type":"page","link":"https:\/\/www.q8oils.com\/fr\/energie\/huiles-pour-moteurs-a-gaz\/","title":{"rendered":"Huiles pour moteurs \u00e0 gaz"},"content":{"rendered":"","protected":false},"excerpt":{"rendered":"<p>De nos jours, les moteurs stationnaires \u00e0 gaz sont soumis \u00e0 des conditions de fonctionnement extr\u00eames. Ceci n\u00e9cessite des lubrifiants sophistiqu\u00e9s offrant une stabilit\u00e9 \u00e0 l\u2019oxydation exceptionnelle, ainsi que de faibles d\u00e9p\u00f4ts de cendres. Notre gamme Q8 Mahler offre la meilleure solution pour garder votre moteur propre et r\u00e9duire les co\u00fbts de fonctionnement.<\/p>\n","protected":false},"author":2,"featured_media":500363,"parent":502195,"menu_order":0,"comment_status":"closed","ping_status":"closed","template":"page-templates\/minor.php","meta":{"_acf_changed":false,"footnotes":""},"class_list":["post-502223","page","type-page","status-publish","has-post-thumbnail","hentry","major-energy-fr"],"acf":[],"yoast_head":"<!-- This site is optimized with the Yoast SEO plugin v23.5 - https:\/\/yoast.com\/wordpress\/plugins\/seo\/ -->\n<title>Huiles pour moteurs \u00e0 gaz - Q8Oils<\/title>\n<meta name=\"description\" content=\"De nos jours, les moteurs stationnaires \u00e0 gaz sont soumis \u00e0 des conditions de fonctionnement extr\u00eames. Ceci n\u00e9cessite des lubrifiants sophistiqu\u00e9s offrant une stabilit\u00e9 \u00e0 l\u2019oxydation exceptionnelle, ainsi que de faibles d\u00e9p\u00f4ts de cendres. Notre gamme Q8 Mahler offre la meilleure solution pour garder votre moteur propre et r\u00e9duire les co\u00fbts de fonctionnement.\" \/>\n<meta name=\"robots\" content=\"index, follow, max-snippet:-1, max-image-preview:large, max-video-preview:-1\" \/>\n<link rel=\"canonical\" href=\"https:\/\/www.q8oils.com\/fr\/energie\/huiles-pour-moteurs-a-gaz\/\" \/>\n<meta property=\"og:locale\" content=\"fr_FR\" \/>\n<meta property=\"og:type\" content=\"article\" \/>\n<meta property=\"og:title\" content=\"Huiles pour moteurs \u00e0 gaz - Q8Oils\" \/>\n<meta property=\"og:description\" content=\"De nos jours, les moteurs stationnaires \u00e0 gaz sont soumis \u00e0 des conditions de fonctionnement extr\u00eames. Ceci n\u00e9cessite des lubrifiants sophistiqu\u00e9s offrant une stabilit\u00e9 \u00e0 l\u2019oxydation exceptionnelle, ainsi que de faibles d\u00e9p\u00f4ts de cendres. Notre gamme Q8 Mahler offre la meilleure solution pour garder votre moteur propre et r\u00e9duire les co\u00fbts de fonctionnement.\" \/>\n<meta property=\"og:url\" content=\"https:\/\/www.q8oils.com\/fr\/energie\/huiles-pour-moteurs-a-gaz\/\" \/>\n<meta property=\"og:site_name\" content=\"Q8Oils\" \/>\n<meta property=\"article:modified_time\" content=\"2025-04-18T08:25:24+00:00\" \/>\n<meta property=\"og:image\" content=\"https:\/\/www.q8oils.com\/wp-content\/uploads\/2020\/05\/25181_Gas-Engine-Oil.png\" \/>\n\t<meta property=\"og:image:width\" content=\"201\" \/>\n\t<meta property=\"og:image:height\" content=\"225\" \/>\n\t<meta property=\"og:image:type\" content=\"image\/png\" \/>\n<meta name=\"twitter:card\" content=\"summary_large_image\" \/>\n<meta name=\"twitter:label1\" content=\"Dur\u00e9e de lecture estim\u00e9e\" \/>\n\t<meta name=\"twitter:data1\" content=\"1 minute\" \/>\n<script type=\"application\/ld+json\" class=\"yoast-schema-graph\">{\"@context\":\"https:\/\/schema.org\",\"@graph\":[{\"@type\":\"WebPage\",\"@id\":\"https:\/\/www.q8oils.com\/fr\/energie\/huiles-pour-moteurs-a-gaz\/\",\"url\":\"https:\/\/www.q8oils.com\/fr\/energie\/huiles-pour-moteurs-a-gaz\/\",\"name\":\"Huiles pour moteurs \u00e0 gaz - Q8Oils\",\"isPartOf\":{\"@id\":\"https:\/\/www.q8oils.com\/fr\/#website\"},\"primaryImageOfPage\":{\"@id\":\"https:\/\/www.q8oils.com\/fr\/energie\/huiles-pour-moteurs-a-gaz\/#primaryimage\"},\"image\":{\"@id\":\"https:\/\/www.q8oils.com\/fr\/energie\/huiles-pour-moteurs-a-gaz\/#primaryimage\"},\"thumbnailUrl\":\"https:\/\/www.q8oils.com\/wp-content\/uploads\/2020\/05\/25181_Gas-Engine-Oil.png\",\"datePublished\":\"2020-05-21T09:46:07+00:00\",\"dateModified\":\"2025-04-18T08:25:24+00:00\",\"description\":\"De nos jours, les moteurs stationnaires \u00e0 gaz sont soumis \u00e0 des conditions de fonctionnement extr\u00eames. Ceci n\u00e9cessite des lubrifiants sophistiqu\u00e9s offrant une stabilit\u00e9 \u00e0 l\u2019oxydation exceptionnelle, ainsi que de faibles d\u00e9p\u00f4ts de cendres. Notre gamme Q8 Mahler offre la meilleure solution pour garder votre moteur propre et r\u00e9duire les co\u00fbts de fonctionnement.\",\"breadcrumb\":{\"@id\":\"https:\/\/www.q8oils.com\/fr\/energie\/huiles-pour-moteurs-a-gaz\/#breadcrumb\"},\"inLanguage\":\"fr-FR\",\"potentialAction\":[{\"@type\":\"ReadAction\",\"target\":[\"https:\/\/www.q8oils.com\/fr\/energie\/huiles-pour-moteurs-a-gaz\/\"]}]},{\"@type\":\"ImageObject\",\"inLanguage\":\"fr-FR\",\"@id\":\"https:\/\/www.q8oils.com\/fr\/energie\/huiles-pour-moteurs-a-gaz\/#primaryimage\",\"url\":\"https:\/\/www.q8oils.com\/wp-content\/uploads\/2020\/05\/25181_Gas-Engine-Oil.png\",\"contentUrl\":\"https:\/\/www.q8oils.com\/wp-content\/uploads\/2020\/05\/25181_Gas-Engine-Oil.png\",\"width\":201,\"height\":225,\"caption\":\"Gas engine oils icon - Q8oils\"},{\"@type\":\"BreadcrumbList\",\"@id\":\"https:\/\/www.q8oils.com\/fr\/energie\/huiles-pour-moteurs-a-gaz\/#breadcrumb\",\"itemListElement\":[{\"@type\":\"ListItem\",\"position\":1,\"name\":\"Home\",\"item\":\"https:\/\/www.q8oils.com\/fr\/\"},{\"@type\":\"ListItem\",\"position\":2,\"name\":\"Energie\",\"item\":\"https:\/\/www.q8oils.com\/fr\/energie\/\"},{\"@type\":\"ListItem\",\"position\":3,\"name\":\"Huiles pour moteurs \u00e0 gaz\"}]},{\"@type\":\"WebSite\",\"@id\":\"https:\/\/www.q8oils.com\/fr\/#website\",\"url\":\"https:\/\/www.q8oils.com\/fr\/\",\"name\":\"Q8Oils\",\"description\":\"Global, partnership, lubricants, solutions\",\"publisher\":{\"@id\":\"https:\/\/www.q8oils.com\/fr\/#organization\"},\"potentialAction\":[{\"@type\":\"SearchAction\",\"target\":{\"@type\":\"EntryPoint\",\"urlTemplate\":\"https:\/\/www.q8oils.com\/fr\/?s={search_term_string}\"},\"query-input\":{\"@type\":\"PropertyValueSpecification\",\"valueRequired\":true,\"valueName\":\"search_term_string\"}}],\"inLanguage\":\"fr-FR\"},{\"@type\":\"Organization\",\"@id\":\"https:\/\/www.q8oils.com\/fr\/#organization\",\"name\":\"Q8Oils\",\"url\":\"https:\/\/www.q8oils.com\/fr\/\",\"logo\":{\"@type\":\"ImageObject\",\"inLanguage\":\"fr-FR\",\"@id\":\"https:\/\/www.q8oils.com\/fr\/#\/schema\/logo\/image\/\",\"url\":\"https:\/\/www.q8oils.com\/wp-content\/uploads\/2020\/04\/q8oils-logo.png\",\"contentUrl\":\"https:\/\/www.q8oils.com\/wp-content\/uploads\/2020\/04\/q8oils-logo.png\",\"width\":475,\"height\":100,\"caption\":\"Q8Oils\"},\"image\":{\"@id\":\"https:\/\/www.q8oils.com\/fr\/#\/schema\/logo\/image\/\"},\"sameAs\":[\"https:\/\/www.linkedin.com\/Q8Oils\"]}]}<\/script>\n<!-- \/ Yoast SEO plugin. -->","yoast_head_json":{"title":"Huiles pour moteurs \u00e0 gaz - Q8Oils","description":"De nos jours, les moteurs stationnaires \u00e0 gaz sont soumis \u00e0 des conditions de fonctionnement extr\u00eames. Ceci n\u00e9cessite des lubrifiants sophistiqu\u00e9s offrant une stabilit\u00e9 \u00e0 l\u2019oxydation exceptionnelle, ainsi que de faibles d\u00e9p\u00f4ts de cendres. Notre gamme Q8 Mahler offre la meilleure solution pour garder votre moteur propre et r\u00e9duire les co\u00fbts de fonctionnement.","robots":{"index":"index","follow":"follow","max-snippet":"max-snippet:-1","max-image-preview":"max-image-preview:large","max-video-preview":"max-video-preview:-1"},"canonical":"https:\/\/www.q8oils.com\/fr\/energie\/huiles-pour-moteurs-a-gaz\/","og_locale":"fr_FR","og_type":"article","og_title":"Huiles pour moteurs \u00e0 gaz - Q8Oils","og_description":"De nos jours, les moteurs stationnaires \u00e0 gaz sont soumis \u00e0 des conditions de fonctionnement extr\u00eames. Ceci n\u00e9cessite des lubrifiants sophistiqu\u00e9s offrant une stabilit\u00e9 \u00e0 l\u2019oxydation exceptionnelle, ainsi que de faibles d\u00e9p\u00f4ts de cendres. Notre gamme Q8 Mahler offre la meilleure solution pour garder votre moteur propre et r\u00e9duire les co\u00fbts de fonctionnement.","og_url":"https:\/\/www.q8oils.com\/fr\/energie\/huiles-pour-moteurs-a-gaz\/","og_site_name":"Q8Oils","article_modified_time":"2025-04-18T08:25:24+00:00","og_image":[{"width":201,"height":225,"url":"https:\/\/www.q8oils.com\/wp-content\/uploads\/2020\/05\/25181_Gas-Engine-Oil.png","type":"image\/png"}],"twitter_card":"summary_large_image","twitter_misc":{"Dur\u00e9e de lecture estim\u00e9e":"1 minute"},"schema":{"@context":"https:\/\/schema.org","@graph":[{"@type":"WebPage","@id":"https:\/\/www.q8oils.com\/fr\/energie\/huiles-pour-moteurs-a-gaz\/","url":"https:\/\/www.q8oils.com\/fr\/energie\/huiles-pour-moteurs-a-gaz\/","name":"Huiles pour moteurs \u00e0 gaz - Q8Oils","isPartOf":{"@id":"https:\/\/www.q8oils.com\/fr\/#website"},"primaryImageOfPage":{"@id":"https:\/\/www.q8oils.com\/fr\/energie\/huiles-pour-moteurs-a-gaz\/#primaryimage"},"image":{"@id":"https:\/\/www.q8oils.com\/fr\/energie\/huiles-pour-moteurs-a-gaz\/#primaryimage"},"thumbnailUrl":"https:\/\/www.q8oils.com\/wp-content\/uploads\/2020\/05\/25181_Gas-Engine-Oil.png","datePublished":"2020-05-21T09:46:07+00:00","dateModified":"2025-04-18T08:25:24+00:00","description":"De nos jours, les moteurs stationnaires \u00e0 gaz sont soumis \u00e0 des conditions de fonctionnement extr\u00eames. Ceci n\u00e9cessite des lubrifiants sophistiqu\u00e9s offrant une stabilit\u00e9 \u00e0 l\u2019oxydation exceptionnelle, ainsi que de faibles d\u00e9p\u00f4ts de cendres. Notre gamme Q8 Mahler offre la meilleure solution pour garder votre moteur propre et r\u00e9duire les co\u00fbts de fonctionnement.","breadcrumb":{"@id":"https:\/\/www.q8oils.com\/fr\/energie\/huiles-pour-moteurs-a-gaz\/#breadcrumb"},"inLanguage":"fr-FR","potentialAction":[{"@type":"ReadAction","target":["https:\/\/www.q8oils.com\/fr\/energie\/huiles-pour-moteurs-a-gaz\/"]}]},{"@type":"ImageObject","inLanguage":"fr-FR","@id":"https:\/\/www.q8oils.com\/fr\/energie\/huiles-pour-moteurs-a-gaz\/#primaryimage","url":"https:\/\/www.q8oils.com\/wp-content\/uploads\/2020\/05\/25181_Gas-Engine-Oil.png","contentUrl":"https:\/\/www.q8oils.com\/wp-content\/uploads\/2020\/05\/25181_Gas-Engine-Oil.png","width":201,"height":225,"caption":"Gas engine oils icon - Q8oils"},{"@type":"BreadcrumbList","@id":"https:\/\/www.q8oils.com\/fr\/energie\/huiles-pour-moteurs-a-gaz\/#breadcrumb","itemListElement":[{"@type":"ListItem","position":1,"name":"Home","item":"https:\/\/www.q8oils.com\/fr\/"},{"@type":"ListItem","position":2,"name":"Energie","item":"https:\/\/www.q8oils.com\/fr\/energie\/"},{"@type":"ListItem","position":3,"name":"Huiles pour moteurs \u00e0 gaz"}]},{"@type":"WebSite","@id":"https:\/\/www.q8oils.com\/fr\/#website","url":"https:\/\/www.q8oils.com\/fr\/","name":"Q8Oils","description":"Global, partnership, lubricants, solutions","publisher":{"@id":"https:\/\/www.q8oils.com\/fr\/#organization"},"potentialAction":[{"@type":"SearchAction","target":{"@type":"EntryPoint","urlTemplate":"https:\/\/www.q8oils.com\/fr\/?s={search_term_string}"},"query-input":{"@type":"PropertyValueSpecification","valueRequired":true,"valueName":"search_term_string"}}],"inLanguage":"fr-FR"},{"@type":"Organization","@id":"https:\/\/www.q8oils.com\/fr\/#organization","name":"Q8Oils","url":"https:\/\/www.q8oils.com\/fr\/","logo":{"@type":"ImageObject","inLanguage":"fr-FR","@id":"https:\/\/www.q8oils.com\/fr\/#\/schema\/logo\/image\/","url":"https:\/\/www.q8oils.com\/wp-content\/uploads\/2020\/04\/q8oils-logo.png","contentUrl":"https:\/\/www.q8oils.com\/wp-content\/uploads\/2020\/04\/q8oils-logo.png","width":475,"height":100,"caption":"Q8Oils"},"image":{"@id":"https:\/\/www.q8oils.com\/fr\/#\/schema\/logo\/image\/"},"sameAs":["https:\/\/www.linkedin.com\/Q8Oils"]}]}},"_links":{"self":[{"href":"https:\/\/www.q8oils.com\/fr\/wp-json\/wp\/v2\/pages\/502223"}],"collection":[{"href":"https:\/\/www.q8oils.com\/fr\/wp-json\/wp\/v2\/pages"}],"about":[{"href":"https:\/\/www.q8oils.com\/fr\/wp-json\/wp\/v2\/types\/page"}],"author":[{"embeddable":true,"href":"https:\/\/www.q8oils.com\/fr\/wp-json\/wp\/v2\/users\/2"}],"replies":[{"embeddable":true,"href":"https:\/\/www.q8oils.com\/fr\/wp-json\/wp\/v2\/comments?post=502223"}],"version-history":[{"count":8,"href":"https:\/\/www.q8oils.com\/fr\/wp-json\/wp\/v2\/pages\/502223\/revisions"}],"predecessor-version":[{"id":2858922,"href":"https:\/\/www.q8oils.com\/fr\/wp-json\/wp\/v2\/pages\/502223\/revisions\/2858922"}],"up":[{"embeddable":true,"href":"https:\/\/www.q8oils.com\/fr\/wp-json\/wp\/v2\/pages\/502195"}],"wp:featuredmedia":[{"embeddable":true,"href":"https:\/\/www.q8oils.com\/fr\/wp-json\/wp\/v2\/media\/500363"}],"wp:attachment":[{"href":"https:\/\/www.q8oils.com\/fr\/wp-json\/wp\/v2\/media?parent=502223"}],"curies":[{"name":"wp","href":"https:\/\/api.w.org\/{rel}","templated":true}]}}