
 

{"id":502246,"date":"2020-05-31T15:20:32","date_gmt":"2020-05-31T15:20:32","guid":{"rendered":"https:\/\/www.q8oils.com\/energie\/marine-oils\/"},"modified":"2020-11-27T14:18:59","modified_gmt":"2020-11-27T14:18:59","slug":"huiles-pour-moteurs-marins","status":"publish","type":"page","link":"https:\/\/www.q8oils.com\/fr\/energie\/huiles-pour-moteurs-marins\/","title":{"rendered":"Huiles pour moteurs marins"},"content":{"rendered":"","protected":false},"excerpt":{"rendered":"<p>Les huiles marines de Q8Oils ont \u00e9t\u00e9 mises au point pour des cat\u00e9gories de navires tr\u00e8s diverses (navigation int\u00e9rieure, p\u00eache en eaux profondes et bateaux de plaisance). Notre gamme compl\u00e8te de produits, associ\u00e9e \u00e0 l\u2019expertise de notre \u00e9quipe de d\u00e9veloppement de produits et \u00e0 notre Service d\u2019assistance technique, fait de Q8Oils votre partenaire id\u00e9al en mati\u00e8re de lubrification dans ce secteur.<\/p>\n","protected":false},"author":2,"featured_media":500384,"parent":502195,"menu_order":0,"comment_status":"closed","ping_status":"closed","template":"page-templates\/minor.php","meta":{"_acf_changed":false,"footnotes":""},"class_list":["post-502246","page","type-page","status-publish","has-post-thumbnail","hentry","major-energy-fr"],"acf":[],"yoast_head":"<!-- This site is optimized with the Yoast SEO plugin v23.5 - https:\/\/yoast.com\/wordpress\/plugins\/seo\/ -->\n<title>Huiles pour moteurs marins - Q8Oils<\/title>\n<meta name=\"description\" content=\"Les huiles marines de Q8Oils ont \u00e9t\u00e9 mises au point pour des cat\u00e9gories de navires tr\u00e8s diverses (navigation int\u00e9rieure, p\u00eache en eaux profondes et bateaux de plaisance). Notre gamme compl\u00e8te de produits, associ\u00e9e \u00e0 l\u2019expertise de notre \u00e9quipe de d\u00e9veloppement de produits et \u00e0 notre Service d\u2019assistance technique, fait de Q8Oils votre partenaire id\u00e9al en mati\u00e8re de lubrification dans ce secteur.\" \/>\n<meta name=\"robots\" content=\"index, follow, max-snippet:-1, max-image-preview:large, max-video-preview:-1\" \/>\n<link rel=\"canonical\" href=\"https:\/\/www.q8oils.com\/fr\/energie\/huiles-pour-moteurs-marins\/\" \/>\n<meta property=\"og:locale\" content=\"fr_FR\" \/>\n<meta property=\"og:type\" content=\"article\" \/>\n<meta property=\"og:title\" content=\"Huiles pour moteurs marins - Q8Oils\" \/>\n<meta property=\"og:description\" content=\"Les huiles marines de Q8Oils ont \u00e9t\u00e9 mises au point pour des cat\u00e9gories de navires tr\u00e8s diverses (navigation int\u00e9rieure, p\u00eache en eaux profondes et bateaux de plaisance). Notre gamme compl\u00e8te de produits, associ\u00e9e \u00e0 l\u2019expertise de notre \u00e9quipe de d\u00e9veloppement de produits et \u00e0 notre Service d\u2019assistance technique, fait de Q8Oils votre partenaire id\u00e9al en mati\u00e8re de lubrification dans ce secteur.\" \/>\n<meta property=\"og:url\" content=\"https:\/\/www.q8oils.com\/fr\/energie\/huiles-pour-moteurs-marins\/\" \/>\n<meta property=\"og:site_name\" content=\"Q8Oils\" \/>\n<meta property=\"article:modified_time\" content=\"2020-11-27T14:18:59+00:00\" \/>\n<meta property=\"og:image\" content=\"https:\/\/www.q8oils.com\/wp-content\/uploads\/2020\/05\/23256_Marine.png\" \/>\n\t<meta property=\"og:image:width\" content=\"200\" \/>\n\t<meta property=\"og:image:height\" content=\"225\" \/>\n\t<meta property=\"og:image:type\" content=\"image\/png\" \/>\n<meta name=\"twitter:card\" content=\"summary_large_image\" \/>\n<script type=\"application\/ld+json\" class=\"yoast-schema-graph\">{\"@context\":\"https:\/\/schema.org\",\"@graph\":[{\"@type\":\"WebPage\",\"@id\":\"https:\/\/www.q8oils.com\/fr\/energie\/huiles-pour-moteurs-marins\/\",\"url\":\"https:\/\/www.q8oils.com\/fr\/energie\/huiles-pour-moteurs-marins\/\",\"name\":\"Huiles pour moteurs marins - Q8Oils\",\"isPartOf\":{\"@id\":\"https:\/\/www.q8oils.com\/fr\/#website\"},\"primaryImageOfPage\":{\"@id\":\"https:\/\/www.q8oils.com\/fr\/energie\/huiles-pour-moteurs-marins\/#primaryimage\"},\"image\":{\"@id\":\"https:\/\/www.q8oils.com\/fr\/energie\/huiles-pour-moteurs-marins\/#primaryimage\"},\"thumbnailUrl\":\"https:\/\/www.q8oils.com\/wp-content\/uploads\/2020\/05\/23256_Marine.png\",\"datePublished\":\"2020-05-31T15:20:32+00:00\",\"dateModified\":\"2020-11-27T14:18:59+00:00\",\"description\":\"Les huiles marines de Q8Oils ont \u00e9t\u00e9 mises au point pour des cat\u00e9gories de navires tr\u00e8s diverses (navigation int\u00e9rieure, p\u00eache en eaux profondes et bateaux de plaisance). Notre gamme compl\u00e8te de produits, associ\u00e9e \u00e0 l\u2019expertise de notre \u00e9quipe de d\u00e9veloppement de produits et \u00e0 notre Service d\u2019assistance technique, fait de Q8Oils votre partenaire id\u00e9al en mati\u00e8re de lubrification dans ce secteur.\",\"breadcrumb\":{\"@id\":\"https:\/\/www.q8oils.com\/fr\/energie\/huiles-pour-moteurs-marins\/#breadcrumb\"},\"inLanguage\":\"fr-FR\",\"potentialAction\":[{\"@type\":\"ReadAction\",\"target\":[\"https:\/\/www.q8oils.com\/fr\/energie\/huiles-pour-moteurs-marins\/\"]}]},{\"@type\":\"ImageObject\",\"inLanguage\":\"fr-FR\",\"@id\":\"https:\/\/www.q8oils.com\/fr\/energie\/huiles-pour-moteurs-marins\/#primaryimage\",\"url\":\"https:\/\/www.q8oils.com\/wp-content\/uploads\/2020\/05\/23256_Marine.png\",\"contentUrl\":\"https:\/\/www.q8oils.com\/wp-content\/uploads\/2020\/05\/23256_Marine.png\",\"width\":200,\"height\":225,\"caption\":\"Marine Oils - Q8Oils\"},{\"@type\":\"BreadcrumbList\",\"@id\":\"https:\/\/www.q8oils.com\/fr\/energie\/huiles-pour-moteurs-marins\/#breadcrumb\",\"itemListElement\":[{\"@type\":\"ListItem\",\"position\":1,\"name\":\"Home\",\"item\":\"https:\/\/www.q8oils.com\/fr\/\"},{\"@type\":\"ListItem\",\"position\":2,\"name\":\"Energie\",\"item\":\"https:\/\/www.q8oils.com\/fr\/energie\/\"},{\"@type\":\"ListItem\",\"position\":3,\"name\":\"Huiles pour moteurs marins\"}]},{\"@type\":\"WebSite\",\"@id\":\"https:\/\/www.q8oils.com\/fr\/#website\",\"url\":\"https:\/\/www.q8oils.com\/fr\/\",\"name\":\"Q8Oils\",\"description\":\"Global, partnership, lubricants, solutions\",\"publisher\":{\"@id\":\"https:\/\/www.q8oils.com\/fr\/#organization\"},\"potentialAction\":[{\"@type\":\"SearchAction\",\"target\":{\"@type\":\"EntryPoint\",\"urlTemplate\":\"https:\/\/www.q8oils.com\/fr\/?s={search_term_string}\"},\"query-input\":{\"@type\":\"PropertyValueSpecification\",\"valueRequired\":true,\"valueName\":\"search_term_string\"}}],\"inLanguage\":\"fr-FR\"},{\"@type\":\"Organization\",\"@id\":\"https:\/\/www.q8oils.com\/fr\/#organization\",\"name\":\"Q8Oils\",\"url\":\"https:\/\/www.q8oils.com\/fr\/\",\"logo\":{\"@type\":\"ImageObject\",\"inLanguage\":\"fr-FR\",\"@id\":\"https:\/\/www.q8oils.com\/fr\/#\/schema\/logo\/image\/\",\"url\":\"https:\/\/www.q8oils.com\/wp-content\/uploads\/2020\/04\/q8oils-logo.png\",\"contentUrl\":\"https:\/\/www.q8oils.com\/wp-content\/uploads\/2020\/04\/q8oils-logo.png\",\"width\":475,\"height\":100,\"caption\":\"Q8Oils\"},\"image\":{\"@id\":\"https:\/\/www.q8oils.com\/fr\/#\/schema\/logo\/image\/\"},\"sameAs\":[\"https:\/\/www.linkedin.com\/Q8Oils\"]}]}<\/script>\n<!-- \/ Yoast SEO plugin. -->","yoast_head_json":{"title":"Huiles pour moteurs marins - Q8Oils","description":"Les huiles marines de Q8Oils ont \u00e9t\u00e9 mises au point pour des cat\u00e9gories de navires tr\u00e8s diverses (navigation int\u00e9rieure, p\u00eache en eaux profondes et bateaux de plaisance). Notre gamme compl\u00e8te de produits, associ\u00e9e \u00e0 l\u2019expertise de notre \u00e9quipe de d\u00e9veloppement de produits et \u00e0 notre Service d\u2019assistance technique, fait de Q8Oils votre partenaire id\u00e9al en mati\u00e8re de lubrification dans ce secteur.","robots":{"index":"index","follow":"follow","max-snippet":"max-snippet:-1","max-image-preview":"max-image-preview:large","max-video-preview":"max-video-preview:-1"},"canonical":"https:\/\/www.q8oils.com\/fr\/energie\/huiles-pour-moteurs-marins\/","og_locale":"fr_FR","og_type":"article","og_title":"Huiles pour moteurs marins - Q8Oils","og_description":"Les huiles marines de Q8Oils ont \u00e9t\u00e9 mises au point pour des cat\u00e9gories de navires tr\u00e8s diverses (navigation int\u00e9rieure, p\u00eache en eaux profondes et bateaux de plaisance). Notre gamme compl\u00e8te de produits, associ\u00e9e \u00e0 l\u2019expertise de notre \u00e9quipe de d\u00e9veloppement de produits et \u00e0 notre Service d\u2019assistance technique, fait de Q8Oils votre partenaire id\u00e9al en mati\u00e8re de lubrification dans ce secteur.","og_url":"https:\/\/www.q8oils.com\/fr\/energie\/huiles-pour-moteurs-marins\/","og_site_name":"Q8Oils","article_modified_time":"2020-11-27T14:18:59+00:00","og_image":[{"width":200,"height":225,"url":"https:\/\/www.q8oils.com\/wp-content\/uploads\/2020\/05\/23256_Marine.png","type":"image\/png"}],"twitter_card":"summary_large_image","schema":{"@context":"https:\/\/schema.org","@graph":[{"@type":"WebPage","@id":"https:\/\/www.q8oils.com\/fr\/energie\/huiles-pour-moteurs-marins\/","url":"https:\/\/www.q8oils.com\/fr\/energie\/huiles-pour-moteurs-marins\/","name":"Huiles pour moteurs marins - Q8Oils","isPartOf":{"@id":"https:\/\/www.q8oils.com\/fr\/#website"},"primaryImageOfPage":{"@id":"https:\/\/www.q8oils.com\/fr\/energie\/huiles-pour-moteurs-marins\/#primaryimage"},"image":{"@id":"https:\/\/www.q8oils.com\/fr\/energie\/huiles-pour-moteurs-marins\/#primaryimage"},"thumbnailUrl":"https:\/\/www.q8oils.com\/wp-content\/uploads\/2020\/05\/23256_Marine.png","datePublished":"2020-05-31T15:20:32+00:00","dateModified":"2020-11-27T14:18:59+00:00","description":"Les huiles marines de Q8Oils ont \u00e9t\u00e9 mises au point pour des cat\u00e9gories de navires tr\u00e8s diverses (navigation int\u00e9rieure, p\u00eache en eaux profondes et bateaux de plaisance). Notre gamme compl\u00e8te de produits, associ\u00e9e \u00e0 l\u2019expertise de notre \u00e9quipe de d\u00e9veloppement de produits et \u00e0 notre Service d\u2019assistance technique, fait de Q8Oils votre partenaire id\u00e9al en mati\u00e8re de lubrification dans ce secteur.","breadcrumb":{"@id":"https:\/\/www.q8oils.com\/fr\/energie\/huiles-pour-moteurs-marins\/#breadcrumb"},"inLanguage":"fr-FR","potentialAction":[{"@type":"ReadAction","target":["https:\/\/www.q8oils.com\/fr\/energie\/huiles-pour-moteurs-marins\/"]}]},{"@type":"ImageObject","inLanguage":"fr-FR","@id":"https:\/\/www.q8oils.com\/fr\/energie\/huiles-pour-moteurs-marins\/#primaryimage","url":"https:\/\/www.q8oils.com\/wp-content\/uploads\/2020\/05\/23256_Marine.png","contentUrl":"https:\/\/www.q8oils.com\/wp-content\/uploads\/2020\/05\/23256_Marine.png","width":200,"height":225,"caption":"Marine Oils - Q8Oils"},{"@type":"BreadcrumbList","@id":"https:\/\/www.q8oils.com\/fr\/energie\/huiles-pour-moteurs-marins\/#breadcrumb","itemListElement":[{"@type":"ListItem","position":1,"name":"Home","item":"https:\/\/www.q8oils.com\/fr\/"},{"@type":"ListItem","position":2,"name":"Energie","item":"https:\/\/www.q8oils.com\/fr\/energie\/"},{"@type":"ListItem","position":3,"name":"Huiles pour moteurs marins"}]},{"@type":"WebSite","@id":"https:\/\/www.q8oils.com\/fr\/#website","url":"https:\/\/www.q8oils.com\/fr\/","name":"Q8Oils","description":"Global, partnership, lubricants, solutions","publisher":{"@id":"https:\/\/www.q8oils.com\/fr\/#organization"},"potentialAction":[{"@type":"SearchAction","target":{"@type":"EntryPoint","urlTemplate":"https:\/\/www.q8oils.com\/fr\/?s={search_term_string}"},"query-input":{"@type":"PropertyValueSpecification","valueRequired":true,"valueName":"search_term_string"}}],"inLanguage":"fr-FR"},{"@type":"Organization","@id":"https:\/\/www.q8oils.com\/fr\/#organization","name":"Q8Oils","url":"https:\/\/www.q8oils.com\/fr\/","logo":{"@type":"ImageObject","inLanguage":"fr-FR","@id":"https:\/\/www.q8oils.com\/fr\/#\/schema\/logo\/image\/","url":"https:\/\/www.q8oils.com\/wp-content\/uploads\/2020\/04\/q8oils-logo.png","contentUrl":"https:\/\/www.q8oils.com\/wp-content\/uploads\/2020\/04\/q8oils-logo.png","width":475,"height":100,"caption":"Q8Oils"},"image":{"@id":"https:\/\/www.q8oils.com\/fr\/#\/schema\/logo\/image\/"},"sameAs":["https:\/\/www.linkedin.com\/Q8Oils"]}]}},"_links":{"self":[{"href":"https:\/\/www.q8oils.com\/fr\/wp-json\/wp\/v2\/pages\/502246"}],"collection":[{"href":"https:\/\/www.q8oils.com\/fr\/wp-json\/wp\/v2\/pages"}],"about":[{"href":"https:\/\/www.q8oils.com\/fr\/wp-json\/wp\/v2\/types\/page"}],"author":[{"embeddable":true,"href":"https:\/\/www.q8oils.com\/fr\/wp-json\/wp\/v2\/users\/2"}],"replies":[{"embeddable":true,"href":"https:\/\/www.q8oils.com\/fr\/wp-json\/wp\/v2\/comments?post=502246"}],"version-history":[{"count":5,"href":"https:\/\/www.q8oils.com\/fr\/wp-json\/wp\/v2\/pages\/502246\/revisions"}],"predecessor-version":[{"id":641769,"href":"https:\/\/www.q8oils.com\/fr\/wp-json\/wp\/v2\/pages\/502246\/revisions\/641769"}],"up":[{"embeddable":true,"href":"https:\/\/www.q8oils.com\/fr\/wp-json\/wp\/v2\/pages\/502195"}],"wp:featuredmedia":[{"embeddable":true,"href":"https:\/\/www.q8oils.com\/fr\/wp-json\/wp\/v2\/media\/500384"}],"wp:attachment":[{"href":"https:\/\/www.q8oils.com\/fr\/wp-json\/wp\/v2\/media?parent=502246"}],"curies":[{"name":"wp","href":"https:\/\/api.w.org\/{rel}","templated":true}]}}