
 

{"id":502250,"date":"2020-05-31T15:24:14","date_gmt":"2020-05-31T15:24:14","guid":{"rendered":"https:\/\/www.q8oils.com\/energie\/turbine-oils\/"},"modified":"2020-11-27T14:07:55","modified_gmt":"2020-11-27T14:07:55","slug":"huiles-pour-turbines","status":"publish","type":"page","link":"https:\/\/www.q8oils.com\/fr\/energie\/huiles-pour-turbines\/","title":{"rendered":"Huiles pour turbines"},"content":{"rendered":"","protected":false},"excerpt":{"rendered":"<p>Les temp\u00e9ratures d\u2019utilisation \u00e9lev\u00e9es dans les grands syst\u00e8mes de circulation des turbines \u00e0 gaz sont la principale cause de d\u00e9faillance pr\u00e9matur\u00e9e de l\u2019huile pour turbine, en raison de l\u2019oxydation. Nos gammes Q8 Van Gogh et Q8 Volta pour turbines \u00e0 gaz, \u00e0 vapeur, et hydrauliques offrent une stabilit\u00e9 \u00e0 l\u2019oxydation exceptionnelle garantissant une exploitation fiable.<\/p>\n","protected":false},"author":2,"featured_media":500377,"parent":502195,"menu_order":0,"comment_status":"closed","ping_status":"closed","template":"page-templates\/minor.php","meta":{"_acf_changed":false,"footnotes":""},"class_list":["post-502250","page","type-page","status-publish","has-post-thumbnail","hentry","major-energy-fr"],"acf":[],"yoast_head":"<!-- This site is optimized with the Yoast SEO plugin v23.5 - https:\/\/yoast.com\/wordpress\/plugins\/seo\/ -->\n<title>Huiles pour turbines - Q8Oils<\/title>\n<meta name=\"description\" content=\"Les temp\u00e9ratures d\u2019utilisation \u00e9lev\u00e9es dans les grands syst\u00e8mes de circulation des turbines \u00e0 gaz sont la principale cause de d\u00e9faillance pr\u00e9matur\u00e9e de l\u2019huile pour turbine, en raison de l\u2019oxydation. Nos gammes Q8 Van Gogh et Q8 Volta pour turbines \u00e0 gaz, \u00e0 vapeur, et hydrauliques offrent une stabilit\u00e9 \u00e0 l\u2019oxydation exceptionnelle garantissant une exploitation fiable.\" \/>\n<meta name=\"robots\" content=\"index, follow, max-snippet:-1, max-image-preview:large, max-video-preview:-1\" \/>\n<link rel=\"canonical\" href=\"https:\/\/www.q8oils.com\/fr\/energie\/huiles-pour-turbines\/\" \/>\n<meta property=\"og:locale\" content=\"fr_FR\" \/>\n<meta property=\"og:type\" content=\"article\" \/>\n<meta property=\"og:title\" content=\"Huiles pour turbines - Q8Oils\" \/>\n<meta property=\"og:description\" content=\"Les temp\u00e9ratures d\u2019utilisation \u00e9lev\u00e9es dans les grands syst\u00e8mes de circulation des turbines \u00e0 gaz sont la principale cause de d\u00e9faillance pr\u00e9matur\u00e9e de l\u2019huile pour turbine, en raison de l\u2019oxydation. Nos gammes Q8 Van Gogh et Q8 Volta pour turbines \u00e0 gaz, \u00e0 vapeur, et hydrauliques offrent une stabilit\u00e9 \u00e0 l\u2019oxydation exceptionnelle garantissant une exploitation fiable.\" \/>\n<meta property=\"og:url\" content=\"https:\/\/www.q8oils.com\/fr\/energie\/huiles-pour-turbines\/\" \/>\n<meta property=\"og:site_name\" content=\"Q8Oils\" \/>\n<meta property=\"article:modified_time\" content=\"2020-11-27T14:07:55+00:00\" \/>\n<meta property=\"og:image\" content=\"https:\/\/www.q8oils.com\/wp-content\/uploads\/2020\/05\/25183_Turbine-Oil.png\" \/>\n\t<meta property=\"og:image:width\" content=\"200\" \/>\n\t<meta property=\"og:image:height\" content=\"225\" \/>\n\t<meta property=\"og:image:type\" content=\"image\/png\" \/>\n<meta name=\"twitter:card\" content=\"summary_large_image\" \/>\n<script type=\"application\/ld+json\" class=\"yoast-schema-graph\">{\"@context\":\"https:\/\/schema.org\",\"@graph\":[{\"@type\":\"WebPage\",\"@id\":\"https:\/\/www.q8oils.com\/fr\/energie\/huiles-pour-turbines\/\",\"url\":\"https:\/\/www.q8oils.com\/fr\/energie\/huiles-pour-turbines\/\",\"name\":\"Huiles pour turbines - Q8Oils\",\"isPartOf\":{\"@id\":\"https:\/\/www.q8oils.com\/fr\/#website\"},\"primaryImageOfPage\":{\"@id\":\"https:\/\/www.q8oils.com\/fr\/energie\/huiles-pour-turbines\/#primaryimage\"},\"image\":{\"@id\":\"https:\/\/www.q8oils.com\/fr\/energie\/huiles-pour-turbines\/#primaryimage\"},\"thumbnailUrl\":\"https:\/\/www.q8oils.com\/wp-content\/uploads\/2020\/05\/25183_Turbine-Oil.png\",\"datePublished\":\"2020-05-31T15:24:14+00:00\",\"dateModified\":\"2020-11-27T14:07:55+00:00\",\"description\":\"Les temp\u00e9ratures d\u2019utilisation \u00e9lev\u00e9es dans les grands syst\u00e8mes de circulation des turbines \u00e0 gaz sont la principale cause de d\u00e9faillance pr\u00e9matur\u00e9e de l\u2019huile pour turbine, en raison de l\u2019oxydation. Nos gammes Q8 Van Gogh et Q8 Volta pour turbines \u00e0 gaz, \u00e0 vapeur, et hydrauliques offrent une stabilit\u00e9 \u00e0 l\u2019oxydation exceptionnelle garantissant une exploitation fiable.\",\"breadcrumb\":{\"@id\":\"https:\/\/www.q8oils.com\/fr\/energie\/huiles-pour-turbines\/#breadcrumb\"},\"inLanguage\":\"fr-FR\",\"potentialAction\":[{\"@type\":\"ReadAction\",\"target\":[\"https:\/\/www.q8oils.com\/fr\/energie\/huiles-pour-turbines\/\"]}]},{\"@type\":\"ImageObject\",\"inLanguage\":\"fr-FR\",\"@id\":\"https:\/\/www.q8oils.com\/fr\/energie\/huiles-pour-turbines\/#primaryimage\",\"url\":\"https:\/\/www.q8oils.com\/wp-content\/uploads\/2020\/05\/25183_Turbine-Oil.png\",\"contentUrl\":\"https:\/\/www.q8oils.com\/wp-content\/uploads\/2020\/05\/25183_Turbine-Oil.png\",\"width\":200,\"height\":225,\"caption\":\"Turbine Oils icon - Q8Oils\"},{\"@type\":\"BreadcrumbList\",\"@id\":\"https:\/\/www.q8oils.com\/fr\/energie\/huiles-pour-turbines\/#breadcrumb\",\"itemListElement\":[{\"@type\":\"ListItem\",\"position\":1,\"name\":\"Home\",\"item\":\"https:\/\/www.q8oils.com\/fr\/\"},{\"@type\":\"ListItem\",\"position\":2,\"name\":\"Energie\",\"item\":\"https:\/\/www.q8oils.com\/fr\/energie\/\"},{\"@type\":\"ListItem\",\"position\":3,\"name\":\"Huiles pour turbines\"}]},{\"@type\":\"WebSite\",\"@id\":\"https:\/\/www.q8oils.com\/fr\/#website\",\"url\":\"https:\/\/www.q8oils.com\/fr\/\",\"name\":\"Q8Oils\",\"description\":\"Global, partnership, lubricants, solutions\",\"publisher\":{\"@id\":\"https:\/\/www.q8oils.com\/fr\/#organization\"},\"potentialAction\":[{\"@type\":\"SearchAction\",\"target\":{\"@type\":\"EntryPoint\",\"urlTemplate\":\"https:\/\/www.q8oils.com\/fr\/?s={search_term_string}\"},\"query-input\":{\"@type\":\"PropertyValueSpecification\",\"valueRequired\":true,\"valueName\":\"search_term_string\"}}],\"inLanguage\":\"fr-FR\"},{\"@type\":\"Organization\",\"@id\":\"https:\/\/www.q8oils.com\/fr\/#organization\",\"name\":\"Q8Oils\",\"url\":\"https:\/\/www.q8oils.com\/fr\/\",\"logo\":{\"@type\":\"ImageObject\",\"inLanguage\":\"fr-FR\",\"@id\":\"https:\/\/www.q8oils.com\/fr\/#\/schema\/logo\/image\/\",\"url\":\"https:\/\/www.q8oils.com\/wp-content\/uploads\/2020\/04\/q8oils-logo.png\",\"contentUrl\":\"https:\/\/www.q8oils.com\/wp-content\/uploads\/2020\/04\/q8oils-logo.png\",\"width\":475,\"height\":100,\"caption\":\"Q8Oils\"},\"image\":{\"@id\":\"https:\/\/www.q8oils.com\/fr\/#\/schema\/logo\/image\/\"},\"sameAs\":[\"https:\/\/www.linkedin.com\/Q8Oils\"]}]}<\/script>\n<!-- \/ Yoast SEO plugin. -->","yoast_head_json":{"title":"Huiles pour turbines - Q8Oils","description":"Les temp\u00e9ratures d\u2019utilisation \u00e9lev\u00e9es dans les grands syst\u00e8mes de circulation des turbines \u00e0 gaz sont la principale cause de d\u00e9faillance pr\u00e9matur\u00e9e de l\u2019huile pour turbine, en raison de l\u2019oxydation. Nos gammes Q8 Van Gogh et Q8 Volta pour turbines \u00e0 gaz, \u00e0 vapeur, et hydrauliques offrent une stabilit\u00e9 \u00e0 l\u2019oxydation exceptionnelle garantissant une exploitation fiable.","robots":{"index":"index","follow":"follow","max-snippet":"max-snippet:-1","max-image-preview":"max-image-preview:large","max-video-preview":"max-video-preview:-1"},"canonical":"https:\/\/www.q8oils.com\/fr\/energie\/huiles-pour-turbines\/","og_locale":"fr_FR","og_type":"article","og_title":"Huiles pour turbines - Q8Oils","og_description":"Les temp\u00e9ratures d\u2019utilisation \u00e9lev\u00e9es dans les grands syst\u00e8mes de circulation des turbines \u00e0 gaz sont la principale cause de d\u00e9faillance pr\u00e9matur\u00e9e de l\u2019huile pour turbine, en raison de l\u2019oxydation. Nos gammes Q8 Van Gogh et Q8 Volta pour turbines \u00e0 gaz, \u00e0 vapeur, et hydrauliques offrent une stabilit\u00e9 \u00e0 l\u2019oxydation exceptionnelle garantissant une exploitation fiable.","og_url":"https:\/\/www.q8oils.com\/fr\/energie\/huiles-pour-turbines\/","og_site_name":"Q8Oils","article_modified_time":"2020-11-27T14:07:55+00:00","og_image":[{"width":200,"height":225,"url":"https:\/\/www.q8oils.com\/wp-content\/uploads\/2020\/05\/25183_Turbine-Oil.png","type":"image\/png"}],"twitter_card":"summary_large_image","schema":{"@context":"https:\/\/schema.org","@graph":[{"@type":"WebPage","@id":"https:\/\/www.q8oils.com\/fr\/energie\/huiles-pour-turbines\/","url":"https:\/\/www.q8oils.com\/fr\/energie\/huiles-pour-turbines\/","name":"Huiles pour turbines - Q8Oils","isPartOf":{"@id":"https:\/\/www.q8oils.com\/fr\/#website"},"primaryImageOfPage":{"@id":"https:\/\/www.q8oils.com\/fr\/energie\/huiles-pour-turbines\/#primaryimage"},"image":{"@id":"https:\/\/www.q8oils.com\/fr\/energie\/huiles-pour-turbines\/#primaryimage"},"thumbnailUrl":"https:\/\/www.q8oils.com\/wp-content\/uploads\/2020\/05\/25183_Turbine-Oil.png","datePublished":"2020-05-31T15:24:14+00:00","dateModified":"2020-11-27T14:07:55+00:00","description":"Les temp\u00e9ratures d\u2019utilisation \u00e9lev\u00e9es dans les grands syst\u00e8mes de circulation des turbines \u00e0 gaz sont la principale cause de d\u00e9faillance pr\u00e9matur\u00e9e de l\u2019huile pour turbine, en raison de l\u2019oxydation. Nos gammes Q8 Van Gogh et Q8 Volta pour turbines \u00e0 gaz, \u00e0 vapeur, et hydrauliques offrent une stabilit\u00e9 \u00e0 l\u2019oxydation exceptionnelle garantissant une exploitation fiable.","breadcrumb":{"@id":"https:\/\/www.q8oils.com\/fr\/energie\/huiles-pour-turbines\/#breadcrumb"},"inLanguage":"fr-FR","potentialAction":[{"@type":"ReadAction","target":["https:\/\/www.q8oils.com\/fr\/energie\/huiles-pour-turbines\/"]}]},{"@type":"ImageObject","inLanguage":"fr-FR","@id":"https:\/\/www.q8oils.com\/fr\/energie\/huiles-pour-turbines\/#primaryimage","url":"https:\/\/www.q8oils.com\/wp-content\/uploads\/2020\/05\/25183_Turbine-Oil.png","contentUrl":"https:\/\/www.q8oils.com\/wp-content\/uploads\/2020\/05\/25183_Turbine-Oil.png","width":200,"height":225,"caption":"Turbine Oils icon - Q8Oils"},{"@type":"BreadcrumbList","@id":"https:\/\/www.q8oils.com\/fr\/energie\/huiles-pour-turbines\/#breadcrumb","itemListElement":[{"@type":"ListItem","position":1,"name":"Home","item":"https:\/\/www.q8oils.com\/fr\/"},{"@type":"ListItem","position":2,"name":"Energie","item":"https:\/\/www.q8oils.com\/fr\/energie\/"},{"@type":"ListItem","position":3,"name":"Huiles pour turbines"}]},{"@type":"WebSite","@id":"https:\/\/www.q8oils.com\/fr\/#website","url":"https:\/\/www.q8oils.com\/fr\/","name":"Q8Oils","description":"Global, partnership, lubricants, solutions","publisher":{"@id":"https:\/\/www.q8oils.com\/fr\/#organization"},"potentialAction":[{"@type":"SearchAction","target":{"@type":"EntryPoint","urlTemplate":"https:\/\/www.q8oils.com\/fr\/?s={search_term_string}"},"query-input":{"@type":"PropertyValueSpecification","valueRequired":true,"valueName":"search_term_string"}}],"inLanguage":"fr-FR"},{"@type":"Organization","@id":"https:\/\/www.q8oils.com\/fr\/#organization","name":"Q8Oils","url":"https:\/\/www.q8oils.com\/fr\/","logo":{"@type":"ImageObject","inLanguage":"fr-FR","@id":"https:\/\/www.q8oils.com\/fr\/#\/schema\/logo\/image\/","url":"https:\/\/www.q8oils.com\/wp-content\/uploads\/2020\/04\/q8oils-logo.png","contentUrl":"https:\/\/www.q8oils.com\/wp-content\/uploads\/2020\/04\/q8oils-logo.png","width":475,"height":100,"caption":"Q8Oils"},"image":{"@id":"https:\/\/www.q8oils.com\/fr\/#\/schema\/logo\/image\/"},"sameAs":["https:\/\/www.linkedin.com\/Q8Oils"]}]}},"_links":{"self":[{"href":"https:\/\/www.q8oils.com\/fr\/wp-json\/wp\/v2\/pages\/502250"}],"collection":[{"href":"https:\/\/www.q8oils.com\/fr\/wp-json\/wp\/v2\/pages"}],"about":[{"href":"https:\/\/www.q8oils.com\/fr\/wp-json\/wp\/v2\/types\/page"}],"author":[{"embeddable":true,"href":"https:\/\/www.q8oils.com\/fr\/wp-json\/wp\/v2\/users\/2"}],"replies":[{"embeddable":true,"href":"https:\/\/www.q8oils.com\/fr\/wp-json\/wp\/v2\/comments?post=502250"}],"version-history":[{"count":4,"href":"https:\/\/www.q8oils.com\/fr\/wp-json\/wp\/v2\/pages\/502250\/revisions"}],"predecessor-version":[{"id":641761,"href":"https:\/\/www.q8oils.com\/fr\/wp-json\/wp\/v2\/pages\/502250\/revisions\/641761"}],"up":[{"embeddable":true,"href":"https:\/\/www.q8oils.com\/fr\/wp-json\/wp\/v2\/pages\/502195"}],"wp:featuredmedia":[{"embeddable":true,"href":"https:\/\/www.q8oils.com\/fr\/wp-json\/wp\/v2\/media\/500377"}],"wp:attachment":[{"href":"https:\/\/www.q8oils.com\/fr\/wp-json\/wp\/v2\/media?parent=502250"}],"curies":[{"name":"wp","href":"https:\/\/api.w.org\/{rel}","templated":true}]}}