
 

{"id":502255,"date":"2020-05-31T15:27:58","date_gmt":"2020-05-31T15:27:58","guid":{"rendered":"https:\/\/www.q8oils.com\/energie\/huiles-pour-turbines\/lower-operational-costs\/"},"modified":"2020-07-15T21:17:16","modified_gmt":"2020-07-15T21:17:16","slug":"reduire-les-couts-de-fonctionnement","status":"publish","type":"page","link":"https:\/\/www.q8oils.com\/fr\/energie\/huiles-pour-turbines\/reduire-les-couts-de-fonctionnement\/","title":{"rendered":"R\u00e9duire les co\u00fbts de fonctionnement"},"content":{"rendered":"","protected":false},"excerpt":{"rendered":"<p>With our help to improve the lubrication and maintenance practice of your gas engine, you can increase productivity, limit downtime and enjoy a competitive advantage.<\/p>\n","protected":false},"author":2,"featured_media":0,"parent":502250,"menu_order":0,"comment_status":"closed","ping_status":"closed","template":"","meta":{"_acf_changed":false,"footnotes":""},"class_list":["post-502255","page","type-page","status-publish","hentry"],"acf":[],"yoast_head":"<!-- This site is optimized with the Yoast SEO plugin v23.5 - https:\/\/yoast.com\/wordpress\/plugins\/seo\/ -->\n<title>R\u00e9duire les co\u00fbts de fonctionnement - Q8Oils<\/title>\n<meta name=\"description\" content=\"Nous vous aidons \u00e0 perfectionner les op\u00e9rations de lubrification et d\u2019entretien de votre moteur \u00e0 gaz, ce qui vous permet d\u2019augmenter la productivit\u00e9, de limiter le temps d\u2019arr\u00eat et de b\u00e9n\u00e9ficier d\u2019un avantage comp\u00e9titif.\" \/>\n<meta name=\"robots\" content=\"index, follow, max-snippet:-1, max-image-preview:large, max-video-preview:-1\" \/>\n<link rel=\"canonical\" href=\"https:\/\/www.q8oils.com\/fr\/energie\/huiles-pour-turbines\/reduire-les-couts-de-fonctionnement\/\" \/>\n<meta property=\"og:locale\" content=\"fr_FR\" \/>\n<meta property=\"og:type\" content=\"article\" \/>\n<meta property=\"og:title\" content=\"R\u00e9duire les co\u00fbts de fonctionnement - Q8Oils\" \/>\n<meta property=\"og:description\" content=\"Nous vous aidons \u00e0 perfectionner les op\u00e9rations de lubrification et d\u2019entretien de votre moteur \u00e0 gaz, ce qui vous permet d\u2019augmenter la productivit\u00e9, de limiter le temps d\u2019arr\u00eat et de b\u00e9n\u00e9ficier d\u2019un avantage comp\u00e9titif.\" \/>\n<meta property=\"og:url\" content=\"https:\/\/www.q8oils.com\/fr\/energie\/huiles-pour-turbines\/reduire-les-couts-de-fonctionnement\/\" \/>\n<meta property=\"og:site_name\" content=\"Q8Oils\" \/>\n<meta property=\"article:modified_time\" content=\"2020-07-15T21:17:16+00:00\" \/>\n<meta name=\"twitter:card\" content=\"summary_large_image\" \/>\n<script type=\"application\/ld+json\" class=\"yoast-schema-graph\">{\"@context\":\"https:\/\/schema.org\",\"@graph\":[{\"@type\":\"WebPage\",\"@id\":\"https:\/\/www.q8oils.com\/fr\/energie\/huiles-pour-turbines\/reduire-les-couts-de-fonctionnement\/\",\"url\":\"https:\/\/www.q8oils.com\/fr\/energie\/huiles-pour-turbines\/reduire-les-couts-de-fonctionnement\/\",\"name\":\"R\u00e9duire les co\u00fbts de fonctionnement - Q8Oils\",\"isPartOf\":{\"@id\":\"https:\/\/www.q8oils.com\/fr\/#website\"},\"datePublished\":\"2020-05-31T15:27:58+00:00\",\"dateModified\":\"2020-07-15T21:17:16+00:00\",\"description\":\"Nous vous aidons \u00e0 perfectionner les op\u00e9rations de lubrification et d\u2019entretien de votre moteur \u00e0 gaz, ce qui vous permet d\u2019augmenter la productivit\u00e9, de limiter le temps d\u2019arr\u00eat et de b\u00e9n\u00e9ficier d\u2019un avantage comp\u00e9titif.\",\"breadcrumb\":{\"@id\":\"https:\/\/www.q8oils.com\/fr\/energie\/huiles-pour-turbines\/reduire-les-couts-de-fonctionnement\/#breadcrumb\"},\"inLanguage\":\"fr-FR\",\"potentialAction\":[{\"@type\":\"ReadAction\",\"target\":[\"https:\/\/www.q8oils.com\/fr\/energie\/huiles-pour-turbines\/reduire-les-couts-de-fonctionnement\/\"]}]},{\"@type\":\"BreadcrumbList\",\"@id\":\"https:\/\/www.q8oils.com\/fr\/energie\/huiles-pour-turbines\/reduire-les-couts-de-fonctionnement\/#breadcrumb\",\"itemListElement\":[{\"@type\":\"ListItem\",\"position\":1,\"name\":\"Home\",\"item\":\"https:\/\/www.q8oils.com\/fr\/\"},{\"@type\":\"ListItem\",\"position\":2,\"name\":\"Energie\",\"item\":\"https:\/\/www.q8oils.com\/fr\/energie\/\"},{\"@type\":\"ListItem\",\"position\":3,\"name\":\"Huiles pour turbines\",\"item\":\"https:\/\/www.q8oils.com\/fr\/energie\/huiles-pour-turbines\/\"},{\"@type\":\"ListItem\",\"position\":4,\"name\":\"R\u00e9duire les co\u00fbts de fonctionnement\"}]},{\"@type\":\"WebSite\",\"@id\":\"https:\/\/www.q8oils.com\/fr\/#website\",\"url\":\"https:\/\/www.q8oils.com\/fr\/\",\"name\":\"Q8Oils\",\"description\":\"Global, partnership, lubricants, solutions\",\"publisher\":{\"@id\":\"https:\/\/www.q8oils.com\/fr\/#organization\"},\"potentialAction\":[{\"@type\":\"SearchAction\",\"target\":{\"@type\":\"EntryPoint\",\"urlTemplate\":\"https:\/\/www.q8oils.com\/fr\/?s={search_term_string}\"},\"query-input\":{\"@type\":\"PropertyValueSpecification\",\"valueRequired\":true,\"valueName\":\"search_term_string\"}}],\"inLanguage\":\"fr-FR\"},{\"@type\":\"Organization\",\"@id\":\"https:\/\/www.q8oils.com\/fr\/#organization\",\"name\":\"Q8Oils\",\"url\":\"https:\/\/www.q8oils.com\/fr\/\",\"logo\":{\"@type\":\"ImageObject\",\"inLanguage\":\"fr-FR\",\"@id\":\"https:\/\/www.q8oils.com\/fr\/#\/schema\/logo\/image\/\",\"url\":\"https:\/\/www.q8oils.com\/wp-content\/uploads\/2020\/04\/q8oils-logo.png\",\"contentUrl\":\"https:\/\/www.q8oils.com\/wp-content\/uploads\/2020\/04\/q8oils-logo.png\",\"width\":475,\"height\":100,\"caption\":\"Q8Oils\"},\"image\":{\"@id\":\"https:\/\/www.q8oils.com\/fr\/#\/schema\/logo\/image\/\"},\"sameAs\":[\"https:\/\/www.linkedin.com\/Q8Oils\"]}]}<\/script>\n<!-- \/ Yoast SEO plugin. -->","yoast_head_json":{"title":"R\u00e9duire les co\u00fbts de fonctionnement - Q8Oils","description":"Nous vous aidons \u00e0 perfectionner les op\u00e9rations de lubrification et d\u2019entretien de votre moteur \u00e0 gaz, ce qui vous permet d\u2019augmenter la productivit\u00e9, de limiter le temps d\u2019arr\u00eat et de b\u00e9n\u00e9ficier d\u2019un avantage comp\u00e9titif.","robots":{"index":"index","follow":"follow","max-snippet":"max-snippet:-1","max-image-preview":"max-image-preview:large","max-video-preview":"max-video-preview:-1"},"canonical":"https:\/\/www.q8oils.com\/fr\/energie\/huiles-pour-turbines\/reduire-les-couts-de-fonctionnement\/","og_locale":"fr_FR","og_type":"article","og_title":"R\u00e9duire les co\u00fbts de fonctionnement - Q8Oils","og_description":"Nous vous aidons \u00e0 perfectionner les op\u00e9rations de lubrification et d\u2019entretien de votre moteur \u00e0 gaz, ce qui vous permet d\u2019augmenter la productivit\u00e9, de limiter le temps d\u2019arr\u00eat et de b\u00e9n\u00e9ficier d\u2019un avantage comp\u00e9titif.","og_url":"https:\/\/www.q8oils.com\/fr\/energie\/huiles-pour-turbines\/reduire-les-couts-de-fonctionnement\/","og_site_name":"Q8Oils","article_modified_time":"2020-07-15T21:17:16+00:00","twitter_card":"summary_large_image","schema":{"@context":"https:\/\/schema.org","@graph":[{"@type":"WebPage","@id":"https:\/\/www.q8oils.com\/fr\/energie\/huiles-pour-turbines\/reduire-les-couts-de-fonctionnement\/","url":"https:\/\/www.q8oils.com\/fr\/energie\/huiles-pour-turbines\/reduire-les-couts-de-fonctionnement\/","name":"R\u00e9duire les co\u00fbts de fonctionnement - Q8Oils","isPartOf":{"@id":"https:\/\/www.q8oils.com\/fr\/#website"},"datePublished":"2020-05-31T15:27:58+00:00","dateModified":"2020-07-15T21:17:16+00:00","description":"Nous vous aidons \u00e0 perfectionner les op\u00e9rations de lubrification et d\u2019entretien de votre moteur \u00e0 gaz, ce qui vous permet d\u2019augmenter la productivit\u00e9, de limiter le temps d\u2019arr\u00eat et de b\u00e9n\u00e9ficier d\u2019un avantage comp\u00e9titif.","breadcrumb":{"@id":"https:\/\/www.q8oils.com\/fr\/energie\/huiles-pour-turbines\/reduire-les-couts-de-fonctionnement\/#breadcrumb"},"inLanguage":"fr-FR","potentialAction":[{"@type":"ReadAction","target":["https:\/\/www.q8oils.com\/fr\/energie\/huiles-pour-turbines\/reduire-les-couts-de-fonctionnement\/"]}]},{"@type":"BreadcrumbList","@id":"https:\/\/www.q8oils.com\/fr\/energie\/huiles-pour-turbines\/reduire-les-couts-de-fonctionnement\/#breadcrumb","itemListElement":[{"@type":"ListItem","position":1,"name":"Home","item":"https:\/\/www.q8oils.com\/fr\/"},{"@type":"ListItem","position":2,"name":"Energie","item":"https:\/\/www.q8oils.com\/fr\/energie\/"},{"@type":"ListItem","position":3,"name":"Huiles pour turbines","item":"https:\/\/www.q8oils.com\/fr\/energie\/huiles-pour-turbines\/"},{"@type":"ListItem","position":4,"name":"R\u00e9duire les co\u00fbts de fonctionnement"}]},{"@type":"WebSite","@id":"https:\/\/www.q8oils.com\/fr\/#website","url":"https:\/\/www.q8oils.com\/fr\/","name":"Q8Oils","description":"Global, partnership, lubricants, solutions","publisher":{"@id":"https:\/\/www.q8oils.com\/fr\/#organization"},"potentialAction":[{"@type":"SearchAction","target":{"@type":"EntryPoint","urlTemplate":"https:\/\/www.q8oils.com\/fr\/?s={search_term_string}"},"query-input":{"@type":"PropertyValueSpecification","valueRequired":true,"valueName":"search_term_string"}}],"inLanguage":"fr-FR"},{"@type":"Organization","@id":"https:\/\/www.q8oils.com\/fr\/#organization","name":"Q8Oils","url":"https:\/\/www.q8oils.com\/fr\/","logo":{"@type":"ImageObject","inLanguage":"fr-FR","@id":"https:\/\/www.q8oils.com\/fr\/#\/schema\/logo\/image\/","url":"https:\/\/www.q8oils.com\/wp-content\/uploads\/2020\/04\/q8oils-logo.png","contentUrl":"https:\/\/www.q8oils.com\/wp-content\/uploads\/2020\/04\/q8oils-logo.png","width":475,"height":100,"caption":"Q8Oils"},"image":{"@id":"https:\/\/www.q8oils.com\/fr\/#\/schema\/logo\/image\/"},"sameAs":["https:\/\/www.linkedin.com\/Q8Oils"]}]}},"_links":{"self":[{"href":"https:\/\/www.q8oils.com\/fr\/wp-json\/wp\/v2\/pages\/502255"}],"collection":[{"href":"https:\/\/www.q8oils.com\/fr\/wp-json\/wp\/v2\/pages"}],"about":[{"href":"https:\/\/www.q8oils.com\/fr\/wp-json\/wp\/v2\/types\/page"}],"author":[{"embeddable":true,"href":"https:\/\/www.q8oils.com\/fr\/wp-json\/wp\/v2\/users\/2"}],"replies":[{"embeddable":true,"href":"https:\/\/www.q8oils.com\/fr\/wp-json\/wp\/v2\/comments?post=502255"}],"version-history":[{"count":3,"href":"https:\/\/www.q8oils.com\/fr\/wp-json\/wp\/v2\/pages\/502255\/revisions"}],"predecessor-version":[{"id":505422,"href":"https:\/\/www.q8oils.com\/fr\/wp-json\/wp\/v2\/pages\/502255\/revisions\/505422"}],"up":[{"embeddable":true,"href":"https:\/\/www.q8oils.com\/fr\/wp-json\/wp\/v2\/pages\/502250"}],"wp:attachment":[{"href":"https:\/\/www.q8oils.com\/fr\/wp-json\/wp\/v2\/media?parent=502255"}],"curies":[{"name":"wp","href":"https:\/\/api.w.org\/{rel}","templated":true}]}}