
 

{"id":502367,"date":"2020-05-21T12:37:47","date_gmt":"2020-05-21T12:37:47","guid":{"rendered":"https:\/\/www.q8oils.com\/general-industry\/"},"modified":"2020-07-16T18:01:55","modified_gmt":"2020-07-16T18:01:55","slug":"industrie","status":"publish","type":"page","link":"https:\/\/www.q8oils.com\/fr\/industrie\/","title":{"rendered":"Industrie"},"content":{"rendered":"","protected":false},"excerpt":{"rendered":"<p>Q8Oils propose une s\u00e9lection d\u2019excellents lubrifiants industriels. Premier choix des principaux fabricants mondiaux, ces lubrifiants sont id\u00e9aux pour prot\u00e9ger les composantes essentielles, garantir un fonctionnement sans entrave et allonger la vie de machines co\u00fbteuses.<\/p>\n","protected":false},"author":2,"featured_media":0,"parent":0,"menu_order":0,"comment_status":"closed","ping_status":"closed","template":"page-templates\/major.php","meta":{"_acf_changed":false,"footnotes":""},"class_list":["post-502367","page","type-page","status-publish","hentry"],"acf":[],"yoast_head":"<!-- This site is optimized with the Yoast SEO plugin v23.5 - https:\/\/yoast.com\/wordpress\/plugins\/seo\/ -->\n<title>Industrie - Q8Oils<\/title>\n<meta name=\"description\" content=\"Q8Oils propose une s\u00e9lection d\u2019excellents lubrifiants industriels. Premier choix des principaux fabricants mondiaux, ces lubrifiants sont id\u00e9aux pour prot\u00e9ger les composantes essentielles, garantir un fonctionnement sans entrave et allonger la vie de machines co\u00fbteuses.\" \/>\n<meta name=\"robots\" content=\"index, follow, max-snippet:-1, max-image-preview:large, max-video-preview:-1\" \/>\n<link rel=\"canonical\" href=\"https:\/\/www.q8oils.com\/fr\/industrie\/\" \/>\n<meta property=\"og:locale\" content=\"fr_FR\" \/>\n<meta property=\"og:type\" content=\"article\" \/>\n<meta property=\"og:title\" content=\"Industrie - Q8Oils\" \/>\n<meta property=\"og:description\" content=\"Q8Oils propose une s\u00e9lection d\u2019excellents lubrifiants industriels. Premier choix des principaux fabricants mondiaux, ces lubrifiants sont id\u00e9aux pour prot\u00e9ger les composantes essentielles, garantir un fonctionnement sans entrave et allonger la vie de machines co\u00fbteuses.\" \/>\n<meta property=\"og:url\" content=\"https:\/\/www.q8oils.com\/fr\/industrie\/\" \/>\n<meta property=\"og:site_name\" content=\"Q8Oils\" \/>\n<meta property=\"article:modified_time\" content=\"2020-07-16T18:01:55+00:00\" \/>\n<meta name=\"twitter:card\" content=\"summary_large_image\" \/>\n<script type=\"application\/ld+json\" class=\"yoast-schema-graph\">{\"@context\":\"https:\/\/schema.org\",\"@graph\":[{\"@type\":\"WebPage\",\"@id\":\"https:\/\/www.q8oils.com\/fr\/industrie\/\",\"url\":\"https:\/\/www.q8oils.com\/fr\/industrie\/\",\"name\":\"Industrie - Q8Oils\",\"isPartOf\":{\"@id\":\"https:\/\/www.q8oils.com\/fr\/#website\"},\"datePublished\":\"2020-05-21T12:37:47+00:00\",\"dateModified\":\"2020-07-16T18:01:55+00:00\",\"description\":\"Q8Oils propose une s\u00e9lection d\u2019excellents lubrifiants industriels. Premier choix des principaux fabricants mondiaux, ces lubrifiants sont id\u00e9aux pour prot\u00e9ger les composantes essentielles, garantir un fonctionnement sans entrave et allonger la vie de machines co\u00fbteuses.\",\"breadcrumb\":{\"@id\":\"https:\/\/www.q8oils.com\/fr\/industrie\/#breadcrumb\"},\"inLanguage\":\"fr-FR\",\"potentialAction\":[{\"@type\":\"ReadAction\",\"target\":[\"https:\/\/www.q8oils.com\/fr\/industrie\/\"]}]},{\"@type\":\"BreadcrumbList\",\"@id\":\"https:\/\/www.q8oils.com\/fr\/industrie\/#breadcrumb\",\"itemListElement\":[{\"@type\":\"ListItem\",\"position\":1,\"name\":\"Home\",\"item\":\"https:\/\/www.q8oils.com\/fr\/\"},{\"@type\":\"ListItem\",\"position\":2,\"name\":\"Industrie\"}]},{\"@type\":\"WebSite\",\"@id\":\"https:\/\/www.q8oils.com\/fr\/#website\",\"url\":\"https:\/\/www.q8oils.com\/fr\/\",\"name\":\"Q8Oils\",\"description\":\"Global, partnership, lubricants, solutions\",\"publisher\":{\"@id\":\"https:\/\/www.q8oils.com\/fr\/#organization\"},\"potentialAction\":[{\"@type\":\"SearchAction\",\"target\":{\"@type\":\"EntryPoint\",\"urlTemplate\":\"https:\/\/www.q8oils.com\/fr\/?s={search_term_string}\"},\"query-input\":{\"@type\":\"PropertyValueSpecification\",\"valueRequired\":true,\"valueName\":\"search_term_string\"}}],\"inLanguage\":\"fr-FR\"},{\"@type\":\"Organization\",\"@id\":\"https:\/\/www.q8oils.com\/fr\/#organization\",\"name\":\"Q8Oils\",\"url\":\"https:\/\/www.q8oils.com\/fr\/\",\"logo\":{\"@type\":\"ImageObject\",\"inLanguage\":\"fr-FR\",\"@id\":\"https:\/\/www.q8oils.com\/fr\/#\/schema\/logo\/image\/\",\"url\":\"https:\/\/www.q8oils.com\/wp-content\/uploads\/2020\/04\/q8oils-logo.png\",\"contentUrl\":\"https:\/\/www.q8oils.com\/wp-content\/uploads\/2020\/04\/q8oils-logo.png\",\"width\":475,\"height\":100,\"caption\":\"Q8Oils\"},\"image\":{\"@id\":\"https:\/\/www.q8oils.com\/fr\/#\/schema\/logo\/image\/\"},\"sameAs\":[\"https:\/\/www.linkedin.com\/Q8Oils\"]}]}<\/script>\n<!-- \/ Yoast SEO plugin. -->","yoast_head_json":{"title":"Industrie - Q8Oils","description":"Q8Oils propose une s\u00e9lection d\u2019excellents lubrifiants industriels. Premier choix des principaux fabricants mondiaux, ces lubrifiants sont id\u00e9aux pour prot\u00e9ger les composantes essentielles, garantir un fonctionnement sans entrave et allonger la vie de machines co\u00fbteuses.","robots":{"index":"index","follow":"follow","max-snippet":"max-snippet:-1","max-image-preview":"max-image-preview:large","max-video-preview":"max-video-preview:-1"},"canonical":"https:\/\/www.q8oils.com\/fr\/industrie\/","og_locale":"fr_FR","og_type":"article","og_title":"Industrie - Q8Oils","og_description":"Q8Oils propose une s\u00e9lection d\u2019excellents lubrifiants industriels. Premier choix des principaux fabricants mondiaux, ces lubrifiants sont id\u00e9aux pour prot\u00e9ger les composantes essentielles, garantir un fonctionnement sans entrave et allonger la vie de machines co\u00fbteuses.","og_url":"https:\/\/www.q8oils.com\/fr\/industrie\/","og_site_name":"Q8Oils","article_modified_time":"2020-07-16T18:01:55+00:00","twitter_card":"summary_large_image","schema":{"@context":"https:\/\/schema.org","@graph":[{"@type":"WebPage","@id":"https:\/\/www.q8oils.com\/fr\/industrie\/","url":"https:\/\/www.q8oils.com\/fr\/industrie\/","name":"Industrie - Q8Oils","isPartOf":{"@id":"https:\/\/www.q8oils.com\/fr\/#website"},"datePublished":"2020-05-21T12:37:47+00:00","dateModified":"2020-07-16T18:01:55+00:00","description":"Q8Oils propose une s\u00e9lection d\u2019excellents lubrifiants industriels. Premier choix des principaux fabricants mondiaux, ces lubrifiants sont id\u00e9aux pour prot\u00e9ger les composantes essentielles, garantir un fonctionnement sans entrave et allonger la vie de machines co\u00fbteuses.","breadcrumb":{"@id":"https:\/\/www.q8oils.com\/fr\/industrie\/#breadcrumb"},"inLanguage":"fr-FR","potentialAction":[{"@type":"ReadAction","target":["https:\/\/www.q8oils.com\/fr\/industrie\/"]}]},{"@type":"BreadcrumbList","@id":"https:\/\/www.q8oils.com\/fr\/industrie\/#breadcrumb","itemListElement":[{"@type":"ListItem","position":1,"name":"Home","item":"https:\/\/www.q8oils.com\/fr\/"},{"@type":"ListItem","position":2,"name":"Industrie"}]},{"@type":"WebSite","@id":"https:\/\/www.q8oils.com\/fr\/#website","url":"https:\/\/www.q8oils.com\/fr\/","name":"Q8Oils","description":"Global, partnership, lubricants, solutions","publisher":{"@id":"https:\/\/www.q8oils.com\/fr\/#organization"},"potentialAction":[{"@type":"SearchAction","target":{"@type":"EntryPoint","urlTemplate":"https:\/\/www.q8oils.com\/fr\/?s={search_term_string}"},"query-input":{"@type":"PropertyValueSpecification","valueRequired":true,"valueName":"search_term_string"}}],"inLanguage":"fr-FR"},{"@type":"Organization","@id":"https:\/\/www.q8oils.com\/fr\/#organization","name":"Q8Oils","url":"https:\/\/www.q8oils.com\/fr\/","logo":{"@type":"ImageObject","inLanguage":"fr-FR","@id":"https:\/\/www.q8oils.com\/fr\/#\/schema\/logo\/image\/","url":"https:\/\/www.q8oils.com\/wp-content\/uploads\/2020\/04\/q8oils-logo.png","contentUrl":"https:\/\/www.q8oils.com\/wp-content\/uploads\/2020\/04\/q8oils-logo.png","width":475,"height":100,"caption":"Q8Oils"},"image":{"@id":"https:\/\/www.q8oils.com\/fr\/#\/schema\/logo\/image\/"},"sameAs":["https:\/\/www.linkedin.com\/Q8Oils"]}]}},"_links":{"self":[{"href":"https:\/\/www.q8oils.com\/fr\/wp-json\/wp\/v2\/pages\/502367"}],"collection":[{"href":"https:\/\/www.q8oils.com\/fr\/wp-json\/wp\/v2\/pages"}],"about":[{"href":"https:\/\/www.q8oils.com\/fr\/wp-json\/wp\/v2\/types\/page"}],"author":[{"embeddable":true,"href":"https:\/\/www.q8oils.com\/fr\/wp-json\/wp\/v2\/users\/2"}],"replies":[{"embeddable":true,"href":"https:\/\/www.q8oils.com\/fr\/wp-json\/wp\/v2\/comments?post=502367"}],"version-history":[{"count":4,"href":"https:\/\/www.q8oils.com\/fr\/wp-json\/wp\/v2\/pages\/502367\/revisions"}],"predecessor-version":[{"id":506103,"href":"https:\/\/www.q8oils.com\/fr\/wp-json\/wp\/v2\/pages\/502367\/revisions\/506103"}],"wp:attachment":[{"href":"https:\/\/www.q8oils.com\/fr\/wp-json\/wp\/v2\/media?parent=502367"}],"curies":[{"name":"wp","href":"https:\/\/api.w.org\/{rel}","templated":true}]}}