
 

{"id":502376,"date":"2020-05-21T15:39:42","date_gmt":"2020-05-21T15:39:42","guid":{"rendered":"https:\/\/www.q8oils.com\/industrie\/chain-oils\/"},"modified":"2020-12-23T15:12:13","modified_gmt":"2020-12-23T15:12:13","slug":"huiles-pour-chaines","status":"publish","type":"page","link":"https:\/\/www.q8oils.com\/fr\/industrie\/huiles-pour-chaines\/","title":{"rendered":"Huiles pour Cha\u00eenes"},"content":{"rendered":"<blockquote class=\"wp-embedded-content\" data-secret=\"QnXP7SNkrj\"><p><a href=\"https:\/\/www.q8oils.com\/products\/\">Products<\/a><\/p><\/blockquote>\n<p><iframe class=\"wp-embedded-content\" sandbox=\"allow-scripts\" security=\"restricted\" style=\"position: absolute; visibility: hidden;\" title=\"&#8220;Products&#8221; &#8212; Q8Oils\" src=\"https:\/\/www.q8oils.com\/products\/embed\/#?secret=9CUV1dL8Ua#?secret=QnXP7SNkrj\" data-secret=\"QnXP7SNkrj\" width=\"600\" height=\"338\" frameborder=\"0\" marginwidth=\"0\" marginheight=\"0\" scrolling=\"no\"><\/iframe><\/p>\n<p>&nbsp;<\/p>\n","protected":false},"excerpt":{"rendered":"<p>La lubrification des cha\u00eenes n\u00e9cessite des huiles sp\u00e9cifiques. Nos huiles pour cha\u00eenes sont con\u00e7ues pour assurer la protection et la productivit\u00e9 les plus \u00e9lev\u00e9es afin de garantir une fiabilit\u00e9 de fonctionnement 24 h sur 24 et 7 jours sur 7.<\/p>\n","protected":false},"author":2,"featured_media":499902,"parent":502367,"menu_order":0,"comment_status":"closed","ping_status":"closed","template":"page-templates\/minor.php","meta":{"_acf_changed":false,"footnotes":""},"class_list":["post-502376","page","type-page","status-publish","has-post-thumbnail","hentry","major-general-industry-fr"],"acf":[],"yoast_head":"<!-- This site is optimized with the Yoast SEO plugin v23.5 - https:\/\/yoast.com\/wordpress\/plugins\/seo\/ -->\n<title>Huiles pour Cha\u00eenes - Q8Oils<\/title>\n<meta name=\"description\" content=\"La lubrification des cha\u00eenes n\u00e9cessite des huiles sp\u00e9cifiques. Nos huiles pour cha\u00eenes sont con\u00e7ues pour assurer la protection et la productivit\u00e9 les plus \u00e9lev\u00e9es afin de garantir une fiabilit\u00e9 de fonctionnement 24 h sur 24 et 7 jours sur 7.\" \/>\n<meta name=\"robots\" content=\"index, follow, max-snippet:-1, max-image-preview:large, max-video-preview:-1\" \/>\n<link rel=\"canonical\" href=\"https:\/\/www.q8oils.com\/fr\/industrie\/huiles-pour-chaines\/\" \/>\n<meta property=\"og:locale\" content=\"fr_FR\" \/>\n<meta property=\"og:type\" content=\"article\" \/>\n<meta property=\"og:title\" content=\"Huiles pour Cha\u00eenes - Q8Oils\" \/>\n<meta property=\"og:description\" content=\"La lubrification des cha\u00eenes n\u00e9cessite des huiles sp\u00e9cifiques. Nos huiles pour cha\u00eenes sont con\u00e7ues pour assurer la protection et la productivit\u00e9 les plus \u00e9lev\u00e9es afin de garantir une fiabilit\u00e9 de fonctionnement 24 h sur 24 et 7 jours sur 7.\" \/>\n<meta property=\"og:url\" content=\"https:\/\/www.q8oils.com\/fr\/industrie\/huiles-pour-chaines\/\" \/>\n<meta property=\"og:site_name\" content=\"Q8Oils\" \/>\n<meta property=\"article:modified_time\" content=\"2020-12-23T15:12:13+00:00\" \/>\n<meta property=\"og:image\" content=\"https:\/\/www.q8oils.com\/wp-content\/uploads\/2020\/05\/21220_Chain-Oil-1.png\" \/>\n\t<meta property=\"og:image:width\" content=\"200\" \/>\n\t<meta property=\"og:image:height\" content=\"225\" \/>\n\t<meta property=\"og:image:type\" content=\"image\/png\" \/>\n<meta name=\"twitter:card\" content=\"summary_large_image\" \/>\n<script type=\"application\/ld+json\" class=\"yoast-schema-graph\">{\"@context\":\"https:\/\/schema.org\",\"@graph\":[{\"@type\":\"WebPage\",\"@id\":\"https:\/\/www.q8oils.com\/fr\/industrie\/huiles-pour-chaines\/\",\"url\":\"https:\/\/www.q8oils.com\/fr\/industrie\/huiles-pour-chaines\/\",\"name\":\"Huiles pour Cha\u00eenes - Q8Oils\",\"isPartOf\":{\"@id\":\"https:\/\/www.q8oils.com\/fr\/#website\"},\"primaryImageOfPage\":{\"@id\":\"https:\/\/www.q8oils.com\/fr\/industrie\/huiles-pour-chaines\/#primaryimage\"},\"image\":{\"@id\":\"https:\/\/www.q8oils.com\/fr\/industrie\/huiles-pour-chaines\/#primaryimage\"},\"thumbnailUrl\":\"https:\/\/www.q8oils.com\/wp-content\/uploads\/2020\/05\/21220_Chain-Oil-1.png\",\"datePublished\":\"2020-05-21T15:39:42+00:00\",\"dateModified\":\"2020-12-23T15:12:13+00:00\",\"description\":\"La lubrification des cha\u00eenes n\u00e9cessite des huiles sp\u00e9cifiques. Nos huiles pour cha\u00eenes sont con\u00e7ues pour assurer la protection et la productivit\u00e9 les plus \u00e9lev\u00e9es afin de garantir une fiabilit\u00e9 de fonctionnement 24 h sur 24 et 7 jours sur 7.\",\"breadcrumb\":{\"@id\":\"https:\/\/www.q8oils.com\/fr\/industrie\/huiles-pour-chaines\/#breadcrumb\"},\"inLanguage\":\"fr-FR\",\"potentialAction\":[{\"@type\":\"ReadAction\",\"target\":[\"https:\/\/www.q8oils.com\/fr\/industrie\/huiles-pour-chaines\/\"]}]},{\"@type\":\"ImageObject\",\"inLanguage\":\"fr-FR\",\"@id\":\"https:\/\/www.q8oils.com\/fr\/industrie\/huiles-pour-chaines\/#primaryimage\",\"url\":\"https:\/\/www.q8oils.com\/wp-content\/uploads\/2020\/05\/21220_Chain-Oil-1.png\",\"contentUrl\":\"https:\/\/www.q8oils.com\/wp-content\/uploads\/2020\/05\/21220_Chain-Oil-1.png\",\"width\":200,\"height\":225,\"caption\":\"Chain Oils Icon - Q8Oils\"},{\"@type\":\"BreadcrumbList\",\"@id\":\"https:\/\/www.q8oils.com\/fr\/industrie\/huiles-pour-chaines\/#breadcrumb\",\"itemListElement\":[{\"@type\":\"ListItem\",\"position\":1,\"name\":\"Home\",\"item\":\"https:\/\/www.q8oils.com\/fr\/\"},{\"@type\":\"ListItem\",\"position\":2,\"name\":\"Industrie\",\"item\":\"https:\/\/www.q8oils.com\/fr\/industrie\/\"},{\"@type\":\"ListItem\",\"position\":3,\"name\":\"Huiles pour Cha\u00eenes\"}]},{\"@type\":\"WebSite\",\"@id\":\"https:\/\/www.q8oils.com\/fr\/#website\",\"url\":\"https:\/\/www.q8oils.com\/fr\/\",\"name\":\"Q8Oils\",\"description\":\"Global, partnership, lubricants, solutions\",\"publisher\":{\"@id\":\"https:\/\/www.q8oils.com\/fr\/#organization\"},\"potentialAction\":[{\"@type\":\"SearchAction\",\"target\":{\"@type\":\"EntryPoint\",\"urlTemplate\":\"https:\/\/www.q8oils.com\/fr\/?s={search_term_string}\"},\"query-input\":{\"@type\":\"PropertyValueSpecification\",\"valueRequired\":true,\"valueName\":\"search_term_string\"}}],\"inLanguage\":\"fr-FR\"},{\"@type\":\"Organization\",\"@id\":\"https:\/\/www.q8oils.com\/fr\/#organization\",\"name\":\"Q8Oils\",\"url\":\"https:\/\/www.q8oils.com\/fr\/\",\"logo\":{\"@type\":\"ImageObject\",\"inLanguage\":\"fr-FR\",\"@id\":\"https:\/\/www.q8oils.com\/fr\/#\/schema\/logo\/image\/\",\"url\":\"https:\/\/www.q8oils.com\/wp-content\/uploads\/2020\/04\/q8oils-logo.png\",\"contentUrl\":\"https:\/\/www.q8oils.com\/wp-content\/uploads\/2020\/04\/q8oils-logo.png\",\"width\":475,\"height\":100,\"caption\":\"Q8Oils\"},\"image\":{\"@id\":\"https:\/\/www.q8oils.com\/fr\/#\/schema\/logo\/image\/\"},\"sameAs\":[\"https:\/\/www.linkedin.com\/Q8Oils\"]}]}<\/script>\n<!-- \/ Yoast SEO plugin. -->","yoast_head_json":{"title":"Huiles pour Cha\u00eenes - Q8Oils","description":"La lubrification des cha\u00eenes n\u00e9cessite des huiles sp\u00e9cifiques. Nos huiles pour cha\u00eenes sont con\u00e7ues pour assurer la protection et la productivit\u00e9 les plus \u00e9lev\u00e9es afin de garantir une fiabilit\u00e9 de fonctionnement 24 h sur 24 et 7 jours sur 7.","robots":{"index":"index","follow":"follow","max-snippet":"max-snippet:-1","max-image-preview":"max-image-preview:large","max-video-preview":"max-video-preview:-1"},"canonical":"https:\/\/www.q8oils.com\/fr\/industrie\/huiles-pour-chaines\/","og_locale":"fr_FR","og_type":"article","og_title":"Huiles pour Cha\u00eenes - Q8Oils","og_description":"La lubrification des cha\u00eenes n\u00e9cessite des huiles sp\u00e9cifiques. Nos huiles pour cha\u00eenes sont con\u00e7ues pour assurer la protection et la productivit\u00e9 les plus \u00e9lev\u00e9es afin de garantir une fiabilit\u00e9 de fonctionnement 24 h sur 24 et 7 jours sur 7.","og_url":"https:\/\/www.q8oils.com\/fr\/industrie\/huiles-pour-chaines\/","og_site_name":"Q8Oils","article_modified_time":"2020-12-23T15:12:13+00:00","og_image":[{"width":200,"height":225,"url":"https:\/\/www.q8oils.com\/wp-content\/uploads\/2020\/05\/21220_Chain-Oil-1.png","type":"image\/png"}],"twitter_card":"summary_large_image","schema":{"@context":"https:\/\/schema.org","@graph":[{"@type":"WebPage","@id":"https:\/\/www.q8oils.com\/fr\/industrie\/huiles-pour-chaines\/","url":"https:\/\/www.q8oils.com\/fr\/industrie\/huiles-pour-chaines\/","name":"Huiles pour Cha\u00eenes - Q8Oils","isPartOf":{"@id":"https:\/\/www.q8oils.com\/fr\/#website"},"primaryImageOfPage":{"@id":"https:\/\/www.q8oils.com\/fr\/industrie\/huiles-pour-chaines\/#primaryimage"},"image":{"@id":"https:\/\/www.q8oils.com\/fr\/industrie\/huiles-pour-chaines\/#primaryimage"},"thumbnailUrl":"https:\/\/www.q8oils.com\/wp-content\/uploads\/2020\/05\/21220_Chain-Oil-1.png","datePublished":"2020-05-21T15:39:42+00:00","dateModified":"2020-12-23T15:12:13+00:00","description":"La lubrification des cha\u00eenes n\u00e9cessite des huiles sp\u00e9cifiques. Nos huiles pour cha\u00eenes sont con\u00e7ues pour assurer la protection et la productivit\u00e9 les plus \u00e9lev\u00e9es afin de garantir une fiabilit\u00e9 de fonctionnement 24 h sur 24 et 7 jours sur 7.","breadcrumb":{"@id":"https:\/\/www.q8oils.com\/fr\/industrie\/huiles-pour-chaines\/#breadcrumb"},"inLanguage":"fr-FR","potentialAction":[{"@type":"ReadAction","target":["https:\/\/www.q8oils.com\/fr\/industrie\/huiles-pour-chaines\/"]}]},{"@type":"ImageObject","inLanguage":"fr-FR","@id":"https:\/\/www.q8oils.com\/fr\/industrie\/huiles-pour-chaines\/#primaryimage","url":"https:\/\/www.q8oils.com\/wp-content\/uploads\/2020\/05\/21220_Chain-Oil-1.png","contentUrl":"https:\/\/www.q8oils.com\/wp-content\/uploads\/2020\/05\/21220_Chain-Oil-1.png","width":200,"height":225,"caption":"Chain Oils Icon - Q8Oils"},{"@type":"BreadcrumbList","@id":"https:\/\/www.q8oils.com\/fr\/industrie\/huiles-pour-chaines\/#breadcrumb","itemListElement":[{"@type":"ListItem","position":1,"name":"Home","item":"https:\/\/www.q8oils.com\/fr\/"},{"@type":"ListItem","position":2,"name":"Industrie","item":"https:\/\/www.q8oils.com\/fr\/industrie\/"},{"@type":"ListItem","position":3,"name":"Huiles pour Cha\u00eenes"}]},{"@type":"WebSite","@id":"https:\/\/www.q8oils.com\/fr\/#website","url":"https:\/\/www.q8oils.com\/fr\/","name":"Q8Oils","description":"Global, partnership, lubricants, solutions","publisher":{"@id":"https:\/\/www.q8oils.com\/fr\/#organization"},"potentialAction":[{"@type":"SearchAction","target":{"@type":"EntryPoint","urlTemplate":"https:\/\/www.q8oils.com\/fr\/?s={search_term_string}"},"query-input":{"@type":"PropertyValueSpecification","valueRequired":true,"valueName":"search_term_string"}}],"inLanguage":"fr-FR"},{"@type":"Organization","@id":"https:\/\/www.q8oils.com\/fr\/#organization","name":"Q8Oils","url":"https:\/\/www.q8oils.com\/fr\/","logo":{"@type":"ImageObject","inLanguage":"fr-FR","@id":"https:\/\/www.q8oils.com\/fr\/#\/schema\/logo\/image\/","url":"https:\/\/www.q8oils.com\/wp-content\/uploads\/2020\/04\/q8oils-logo.png","contentUrl":"https:\/\/www.q8oils.com\/wp-content\/uploads\/2020\/04\/q8oils-logo.png","width":475,"height":100,"caption":"Q8Oils"},"image":{"@id":"https:\/\/www.q8oils.com\/fr\/#\/schema\/logo\/image\/"},"sameAs":["https:\/\/www.linkedin.com\/Q8Oils"]}]}},"_links":{"self":[{"href":"https:\/\/www.q8oils.com\/fr\/wp-json\/wp\/v2\/pages\/502376"}],"collection":[{"href":"https:\/\/www.q8oils.com\/fr\/wp-json\/wp\/v2\/pages"}],"about":[{"href":"https:\/\/www.q8oils.com\/fr\/wp-json\/wp\/v2\/types\/page"}],"author":[{"embeddable":true,"href":"https:\/\/www.q8oils.com\/fr\/wp-json\/wp\/v2\/users\/2"}],"replies":[{"embeddable":true,"href":"https:\/\/www.q8oils.com\/fr\/wp-json\/wp\/v2\/comments?post=502376"}],"version-history":[{"count":4,"href":"https:\/\/www.q8oils.com\/fr\/wp-json\/wp\/v2\/pages\/502376\/revisions"}],"predecessor-version":[{"id":642939,"href":"https:\/\/www.q8oils.com\/fr\/wp-json\/wp\/v2\/pages\/502376\/revisions\/642939"}],"up":[{"embeddable":true,"href":"https:\/\/www.q8oils.com\/fr\/wp-json\/wp\/v2\/pages\/502367"}],"wp:featuredmedia":[{"embeddable":true,"href":"https:\/\/www.q8oils.com\/fr\/wp-json\/wp\/v2\/media\/499902"}],"wp:attachment":[{"href":"https:\/\/www.q8oils.com\/fr\/wp-json\/wp\/v2\/media?parent=502376"}],"curies":[{"name":"wp","href":"https:\/\/api.w.org\/{rel}","templated":true}]}}