
 

{"id":502395,"date":"2020-05-23T07:49:22","date_gmt":"2020-05-23T07:49:22","guid":{"rendered":"https:\/\/www.q8oils.com\/industrie\/degreasers\/"},"modified":"2020-12-23T15:38:56","modified_gmt":"2020-12-23T15:38:56","slug":"degraissants","status":"publish","type":"page","link":"https:\/\/www.q8oils.com\/fr\/industrie\/degraissants\/","title":{"rendered":"D\u00e9graissants"},"content":{"rendered":"<blockquote class=\"wp-embedded-content\" data-secret=\"0nOTiKSoJF\"><p><a href=\"https:\/\/www.q8oils.com\/products\/\">Products<\/a><\/p><\/blockquote>\n<p><iframe class=\"wp-embedded-content\" sandbox=\"allow-scripts\" security=\"restricted\" style=\"position: absolute; visibility: hidden;\" title=\"&#8220;Products&#8221; &#8212; Q8Oils\" src=\"https:\/\/www.q8oils.com\/products\/embed\/#?secret=YhXp5q6tGO#?secret=0nOTiKSoJF\" data-secret=\"0nOTiKSoJF\" width=\"600\" height=\"338\" frameborder=\"0\" marginwidth=\"0\" marginheight=\"0\" scrolling=\"no\"><\/iframe><\/p>\n<p>&nbsp;<\/p>\n","protected":false},"excerpt":{"rendered":"<p>Les fluides de d\u00e9graissage sont utilis\u00e9s pour nettoyer les pi\u00e8ces \u00e0 usiner ou les composants contamin\u00e9s par de l\u2019huile ou de la graisse. Les fluides de d\u00e9graissage de Q8Oils pour le nettoyage des machines, des v\u00e9hicules et des sols d\u2019atelier ont un point d\u2019ignition \u00e9lev\u00e9 et une bonne biod\u00e9gradabilit\u00e9, ce qui les rend s\u00fbrs quel que soit l\u2019environnement.<\/p>\n","protected":false},"author":2,"featured_media":500209,"parent":502367,"menu_order":0,"comment_status":"closed","ping_status":"closed","template":"page-templates\/minor.php","meta":{"_acf_changed":false,"footnotes":""},"class_list":["post-502395","page","type-page","status-publish","has-post-thumbnail","hentry","major-general-industry-fr"],"acf":[],"yoast_head":"<!-- This site is optimized with the Yoast SEO plugin v23.5 - https:\/\/yoast.com\/wordpress\/plugins\/seo\/ -->\n<title>D\u00e9graissants - Q8Oils<\/title>\n<meta name=\"description\" content=\"Les fluides de d\u00e9graissage sont utilis\u00e9s pour nettoyer les pi\u00e8ces \u00e0 usiner ou les composants contamin\u00e9s par de l\u2019huile ou de la graisse. Les fluides de d\u00e9graissage de Q8Oils pour le nettoyage des machines, des v\u00e9hicules et des sols d\u2019atelier ont un point d\u2019ignition \u00e9lev\u00e9 et une bonne biod\u00e9gradabilit\u00e9, ce qui les rend s\u00fbrs quel que soit l\u2019environnement.\" \/>\n<meta name=\"robots\" content=\"index, follow, max-snippet:-1, max-image-preview:large, max-video-preview:-1\" \/>\n<link rel=\"canonical\" href=\"https:\/\/www.q8oils.com\/fr\/industrie\/degraissants\/\" \/>\n<meta property=\"og:locale\" content=\"fr_FR\" \/>\n<meta property=\"og:type\" content=\"article\" \/>\n<meta property=\"og:title\" content=\"D\u00e9graissants - Q8Oils\" \/>\n<meta property=\"og:description\" content=\"Les fluides de d\u00e9graissage sont utilis\u00e9s pour nettoyer les pi\u00e8ces \u00e0 usiner ou les composants contamin\u00e9s par de l\u2019huile ou de la graisse. Les fluides de d\u00e9graissage de Q8Oils pour le nettoyage des machines, des v\u00e9hicules et des sols d\u2019atelier ont un point d\u2019ignition \u00e9lev\u00e9 et une bonne biod\u00e9gradabilit\u00e9, ce qui les rend s\u00fbrs quel que soit l\u2019environnement.\" \/>\n<meta property=\"og:url\" content=\"https:\/\/www.q8oils.com\/fr\/industrie\/degraissants\/\" \/>\n<meta property=\"og:site_name\" content=\"Q8Oils\" \/>\n<meta property=\"article:modified_time\" content=\"2020-12-23T15:38:56+00:00\" \/>\n<meta property=\"og:image\" content=\"https:\/\/www.q8oils.com\/wp-content\/uploads\/2020\/05\/23250_Degreasers-1.png\" \/>\n\t<meta property=\"og:image:width\" content=\"201\" \/>\n\t<meta property=\"og:image:height\" content=\"225\" \/>\n\t<meta property=\"og:image:type\" content=\"image\/png\" \/>\n<meta name=\"twitter:card\" content=\"summary_large_image\" \/>\n<script type=\"application\/ld+json\" class=\"yoast-schema-graph\">{\"@context\":\"https:\/\/schema.org\",\"@graph\":[{\"@type\":\"WebPage\",\"@id\":\"https:\/\/www.q8oils.com\/fr\/industrie\/degraissants\/\",\"url\":\"https:\/\/www.q8oils.com\/fr\/industrie\/degraissants\/\",\"name\":\"D\u00e9graissants - Q8Oils\",\"isPartOf\":{\"@id\":\"https:\/\/www.q8oils.com\/fr\/#website\"},\"primaryImageOfPage\":{\"@id\":\"https:\/\/www.q8oils.com\/fr\/industrie\/degraissants\/#primaryimage\"},\"image\":{\"@id\":\"https:\/\/www.q8oils.com\/fr\/industrie\/degraissants\/#primaryimage\"},\"thumbnailUrl\":\"https:\/\/www.q8oils.com\/wp-content\/uploads\/2020\/05\/23250_Degreasers-1.png\",\"datePublished\":\"2020-05-23T07:49:22+00:00\",\"dateModified\":\"2020-12-23T15:38:56+00:00\",\"description\":\"Les fluides de d\u00e9graissage sont utilis\u00e9s pour nettoyer les pi\u00e8ces \u00e0 usiner ou les composants contamin\u00e9s par de l\u2019huile ou de la graisse. Les fluides de d\u00e9graissage de Q8Oils pour le nettoyage des machines, des v\u00e9hicules et des sols d\u2019atelier ont un point d\u2019ignition \u00e9lev\u00e9 et une bonne biod\u00e9gradabilit\u00e9, ce qui les rend s\u00fbrs quel que soit l\u2019environnement.\",\"breadcrumb\":{\"@id\":\"https:\/\/www.q8oils.com\/fr\/industrie\/degraissants\/#breadcrumb\"},\"inLanguage\":\"fr-FR\",\"potentialAction\":[{\"@type\":\"ReadAction\",\"target\":[\"https:\/\/www.q8oils.com\/fr\/industrie\/degraissants\/\"]}]},{\"@type\":\"ImageObject\",\"inLanguage\":\"fr-FR\",\"@id\":\"https:\/\/www.q8oils.com\/fr\/industrie\/degraissants\/#primaryimage\",\"url\":\"https:\/\/www.q8oils.com\/wp-content\/uploads\/2020\/05\/23250_Degreasers-1.png\",\"contentUrl\":\"https:\/\/www.q8oils.com\/wp-content\/uploads\/2020\/05\/23250_Degreasers-1.png\",\"width\":201,\"height\":225,\"caption\":\"Degreasers Icon - Q8Oils\"},{\"@type\":\"BreadcrumbList\",\"@id\":\"https:\/\/www.q8oils.com\/fr\/industrie\/degraissants\/#breadcrumb\",\"itemListElement\":[{\"@type\":\"ListItem\",\"position\":1,\"name\":\"Home\",\"item\":\"https:\/\/www.q8oils.com\/fr\/\"},{\"@type\":\"ListItem\",\"position\":2,\"name\":\"Industrie\",\"item\":\"https:\/\/www.q8oils.com\/fr\/industrie\/\"},{\"@type\":\"ListItem\",\"position\":3,\"name\":\"D\u00e9graissants\"}]},{\"@type\":\"WebSite\",\"@id\":\"https:\/\/www.q8oils.com\/fr\/#website\",\"url\":\"https:\/\/www.q8oils.com\/fr\/\",\"name\":\"Q8Oils\",\"description\":\"Global, partnership, lubricants, solutions\",\"publisher\":{\"@id\":\"https:\/\/www.q8oils.com\/fr\/#organization\"},\"potentialAction\":[{\"@type\":\"SearchAction\",\"target\":{\"@type\":\"EntryPoint\",\"urlTemplate\":\"https:\/\/www.q8oils.com\/fr\/?s={search_term_string}\"},\"query-input\":{\"@type\":\"PropertyValueSpecification\",\"valueRequired\":true,\"valueName\":\"search_term_string\"}}],\"inLanguage\":\"fr-FR\"},{\"@type\":\"Organization\",\"@id\":\"https:\/\/www.q8oils.com\/fr\/#organization\",\"name\":\"Q8Oils\",\"url\":\"https:\/\/www.q8oils.com\/fr\/\",\"logo\":{\"@type\":\"ImageObject\",\"inLanguage\":\"fr-FR\",\"@id\":\"https:\/\/www.q8oils.com\/fr\/#\/schema\/logo\/image\/\",\"url\":\"https:\/\/www.q8oils.com\/wp-content\/uploads\/2020\/04\/q8oils-logo.png\",\"contentUrl\":\"https:\/\/www.q8oils.com\/wp-content\/uploads\/2020\/04\/q8oils-logo.png\",\"width\":475,\"height\":100,\"caption\":\"Q8Oils\"},\"image\":{\"@id\":\"https:\/\/www.q8oils.com\/fr\/#\/schema\/logo\/image\/\"},\"sameAs\":[\"https:\/\/www.linkedin.com\/Q8Oils\"]}]}<\/script>\n<!-- \/ Yoast SEO plugin. -->","yoast_head_json":{"title":"D\u00e9graissants - Q8Oils","description":"Les fluides de d\u00e9graissage sont utilis\u00e9s pour nettoyer les pi\u00e8ces \u00e0 usiner ou les composants contamin\u00e9s par de l\u2019huile ou de la graisse. Les fluides de d\u00e9graissage de Q8Oils pour le nettoyage des machines, des v\u00e9hicules et des sols d\u2019atelier ont un point d\u2019ignition \u00e9lev\u00e9 et une bonne biod\u00e9gradabilit\u00e9, ce qui les rend s\u00fbrs quel que soit l\u2019environnement.","robots":{"index":"index","follow":"follow","max-snippet":"max-snippet:-1","max-image-preview":"max-image-preview:large","max-video-preview":"max-video-preview:-1"},"canonical":"https:\/\/www.q8oils.com\/fr\/industrie\/degraissants\/","og_locale":"fr_FR","og_type":"article","og_title":"D\u00e9graissants - Q8Oils","og_description":"Les fluides de d\u00e9graissage sont utilis\u00e9s pour nettoyer les pi\u00e8ces \u00e0 usiner ou les composants contamin\u00e9s par de l\u2019huile ou de la graisse. Les fluides de d\u00e9graissage de Q8Oils pour le nettoyage des machines, des v\u00e9hicules et des sols d\u2019atelier ont un point d\u2019ignition \u00e9lev\u00e9 et une bonne biod\u00e9gradabilit\u00e9, ce qui les rend s\u00fbrs quel que soit l\u2019environnement.","og_url":"https:\/\/www.q8oils.com\/fr\/industrie\/degraissants\/","og_site_name":"Q8Oils","article_modified_time":"2020-12-23T15:38:56+00:00","og_image":[{"width":201,"height":225,"url":"https:\/\/www.q8oils.com\/wp-content\/uploads\/2020\/05\/23250_Degreasers-1.png","type":"image\/png"}],"twitter_card":"summary_large_image","schema":{"@context":"https:\/\/schema.org","@graph":[{"@type":"WebPage","@id":"https:\/\/www.q8oils.com\/fr\/industrie\/degraissants\/","url":"https:\/\/www.q8oils.com\/fr\/industrie\/degraissants\/","name":"D\u00e9graissants - Q8Oils","isPartOf":{"@id":"https:\/\/www.q8oils.com\/fr\/#website"},"primaryImageOfPage":{"@id":"https:\/\/www.q8oils.com\/fr\/industrie\/degraissants\/#primaryimage"},"image":{"@id":"https:\/\/www.q8oils.com\/fr\/industrie\/degraissants\/#primaryimage"},"thumbnailUrl":"https:\/\/www.q8oils.com\/wp-content\/uploads\/2020\/05\/23250_Degreasers-1.png","datePublished":"2020-05-23T07:49:22+00:00","dateModified":"2020-12-23T15:38:56+00:00","description":"Les fluides de d\u00e9graissage sont utilis\u00e9s pour nettoyer les pi\u00e8ces \u00e0 usiner ou les composants contamin\u00e9s par de l\u2019huile ou de la graisse. Les fluides de d\u00e9graissage de Q8Oils pour le nettoyage des machines, des v\u00e9hicules et des sols d\u2019atelier ont un point d\u2019ignition \u00e9lev\u00e9 et une bonne biod\u00e9gradabilit\u00e9, ce qui les rend s\u00fbrs quel que soit l\u2019environnement.","breadcrumb":{"@id":"https:\/\/www.q8oils.com\/fr\/industrie\/degraissants\/#breadcrumb"},"inLanguage":"fr-FR","potentialAction":[{"@type":"ReadAction","target":["https:\/\/www.q8oils.com\/fr\/industrie\/degraissants\/"]}]},{"@type":"ImageObject","inLanguage":"fr-FR","@id":"https:\/\/www.q8oils.com\/fr\/industrie\/degraissants\/#primaryimage","url":"https:\/\/www.q8oils.com\/wp-content\/uploads\/2020\/05\/23250_Degreasers-1.png","contentUrl":"https:\/\/www.q8oils.com\/wp-content\/uploads\/2020\/05\/23250_Degreasers-1.png","width":201,"height":225,"caption":"Degreasers Icon - Q8Oils"},{"@type":"BreadcrumbList","@id":"https:\/\/www.q8oils.com\/fr\/industrie\/degraissants\/#breadcrumb","itemListElement":[{"@type":"ListItem","position":1,"name":"Home","item":"https:\/\/www.q8oils.com\/fr\/"},{"@type":"ListItem","position":2,"name":"Industrie","item":"https:\/\/www.q8oils.com\/fr\/industrie\/"},{"@type":"ListItem","position":3,"name":"D\u00e9graissants"}]},{"@type":"WebSite","@id":"https:\/\/www.q8oils.com\/fr\/#website","url":"https:\/\/www.q8oils.com\/fr\/","name":"Q8Oils","description":"Global, partnership, lubricants, solutions","publisher":{"@id":"https:\/\/www.q8oils.com\/fr\/#organization"},"potentialAction":[{"@type":"SearchAction","target":{"@type":"EntryPoint","urlTemplate":"https:\/\/www.q8oils.com\/fr\/?s={search_term_string}"},"query-input":{"@type":"PropertyValueSpecification","valueRequired":true,"valueName":"search_term_string"}}],"inLanguage":"fr-FR"},{"@type":"Organization","@id":"https:\/\/www.q8oils.com\/fr\/#organization","name":"Q8Oils","url":"https:\/\/www.q8oils.com\/fr\/","logo":{"@type":"ImageObject","inLanguage":"fr-FR","@id":"https:\/\/www.q8oils.com\/fr\/#\/schema\/logo\/image\/","url":"https:\/\/www.q8oils.com\/wp-content\/uploads\/2020\/04\/q8oils-logo.png","contentUrl":"https:\/\/www.q8oils.com\/wp-content\/uploads\/2020\/04\/q8oils-logo.png","width":475,"height":100,"caption":"Q8Oils"},"image":{"@id":"https:\/\/www.q8oils.com\/fr\/#\/schema\/logo\/image\/"},"sameAs":["https:\/\/www.linkedin.com\/Q8Oils"]}]}},"_links":{"self":[{"href":"https:\/\/www.q8oils.com\/fr\/wp-json\/wp\/v2\/pages\/502395"}],"collection":[{"href":"https:\/\/www.q8oils.com\/fr\/wp-json\/wp\/v2\/pages"}],"about":[{"href":"https:\/\/www.q8oils.com\/fr\/wp-json\/wp\/v2\/types\/page"}],"author":[{"embeddable":true,"href":"https:\/\/www.q8oils.com\/fr\/wp-json\/wp\/v2\/users\/2"}],"replies":[{"embeddable":true,"href":"https:\/\/www.q8oils.com\/fr\/wp-json\/wp\/v2\/comments?post=502395"}],"version-history":[{"count":4,"href":"https:\/\/www.q8oils.com\/fr\/wp-json\/wp\/v2\/pages\/502395\/revisions"}],"predecessor-version":[{"id":642954,"href":"https:\/\/www.q8oils.com\/fr\/wp-json\/wp\/v2\/pages\/502395\/revisions\/642954"}],"up":[{"embeddable":true,"href":"https:\/\/www.q8oils.com\/fr\/wp-json\/wp\/v2\/pages\/502367"}],"wp:featuredmedia":[{"embeddable":true,"href":"https:\/\/www.q8oils.com\/fr\/wp-json\/wp\/v2\/media\/500209"}],"wp:attachment":[{"href":"https:\/\/www.q8oils.com\/fr\/wp-json\/wp\/v2\/media?parent=502395"}],"curies":[{"name":"wp","href":"https:\/\/api.w.org\/{rel}","templated":true}]}}