
 

{"id":502399,"date":"2020-05-30T13:36:23","date_gmt":"2020-05-30T13:36:23","guid":{"rendered":"https:\/\/www.q8oils.com\/industrie\/demoulding-oils\/"},"modified":"2020-12-23T15:32:57","modified_gmt":"2020-12-23T15:32:57","slug":"huiles-de-demoulage","status":"publish","type":"page","link":"https:\/\/www.q8oils.com\/fr\/industrie\/huiles-de-demoulage\/","title":{"rendered":"Huiles de D\u00e9moulage"},"content":{"rendered":"<blockquote class=\"wp-embedded-content\" data-secret=\"dQq2ngJ6aG\"><p><a href=\"https:\/\/www.q8oils.com\/products\/\">Products<\/a><\/p><\/blockquote>\n<p><iframe class=\"wp-embedded-content\" sandbox=\"allow-scripts\" security=\"restricted\" style=\"position: absolute; visibility: hidden;\" title=\"&#8220;Products&#8221; &#8212; Q8Oils\" src=\"https:\/\/www.q8oils.com\/products\/embed\/#?secret=dh9kwSVOpO#?secret=dQq2ngJ6aG\" data-secret=\"dQq2ngJ6aG\" width=\"600\" height=\"338\" frameborder=\"0\" marginwidth=\"0\" marginheight=\"0\" scrolling=\"no\"><\/iframe><\/p>\n<p>&nbsp;<\/p>\n","protected":false},"excerpt":{"rendered":"<p>Q8Oils propose une gamme compl\u00e8te d\u2019agents de d\u00e9moulage, qui comprend des produits de qualit\u00e9 sup\u00e9rieure \u00e0 base d\u2019huiles min\u00e9rales de haute qualit\u00e9 et de fluides \u00e0 base non min\u00e9rale adapt\u00e9s \u00e0 diverses applications telles que le b\u00e9ton pr\u00e9fabriqu\u00e9, le b\u00e9ton cellulaire, l\u2019asphalte, le fibrociment et les carrelages.<\/p>\n","protected":false},"author":2,"featured_media":500248,"parent":502367,"menu_order":0,"comment_status":"closed","ping_status":"closed","template":"page-templates\/minor.php","meta":{"_acf_changed":false,"footnotes":""},"class_list":["post-502399","page","type-page","status-publish","has-post-thumbnail","hentry","major-general-industry-fr"],"acf":[],"yoast_head":"<!-- This site is optimized with the Yoast SEO plugin v23.5 - https:\/\/yoast.com\/wordpress\/plugins\/seo\/ -->\n<title>Huiles de D\u00e9moulage - Q8Oils<\/title>\n<meta name=\"description\" content=\"Q8Oils propose une gamme compl\u00e8te d\u2019agents de d\u00e9moulage, qui comprend des produits de qualit\u00e9 sup\u00e9rieure \u00e0 base d\u2019huiles min\u00e9rales de haute qualit\u00e9 et de fluides \u00e0 base non min\u00e9rale adapt\u00e9s \u00e0 diverses applications telles que le b\u00e9ton pr\u00e9fabriqu\u00e9, le b\u00e9ton cellulaire, l\u2019asphalte, le fibrociment et les carrelages.\" \/>\n<meta name=\"robots\" content=\"index, follow, max-snippet:-1, max-image-preview:large, max-video-preview:-1\" \/>\n<link rel=\"canonical\" href=\"https:\/\/www.q8oils.com\/fr\/industrie\/huiles-de-demoulage\/\" \/>\n<meta property=\"og:locale\" content=\"fr_FR\" \/>\n<meta property=\"og:type\" content=\"article\" \/>\n<meta property=\"og:title\" content=\"Huiles de D\u00e9moulage - Q8Oils\" \/>\n<meta property=\"og:description\" content=\"Q8Oils propose une gamme compl\u00e8te d\u2019agents de d\u00e9moulage, qui comprend des produits de qualit\u00e9 sup\u00e9rieure \u00e0 base d\u2019huiles min\u00e9rales de haute qualit\u00e9 et de fluides \u00e0 base non min\u00e9rale adapt\u00e9s \u00e0 diverses applications telles que le b\u00e9ton pr\u00e9fabriqu\u00e9, le b\u00e9ton cellulaire, l\u2019asphalte, le fibrociment et les carrelages.\" \/>\n<meta property=\"og:url\" content=\"https:\/\/www.q8oils.com\/fr\/industrie\/huiles-de-demoulage\/\" \/>\n<meta property=\"og:site_name\" content=\"Q8Oils\" \/>\n<meta property=\"article:modified_time\" content=\"2020-12-23T15:32:57+00:00\" \/>\n<meta property=\"og:image\" content=\"https:\/\/www.q8oils.com\/wp-content\/uploads\/2020\/05\/23249_Demoulding-Oil-1.png\" \/>\n\t<meta property=\"og:image:width\" content=\"200\" \/>\n\t<meta property=\"og:image:height\" content=\"225\" \/>\n\t<meta property=\"og:image:type\" content=\"image\/png\" \/>\n<meta name=\"twitter:card\" content=\"summary_large_image\" \/>\n<script type=\"application\/ld+json\" class=\"yoast-schema-graph\">{\"@context\":\"https:\/\/schema.org\",\"@graph\":[{\"@type\":\"WebPage\",\"@id\":\"https:\/\/www.q8oils.com\/fr\/industrie\/huiles-de-demoulage\/\",\"url\":\"https:\/\/www.q8oils.com\/fr\/industrie\/huiles-de-demoulage\/\",\"name\":\"Huiles de D\u00e9moulage - Q8Oils\",\"isPartOf\":{\"@id\":\"https:\/\/www.q8oils.com\/fr\/#website\"},\"primaryImageOfPage\":{\"@id\":\"https:\/\/www.q8oils.com\/fr\/industrie\/huiles-de-demoulage\/#primaryimage\"},\"image\":{\"@id\":\"https:\/\/www.q8oils.com\/fr\/industrie\/huiles-de-demoulage\/#primaryimage\"},\"thumbnailUrl\":\"https:\/\/www.q8oils.com\/wp-content\/uploads\/2020\/05\/23249_Demoulding-Oil-1.png\",\"datePublished\":\"2020-05-30T13:36:23+00:00\",\"dateModified\":\"2020-12-23T15:32:57+00:00\",\"description\":\"Q8Oils propose une gamme compl\u00e8te d\u2019agents de d\u00e9moulage, qui comprend des produits de qualit\u00e9 sup\u00e9rieure \u00e0 base d\u2019huiles min\u00e9rales de haute qualit\u00e9 et de fluides \u00e0 base non min\u00e9rale adapt\u00e9s \u00e0 diverses applications telles que le b\u00e9ton pr\u00e9fabriqu\u00e9, le b\u00e9ton cellulaire, l\u2019asphalte, le fibrociment et les carrelages.\",\"breadcrumb\":{\"@id\":\"https:\/\/www.q8oils.com\/fr\/industrie\/huiles-de-demoulage\/#breadcrumb\"},\"inLanguage\":\"fr-FR\",\"potentialAction\":[{\"@type\":\"ReadAction\",\"target\":[\"https:\/\/www.q8oils.com\/fr\/industrie\/huiles-de-demoulage\/\"]}]},{\"@type\":\"ImageObject\",\"inLanguage\":\"fr-FR\",\"@id\":\"https:\/\/www.q8oils.com\/fr\/industrie\/huiles-de-demoulage\/#primaryimage\",\"url\":\"https:\/\/www.q8oils.com\/wp-content\/uploads\/2020\/05\/23249_Demoulding-Oil-1.png\",\"contentUrl\":\"https:\/\/www.q8oils.com\/wp-content\/uploads\/2020\/05\/23249_Demoulding-Oil-1.png\",\"width\":200,\"height\":225,\"caption\":\"Demoulding Oils Icon - Q8Oils\"},{\"@type\":\"BreadcrumbList\",\"@id\":\"https:\/\/www.q8oils.com\/fr\/industrie\/huiles-de-demoulage\/#breadcrumb\",\"itemListElement\":[{\"@type\":\"ListItem\",\"position\":1,\"name\":\"Home\",\"item\":\"https:\/\/www.q8oils.com\/fr\/\"},{\"@type\":\"ListItem\",\"position\":2,\"name\":\"Industrie\",\"item\":\"https:\/\/www.q8oils.com\/fr\/industrie\/\"},{\"@type\":\"ListItem\",\"position\":3,\"name\":\"Huiles de D\u00e9moulage\"}]},{\"@type\":\"WebSite\",\"@id\":\"https:\/\/www.q8oils.com\/fr\/#website\",\"url\":\"https:\/\/www.q8oils.com\/fr\/\",\"name\":\"Q8Oils\",\"description\":\"Global, partnership, lubricants, solutions\",\"publisher\":{\"@id\":\"https:\/\/www.q8oils.com\/fr\/#organization\"},\"potentialAction\":[{\"@type\":\"SearchAction\",\"target\":{\"@type\":\"EntryPoint\",\"urlTemplate\":\"https:\/\/www.q8oils.com\/fr\/?s={search_term_string}\"},\"query-input\":{\"@type\":\"PropertyValueSpecification\",\"valueRequired\":true,\"valueName\":\"search_term_string\"}}],\"inLanguage\":\"fr-FR\"},{\"@type\":\"Organization\",\"@id\":\"https:\/\/www.q8oils.com\/fr\/#organization\",\"name\":\"Q8Oils\",\"url\":\"https:\/\/www.q8oils.com\/fr\/\",\"logo\":{\"@type\":\"ImageObject\",\"inLanguage\":\"fr-FR\",\"@id\":\"https:\/\/www.q8oils.com\/fr\/#\/schema\/logo\/image\/\",\"url\":\"https:\/\/www.q8oils.com\/wp-content\/uploads\/2020\/04\/q8oils-logo.png\",\"contentUrl\":\"https:\/\/www.q8oils.com\/wp-content\/uploads\/2020\/04\/q8oils-logo.png\",\"width\":475,\"height\":100,\"caption\":\"Q8Oils\"},\"image\":{\"@id\":\"https:\/\/www.q8oils.com\/fr\/#\/schema\/logo\/image\/\"},\"sameAs\":[\"https:\/\/www.linkedin.com\/Q8Oils\"]}]}<\/script>\n<!-- \/ Yoast SEO plugin. -->","yoast_head_json":{"title":"Huiles de D\u00e9moulage - Q8Oils","description":"Q8Oils propose une gamme compl\u00e8te d\u2019agents de d\u00e9moulage, qui comprend des produits de qualit\u00e9 sup\u00e9rieure \u00e0 base d\u2019huiles min\u00e9rales de haute qualit\u00e9 et de fluides \u00e0 base non min\u00e9rale adapt\u00e9s \u00e0 diverses applications telles que le b\u00e9ton pr\u00e9fabriqu\u00e9, le b\u00e9ton cellulaire, l\u2019asphalte, le fibrociment et les carrelages.","robots":{"index":"index","follow":"follow","max-snippet":"max-snippet:-1","max-image-preview":"max-image-preview:large","max-video-preview":"max-video-preview:-1"},"canonical":"https:\/\/www.q8oils.com\/fr\/industrie\/huiles-de-demoulage\/","og_locale":"fr_FR","og_type":"article","og_title":"Huiles de D\u00e9moulage - Q8Oils","og_description":"Q8Oils propose une gamme compl\u00e8te d\u2019agents de d\u00e9moulage, qui comprend des produits de qualit\u00e9 sup\u00e9rieure \u00e0 base d\u2019huiles min\u00e9rales de haute qualit\u00e9 et de fluides \u00e0 base non min\u00e9rale adapt\u00e9s \u00e0 diverses applications telles que le b\u00e9ton pr\u00e9fabriqu\u00e9, le b\u00e9ton cellulaire, l\u2019asphalte, le fibrociment et les carrelages.","og_url":"https:\/\/www.q8oils.com\/fr\/industrie\/huiles-de-demoulage\/","og_site_name":"Q8Oils","article_modified_time":"2020-12-23T15:32:57+00:00","og_image":[{"width":200,"height":225,"url":"https:\/\/www.q8oils.com\/wp-content\/uploads\/2020\/05\/23249_Demoulding-Oil-1.png","type":"image\/png"}],"twitter_card":"summary_large_image","schema":{"@context":"https:\/\/schema.org","@graph":[{"@type":"WebPage","@id":"https:\/\/www.q8oils.com\/fr\/industrie\/huiles-de-demoulage\/","url":"https:\/\/www.q8oils.com\/fr\/industrie\/huiles-de-demoulage\/","name":"Huiles de D\u00e9moulage - Q8Oils","isPartOf":{"@id":"https:\/\/www.q8oils.com\/fr\/#website"},"primaryImageOfPage":{"@id":"https:\/\/www.q8oils.com\/fr\/industrie\/huiles-de-demoulage\/#primaryimage"},"image":{"@id":"https:\/\/www.q8oils.com\/fr\/industrie\/huiles-de-demoulage\/#primaryimage"},"thumbnailUrl":"https:\/\/www.q8oils.com\/wp-content\/uploads\/2020\/05\/23249_Demoulding-Oil-1.png","datePublished":"2020-05-30T13:36:23+00:00","dateModified":"2020-12-23T15:32:57+00:00","description":"Q8Oils propose une gamme compl\u00e8te d\u2019agents de d\u00e9moulage, qui comprend des produits de qualit\u00e9 sup\u00e9rieure \u00e0 base d\u2019huiles min\u00e9rales de haute qualit\u00e9 et de fluides \u00e0 base non min\u00e9rale adapt\u00e9s \u00e0 diverses applications telles que le b\u00e9ton pr\u00e9fabriqu\u00e9, le b\u00e9ton cellulaire, l\u2019asphalte, le fibrociment et les carrelages.","breadcrumb":{"@id":"https:\/\/www.q8oils.com\/fr\/industrie\/huiles-de-demoulage\/#breadcrumb"},"inLanguage":"fr-FR","potentialAction":[{"@type":"ReadAction","target":["https:\/\/www.q8oils.com\/fr\/industrie\/huiles-de-demoulage\/"]}]},{"@type":"ImageObject","inLanguage":"fr-FR","@id":"https:\/\/www.q8oils.com\/fr\/industrie\/huiles-de-demoulage\/#primaryimage","url":"https:\/\/www.q8oils.com\/wp-content\/uploads\/2020\/05\/23249_Demoulding-Oil-1.png","contentUrl":"https:\/\/www.q8oils.com\/wp-content\/uploads\/2020\/05\/23249_Demoulding-Oil-1.png","width":200,"height":225,"caption":"Demoulding Oils Icon - Q8Oils"},{"@type":"BreadcrumbList","@id":"https:\/\/www.q8oils.com\/fr\/industrie\/huiles-de-demoulage\/#breadcrumb","itemListElement":[{"@type":"ListItem","position":1,"name":"Home","item":"https:\/\/www.q8oils.com\/fr\/"},{"@type":"ListItem","position":2,"name":"Industrie","item":"https:\/\/www.q8oils.com\/fr\/industrie\/"},{"@type":"ListItem","position":3,"name":"Huiles de D\u00e9moulage"}]},{"@type":"WebSite","@id":"https:\/\/www.q8oils.com\/fr\/#website","url":"https:\/\/www.q8oils.com\/fr\/","name":"Q8Oils","description":"Global, partnership, lubricants, solutions","publisher":{"@id":"https:\/\/www.q8oils.com\/fr\/#organization"},"potentialAction":[{"@type":"SearchAction","target":{"@type":"EntryPoint","urlTemplate":"https:\/\/www.q8oils.com\/fr\/?s={search_term_string}"},"query-input":{"@type":"PropertyValueSpecification","valueRequired":true,"valueName":"search_term_string"}}],"inLanguage":"fr-FR"},{"@type":"Organization","@id":"https:\/\/www.q8oils.com\/fr\/#organization","name":"Q8Oils","url":"https:\/\/www.q8oils.com\/fr\/","logo":{"@type":"ImageObject","inLanguage":"fr-FR","@id":"https:\/\/www.q8oils.com\/fr\/#\/schema\/logo\/image\/","url":"https:\/\/www.q8oils.com\/wp-content\/uploads\/2020\/04\/q8oils-logo.png","contentUrl":"https:\/\/www.q8oils.com\/wp-content\/uploads\/2020\/04\/q8oils-logo.png","width":475,"height":100,"caption":"Q8Oils"},"image":{"@id":"https:\/\/www.q8oils.com\/fr\/#\/schema\/logo\/image\/"},"sameAs":["https:\/\/www.linkedin.com\/Q8Oils"]}]}},"_links":{"self":[{"href":"https:\/\/www.q8oils.com\/fr\/wp-json\/wp\/v2\/pages\/502399"}],"collection":[{"href":"https:\/\/www.q8oils.com\/fr\/wp-json\/wp\/v2\/pages"}],"about":[{"href":"https:\/\/www.q8oils.com\/fr\/wp-json\/wp\/v2\/types\/page"}],"author":[{"embeddable":true,"href":"https:\/\/www.q8oils.com\/fr\/wp-json\/wp\/v2\/users\/2"}],"replies":[{"embeddable":true,"href":"https:\/\/www.q8oils.com\/fr\/wp-json\/wp\/v2\/comments?post=502399"}],"version-history":[{"count":4,"href":"https:\/\/www.q8oils.com\/fr\/wp-json\/wp\/v2\/pages\/502399\/revisions"}],"predecessor-version":[{"id":642949,"href":"https:\/\/www.q8oils.com\/fr\/wp-json\/wp\/v2\/pages\/502399\/revisions\/642949"}],"up":[{"embeddable":true,"href":"https:\/\/www.q8oils.com\/fr\/wp-json\/wp\/v2\/pages\/502367"}],"wp:featuredmedia":[{"embeddable":true,"href":"https:\/\/www.q8oils.com\/fr\/wp-json\/wp\/v2\/media\/500248"}],"wp:attachment":[{"href":"https:\/\/www.q8oils.com\/fr\/wp-json\/wp\/v2\/media?parent=502399"}],"curies":[{"name":"wp","href":"https:\/\/api.w.org\/{rel}","templated":true}]}}