
 

{"id":502403,"date":"2020-05-30T13:57:53","date_gmt":"2020-05-30T13:57:53","guid":{"rendered":"https:\/\/www.q8oils.com\/industrie\/huiles-de-demoulage\/tailormade-solutions\/"},"modified":"2020-07-15T20:37:47","modified_gmt":"2020-07-15T20:37:47","slug":"des-solutions-sur-mesure","status":"publish","type":"page","link":"https:\/\/www.q8oils.com\/fr\/industrie\/huiles-de-demoulage\/des-solutions-sur-mesure\/","title":{"rendered":"Des solutions sur mesure"},"content":{"rendered":"","protected":false},"excerpt":{"rendered":"<p>Q8Oils propose une gamme compl\u00e8te d\u2019agents de d\u00e9moulage et antiadh\u00e9sifs : Q8 da Vinci, Q8 Cemol, Q8 Dali, Q8 Dalton, Q8 Dino. Cette gamme s\u2019\u00e9largit en permanence, couvrant des applications g\u00e9n\u00e9rales de moulage mais \u00e9galement adapt\u00e9es aux exigences de fabrication sp\u00e9cifiques.<\/p>\n","protected":false},"author":2,"featured_media":0,"parent":502399,"menu_order":0,"comment_status":"closed","ping_status":"closed","template":"","meta":{"_acf_changed":false,"footnotes":""},"class_list":["post-502403","page","type-page","status-publish","hentry"],"acf":[],"yoast_head":"<!-- This site is optimized with the Yoast SEO plugin v23.5 - https:\/\/yoast.com\/wordpress\/plugins\/seo\/ -->\n<title>Des solutions sur mesure - Q8Oils<\/title>\n<meta name=\"description\" content=\"Q8Oils propose une gamme compl\u00e8te d\u2019agents de d\u00e9moulage et antiadh\u00e9sifs : Q8 da Vinci, Q8 Cemol, Q8 Dali, Q8 Dalton, Q8 Dino. Cette gamme s\u2019\u00e9largit en permanence, couvrant des applications g\u00e9n\u00e9rales de moulage mais \u00e9galement adapt\u00e9es aux exigences de fabrication sp\u00e9cifiques.\" \/>\n<meta name=\"robots\" content=\"index, follow, max-snippet:-1, max-image-preview:large, max-video-preview:-1\" \/>\n<link rel=\"canonical\" href=\"https:\/\/www.q8oils.com\/fr\/industrie\/huiles-de-demoulage\/des-solutions-sur-mesure\/\" \/>\n<meta property=\"og:locale\" content=\"fr_FR\" \/>\n<meta property=\"og:type\" content=\"article\" \/>\n<meta property=\"og:title\" content=\"Des solutions sur mesure - Q8Oils\" \/>\n<meta property=\"og:description\" content=\"Q8Oils propose une gamme compl\u00e8te d\u2019agents de d\u00e9moulage et antiadh\u00e9sifs : Q8 da Vinci, Q8 Cemol, Q8 Dali, Q8 Dalton, Q8 Dino. Cette gamme s\u2019\u00e9largit en permanence, couvrant des applications g\u00e9n\u00e9rales de moulage mais \u00e9galement adapt\u00e9es aux exigences de fabrication sp\u00e9cifiques.\" \/>\n<meta property=\"og:url\" content=\"https:\/\/www.q8oils.com\/fr\/industrie\/huiles-de-demoulage\/des-solutions-sur-mesure\/\" \/>\n<meta property=\"og:site_name\" content=\"Q8Oils\" \/>\n<meta property=\"article:modified_time\" content=\"2020-07-15T20:37:47+00:00\" \/>\n<meta name=\"twitter:card\" content=\"summary_large_image\" \/>\n<script type=\"application\/ld+json\" class=\"yoast-schema-graph\">{\"@context\":\"https:\/\/schema.org\",\"@graph\":[{\"@type\":\"WebPage\",\"@id\":\"https:\/\/www.q8oils.com\/fr\/industrie\/huiles-de-demoulage\/des-solutions-sur-mesure\/\",\"url\":\"https:\/\/www.q8oils.com\/fr\/industrie\/huiles-de-demoulage\/des-solutions-sur-mesure\/\",\"name\":\"Des solutions sur mesure - Q8Oils\",\"isPartOf\":{\"@id\":\"https:\/\/www.q8oils.com\/fr\/#website\"},\"datePublished\":\"2020-05-30T13:57:53+00:00\",\"dateModified\":\"2020-07-15T20:37:47+00:00\",\"description\":\"Q8Oils propose une gamme compl\u00e8te d\u2019agents de d\u00e9moulage et antiadh\u00e9sifs : Q8 da Vinci, Q8 Cemol, Q8 Dali, Q8 Dalton, Q8 Dino. Cette gamme s\u2019\u00e9largit en permanence, couvrant des applications g\u00e9n\u00e9rales de moulage mais \u00e9galement adapt\u00e9es aux exigences de fabrication sp\u00e9cifiques.\",\"breadcrumb\":{\"@id\":\"https:\/\/www.q8oils.com\/fr\/industrie\/huiles-de-demoulage\/des-solutions-sur-mesure\/#breadcrumb\"},\"inLanguage\":\"fr-FR\",\"potentialAction\":[{\"@type\":\"ReadAction\",\"target\":[\"https:\/\/www.q8oils.com\/fr\/industrie\/huiles-de-demoulage\/des-solutions-sur-mesure\/\"]}]},{\"@type\":\"BreadcrumbList\",\"@id\":\"https:\/\/www.q8oils.com\/fr\/industrie\/huiles-de-demoulage\/des-solutions-sur-mesure\/#breadcrumb\",\"itemListElement\":[{\"@type\":\"ListItem\",\"position\":1,\"name\":\"Home\",\"item\":\"https:\/\/www.q8oils.com\/fr\/\"},{\"@type\":\"ListItem\",\"position\":2,\"name\":\"Industrie\",\"item\":\"https:\/\/www.q8oils.com\/fr\/industrie\/\"},{\"@type\":\"ListItem\",\"position\":3,\"name\":\"Huiles de D\u00e9moulage\",\"item\":\"https:\/\/www.q8oils.com\/fr\/industrie\/huiles-de-demoulage\/\"},{\"@type\":\"ListItem\",\"position\":4,\"name\":\"Des solutions sur mesure\"}]},{\"@type\":\"WebSite\",\"@id\":\"https:\/\/www.q8oils.com\/fr\/#website\",\"url\":\"https:\/\/www.q8oils.com\/fr\/\",\"name\":\"Q8Oils\",\"description\":\"Global, partnership, lubricants, solutions\",\"publisher\":{\"@id\":\"https:\/\/www.q8oils.com\/fr\/#organization\"},\"potentialAction\":[{\"@type\":\"SearchAction\",\"target\":{\"@type\":\"EntryPoint\",\"urlTemplate\":\"https:\/\/www.q8oils.com\/fr\/?s={search_term_string}\"},\"query-input\":{\"@type\":\"PropertyValueSpecification\",\"valueRequired\":true,\"valueName\":\"search_term_string\"}}],\"inLanguage\":\"fr-FR\"},{\"@type\":\"Organization\",\"@id\":\"https:\/\/www.q8oils.com\/fr\/#organization\",\"name\":\"Q8Oils\",\"url\":\"https:\/\/www.q8oils.com\/fr\/\",\"logo\":{\"@type\":\"ImageObject\",\"inLanguage\":\"fr-FR\",\"@id\":\"https:\/\/www.q8oils.com\/fr\/#\/schema\/logo\/image\/\",\"url\":\"https:\/\/www.q8oils.com\/wp-content\/uploads\/2020\/04\/q8oils-logo.png\",\"contentUrl\":\"https:\/\/www.q8oils.com\/wp-content\/uploads\/2020\/04\/q8oils-logo.png\",\"width\":475,\"height\":100,\"caption\":\"Q8Oils\"},\"image\":{\"@id\":\"https:\/\/www.q8oils.com\/fr\/#\/schema\/logo\/image\/\"},\"sameAs\":[\"https:\/\/www.linkedin.com\/Q8Oils\"]}]}<\/script>\n<!-- \/ Yoast SEO plugin. -->","yoast_head_json":{"title":"Des solutions sur mesure - Q8Oils","description":"Q8Oils propose une gamme compl\u00e8te d\u2019agents de d\u00e9moulage et antiadh\u00e9sifs : Q8 da Vinci, Q8 Cemol, Q8 Dali, Q8 Dalton, Q8 Dino. Cette gamme s\u2019\u00e9largit en permanence, couvrant des applications g\u00e9n\u00e9rales de moulage mais \u00e9galement adapt\u00e9es aux exigences de fabrication sp\u00e9cifiques.","robots":{"index":"index","follow":"follow","max-snippet":"max-snippet:-1","max-image-preview":"max-image-preview:large","max-video-preview":"max-video-preview:-1"},"canonical":"https:\/\/www.q8oils.com\/fr\/industrie\/huiles-de-demoulage\/des-solutions-sur-mesure\/","og_locale":"fr_FR","og_type":"article","og_title":"Des solutions sur mesure - Q8Oils","og_description":"Q8Oils propose une gamme compl\u00e8te d\u2019agents de d\u00e9moulage et antiadh\u00e9sifs : Q8 da Vinci, Q8 Cemol, Q8 Dali, Q8 Dalton, Q8 Dino. Cette gamme s\u2019\u00e9largit en permanence, couvrant des applications g\u00e9n\u00e9rales de moulage mais \u00e9galement adapt\u00e9es aux exigences de fabrication sp\u00e9cifiques.","og_url":"https:\/\/www.q8oils.com\/fr\/industrie\/huiles-de-demoulage\/des-solutions-sur-mesure\/","og_site_name":"Q8Oils","article_modified_time":"2020-07-15T20:37:47+00:00","twitter_card":"summary_large_image","schema":{"@context":"https:\/\/schema.org","@graph":[{"@type":"WebPage","@id":"https:\/\/www.q8oils.com\/fr\/industrie\/huiles-de-demoulage\/des-solutions-sur-mesure\/","url":"https:\/\/www.q8oils.com\/fr\/industrie\/huiles-de-demoulage\/des-solutions-sur-mesure\/","name":"Des solutions sur mesure - Q8Oils","isPartOf":{"@id":"https:\/\/www.q8oils.com\/fr\/#website"},"datePublished":"2020-05-30T13:57:53+00:00","dateModified":"2020-07-15T20:37:47+00:00","description":"Q8Oils propose une gamme compl\u00e8te d\u2019agents de d\u00e9moulage et antiadh\u00e9sifs : Q8 da Vinci, Q8 Cemol, Q8 Dali, Q8 Dalton, Q8 Dino. Cette gamme s\u2019\u00e9largit en permanence, couvrant des applications g\u00e9n\u00e9rales de moulage mais \u00e9galement adapt\u00e9es aux exigences de fabrication sp\u00e9cifiques.","breadcrumb":{"@id":"https:\/\/www.q8oils.com\/fr\/industrie\/huiles-de-demoulage\/des-solutions-sur-mesure\/#breadcrumb"},"inLanguage":"fr-FR","potentialAction":[{"@type":"ReadAction","target":["https:\/\/www.q8oils.com\/fr\/industrie\/huiles-de-demoulage\/des-solutions-sur-mesure\/"]}]},{"@type":"BreadcrumbList","@id":"https:\/\/www.q8oils.com\/fr\/industrie\/huiles-de-demoulage\/des-solutions-sur-mesure\/#breadcrumb","itemListElement":[{"@type":"ListItem","position":1,"name":"Home","item":"https:\/\/www.q8oils.com\/fr\/"},{"@type":"ListItem","position":2,"name":"Industrie","item":"https:\/\/www.q8oils.com\/fr\/industrie\/"},{"@type":"ListItem","position":3,"name":"Huiles de D\u00e9moulage","item":"https:\/\/www.q8oils.com\/fr\/industrie\/huiles-de-demoulage\/"},{"@type":"ListItem","position":4,"name":"Des solutions sur mesure"}]},{"@type":"WebSite","@id":"https:\/\/www.q8oils.com\/fr\/#website","url":"https:\/\/www.q8oils.com\/fr\/","name":"Q8Oils","description":"Global, partnership, lubricants, solutions","publisher":{"@id":"https:\/\/www.q8oils.com\/fr\/#organization"},"potentialAction":[{"@type":"SearchAction","target":{"@type":"EntryPoint","urlTemplate":"https:\/\/www.q8oils.com\/fr\/?s={search_term_string}"},"query-input":{"@type":"PropertyValueSpecification","valueRequired":true,"valueName":"search_term_string"}}],"inLanguage":"fr-FR"},{"@type":"Organization","@id":"https:\/\/www.q8oils.com\/fr\/#organization","name":"Q8Oils","url":"https:\/\/www.q8oils.com\/fr\/","logo":{"@type":"ImageObject","inLanguage":"fr-FR","@id":"https:\/\/www.q8oils.com\/fr\/#\/schema\/logo\/image\/","url":"https:\/\/www.q8oils.com\/wp-content\/uploads\/2020\/04\/q8oils-logo.png","contentUrl":"https:\/\/www.q8oils.com\/wp-content\/uploads\/2020\/04\/q8oils-logo.png","width":475,"height":100,"caption":"Q8Oils"},"image":{"@id":"https:\/\/www.q8oils.com\/fr\/#\/schema\/logo\/image\/"},"sameAs":["https:\/\/www.linkedin.com\/Q8Oils"]}]}},"_links":{"self":[{"href":"https:\/\/www.q8oils.com\/fr\/wp-json\/wp\/v2\/pages\/502403"}],"collection":[{"href":"https:\/\/www.q8oils.com\/fr\/wp-json\/wp\/v2\/pages"}],"about":[{"href":"https:\/\/www.q8oils.com\/fr\/wp-json\/wp\/v2\/types\/page"}],"author":[{"embeddable":true,"href":"https:\/\/www.q8oils.com\/fr\/wp-json\/wp\/v2\/users\/2"}],"replies":[{"embeddable":true,"href":"https:\/\/www.q8oils.com\/fr\/wp-json\/wp\/v2\/comments?post=502403"}],"version-history":[{"count":3,"href":"https:\/\/www.q8oils.com\/fr\/wp-json\/wp\/v2\/pages\/502403\/revisions"}],"predecessor-version":[{"id":505386,"href":"https:\/\/www.q8oils.com\/fr\/wp-json\/wp\/v2\/pages\/502403\/revisions\/505386"}],"up":[{"embeddable":true,"href":"https:\/\/www.q8oils.com\/fr\/wp-json\/wp\/v2\/pages\/502399"}],"wp:attachment":[{"href":"https:\/\/www.q8oils.com\/fr\/wp-json\/wp\/v2\/media?parent=502403"}],"curies":[{"name":"wp","href":"https:\/\/api.w.org\/{rel}","templated":true}]}}