
 

{"id":502412,"date":"2020-05-30T14:49:01","date_gmt":"2020-05-30T14:49:01","guid":{"rendered":"https:\/\/www.q8oils.com\/industrie\/food-grades\/"},"modified":"2020-12-23T16:16:00","modified_gmt":"2020-12-23T16:16:00","slug":"qualites-alimentaires","status":"publish","type":"page","link":"https:\/\/www.q8oils.com\/fr\/industrie\/qualites-alimentaires\/","title":{"rendered":"Qualit\u00e9s Alimentaires"},"content":{"rendered":"<blockquote class=\"wp-embedded-content\" data-secret=\"4bn4IviIK5\"><p><a href=\"https:\/\/www.q8oils.com\/products\/\">Products<\/a><\/p><\/blockquote>\n<p><iframe class=\"wp-embedded-content\" sandbox=\"allow-scripts\" security=\"restricted\" style=\"position: absolute; visibility: hidden;\" title=\"&#8220;Products&#8221; &#8212; Q8Oils\" src=\"https:\/\/www.q8oils.com\/products\/embed\/#?secret=kwLHLW6avH#?secret=4bn4IviIK5\" data-secret=\"4bn4IviIK5\" width=\"600\" height=\"338\" frameborder=\"0\" marginwidth=\"0\" marginheight=\"0\" scrolling=\"no\"><\/iframe><\/p>\n<p>&nbsp;<\/p>\n","protected":false},"excerpt":{"rendered":"<p>Q8Oils propose une gamme d\u2019huiles et de graisses de qualit\u00e9 alimentaire pour la lubrification de l\u2019\u00e9quipement \u00e0 risque de contact alimentaire accidentel. Ces produits sont bas\u00e9s sur des formulations sp\u00e9ciales qui assurent des performances \u00e9lev\u00e9es tout en garantissant la s\u00e9curit\u00e9 alimentaire.<\/p>\n","protected":false},"author":2,"featured_media":500298,"parent":502367,"menu_order":0,"comment_status":"closed","ping_status":"closed","template":"page-templates\/minor.php","meta":{"_acf_changed":false,"footnotes":""},"class_list":["post-502412","page","type-page","status-publish","has-post-thumbnail","hentry","major-general-industry-fr"],"acf":[],"yoast_head":"<!-- This site is optimized with the Yoast SEO plugin v23.5 - https:\/\/yoast.com\/wordpress\/plugins\/seo\/ -->\n<title>Qualit\u00e9s Alimentaires - Q8Oils<\/title>\n<meta name=\"description\" content=\"Q8Oils propose une gamme d\u2019huiles et de graisses de qualit\u00e9 alimentaire pour la lubrification de l\u2019\u00e9quipement \u00e0 risque de contact alimentaire accidentel. Ces produits sont bas\u00e9s sur des formulations sp\u00e9ciales qui assurent des performances \u00e9lev\u00e9es tout en garantissant la s\u00e9curit\u00e9 alimentaire.\" \/>\n<meta name=\"robots\" content=\"index, follow, max-snippet:-1, max-image-preview:large, max-video-preview:-1\" \/>\n<link rel=\"canonical\" href=\"https:\/\/www.q8oils.com\/fr\/industrie\/qualites-alimentaires\/\" \/>\n<meta property=\"og:locale\" content=\"fr_FR\" \/>\n<meta property=\"og:type\" content=\"article\" \/>\n<meta property=\"og:title\" content=\"Qualit\u00e9s Alimentaires - Q8Oils\" \/>\n<meta property=\"og:description\" content=\"Q8Oils propose une gamme d\u2019huiles et de graisses de qualit\u00e9 alimentaire pour la lubrification de l\u2019\u00e9quipement \u00e0 risque de contact alimentaire accidentel. Ces produits sont bas\u00e9s sur des formulations sp\u00e9ciales qui assurent des performances \u00e9lev\u00e9es tout en garantissant la s\u00e9curit\u00e9 alimentaire.\" \/>\n<meta property=\"og:url\" content=\"https:\/\/www.q8oils.com\/fr\/industrie\/qualites-alimentaires\/\" \/>\n<meta property=\"og:site_name\" content=\"Q8Oils\" \/>\n<meta property=\"article:modified_time\" content=\"2020-12-23T16:16:00+00:00\" \/>\n<meta property=\"og:image\" content=\"https:\/\/www.q8oils.com\/wp-content\/uploads\/2020\/05\/23248_Food-Grade-1.png\" \/>\n\t<meta property=\"og:image:width\" content=\"201\" \/>\n\t<meta property=\"og:image:height\" content=\"225\" \/>\n\t<meta property=\"og:image:type\" content=\"image\/png\" \/>\n<meta name=\"twitter:card\" content=\"summary_large_image\" \/>\n<script type=\"application\/ld+json\" class=\"yoast-schema-graph\">{\"@context\":\"https:\/\/schema.org\",\"@graph\":[{\"@type\":\"WebPage\",\"@id\":\"https:\/\/www.q8oils.com\/fr\/industrie\/qualites-alimentaires\/\",\"url\":\"https:\/\/www.q8oils.com\/fr\/industrie\/qualites-alimentaires\/\",\"name\":\"Qualit\u00e9s Alimentaires - Q8Oils\",\"isPartOf\":{\"@id\":\"https:\/\/www.q8oils.com\/fr\/#website\"},\"primaryImageOfPage\":{\"@id\":\"https:\/\/www.q8oils.com\/fr\/industrie\/qualites-alimentaires\/#primaryimage\"},\"image\":{\"@id\":\"https:\/\/www.q8oils.com\/fr\/industrie\/qualites-alimentaires\/#primaryimage\"},\"thumbnailUrl\":\"https:\/\/www.q8oils.com\/wp-content\/uploads\/2020\/05\/23248_Food-Grade-1.png\",\"datePublished\":\"2020-05-30T14:49:01+00:00\",\"dateModified\":\"2020-12-23T16:16:00+00:00\",\"description\":\"Q8Oils propose une gamme d\u2019huiles et de graisses de qualit\u00e9 alimentaire pour la lubrification de l\u2019\u00e9quipement \u00e0 risque de contact alimentaire accidentel. Ces produits sont bas\u00e9s sur des formulations sp\u00e9ciales qui assurent des performances \u00e9lev\u00e9es tout en garantissant la s\u00e9curit\u00e9 alimentaire.\",\"breadcrumb\":{\"@id\":\"https:\/\/www.q8oils.com\/fr\/industrie\/qualites-alimentaires\/#breadcrumb\"},\"inLanguage\":\"fr-FR\",\"potentialAction\":[{\"@type\":\"ReadAction\",\"target\":[\"https:\/\/www.q8oils.com\/fr\/industrie\/qualites-alimentaires\/\"]}]},{\"@type\":\"ImageObject\",\"inLanguage\":\"fr-FR\",\"@id\":\"https:\/\/www.q8oils.com\/fr\/industrie\/qualites-alimentaires\/#primaryimage\",\"url\":\"https:\/\/www.q8oils.com\/wp-content\/uploads\/2020\/05\/23248_Food-Grade-1.png\",\"contentUrl\":\"https:\/\/www.q8oils.com\/wp-content\/uploads\/2020\/05\/23248_Food-Grade-1.png\",\"width\":201,\"height\":225,\"caption\":\"Food Grade - Q8OIls\"},{\"@type\":\"BreadcrumbList\",\"@id\":\"https:\/\/www.q8oils.com\/fr\/industrie\/qualites-alimentaires\/#breadcrumb\",\"itemListElement\":[{\"@type\":\"ListItem\",\"position\":1,\"name\":\"Home\",\"item\":\"https:\/\/www.q8oils.com\/fr\/\"},{\"@type\":\"ListItem\",\"position\":2,\"name\":\"Industrie\",\"item\":\"https:\/\/www.q8oils.com\/fr\/industrie\/\"},{\"@type\":\"ListItem\",\"position\":3,\"name\":\"Qualit\u00e9s Alimentaires\"}]},{\"@type\":\"WebSite\",\"@id\":\"https:\/\/www.q8oils.com\/fr\/#website\",\"url\":\"https:\/\/www.q8oils.com\/fr\/\",\"name\":\"Q8Oils\",\"description\":\"Global, partnership, lubricants, solutions\",\"publisher\":{\"@id\":\"https:\/\/www.q8oils.com\/fr\/#organization\"},\"potentialAction\":[{\"@type\":\"SearchAction\",\"target\":{\"@type\":\"EntryPoint\",\"urlTemplate\":\"https:\/\/www.q8oils.com\/fr\/?s={search_term_string}\"},\"query-input\":{\"@type\":\"PropertyValueSpecification\",\"valueRequired\":true,\"valueName\":\"search_term_string\"}}],\"inLanguage\":\"fr-FR\"},{\"@type\":\"Organization\",\"@id\":\"https:\/\/www.q8oils.com\/fr\/#organization\",\"name\":\"Q8Oils\",\"url\":\"https:\/\/www.q8oils.com\/fr\/\",\"logo\":{\"@type\":\"ImageObject\",\"inLanguage\":\"fr-FR\",\"@id\":\"https:\/\/www.q8oils.com\/fr\/#\/schema\/logo\/image\/\",\"url\":\"https:\/\/www.q8oils.com\/wp-content\/uploads\/2020\/04\/q8oils-logo.png\",\"contentUrl\":\"https:\/\/www.q8oils.com\/wp-content\/uploads\/2020\/04\/q8oils-logo.png\",\"width\":475,\"height\":100,\"caption\":\"Q8Oils\"},\"image\":{\"@id\":\"https:\/\/www.q8oils.com\/fr\/#\/schema\/logo\/image\/\"},\"sameAs\":[\"https:\/\/www.linkedin.com\/Q8Oils\"]}]}<\/script>\n<!-- \/ Yoast SEO plugin. -->","yoast_head_json":{"title":"Qualit\u00e9s Alimentaires - Q8Oils","description":"Q8Oils propose une gamme d\u2019huiles et de graisses de qualit\u00e9 alimentaire pour la lubrification de l\u2019\u00e9quipement \u00e0 risque de contact alimentaire accidentel. Ces produits sont bas\u00e9s sur des formulations sp\u00e9ciales qui assurent des performances \u00e9lev\u00e9es tout en garantissant la s\u00e9curit\u00e9 alimentaire.","robots":{"index":"index","follow":"follow","max-snippet":"max-snippet:-1","max-image-preview":"max-image-preview:large","max-video-preview":"max-video-preview:-1"},"canonical":"https:\/\/www.q8oils.com\/fr\/industrie\/qualites-alimentaires\/","og_locale":"fr_FR","og_type":"article","og_title":"Qualit\u00e9s Alimentaires - Q8Oils","og_description":"Q8Oils propose une gamme d\u2019huiles et de graisses de qualit\u00e9 alimentaire pour la lubrification de l\u2019\u00e9quipement \u00e0 risque de contact alimentaire accidentel. Ces produits sont bas\u00e9s sur des formulations sp\u00e9ciales qui assurent des performances \u00e9lev\u00e9es tout en garantissant la s\u00e9curit\u00e9 alimentaire.","og_url":"https:\/\/www.q8oils.com\/fr\/industrie\/qualites-alimentaires\/","og_site_name":"Q8Oils","article_modified_time":"2020-12-23T16:16:00+00:00","og_image":[{"width":201,"height":225,"url":"https:\/\/www.q8oils.com\/wp-content\/uploads\/2020\/05\/23248_Food-Grade-1.png","type":"image\/png"}],"twitter_card":"summary_large_image","schema":{"@context":"https:\/\/schema.org","@graph":[{"@type":"WebPage","@id":"https:\/\/www.q8oils.com\/fr\/industrie\/qualites-alimentaires\/","url":"https:\/\/www.q8oils.com\/fr\/industrie\/qualites-alimentaires\/","name":"Qualit\u00e9s Alimentaires - Q8Oils","isPartOf":{"@id":"https:\/\/www.q8oils.com\/fr\/#website"},"primaryImageOfPage":{"@id":"https:\/\/www.q8oils.com\/fr\/industrie\/qualites-alimentaires\/#primaryimage"},"image":{"@id":"https:\/\/www.q8oils.com\/fr\/industrie\/qualites-alimentaires\/#primaryimage"},"thumbnailUrl":"https:\/\/www.q8oils.com\/wp-content\/uploads\/2020\/05\/23248_Food-Grade-1.png","datePublished":"2020-05-30T14:49:01+00:00","dateModified":"2020-12-23T16:16:00+00:00","description":"Q8Oils propose une gamme d\u2019huiles et de graisses de qualit\u00e9 alimentaire pour la lubrification de l\u2019\u00e9quipement \u00e0 risque de contact alimentaire accidentel. Ces produits sont bas\u00e9s sur des formulations sp\u00e9ciales qui assurent des performances \u00e9lev\u00e9es tout en garantissant la s\u00e9curit\u00e9 alimentaire.","breadcrumb":{"@id":"https:\/\/www.q8oils.com\/fr\/industrie\/qualites-alimentaires\/#breadcrumb"},"inLanguage":"fr-FR","potentialAction":[{"@type":"ReadAction","target":["https:\/\/www.q8oils.com\/fr\/industrie\/qualites-alimentaires\/"]}]},{"@type":"ImageObject","inLanguage":"fr-FR","@id":"https:\/\/www.q8oils.com\/fr\/industrie\/qualites-alimentaires\/#primaryimage","url":"https:\/\/www.q8oils.com\/wp-content\/uploads\/2020\/05\/23248_Food-Grade-1.png","contentUrl":"https:\/\/www.q8oils.com\/wp-content\/uploads\/2020\/05\/23248_Food-Grade-1.png","width":201,"height":225,"caption":"Food Grade - Q8OIls"},{"@type":"BreadcrumbList","@id":"https:\/\/www.q8oils.com\/fr\/industrie\/qualites-alimentaires\/#breadcrumb","itemListElement":[{"@type":"ListItem","position":1,"name":"Home","item":"https:\/\/www.q8oils.com\/fr\/"},{"@type":"ListItem","position":2,"name":"Industrie","item":"https:\/\/www.q8oils.com\/fr\/industrie\/"},{"@type":"ListItem","position":3,"name":"Qualit\u00e9s Alimentaires"}]},{"@type":"WebSite","@id":"https:\/\/www.q8oils.com\/fr\/#website","url":"https:\/\/www.q8oils.com\/fr\/","name":"Q8Oils","description":"Global, partnership, lubricants, solutions","publisher":{"@id":"https:\/\/www.q8oils.com\/fr\/#organization"},"potentialAction":[{"@type":"SearchAction","target":{"@type":"EntryPoint","urlTemplate":"https:\/\/www.q8oils.com\/fr\/?s={search_term_string}"},"query-input":{"@type":"PropertyValueSpecification","valueRequired":true,"valueName":"search_term_string"}}],"inLanguage":"fr-FR"},{"@type":"Organization","@id":"https:\/\/www.q8oils.com\/fr\/#organization","name":"Q8Oils","url":"https:\/\/www.q8oils.com\/fr\/","logo":{"@type":"ImageObject","inLanguage":"fr-FR","@id":"https:\/\/www.q8oils.com\/fr\/#\/schema\/logo\/image\/","url":"https:\/\/www.q8oils.com\/wp-content\/uploads\/2020\/04\/q8oils-logo.png","contentUrl":"https:\/\/www.q8oils.com\/wp-content\/uploads\/2020\/04\/q8oils-logo.png","width":475,"height":100,"caption":"Q8Oils"},"image":{"@id":"https:\/\/www.q8oils.com\/fr\/#\/schema\/logo\/image\/"},"sameAs":["https:\/\/www.linkedin.com\/Q8Oils"]}]}},"_links":{"self":[{"href":"https:\/\/www.q8oils.com\/fr\/wp-json\/wp\/v2\/pages\/502412"}],"collection":[{"href":"https:\/\/www.q8oils.com\/fr\/wp-json\/wp\/v2\/pages"}],"about":[{"href":"https:\/\/www.q8oils.com\/fr\/wp-json\/wp\/v2\/types\/page"}],"author":[{"embeddable":true,"href":"https:\/\/www.q8oils.com\/fr\/wp-json\/wp\/v2\/users\/2"}],"replies":[{"embeddable":true,"href":"https:\/\/www.q8oils.com\/fr\/wp-json\/wp\/v2\/comments?post=502412"}],"version-history":[{"count":4,"href":"https:\/\/www.q8oils.com\/fr\/wp-json\/wp\/v2\/pages\/502412\/revisions"}],"predecessor-version":[{"id":642965,"href":"https:\/\/www.q8oils.com\/fr\/wp-json\/wp\/v2\/pages\/502412\/revisions\/642965"}],"up":[{"embeddable":true,"href":"https:\/\/www.q8oils.com\/fr\/wp-json\/wp\/v2\/pages\/502367"}],"wp:featuredmedia":[{"embeddable":true,"href":"https:\/\/www.q8oils.com\/fr\/wp-json\/wp\/v2\/media\/500298"}],"wp:attachment":[{"href":"https:\/\/www.q8oils.com\/fr\/wp-json\/wp\/v2\/media?parent=502412"}],"curies":[{"name":"wp","href":"https:\/\/api.w.org\/{rel}","templated":true}]}}