
 

{"id":502420,"date":"2020-05-23T07:49:18","date_gmt":"2020-05-23T07:49:18","guid":{"rendered":"https:\/\/www.q8oils.com\/industrie\/greases\/"},"modified":"2023-08-22T10:08:24","modified_gmt":"2023-08-22T10:08:24","slug":"graisses","status":"publish","type":"page","link":"https:\/\/www.q8oils.com\/fr\/industrie\/graisses\/","title":{"rendered":"Graisses"},"content":{"rendered":"<blockquote class=\"wp-embedded-content\" data-secret=\"YCLkM6mspz\"><p><a href=\"https:\/\/www.q8oils.com\/products\/\">Products<\/a><\/p><\/blockquote>\n<p><iframe class=\"wp-embedded-content\" sandbox=\"allow-scripts\" security=\"restricted\" style=\"position: absolute; visibility: hidden;\" title=\"\u00ab\u00a0Products\u00a0\u00bb &#8212; Q8Oils\" src=\"https:\/\/www.q8oils.com\/products\/embed\/#?secret=ajFBNLV4gG#?secret=YCLkM6mspz\" data-secret=\"YCLkM6mspz\" width=\"600\" height=\"338\" frameborder=\"0\" marginwidth=\"0\" marginheight=\"0\" scrolling=\"no\"><\/iframe><\/p>\n<p>&nbsp;<\/p>\n","protected":false},"excerpt":{"rendered":"<p>Bien que la plupart des applications n\u00e9cessitant des graisses soient couvertes par des graisses \u00e0 base de savon de lithium, Q8Oils propose \u00e9galement des graisses sp\u00e9ciales dot\u00e9es des propri\u00e9t\u00e9s suivantes : temp\u00e9rature \u00e9lev\u00e9e ou faible, r\u00e9sistance \u00e0 l\u2019eau, biod\u00e9gradation, compatibilit\u00e9 avec la nourriture, compatibilit\u00e9 avec des substances agressives, faible friction, etc.<\/p>\n","protected":false},"author":2,"featured_media":499935,"parent":502367,"menu_order":0,"comment_status":"closed","ping_status":"closed","template":"page-templates\/minor.php","meta":{"_acf_changed":false,"footnotes":""},"class_list":["post-502420","page","type-page","status-publish","has-post-thumbnail","hentry","major-general-industry-fr"],"acf":[],"yoast_head":"<!-- This site is optimized with the Yoast SEO plugin v23.5 - https:\/\/yoast.com\/wordpress\/plugins\/seo\/ -->\n<title>Graisses - Q8Oils<\/title>\n<meta name=\"description\" content=\"Bien que la plupart des applications n\u00e9cessitant des graisses soient couvertes par des graisses \u00e0 base de savon de lithium, Q8Oils propose \u00e9galement des graisses sp\u00e9ciales dot\u00e9es des propri\u00e9t\u00e9s suivantes : temp\u00e9rature \u00e9lev\u00e9e ou faible, r\u00e9sistance \u00e0 l\u2019eau, biod\u00e9gradation, compatibilit\u00e9 avec la nourriture, compatibilit\u00e9 avec des substances agressives, faible friction, etc.\" \/>\n<meta name=\"robots\" content=\"index, follow, max-snippet:-1, max-image-preview:large, max-video-preview:-1\" \/>\n<link rel=\"canonical\" href=\"https:\/\/www.q8oils.com\/fr\/industrie\/graisses\/\" \/>\n<meta property=\"og:locale\" content=\"fr_FR\" \/>\n<meta property=\"og:type\" content=\"article\" \/>\n<meta property=\"og:title\" content=\"Graisses - Q8Oils\" \/>\n<meta property=\"og:description\" content=\"Bien que la plupart des applications n\u00e9cessitant des graisses soient couvertes par des graisses \u00e0 base de savon de lithium, Q8Oils propose \u00e9galement des graisses sp\u00e9ciales dot\u00e9es des propri\u00e9t\u00e9s suivantes : temp\u00e9rature \u00e9lev\u00e9e ou faible, r\u00e9sistance \u00e0 l\u2019eau, biod\u00e9gradation, compatibilit\u00e9 avec la nourriture, compatibilit\u00e9 avec des substances agressives, faible friction, etc.\" \/>\n<meta property=\"og:url\" content=\"https:\/\/www.q8oils.com\/fr\/industrie\/graisses\/\" \/>\n<meta property=\"og:site_name\" content=\"Q8Oils\" \/>\n<meta property=\"article:modified_time\" content=\"2023-08-22T10:08:24+00:00\" \/>\n<meta property=\"og:image\" content=\"https:\/\/www.q8oils.com\/wp-content\/uploads\/2020\/05\/23251_Greases-1.png\" \/>\n\t<meta property=\"og:image:width\" content=\"200\" \/>\n\t<meta property=\"og:image:height\" content=\"225\" \/>\n\t<meta property=\"og:image:type\" content=\"image\/png\" \/>\n<meta name=\"twitter:card\" content=\"summary_large_image\" \/>\n<meta name=\"twitter:label1\" content=\"Dur\u00e9e de lecture estim\u00e9e\" \/>\n\t<meta name=\"twitter:data1\" content=\"1 minute\" \/>\n<script type=\"application\/ld+json\" class=\"yoast-schema-graph\">{\"@context\":\"https:\/\/schema.org\",\"@graph\":[{\"@type\":\"WebPage\",\"@id\":\"https:\/\/www.q8oils.com\/fr\/industrie\/graisses\/\",\"url\":\"https:\/\/www.q8oils.com\/fr\/industrie\/graisses\/\",\"name\":\"Graisses - Q8Oils\",\"isPartOf\":{\"@id\":\"https:\/\/www.q8oils.com\/fr\/#website\"},\"primaryImageOfPage\":{\"@id\":\"https:\/\/www.q8oils.com\/fr\/industrie\/graisses\/#primaryimage\"},\"image\":{\"@id\":\"https:\/\/www.q8oils.com\/fr\/industrie\/graisses\/#primaryimage\"},\"thumbnailUrl\":\"https:\/\/www.q8oils.com\/wp-content\/uploads\/2020\/05\/23251_Greases-1.png\",\"datePublished\":\"2020-05-23T07:49:18+00:00\",\"dateModified\":\"2023-08-22T10:08:24+00:00\",\"description\":\"Bien que la plupart des applications n\u00e9cessitant des graisses soient couvertes par des graisses \u00e0 base de savon de lithium, Q8Oils propose \u00e9galement des graisses sp\u00e9ciales dot\u00e9es des propri\u00e9t\u00e9s suivantes : temp\u00e9rature \u00e9lev\u00e9e ou faible, r\u00e9sistance \u00e0 l\u2019eau, biod\u00e9gradation, compatibilit\u00e9 avec la nourriture, compatibilit\u00e9 avec des substances agressives, faible friction, etc.\",\"breadcrumb\":{\"@id\":\"https:\/\/www.q8oils.com\/fr\/industrie\/graisses\/#breadcrumb\"},\"inLanguage\":\"fr-FR\",\"potentialAction\":[{\"@type\":\"ReadAction\",\"target\":[\"https:\/\/www.q8oils.com\/fr\/industrie\/graisses\/\"]}]},{\"@type\":\"ImageObject\",\"inLanguage\":\"fr-FR\",\"@id\":\"https:\/\/www.q8oils.com\/fr\/industrie\/graisses\/#primaryimage\",\"url\":\"https:\/\/www.q8oils.com\/wp-content\/uploads\/2020\/05\/23251_Greases-1.png\",\"contentUrl\":\"https:\/\/www.q8oils.com\/wp-content\/uploads\/2020\/05\/23251_Greases-1.png\",\"width\":200,\"height\":225,\"caption\":\"Greases Icon - Q8Oils\"},{\"@type\":\"BreadcrumbList\",\"@id\":\"https:\/\/www.q8oils.com\/fr\/industrie\/graisses\/#breadcrumb\",\"itemListElement\":[{\"@type\":\"ListItem\",\"position\":1,\"name\":\"Home\",\"item\":\"https:\/\/www.q8oils.com\/fr\/\"},{\"@type\":\"ListItem\",\"position\":2,\"name\":\"Industrie\",\"item\":\"https:\/\/www.q8oils.com\/fr\/industrie\/\"},{\"@type\":\"ListItem\",\"position\":3,\"name\":\"Graisses\"}]},{\"@type\":\"WebSite\",\"@id\":\"https:\/\/www.q8oils.com\/fr\/#website\",\"url\":\"https:\/\/www.q8oils.com\/fr\/\",\"name\":\"Q8Oils\",\"description\":\"Global, partnership, lubricants, solutions\",\"publisher\":{\"@id\":\"https:\/\/www.q8oils.com\/fr\/#organization\"},\"potentialAction\":[{\"@type\":\"SearchAction\",\"target\":{\"@type\":\"EntryPoint\",\"urlTemplate\":\"https:\/\/www.q8oils.com\/fr\/?s={search_term_string}\"},\"query-input\":{\"@type\":\"PropertyValueSpecification\",\"valueRequired\":true,\"valueName\":\"search_term_string\"}}],\"inLanguage\":\"fr-FR\"},{\"@type\":\"Organization\",\"@id\":\"https:\/\/www.q8oils.com\/fr\/#organization\",\"name\":\"Q8Oils\",\"url\":\"https:\/\/www.q8oils.com\/fr\/\",\"logo\":{\"@type\":\"ImageObject\",\"inLanguage\":\"fr-FR\",\"@id\":\"https:\/\/www.q8oils.com\/fr\/#\/schema\/logo\/image\/\",\"url\":\"https:\/\/www.q8oils.com\/wp-content\/uploads\/2020\/04\/q8oils-logo.png\",\"contentUrl\":\"https:\/\/www.q8oils.com\/wp-content\/uploads\/2020\/04\/q8oils-logo.png\",\"width\":475,\"height\":100,\"caption\":\"Q8Oils\"},\"image\":{\"@id\":\"https:\/\/www.q8oils.com\/fr\/#\/schema\/logo\/image\/\"},\"sameAs\":[\"https:\/\/www.linkedin.com\/Q8Oils\"]}]}<\/script>\n<!-- \/ Yoast SEO plugin. -->","yoast_head_json":{"title":"Graisses - Q8Oils","description":"Bien que la plupart des applications n\u00e9cessitant des graisses soient couvertes par des graisses \u00e0 base de savon de lithium, Q8Oils propose \u00e9galement des graisses sp\u00e9ciales dot\u00e9es des propri\u00e9t\u00e9s suivantes : temp\u00e9rature \u00e9lev\u00e9e ou faible, r\u00e9sistance \u00e0 l\u2019eau, biod\u00e9gradation, compatibilit\u00e9 avec la nourriture, compatibilit\u00e9 avec des substances agressives, faible friction, etc.","robots":{"index":"index","follow":"follow","max-snippet":"max-snippet:-1","max-image-preview":"max-image-preview:large","max-video-preview":"max-video-preview:-1"},"canonical":"https:\/\/www.q8oils.com\/fr\/industrie\/graisses\/","og_locale":"fr_FR","og_type":"article","og_title":"Graisses - Q8Oils","og_description":"Bien que la plupart des applications n\u00e9cessitant des graisses soient couvertes par des graisses \u00e0 base de savon de lithium, Q8Oils propose \u00e9galement des graisses sp\u00e9ciales dot\u00e9es des propri\u00e9t\u00e9s suivantes : temp\u00e9rature \u00e9lev\u00e9e ou faible, r\u00e9sistance \u00e0 l\u2019eau, biod\u00e9gradation, compatibilit\u00e9 avec la nourriture, compatibilit\u00e9 avec des substances agressives, faible friction, etc.","og_url":"https:\/\/www.q8oils.com\/fr\/industrie\/graisses\/","og_site_name":"Q8Oils","article_modified_time":"2023-08-22T10:08:24+00:00","og_image":[{"width":200,"height":225,"url":"https:\/\/www.q8oils.com\/wp-content\/uploads\/2020\/05\/23251_Greases-1.png","type":"image\/png"}],"twitter_card":"summary_large_image","twitter_misc":{"Dur\u00e9e de lecture estim\u00e9e":"1 minute"},"schema":{"@context":"https:\/\/schema.org","@graph":[{"@type":"WebPage","@id":"https:\/\/www.q8oils.com\/fr\/industrie\/graisses\/","url":"https:\/\/www.q8oils.com\/fr\/industrie\/graisses\/","name":"Graisses - Q8Oils","isPartOf":{"@id":"https:\/\/www.q8oils.com\/fr\/#website"},"primaryImageOfPage":{"@id":"https:\/\/www.q8oils.com\/fr\/industrie\/graisses\/#primaryimage"},"image":{"@id":"https:\/\/www.q8oils.com\/fr\/industrie\/graisses\/#primaryimage"},"thumbnailUrl":"https:\/\/www.q8oils.com\/wp-content\/uploads\/2020\/05\/23251_Greases-1.png","datePublished":"2020-05-23T07:49:18+00:00","dateModified":"2023-08-22T10:08:24+00:00","description":"Bien que la plupart des applications n\u00e9cessitant des graisses soient couvertes par des graisses \u00e0 base de savon de lithium, Q8Oils propose \u00e9galement des graisses sp\u00e9ciales dot\u00e9es des propri\u00e9t\u00e9s suivantes : temp\u00e9rature \u00e9lev\u00e9e ou faible, r\u00e9sistance \u00e0 l\u2019eau, biod\u00e9gradation, compatibilit\u00e9 avec la nourriture, compatibilit\u00e9 avec des substances agressives, faible friction, etc.","breadcrumb":{"@id":"https:\/\/www.q8oils.com\/fr\/industrie\/graisses\/#breadcrumb"},"inLanguage":"fr-FR","potentialAction":[{"@type":"ReadAction","target":["https:\/\/www.q8oils.com\/fr\/industrie\/graisses\/"]}]},{"@type":"ImageObject","inLanguage":"fr-FR","@id":"https:\/\/www.q8oils.com\/fr\/industrie\/graisses\/#primaryimage","url":"https:\/\/www.q8oils.com\/wp-content\/uploads\/2020\/05\/23251_Greases-1.png","contentUrl":"https:\/\/www.q8oils.com\/wp-content\/uploads\/2020\/05\/23251_Greases-1.png","width":200,"height":225,"caption":"Greases Icon - Q8Oils"},{"@type":"BreadcrumbList","@id":"https:\/\/www.q8oils.com\/fr\/industrie\/graisses\/#breadcrumb","itemListElement":[{"@type":"ListItem","position":1,"name":"Home","item":"https:\/\/www.q8oils.com\/fr\/"},{"@type":"ListItem","position":2,"name":"Industrie","item":"https:\/\/www.q8oils.com\/fr\/industrie\/"},{"@type":"ListItem","position":3,"name":"Graisses"}]},{"@type":"WebSite","@id":"https:\/\/www.q8oils.com\/fr\/#website","url":"https:\/\/www.q8oils.com\/fr\/","name":"Q8Oils","description":"Global, partnership, lubricants, solutions","publisher":{"@id":"https:\/\/www.q8oils.com\/fr\/#organization"},"potentialAction":[{"@type":"SearchAction","target":{"@type":"EntryPoint","urlTemplate":"https:\/\/www.q8oils.com\/fr\/?s={search_term_string}"},"query-input":{"@type":"PropertyValueSpecification","valueRequired":true,"valueName":"search_term_string"}}],"inLanguage":"fr-FR"},{"@type":"Organization","@id":"https:\/\/www.q8oils.com\/fr\/#organization","name":"Q8Oils","url":"https:\/\/www.q8oils.com\/fr\/","logo":{"@type":"ImageObject","inLanguage":"fr-FR","@id":"https:\/\/www.q8oils.com\/fr\/#\/schema\/logo\/image\/","url":"https:\/\/www.q8oils.com\/wp-content\/uploads\/2020\/04\/q8oils-logo.png","contentUrl":"https:\/\/www.q8oils.com\/wp-content\/uploads\/2020\/04\/q8oils-logo.png","width":475,"height":100,"caption":"Q8Oils"},"image":{"@id":"https:\/\/www.q8oils.com\/fr\/#\/schema\/logo\/image\/"},"sameAs":["https:\/\/www.linkedin.com\/Q8Oils"]}]}},"_links":{"self":[{"href":"https:\/\/www.q8oils.com\/fr\/wp-json\/wp\/v2\/pages\/502420"}],"collection":[{"href":"https:\/\/www.q8oils.com\/fr\/wp-json\/wp\/v2\/pages"}],"about":[{"href":"https:\/\/www.q8oils.com\/fr\/wp-json\/wp\/v2\/types\/page"}],"author":[{"embeddable":true,"href":"https:\/\/www.q8oils.com\/fr\/wp-json\/wp\/v2\/users\/2"}],"replies":[{"embeddable":true,"href":"https:\/\/www.q8oils.com\/fr\/wp-json\/wp\/v2\/comments?post=502420"}],"version-history":[{"count":7,"href":"https:\/\/www.q8oils.com\/fr\/wp-json\/wp\/v2\/pages\/502420\/revisions"}],"predecessor-version":[{"id":2097642,"href":"https:\/\/www.q8oils.com\/fr\/wp-json\/wp\/v2\/pages\/502420\/revisions\/2097642"}],"up":[{"embeddable":true,"href":"https:\/\/www.q8oils.com\/fr\/wp-json\/wp\/v2\/pages\/502367"}],"wp:featuredmedia":[{"embeddable":true,"href":"https:\/\/www.q8oils.com\/fr\/wp-json\/wp\/v2\/media\/499935"}],"wp:attachment":[{"href":"https:\/\/www.q8oils.com\/fr\/wp-json\/wp\/v2\/media?parent=502420"}],"curies":[{"name":"wp","href":"https:\/\/api.w.org\/{rel}","templated":true}]}}