
 

{"id":502433,"date":"2020-05-30T14:59:35","date_gmt":"2020-05-30T14:59:35","guid":{"rendered":"https:\/\/www.q8oils.com\/industrie\/heat-transfer-oils\/"},"modified":"2020-12-23T16:26:25","modified_gmt":"2020-12-23T16:26:25","slug":"huiles-de-transfert-thermiques","status":"publish","type":"page","link":"https:\/\/www.q8oils.com\/fr\/industrie\/huiles-de-transfert-thermiques\/","title":{"rendered":"Huiles de Transfert Thermiques"},"content":{"rendered":"<blockquote class=\"wp-embedded-content\" data-secret=\"sV7EO4fCrS\"><p><a href=\"https:\/\/www.q8oils.com\/products\/\">Products<\/a><\/p><\/blockquote>\n<p><iframe class=\"wp-embedded-content\" sandbox=\"allow-scripts\" security=\"restricted\" style=\"position: absolute; visibility: hidden;\" title=\"&#8220;Products&#8221; &#8212; Q8Oils\" src=\"https:\/\/www.q8oils.com\/products\/embed\/#?secret=ic0cEecUYE#?secret=sV7EO4fCrS\" data-secret=\"sV7EO4fCrS\" width=\"600\" height=\"338\" frameborder=\"0\" marginwidth=\"0\" marginheight=\"0\" scrolling=\"no\"><\/iframe><\/p>\n<p>&nbsp;<\/p>\n","protected":false},"excerpt":{"rendered":"<p>Q8Oils a mis au point une gamme d\u2019huiles pour les applications de syst\u00e8mes de transfert thermique \u00e0 des temp\u00e9ratures pouvant atteindre 330 \u00b0C.<\/p>\n","protected":false},"author":2,"featured_media":500305,"parent":502367,"menu_order":0,"comment_status":"closed","ping_status":"closed","template":"page-templates\/minor.php","meta":{"_acf_changed":false,"footnotes":""},"class_list":["post-502433","page","type-page","status-publish","has-post-thumbnail","hentry","major-general-industry-fr"],"acf":[],"yoast_head":"<!-- This site is optimized with the Yoast SEO plugin v23.5 - https:\/\/yoast.com\/wordpress\/plugins\/seo\/ -->\n<title>Huiles de Transfert Thermiques - Q8Oils<\/title>\n<meta name=\"description\" content=\"Q8Oils has developed a specialist portfolio of oils for the use in heat transfer system applications with oil temperatures up to 330\u00b0CQ8Oils a mis au point une gamme d\u2019huiles pour les applications de syst\u00e8mes de transfert thermique \u00e0 des temp\u00e9ratures pouvant atteindre 330 \u00b0C.\" \/>\n<meta name=\"robots\" content=\"index, follow, max-snippet:-1, max-image-preview:large, max-video-preview:-1\" \/>\n<link rel=\"canonical\" href=\"https:\/\/www.q8oils.com\/fr\/industrie\/huiles-de-transfert-thermiques\/\" \/>\n<meta property=\"og:locale\" content=\"fr_FR\" \/>\n<meta property=\"og:type\" content=\"article\" \/>\n<meta property=\"og:title\" content=\"Huiles de Transfert Thermiques - Q8Oils\" \/>\n<meta property=\"og:description\" content=\"Q8Oils has developed a specialist portfolio of oils for the use in heat transfer system applications with oil temperatures up to 330\u00b0CQ8Oils a mis au point une gamme d\u2019huiles pour les applications de syst\u00e8mes de transfert thermique \u00e0 des temp\u00e9ratures pouvant atteindre 330 \u00b0C.\" \/>\n<meta property=\"og:url\" content=\"https:\/\/www.q8oils.com\/fr\/industrie\/huiles-de-transfert-thermiques\/\" \/>\n<meta property=\"og:site_name\" content=\"Q8Oils\" \/>\n<meta property=\"article:modified_time\" content=\"2020-12-23T16:26:25+00:00\" \/>\n<meta property=\"og:image\" content=\"https:\/\/www.q8oils.com\/wp-content\/uploads\/2020\/05\/Heat_Transfer_Oil-1.png\" \/>\n\t<meta property=\"og:image:width\" content=\"201\" \/>\n\t<meta property=\"og:image:height\" content=\"225\" \/>\n\t<meta property=\"og:image:type\" content=\"image\/png\" \/>\n<meta name=\"twitter:card\" content=\"summary_large_image\" \/>\n<script type=\"application\/ld+json\" class=\"yoast-schema-graph\">{\"@context\":\"https:\/\/schema.org\",\"@graph\":[{\"@type\":\"WebPage\",\"@id\":\"https:\/\/www.q8oils.com\/fr\/industrie\/huiles-de-transfert-thermiques\/\",\"url\":\"https:\/\/www.q8oils.com\/fr\/industrie\/huiles-de-transfert-thermiques\/\",\"name\":\"Huiles de Transfert Thermiques - Q8Oils\",\"isPartOf\":{\"@id\":\"https:\/\/www.q8oils.com\/fr\/#website\"},\"primaryImageOfPage\":{\"@id\":\"https:\/\/www.q8oils.com\/fr\/industrie\/huiles-de-transfert-thermiques\/#primaryimage\"},\"image\":{\"@id\":\"https:\/\/www.q8oils.com\/fr\/industrie\/huiles-de-transfert-thermiques\/#primaryimage\"},\"thumbnailUrl\":\"https:\/\/www.q8oils.com\/wp-content\/uploads\/2020\/05\/Heat_Transfer_Oil-1.png\",\"datePublished\":\"2020-05-30T14:59:35+00:00\",\"dateModified\":\"2020-12-23T16:26:25+00:00\",\"description\":\"Q8Oils has developed a specialist portfolio of oils for the use in heat transfer system applications with oil temperatures up to 330\u00b0CQ8Oils a mis au point une gamme d\u2019huiles pour les applications de syst\u00e8mes de transfert thermique \u00e0 des temp\u00e9ratures pouvant atteindre 330 \u00b0C.\",\"breadcrumb\":{\"@id\":\"https:\/\/www.q8oils.com\/fr\/industrie\/huiles-de-transfert-thermiques\/#breadcrumb\"},\"inLanguage\":\"fr-FR\",\"potentialAction\":[{\"@type\":\"ReadAction\",\"target\":[\"https:\/\/www.q8oils.com\/fr\/industrie\/huiles-de-transfert-thermiques\/\"]}]},{\"@type\":\"ImageObject\",\"inLanguage\":\"fr-FR\",\"@id\":\"https:\/\/www.q8oils.com\/fr\/industrie\/huiles-de-transfert-thermiques\/#primaryimage\",\"url\":\"https:\/\/www.q8oils.com\/wp-content\/uploads\/2020\/05\/Heat_Transfer_Oil-1.png\",\"contentUrl\":\"https:\/\/www.q8oils.com\/wp-content\/uploads\/2020\/05\/Heat_Transfer_Oil-1.png\",\"width\":201,\"height\":225,\"caption\":\"Heat Transfer Oils - Q8Oils\"},{\"@type\":\"BreadcrumbList\",\"@id\":\"https:\/\/www.q8oils.com\/fr\/industrie\/huiles-de-transfert-thermiques\/#breadcrumb\",\"itemListElement\":[{\"@type\":\"ListItem\",\"position\":1,\"name\":\"Home\",\"item\":\"https:\/\/www.q8oils.com\/fr\/\"},{\"@type\":\"ListItem\",\"position\":2,\"name\":\"Industrie\",\"item\":\"https:\/\/www.q8oils.com\/fr\/industrie\/\"},{\"@type\":\"ListItem\",\"position\":3,\"name\":\"Huiles de Transfert Thermiques\"}]},{\"@type\":\"WebSite\",\"@id\":\"https:\/\/www.q8oils.com\/fr\/#website\",\"url\":\"https:\/\/www.q8oils.com\/fr\/\",\"name\":\"Q8Oils\",\"description\":\"Global, partnership, lubricants, solutions\",\"publisher\":{\"@id\":\"https:\/\/www.q8oils.com\/fr\/#organization\"},\"potentialAction\":[{\"@type\":\"SearchAction\",\"target\":{\"@type\":\"EntryPoint\",\"urlTemplate\":\"https:\/\/www.q8oils.com\/fr\/?s={search_term_string}\"},\"query-input\":{\"@type\":\"PropertyValueSpecification\",\"valueRequired\":true,\"valueName\":\"search_term_string\"}}],\"inLanguage\":\"fr-FR\"},{\"@type\":\"Organization\",\"@id\":\"https:\/\/www.q8oils.com\/fr\/#organization\",\"name\":\"Q8Oils\",\"url\":\"https:\/\/www.q8oils.com\/fr\/\",\"logo\":{\"@type\":\"ImageObject\",\"inLanguage\":\"fr-FR\",\"@id\":\"https:\/\/www.q8oils.com\/fr\/#\/schema\/logo\/image\/\",\"url\":\"https:\/\/www.q8oils.com\/wp-content\/uploads\/2020\/04\/q8oils-logo.png\",\"contentUrl\":\"https:\/\/www.q8oils.com\/wp-content\/uploads\/2020\/04\/q8oils-logo.png\",\"width\":475,\"height\":100,\"caption\":\"Q8Oils\"},\"image\":{\"@id\":\"https:\/\/www.q8oils.com\/fr\/#\/schema\/logo\/image\/\"},\"sameAs\":[\"https:\/\/www.linkedin.com\/Q8Oils\"]}]}<\/script>\n<!-- \/ Yoast SEO plugin. -->","yoast_head_json":{"title":"Huiles de Transfert Thermiques - Q8Oils","description":"Q8Oils has developed a specialist portfolio of oils for the use in heat transfer system applications with oil temperatures up to 330\u00b0CQ8Oils a mis au point une gamme d\u2019huiles pour les applications de syst\u00e8mes de transfert thermique \u00e0 des temp\u00e9ratures pouvant atteindre 330 \u00b0C.","robots":{"index":"index","follow":"follow","max-snippet":"max-snippet:-1","max-image-preview":"max-image-preview:large","max-video-preview":"max-video-preview:-1"},"canonical":"https:\/\/www.q8oils.com\/fr\/industrie\/huiles-de-transfert-thermiques\/","og_locale":"fr_FR","og_type":"article","og_title":"Huiles de Transfert Thermiques - Q8Oils","og_description":"Q8Oils has developed a specialist portfolio of oils for the use in heat transfer system applications with oil temperatures up to 330\u00b0CQ8Oils a mis au point une gamme d\u2019huiles pour les applications de syst\u00e8mes de transfert thermique \u00e0 des temp\u00e9ratures pouvant atteindre 330 \u00b0C.","og_url":"https:\/\/www.q8oils.com\/fr\/industrie\/huiles-de-transfert-thermiques\/","og_site_name":"Q8Oils","article_modified_time":"2020-12-23T16:26:25+00:00","og_image":[{"width":201,"height":225,"url":"https:\/\/www.q8oils.com\/wp-content\/uploads\/2020\/05\/Heat_Transfer_Oil-1.png","type":"image\/png"}],"twitter_card":"summary_large_image","schema":{"@context":"https:\/\/schema.org","@graph":[{"@type":"WebPage","@id":"https:\/\/www.q8oils.com\/fr\/industrie\/huiles-de-transfert-thermiques\/","url":"https:\/\/www.q8oils.com\/fr\/industrie\/huiles-de-transfert-thermiques\/","name":"Huiles de Transfert Thermiques - Q8Oils","isPartOf":{"@id":"https:\/\/www.q8oils.com\/fr\/#website"},"primaryImageOfPage":{"@id":"https:\/\/www.q8oils.com\/fr\/industrie\/huiles-de-transfert-thermiques\/#primaryimage"},"image":{"@id":"https:\/\/www.q8oils.com\/fr\/industrie\/huiles-de-transfert-thermiques\/#primaryimage"},"thumbnailUrl":"https:\/\/www.q8oils.com\/wp-content\/uploads\/2020\/05\/Heat_Transfer_Oil-1.png","datePublished":"2020-05-30T14:59:35+00:00","dateModified":"2020-12-23T16:26:25+00:00","description":"Q8Oils has developed a specialist portfolio of oils for the use in heat transfer system applications with oil temperatures up to 330\u00b0CQ8Oils a mis au point une gamme d\u2019huiles pour les applications de syst\u00e8mes de transfert thermique \u00e0 des temp\u00e9ratures pouvant atteindre 330 \u00b0C.","breadcrumb":{"@id":"https:\/\/www.q8oils.com\/fr\/industrie\/huiles-de-transfert-thermiques\/#breadcrumb"},"inLanguage":"fr-FR","potentialAction":[{"@type":"ReadAction","target":["https:\/\/www.q8oils.com\/fr\/industrie\/huiles-de-transfert-thermiques\/"]}]},{"@type":"ImageObject","inLanguage":"fr-FR","@id":"https:\/\/www.q8oils.com\/fr\/industrie\/huiles-de-transfert-thermiques\/#primaryimage","url":"https:\/\/www.q8oils.com\/wp-content\/uploads\/2020\/05\/Heat_Transfer_Oil-1.png","contentUrl":"https:\/\/www.q8oils.com\/wp-content\/uploads\/2020\/05\/Heat_Transfer_Oil-1.png","width":201,"height":225,"caption":"Heat Transfer Oils - Q8Oils"},{"@type":"BreadcrumbList","@id":"https:\/\/www.q8oils.com\/fr\/industrie\/huiles-de-transfert-thermiques\/#breadcrumb","itemListElement":[{"@type":"ListItem","position":1,"name":"Home","item":"https:\/\/www.q8oils.com\/fr\/"},{"@type":"ListItem","position":2,"name":"Industrie","item":"https:\/\/www.q8oils.com\/fr\/industrie\/"},{"@type":"ListItem","position":3,"name":"Huiles de Transfert Thermiques"}]},{"@type":"WebSite","@id":"https:\/\/www.q8oils.com\/fr\/#website","url":"https:\/\/www.q8oils.com\/fr\/","name":"Q8Oils","description":"Global, partnership, lubricants, solutions","publisher":{"@id":"https:\/\/www.q8oils.com\/fr\/#organization"},"potentialAction":[{"@type":"SearchAction","target":{"@type":"EntryPoint","urlTemplate":"https:\/\/www.q8oils.com\/fr\/?s={search_term_string}"},"query-input":{"@type":"PropertyValueSpecification","valueRequired":true,"valueName":"search_term_string"}}],"inLanguage":"fr-FR"},{"@type":"Organization","@id":"https:\/\/www.q8oils.com\/fr\/#organization","name":"Q8Oils","url":"https:\/\/www.q8oils.com\/fr\/","logo":{"@type":"ImageObject","inLanguage":"fr-FR","@id":"https:\/\/www.q8oils.com\/fr\/#\/schema\/logo\/image\/","url":"https:\/\/www.q8oils.com\/wp-content\/uploads\/2020\/04\/q8oils-logo.png","contentUrl":"https:\/\/www.q8oils.com\/wp-content\/uploads\/2020\/04\/q8oils-logo.png","width":475,"height":100,"caption":"Q8Oils"},"image":{"@id":"https:\/\/www.q8oils.com\/fr\/#\/schema\/logo\/image\/"},"sameAs":["https:\/\/www.linkedin.com\/Q8Oils"]}]}},"_links":{"self":[{"href":"https:\/\/www.q8oils.com\/fr\/wp-json\/wp\/v2\/pages\/502433"}],"collection":[{"href":"https:\/\/www.q8oils.com\/fr\/wp-json\/wp\/v2\/pages"}],"about":[{"href":"https:\/\/www.q8oils.com\/fr\/wp-json\/wp\/v2\/types\/page"}],"author":[{"embeddable":true,"href":"https:\/\/www.q8oils.com\/fr\/wp-json\/wp\/v2\/users\/2"}],"replies":[{"embeddable":true,"href":"https:\/\/www.q8oils.com\/fr\/wp-json\/wp\/v2\/comments?post=502433"}],"version-history":[{"count":4,"href":"https:\/\/www.q8oils.com\/fr\/wp-json\/wp\/v2\/pages\/502433\/revisions"}],"predecessor-version":[{"id":642970,"href":"https:\/\/www.q8oils.com\/fr\/wp-json\/wp\/v2\/pages\/502433\/revisions\/642970"}],"up":[{"embeddable":true,"href":"https:\/\/www.q8oils.com\/fr\/wp-json\/wp\/v2\/pages\/502367"}],"wp:featuredmedia":[{"embeddable":true,"href":"https:\/\/www.q8oils.com\/fr\/wp-json\/wp\/v2\/media\/500305"}],"wp:attachment":[{"href":"https:\/\/www.q8oils.com\/fr\/wp-json\/wp\/v2\/media?parent=502433"}],"curies":[{"name":"wp","href":"https:\/\/api.w.org\/{rel}","templated":true}]}}