
 

{"id":502439,"date":"2020-05-21T12:39:36","date_gmt":"2020-05-21T12:39:36","guid":{"rendered":"https:\/\/www.q8oils.com\/industrie\/hydraulic-oils\/"},"modified":"2020-12-23T16:30:39","modified_gmt":"2020-12-23T16:30:39","slug":"fluides-hydrauliques","status":"publish","type":"page","link":"https:\/\/www.q8oils.com\/fr\/industrie\/fluides-hydrauliques\/","title":{"rendered":"Fluides Hydrauliques"},"content":{"rendered":"<blockquote class=\"wp-embedded-content\" data-secret=\"DyOgrX4pwW\"><p><a href=\"https:\/\/www.q8oils.com\/products\/\">Products<\/a><\/p><\/blockquote>\n<p><iframe class=\"wp-embedded-content\" sandbox=\"allow-scripts\" security=\"restricted\" style=\"position: absolute; visibility: hidden;\" title=\"&#8220;Products&#8221; &#8212; Q8Oils\" src=\"https:\/\/www.q8oils.com\/products\/embed\/#?secret=DT8mrWJYv6#?secret=DyOgrX4pwW\" data-secret=\"DyOgrX4pwW\" width=\"600\" height=\"338\" frameborder=\"0\" marginwidth=\"0\" marginheight=\"0\" scrolling=\"no\"><\/iframe><\/p>\n<p>&nbsp;<\/p>\n","protected":false},"excerpt":{"rendered":"<p>La gamme d\u2019huiles hydrauliques de Q8Oils propose un large choix de lubrifiants de qualit\u00e9 r\u00e9sistants aux pressions \u00e9lev\u00e9es, pour temp\u00e9ratures basses\/hautes, \u00e0 bon rendement \u00e9nerg\u00e9tique, \u00e0 impact environnemental minimal, de qualit\u00e9 alimentaire, etc. La gamme comprend des fluides \u00e0 usage g\u00e9n\u00e9ral ou sp\u00e9cifique pour les clients.<\/p>\n","protected":false},"author":2,"featured_media":499778,"parent":502367,"menu_order":0,"comment_status":"closed","ping_status":"closed","template":"page-templates\/minor.php","meta":{"_acf_changed":false,"footnotes":""},"class_list":["post-502439","page","type-page","status-publish","has-post-thumbnail","hentry","major-general-industry-fr"],"acf":[],"yoast_head":"<!-- This site is optimized with the Yoast SEO plugin v23.5 - https:\/\/yoast.com\/wordpress\/plugins\/seo\/ -->\n<title>Fluides Hydrauliques - Q8Oils<\/title>\n<meta name=\"description\" content=\"La gamme d\u2019huiles hydrauliques de Q8Oils propose un large choix de lubrifiants de qualit\u00e9 r\u00e9sistants aux pressions \u00e9lev\u00e9es, pour temp\u00e9ratures basses\/hautes, \u00e0 bon rendement \u00e9nerg\u00e9tique, \u00e0 impact environnemental minimal, de qualit\u00e9 alimentaire, etc. La gamme comprend des fluides \u00e0 usage g\u00e9n\u00e9ral ou sp\u00e9cifique pour les clients.\" \/>\n<meta name=\"robots\" content=\"index, follow, max-snippet:-1, max-image-preview:large, max-video-preview:-1\" \/>\n<link rel=\"canonical\" href=\"https:\/\/www.q8oils.com\/fr\/industrie\/fluides-hydrauliques\/\" \/>\n<meta property=\"og:locale\" content=\"fr_FR\" \/>\n<meta property=\"og:type\" content=\"article\" \/>\n<meta property=\"og:title\" content=\"Fluides Hydrauliques - Q8Oils\" \/>\n<meta property=\"og:description\" content=\"La gamme d\u2019huiles hydrauliques de Q8Oils propose un large choix de lubrifiants de qualit\u00e9 r\u00e9sistants aux pressions \u00e9lev\u00e9es, pour temp\u00e9ratures basses\/hautes, \u00e0 bon rendement \u00e9nerg\u00e9tique, \u00e0 impact environnemental minimal, de qualit\u00e9 alimentaire, etc. La gamme comprend des fluides \u00e0 usage g\u00e9n\u00e9ral ou sp\u00e9cifique pour les clients.\" \/>\n<meta property=\"og:url\" content=\"https:\/\/www.q8oils.com\/fr\/industrie\/fluides-hydrauliques\/\" \/>\n<meta property=\"og:site_name\" content=\"Q8Oils\" \/>\n<meta property=\"article:modified_time\" content=\"2020-12-23T16:30:39+00:00\" \/>\n<meta property=\"og:image\" content=\"https:\/\/www.q8oils.com\/wp-content\/uploads\/2020\/05\/21222_Hydraulic-Fluids-1.png\" \/>\n\t<meta property=\"og:image:width\" content=\"201\" \/>\n\t<meta property=\"og:image:height\" content=\"225\" \/>\n\t<meta property=\"og:image:type\" content=\"image\/png\" \/>\n<meta name=\"twitter:card\" content=\"summary_large_image\" \/>\n<script type=\"application\/ld+json\" class=\"yoast-schema-graph\">{\"@context\":\"https:\/\/schema.org\",\"@graph\":[{\"@type\":\"WebPage\",\"@id\":\"https:\/\/www.q8oils.com\/fr\/industrie\/fluides-hydrauliques\/\",\"url\":\"https:\/\/www.q8oils.com\/fr\/industrie\/fluides-hydrauliques\/\",\"name\":\"Fluides Hydrauliques - Q8Oils\",\"isPartOf\":{\"@id\":\"https:\/\/www.q8oils.com\/fr\/#website\"},\"primaryImageOfPage\":{\"@id\":\"https:\/\/www.q8oils.com\/fr\/industrie\/fluides-hydrauliques\/#primaryimage\"},\"image\":{\"@id\":\"https:\/\/www.q8oils.com\/fr\/industrie\/fluides-hydrauliques\/#primaryimage\"},\"thumbnailUrl\":\"https:\/\/www.q8oils.com\/wp-content\/uploads\/2020\/05\/21222_Hydraulic-Fluids-1.png\",\"datePublished\":\"2020-05-21T12:39:36+00:00\",\"dateModified\":\"2020-12-23T16:30:39+00:00\",\"description\":\"La gamme d\u2019huiles hydrauliques de Q8Oils propose un large choix de lubrifiants de qualit\u00e9 r\u00e9sistants aux pressions \u00e9lev\u00e9es, pour temp\u00e9ratures basses\/hautes, \u00e0 bon rendement \u00e9nerg\u00e9tique, \u00e0 impact environnemental minimal, de qualit\u00e9 alimentaire, etc. La gamme comprend des fluides \u00e0 usage g\u00e9n\u00e9ral ou sp\u00e9cifique pour les clients.\",\"breadcrumb\":{\"@id\":\"https:\/\/www.q8oils.com\/fr\/industrie\/fluides-hydrauliques\/#breadcrumb\"},\"inLanguage\":\"fr-FR\",\"potentialAction\":[{\"@type\":\"ReadAction\",\"target\":[\"https:\/\/www.q8oils.com\/fr\/industrie\/fluides-hydrauliques\/\"]}]},{\"@type\":\"ImageObject\",\"inLanguage\":\"fr-FR\",\"@id\":\"https:\/\/www.q8oils.com\/fr\/industrie\/fluides-hydrauliques\/#primaryimage\",\"url\":\"https:\/\/www.q8oils.com\/wp-content\/uploads\/2020\/05\/21222_Hydraulic-Fluids-1.png\",\"contentUrl\":\"https:\/\/www.q8oils.com\/wp-content\/uploads\/2020\/05\/21222_Hydraulic-Fluids-1.png\",\"width\":201,\"height\":225,\"caption\":\"Hydraulic Fluids icon - Q8Oils\"},{\"@type\":\"BreadcrumbList\",\"@id\":\"https:\/\/www.q8oils.com\/fr\/industrie\/fluides-hydrauliques\/#breadcrumb\",\"itemListElement\":[{\"@type\":\"ListItem\",\"position\":1,\"name\":\"Home\",\"item\":\"https:\/\/www.q8oils.com\/fr\/\"},{\"@type\":\"ListItem\",\"position\":2,\"name\":\"Industrie\",\"item\":\"https:\/\/www.q8oils.com\/fr\/industrie\/\"},{\"@type\":\"ListItem\",\"position\":3,\"name\":\"Fluides Hydrauliques\"}]},{\"@type\":\"WebSite\",\"@id\":\"https:\/\/www.q8oils.com\/fr\/#website\",\"url\":\"https:\/\/www.q8oils.com\/fr\/\",\"name\":\"Q8Oils\",\"description\":\"Global, partnership, lubricants, solutions\",\"publisher\":{\"@id\":\"https:\/\/www.q8oils.com\/fr\/#organization\"},\"potentialAction\":[{\"@type\":\"SearchAction\",\"target\":{\"@type\":\"EntryPoint\",\"urlTemplate\":\"https:\/\/www.q8oils.com\/fr\/?s={search_term_string}\"},\"query-input\":{\"@type\":\"PropertyValueSpecification\",\"valueRequired\":true,\"valueName\":\"search_term_string\"}}],\"inLanguage\":\"fr-FR\"},{\"@type\":\"Organization\",\"@id\":\"https:\/\/www.q8oils.com\/fr\/#organization\",\"name\":\"Q8Oils\",\"url\":\"https:\/\/www.q8oils.com\/fr\/\",\"logo\":{\"@type\":\"ImageObject\",\"inLanguage\":\"fr-FR\",\"@id\":\"https:\/\/www.q8oils.com\/fr\/#\/schema\/logo\/image\/\",\"url\":\"https:\/\/www.q8oils.com\/wp-content\/uploads\/2020\/04\/q8oils-logo.png\",\"contentUrl\":\"https:\/\/www.q8oils.com\/wp-content\/uploads\/2020\/04\/q8oils-logo.png\",\"width\":475,\"height\":100,\"caption\":\"Q8Oils\"},\"image\":{\"@id\":\"https:\/\/www.q8oils.com\/fr\/#\/schema\/logo\/image\/\"},\"sameAs\":[\"https:\/\/www.linkedin.com\/Q8Oils\"]}]}<\/script>\n<!-- \/ Yoast SEO plugin. -->","yoast_head_json":{"title":"Fluides Hydrauliques - Q8Oils","description":"La gamme d\u2019huiles hydrauliques de Q8Oils propose un large choix de lubrifiants de qualit\u00e9 r\u00e9sistants aux pressions \u00e9lev\u00e9es, pour temp\u00e9ratures basses\/hautes, \u00e0 bon rendement \u00e9nerg\u00e9tique, \u00e0 impact environnemental minimal, de qualit\u00e9 alimentaire, etc. La gamme comprend des fluides \u00e0 usage g\u00e9n\u00e9ral ou sp\u00e9cifique pour les clients.","robots":{"index":"index","follow":"follow","max-snippet":"max-snippet:-1","max-image-preview":"max-image-preview:large","max-video-preview":"max-video-preview:-1"},"canonical":"https:\/\/www.q8oils.com\/fr\/industrie\/fluides-hydrauliques\/","og_locale":"fr_FR","og_type":"article","og_title":"Fluides Hydrauliques - Q8Oils","og_description":"La gamme d\u2019huiles hydrauliques de Q8Oils propose un large choix de lubrifiants de qualit\u00e9 r\u00e9sistants aux pressions \u00e9lev\u00e9es, pour temp\u00e9ratures basses\/hautes, \u00e0 bon rendement \u00e9nerg\u00e9tique, \u00e0 impact environnemental minimal, de qualit\u00e9 alimentaire, etc. La gamme comprend des fluides \u00e0 usage g\u00e9n\u00e9ral ou sp\u00e9cifique pour les clients.","og_url":"https:\/\/www.q8oils.com\/fr\/industrie\/fluides-hydrauliques\/","og_site_name":"Q8Oils","article_modified_time":"2020-12-23T16:30:39+00:00","og_image":[{"width":201,"height":225,"url":"https:\/\/www.q8oils.com\/wp-content\/uploads\/2020\/05\/21222_Hydraulic-Fluids-1.png","type":"image\/png"}],"twitter_card":"summary_large_image","schema":{"@context":"https:\/\/schema.org","@graph":[{"@type":"WebPage","@id":"https:\/\/www.q8oils.com\/fr\/industrie\/fluides-hydrauliques\/","url":"https:\/\/www.q8oils.com\/fr\/industrie\/fluides-hydrauliques\/","name":"Fluides Hydrauliques - Q8Oils","isPartOf":{"@id":"https:\/\/www.q8oils.com\/fr\/#website"},"primaryImageOfPage":{"@id":"https:\/\/www.q8oils.com\/fr\/industrie\/fluides-hydrauliques\/#primaryimage"},"image":{"@id":"https:\/\/www.q8oils.com\/fr\/industrie\/fluides-hydrauliques\/#primaryimage"},"thumbnailUrl":"https:\/\/www.q8oils.com\/wp-content\/uploads\/2020\/05\/21222_Hydraulic-Fluids-1.png","datePublished":"2020-05-21T12:39:36+00:00","dateModified":"2020-12-23T16:30:39+00:00","description":"La gamme d\u2019huiles hydrauliques de Q8Oils propose un large choix de lubrifiants de qualit\u00e9 r\u00e9sistants aux pressions \u00e9lev\u00e9es, pour temp\u00e9ratures basses\/hautes, \u00e0 bon rendement \u00e9nerg\u00e9tique, \u00e0 impact environnemental minimal, de qualit\u00e9 alimentaire, etc. La gamme comprend des fluides \u00e0 usage g\u00e9n\u00e9ral ou sp\u00e9cifique pour les clients.","breadcrumb":{"@id":"https:\/\/www.q8oils.com\/fr\/industrie\/fluides-hydrauliques\/#breadcrumb"},"inLanguage":"fr-FR","potentialAction":[{"@type":"ReadAction","target":["https:\/\/www.q8oils.com\/fr\/industrie\/fluides-hydrauliques\/"]}]},{"@type":"ImageObject","inLanguage":"fr-FR","@id":"https:\/\/www.q8oils.com\/fr\/industrie\/fluides-hydrauliques\/#primaryimage","url":"https:\/\/www.q8oils.com\/wp-content\/uploads\/2020\/05\/21222_Hydraulic-Fluids-1.png","contentUrl":"https:\/\/www.q8oils.com\/wp-content\/uploads\/2020\/05\/21222_Hydraulic-Fluids-1.png","width":201,"height":225,"caption":"Hydraulic Fluids icon - Q8Oils"},{"@type":"BreadcrumbList","@id":"https:\/\/www.q8oils.com\/fr\/industrie\/fluides-hydrauliques\/#breadcrumb","itemListElement":[{"@type":"ListItem","position":1,"name":"Home","item":"https:\/\/www.q8oils.com\/fr\/"},{"@type":"ListItem","position":2,"name":"Industrie","item":"https:\/\/www.q8oils.com\/fr\/industrie\/"},{"@type":"ListItem","position":3,"name":"Fluides Hydrauliques"}]},{"@type":"WebSite","@id":"https:\/\/www.q8oils.com\/fr\/#website","url":"https:\/\/www.q8oils.com\/fr\/","name":"Q8Oils","description":"Global, partnership, lubricants, solutions","publisher":{"@id":"https:\/\/www.q8oils.com\/fr\/#organization"},"potentialAction":[{"@type":"SearchAction","target":{"@type":"EntryPoint","urlTemplate":"https:\/\/www.q8oils.com\/fr\/?s={search_term_string}"},"query-input":{"@type":"PropertyValueSpecification","valueRequired":true,"valueName":"search_term_string"}}],"inLanguage":"fr-FR"},{"@type":"Organization","@id":"https:\/\/www.q8oils.com\/fr\/#organization","name":"Q8Oils","url":"https:\/\/www.q8oils.com\/fr\/","logo":{"@type":"ImageObject","inLanguage":"fr-FR","@id":"https:\/\/www.q8oils.com\/fr\/#\/schema\/logo\/image\/","url":"https:\/\/www.q8oils.com\/wp-content\/uploads\/2020\/04\/q8oils-logo.png","contentUrl":"https:\/\/www.q8oils.com\/wp-content\/uploads\/2020\/04\/q8oils-logo.png","width":475,"height":100,"caption":"Q8Oils"},"image":{"@id":"https:\/\/www.q8oils.com\/fr\/#\/schema\/logo\/image\/"},"sameAs":["https:\/\/www.linkedin.com\/Q8Oils"]}]}},"_links":{"self":[{"href":"https:\/\/www.q8oils.com\/fr\/wp-json\/wp\/v2\/pages\/502439"}],"collection":[{"href":"https:\/\/www.q8oils.com\/fr\/wp-json\/wp\/v2\/pages"}],"about":[{"href":"https:\/\/www.q8oils.com\/fr\/wp-json\/wp\/v2\/types\/page"}],"author":[{"embeddable":true,"href":"https:\/\/www.q8oils.com\/fr\/wp-json\/wp\/v2\/users\/2"}],"replies":[{"embeddable":true,"href":"https:\/\/www.q8oils.com\/fr\/wp-json\/wp\/v2\/comments?post=502439"}],"version-history":[{"count":5,"href":"https:\/\/www.q8oils.com\/fr\/wp-json\/wp\/v2\/pages\/502439\/revisions"}],"predecessor-version":[{"id":642975,"href":"https:\/\/www.q8oils.com\/fr\/wp-json\/wp\/v2\/pages\/502439\/revisions\/642975"}],"up":[{"embeddable":true,"href":"https:\/\/www.q8oils.com\/fr\/wp-json\/wp\/v2\/pages\/502367"}],"wp:featuredmedia":[{"embeddable":true,"href":"https:\/\/www.q8oils.com\/fr\/wp-json\/wp\/v2\/media\/499778"}],"wp:attachment":[{"href":"https:\/\/www.q8oils.com\/fr\/wp-json\/wp\/v2\/media?parent=502439"}],"curies":[{"name":"wp","href":"https:\/\/api.w.org\/{rel}","templated":true}]}}