
 

{"id":502449,"date":"2020-05-21T12:45:41","date_gmt":"2020-05-21T12:45:41","guid":{"rendered":"https:\/\/www.q8oils.com\/industrie\/fluides-hydrauliques\/lower-operational-costs\/"},"modified":"2020-07-15T20:31:28","modified_gmt":"2020-07-15T20:31:28","slug":"couts-de-fonctionnement-inferieurs","status":"publish","type":"page","link":"https:\/\/www.q8oils.com\/fr\/industrie\/fluides-hydrauliques\/couts-de-fonctionnement-inferieurs\/","title":{"rendered":"Co\u00fbts de fonctionnement inf\u00e9rieurs"},"content":{"rendered":"","protected":false},"excerpt":{"rendered":"<p>Q8Oils propose une gamme d\u2019huiles hydrauliques dot\u00e9es de propri\u00e9t\u00e9s viscom\u00e9triques am\u00e9lior\u00e9es pour garantir un fonctionnement sans probl\u00e8mes, minimisant les temps d\u2019arr\u00eat et permettant ainsi une augmentation des profits.<\/p>\n","protected":false},"author":2,"featured_media":0,"parent":502439,"menu_order":0,"comment_status":"closed","ping_status":"closed","template":"","meta":{"_acf_changed":false,"footnotes":""},"class_list":["post-502449","page","type-page","status-publish","hentry"],"acf":[],"yoast_head":"<!-- This site is optimized with the Yoast SEO plugin v23.5 - https:\/\/yoast.com\/wordpress\/plugins\/seo\/ -->\n<title>Co\u00fbts de fonctionnement inf\u00e9rieurs - Q8Oils<\/title>\n<meta name=\"description\" content=\"Q8Oils propose une gamme d\u2019huiles hydrauliques dot\u00e9es de propri\u00e9t\u00e9s viscom\u00e9triques am\u00e9lior\u00e9es pour garantir un fonctionnement sans probl\u00e8mes, minimisant les temps d\u2019arr\u00eat et permettant ainsi une augmentation des profits.\" \/>\n<meta name=\"robots\" content=\"index, follow, max-snippet:-1, max-image-preview:large, max-video-preview:-1\" \/>\n<link rel=\"canonical\" href=\"https:\/\/www.q8oils.com\/fr\/industrie\/fluides-hydrauliques\/couts-de-fonctionnement-inferieurs\/\" \/>\n<meta property=\"og:locale\" content=\"fr_FR\" \/>\n<meta property=\"og:type\" content=\"article\" \/>\n<meta property=\"og:title\" content=\"Co\u00fbts de fonctionnement inf\u00e9rieurs - Q8Oils\" \/>\n<meta property=\"og:description\" content=\"Q8Oils propose une gamme d\u2019huiles hydrauliques dot\u00e9es de propri\u00e9t\u00e9s viscom\u00e9triques am\u00e9lior\u00e9es pour garantir un fonctionnement sans probl\u00e8mes, minimisant les temps d\u2019arr\u00eat et permettant ainsi une augmentation des profits.\" \/>\n<meta property=\"og:url\" content=\"https:\/\/www.q8oils.com\/fr\/industrie\/fluides-hydrauliques\/couts-de-fonctionnement-inferieurs\/\" \/>\n<meta property=\"og:site_name\" content=\"Q8Oils\" \/>\n<meta property=\"article:modified_time\" content=\"2020-07-15T20:31:28+00:00\" \/>\n<meta name=\"twitter:card\" content=\"summary_large_image\" \/>\n<script type=\"application\/ld+json\" class=\"yoast-schema-graph\">{\"@context\":\"https:\/\/schema.org\",\"@graph\":[{\"@type\":\"WebPage\",\"@id\":\"https:\/\/www.q8oils.com\/fr\/industrie\/fluides-hydrauliques\/couts-de-fonctionnement-inferieurs\/\",\"url\":\"https:\/\/www.q8oils.com\/fr\/industrie\/fluides-hydrauliques\/couts-de-fonctionnement-inferieurs\/\",\"name\":\"Co\u00fbts de fonctionnement inf\u00e9rieurs - Q8Oils\",\"isPartOf\":{\"@id\":\"https:\/\/www.q8oils.com\/fr\/#website\"},\"datePublished\":\"2020-05-21T12:45:41+00:00\",\"dateModified\":\"2020-07-15T20:31:28+00:00\",\"description\":\"Q8Oils propose une gamme d\u2019huiles hydrauliques dot\u00e9es de propri\u00e9t\u00e9s viscom\u00e9triques am\u00e9lior\u00e9es pour garantir un fonctionnement sans probl\u00e8mes, minimisant les temps d\u2019arr\u00eat et permettant ainsi une augmentation des profits.\",\"breadcrumb\":{\"@id\":\"https:\/\/www.q8oils.com\/fr\/industrie\/fluides-hydrauliques\/couts-de-fonctionnement-inferieurs\/#breadcrumb\"},\"inLanguage\":\"fr-FR\",\"potentialAction\":[{\"@type\":\"ReadAction\",\"target\":[\"https:\/\/www.q8oils.com\/fr\/industrie\/fluides-hydrauliques\/couts-de-fonctionnement-inferieurs\/\"]}]},{\"@type\":\"BreadcrumbList\",\"@id\":\"https:\/\/www.q8oils.com\/fr\/industrie\/fluides-hydrauliques\/couts-de-fonctionnement-inferieurs\/#breadcrumb\",\"itemListElement\":[{\"@type\":\"ListItem\",\"position\":1,\"name\":\"Home\",\"item\":\"https:\/\/www.q8oils.com\/fr\/\"},{\"@type\":\"ListItem\",\"position\":2,\"name\":\"Industrie\",\"item\":\"https:\/\/www.q8oils.com\/fr\/industrie\/\"},{\"@type\":\"ListItem\",\"position\":3,\"name\":\"Fluides Hydrauliques\",\"item\":\"https:\/\/www.q8oils.com\/fr\/industrie\/fluides-hydrauliques\/\"},{\"@type\":\"ListItem\",\"position\":4,\"name\":\"Co\u00fbts de fonctionnement inf\u00e9rieurs\"}]},{\"@type\":\"WebSite\",\"@id\":\"https:\/\/www.q8oils.com\/fr\/#website\",\"url\":\"https:\/\/www.q8oils.com\/fr\/\",\"name\":\"Q8Oils\",\"description\":\"Global, partnership, lubricants, solutions\",\"publisher\":{\"@id\":\"https:\/\/www.q8oils.com\/fr\/#organization\"},\"potentialAction\":[{\"@type\":\"SearchAction\",\"target\":{\"@type\":\"EntryPoint\",\"urlTemplate\":\"https:\/\/www.q8oils.com\/fr\/?s={search_term_string}\"},\"query-input\":{\"@type\":\"PropertyValueSpecification\",\"valueRequired\":true,\"valueName\":\"search_term_string\"}}],\"inLanguage\":\"fr-FR\"},{\"@type\":\"Organization\",\"@id\":\"https:\/\/www.q8oils.com\/fr\/#organization\",\"name\":\"Q8Oils\",\"url\":\"https:\/\/www.q8oils.com\/fr\/\",\"logo\":{\"@type\":\"ImageObject\",\"inLanguage\":\"fr-FR\",\"@id\":\"https:\/\/www.q8oils.com\/fr\/#\/schema\/logo\/image\/\",\"url\":\"https:\/\/www.q8oils.com\/wp-content\/uploads\/2020\/04\/q8oils-logo.png\",\"contentUrl\":\"https:\/\/www.q8oils.com\/wp-content\/uploads\/2020\/04\/q8oils-logo.png\",\"width\":475,\"height\":100,\"caption\":\"Q8Oils\"},\"image\":{\"@id\":\"https:\/\/www.q8oils.com\/fr\/#\/schema\/logo\/image\/\"},\"sameAs\":[\"https:\/\/www.linkedin.com\/Q8Oils\"]}]}<\/script>\n<!-- \/ Yoast SEO plugin. -->","yoast_head_json":{"title":"Co\u00fbts de fonctionnement inf\u00e9rieurs - Q8Oils","description":"Q8Oils propose une gamme d\u2019huiles hydrauliques dot\u00e9es de propri\u00e9t\u00e9s viscom\u00e9triques am\u00e9lior\u00e9es pour garantir un fonctionnement sans probl\u00e8mes, minimisant les temps d\u2019arr\u00eat et permettant ainsi une augmentation des profits.","robots":{"index":"index","follow":"follow","max-snippet":"max-snippet:-1","max-image-preview":"max-image-preview:large","max-video-preview":"max-video-preview:-1"},"canonical":"https:\/\/www.q8oils.com\/fr\/industrie\/fluides-hydrauliques\/couts-de-fonctionnement-inferieurs\/","og_locale":"fr_FR","og_type":"article","og_title":"Co\u00fbts de fonctionnement inf\u00e9rieurs - Q8Oils","og_description":"Q8Oils propose une gamme d\u2019huiles hydrauliques dot\u00e9es de propri\u00e9t\u00e9s viscom\u00e9triques am\u00e9lior\u00e9es pour garantir un fonctionnement sans probl\u00e8mes, minimisant les temps d\u2019arr\u00eat et permettant ainsi une augmentation des profits.","og_url":"https:\/\/www.q8oils.com\/fr\/industrie\/fluides-hydrauliques\/couts-de-fonctionnement-inferieurs\/","og_site_name":"Q8Oils","article_modified_time":"2020-07-15T20:31:28+00:00","twitter_card":"summary_large_image","schema":{"@context":"https:\/\/schema.org","@graph":[{"@type":"WebPage","@id":"https:\/\/www.q8oils.com\/fr\/industrie\/fluides-hydrauliques\/couts-de-fonctionnement-inferieurs\/","url":"https:\/\/www.q8oils.com\/fr\/industrie\/fluides-hydrauliques\/couts-de-fonctionnement-inferieurs\/","name":"Co\u00fbts de fonctionnement inf\u00e9rieurs - Q8Oils","isPartOf":{"@id":"https:\/\/www.q8oils.com\/fr\/#website"},"datePublished":"2020-05-21T12:45:41+00:00","dateModified":"2020-07-15T20:31:28+00:00","description":"Q8Oils propose une gamme d\u2019huiles hydrauliques dot\u00e9es de propri\u00e9t\u00e9s viscom\u00e9triques am\u00e9lior\u00e9es pour garantir un fonctionnement sans probl\u00e8mes, minimisant les temps d\u2019arr\u00eat et permettant ainsi une augmentation des profits.","breadcrumb":{"@id":"https:\/\/www.q8oils.com\/fr\/industrie\/fluides-hydrauliques\/couts-de-fonctionnement-inferieurs\/#breadcrumb"},"inLanguage":"fr-FR","potentialAction":[{"@type":"ReadAction","target":["https:\/\/www.q8oils.com\/fr\/industrie\/fluides-hydrauliques\/couts-de-fonctionnement-inferieurs\/"]}]},{"@type":"BreadcrumbList","@id":"https:\/\/www.q8oils.com\/fr\/industrie\/fluides-hydrauliques\/couts-de-fonctionnement-inferieurs\/#breadcrumb","itemListElement":[{"@type":"ListItem","position":1,"name":"Home","item":"https:\/\/www.q8oils.com\/fr\/"},{"@type":"ListItem","position":2,"name":"Industrie","item":"https:\/\/www.q8oils.com\/fr\/industrie\/"},{"@type":"ListItem","position":3,"name":"Fluides Hydrauliques","item":"https:\/\/www.q8oils.com\/fr\/industrie\/fluides-hydrauliques\/"},{"@type":"ListItem","position":4,"name":"Co\u00fbts de fonctionnement inf\u00e9rieurs"}]},{"@type":"WebSite","@id":"https:\/\/www.q8oils.com\/fr\/#website","url":"https:\/\/www.q8oils.com\/fr\/","name":"Q8Oils","description":"Global, partnership, lubricants, solutions","publisher":{"@id":"https:\/\/www.q8oils.com\/fr\/#organization"},"potentialAction":[{"@type":"SearchAction","target":{"@type":"EntryPoint","urlTemplate":"https:\/\/www.q8oils.com\/fr\/?s={search_term_string}"},"query-input":{"@type":"PropertyValueSpecification","valueRequired":true,"valueName":"search_term_string"}}],"inLanguage":"fr-FR"},{"@type":"Organization","@id":"https:\/\/www.q8oils.com\/fr\/#organization","name":"Q8Oils","url":"https:\/\/www.q8oils.com\/fr\/","logo":{"@type":"ImageObject","inLanguage":"fr-FR","@id":"https:\/\/www.q8oils.com\/fr\/#\/schema\/logo\/image\/","url":"https:\/\/www.q8oils.com\/wp-content\/uploads\/2020\/04\/q8oils-logo.png","contentUrl":"https:\/\/www.q8oils.com\/wp-content\/uploads\/2020\/04\/q8oils-logo.png","width":475,"height":100,"caption":"Q8Oils"},"image":{"@id":"https:\/\/www.q8oils.com\/fr\/#\/schema\/logo\/image\/"},"sameAs":["https:\/\/www.linkedin.com\/Q8Oils"]}]}},"_links":{"self":[{"href":"https:\/\/www.q8oils.com\/fr\/wp-json\/wp\/v2\/pages\/502449"}],"collection":[{"href":"https:\/\/www.q8oils.com\/fr\/wp-json\/wp\/v2\/pages"}],"about":[{"href":"https:\/\/www.q8oils.com\/fr\/wp-json\/wp\/v2\/types\/page"}],"author":[{"embeddable":true,"href":"https:\/\/www.q8oils.com\/fr\/wp-json\/wp\/v2\/users\/2"}],"replies":[{"embeddable":true,"href":"https:\/\/www.q8oils.com\/fr\/wp-json\/wp\/v2\/comments?post=502449"}],"version-history":[{"count":4,"href":"https:\/\/www.q8oils.com\/fr\/wp-json\/wp\/v2\/pages\/502449\/revisions"}],"predecessor-version":[{"id":505373,"href":"https:\/\/www.q8oils.com\/fr\/wp-json\/wp\/v2\/pages\/502449\/revisions\/505373"}],"up":[{"embeddable":true,"href":"https:\/\/www.q8oils.com\/fr\/wp-json\/wp\/v2\/pages\/502439"}],"wp:attachment":[{"href":"https:\/\/www.q8oils.com\/fr\/wp-json\/wp\/v2\/media?parent=502449"}],"curies":[{"name":"wp","href":"https:\/\/api.w.org\/{rel}","templated":true}]}}