
 

{"id":502453,"date":"2020-05-21T15:20:22","date_gmt":"2020-05-21T15:20:22","guid":{"rendered":"https:\/\/www.q8oils.com\/industrie\/industrial-gear-oils\/"},"modified":"2020-12-23T16:43:09","modified_gmt":"2020-12-23T16:43:09","slug":"huiles-pour-engrenages-industriels","status":"publish","type":"page","link":"https:\/\/www.q8oils.com\/fr\/industrie\/huiles-pour-engrenages-industriels\/","title":{"rendered":"Huiles pour Engrenages Industriels"},"content":{"rendered":"<blockquote class=\"wp-embedded-content\" data-secret=\"ZWJXVsCWaf\"><p><a href=\"https:\/\/www.q8oils.com\/products\/\">Products<\/a><\/p><\/blockquote>\n<p><iframe class=\"wp-embedded-content\" sandbox=\"allow-scripts\" security=\"restricted\" style=\"position: absolute; visibility: hidden;\" title=\"&#8220;Products&#8221; &#8212; Q8Oils\" src=\"https:\/\/www.q8oils.com\/products\/embed\/#?secret=yri09UTV3M#?secret=ZWJXVsCWaf\" data-secret=\"ZWJXVsCWaf\" width=\"600\" height=\"338\" frameborder=\"0\" marginwidth=\"0\" marginheight=\"0\" scrolling=\"no\"><\/iframe><\/p>\n<p>&nbsp;<\/p>\n","protected":false},"excerpt":{"rendered":"<p>La gamme Q8Oils d\u2019huiles pour engrenages industriels est particuli\u00e8rement d\u00e9velopp\u00e9e pour r\u00e9pondre aux d\u00e9fis de l\u2019industrie, o\u00f9 la production d\u2019\u00e9nergie augmente constamment alors que la taille des bo\u00eetes \u00e0 vitesses diminue. Leurs propri\u00e9t\u00e9s anti-usure exc\u00e8dent donc les crit\u00e8res de plus en plus stricts adopt\u00e9s pour les engrenages modernes.<\/p>\n","protected":false},"author":2,"featured_media":499875,"parent":502367,"menu_order":0,"comment_status":"closed","ping_status":"closed","template":"page-templates\/minor.php","meta":{"_acf_changed":false,"footnotes":""},"class_list":["post-502453","page","type-page","status-publish","has-post-thumbnail","hentry","major-general-industry-fr"],"acf":[],"yoast_head":"<!-- This site is optimized with the Yoast SEO plugin v23.5 - https:\/\/yoast.com\/wordpress\/plugins\/seo\/ -->\n<title>Huiles pour Engrenages Industriels - Q8Oils<\/title>\n<meta name=\"description\" content=\"The Q8Oils portfolio of industrial gear oils is specially developed to meet the industry challenges where energy output is constantly increasing while the size of gearboxes is becoming smaller. This means that the anti-wear properties of our lubricants exceed the increasingly stringent requirements of modern gears.La gamme Q8Oils d\u2019huiles pour engrenages industriels est particuli\u00e8rement d\u00e9velopp\u00e9e pour r\u00e9pondre aux d\u00e9fis de l\u2019industrie, o\u00f9 la production d\u2019\u00e9nergie augmente constamment alors que la taille des bo\u00eetes \u00e0 vitesses diminue. Leurs propri\u00e9t\u00e9s anti-usure exc\u00e8dent donc les crit\u00e8res de plus en plus stricts adopt\u00e9s pour les engrenages modernes.\" \/>\n<meta name=\"robots\" content=\"index, follow, max-snippet:-1, max-image-preview:large, max-video-preview:-1\" \/>\n<link rel=\"canonical\" href=\"https:\/\/www.q8oils.com\/fr\/industrie\/huiles-pour-engrenages-industriels\/\" \/>\n<meta property=\"og:locale\" content=\"fr_FR\" \/>\n<meta property=\"og:type\" content=\"article\" \/>\n<meta property=\"og:title\" content=\"Huiles pour Engrenages Industriels - Q8Oils\" \/>\n<meta property=\"og:description\" content=\"The Q8Oils portfolio of industrial gear oils is specially developed to meet the industry challenges where energy output is constantly increasing while the size of gearboxes is becoming smaller. This means that the anti-wear properties of our lubricants exceed the increasingly stringent requirements of modern gears.La gamme Q8Oils d\u2019huiles pour engrenages industriels est particuli\u00e8rement d\u00e9velopp\u00e9e pour r\u00e9pondre aux d\u00e9fis de l\u2019industrie, o\u00f9 la production d\u2019\u00e9nergie augmente constamment alors que la taille des bo\u00eetes \u00e0 vitesses diminue. Leurs propri\u00e9t\u00e9s anti-usure exc\u00e8dent donc les crit\u00e8res de plus en plus stricts adopt\u00e9s pour les engrenages modernes.\" \/>\n<meta property=\"og:url\" content=\"https:\/\/www.q8oils.com\/fr\/industrie\/huiles-pour-engrenages-industriels\/\" \/>\n<meta property=\"og:site_name\" content=\"Q8Oils\" \/>\n<meta property=\"article:modified_time\" content=\"2020-12-23T16:43:09+00:00\" \/>\n<meta property=\"og:image\" content=\"https:\/\/www.q8oils.com\/wp-content\/uploads\/2020\/05\/23246_Industrial-Gear-Oil-1.png\" \/>\n\t<meta property=\"og:image:width\" content=\"201\" \/>\n\t<meta property=\"og:image:height\" content=\"225\" \/>\n\t<meta property=\"og:image:type\" content=\"image\/png\" \/>\n<meta name=\"twitter:card\" content=\"summary_large_image\" \/>\n<script type=\"application\/ld+json\" class=\"yoast-schema-graph\">{\"@context\":\"https:\/\/schema.org\",\"@graph\":[{\"@type\":\"WebPage\",\"@id\":\"https:\/\/www.q8oils.com\/fr\/industrie\/huiles-pour-engrenages-industriels\/\",\"url\":\"https:\/\/www.q8oils.com\/fr\/industrie\/huiles-pour-engrenages-industriels\/\",\"name\":\"Huiles pour Engrenages Industriels - Q8Oils\",\"isPartOf\":{\"@id\":\"https:\/\/www.q8oils.com\/fr\/#website\"},\"primaryImageOfPage\":{\"@id\":\"https:\/\/www.q8oils.com\/fr\/industrie\/huiles-pour-engrenages-industriels\/#primaryimage\"},\"image\":{\"@id\":\"https:\/\/www.q8oils.com\/fr\/industrie\/huiles-pour-engrenages-industriels\/#primaryimage\"},\"thumbnailUrl\":\"https:\/\/www.q8oils.com\/wp-content\/uploads\/2020\/05\/23246_Industrial-Gear-Oil-1.png\",\"datePublished\":\"2020-05-21T15:20:22+00:00\",\"dateModified\":\"2020-12-23T16:43:09+00:00\",\"description\":\"The Q8Oils portfolio of industrial gear oils is specially developed to meet the industry challenges where energy output is constantly increasing while the size of gearboxes is becoming smaller. This means that the anti-wear properties of our lubricants exceed the increasingly stringent requirements of modern gears.La gamme Q8Oils d\u2019huiles pour engrenages industriels est particuli\u00e8rement d\u00e9velopp\u00e9e pour r\u00e9pondre aux d\u00e9fis de l\u2019industrie, o\u00f9 la production d\u2019\u00e9nergie augmente constamment alors que la taille des bo\u00eetes \u00e0 vitesses diminue. Leurs propri\u00e9t\u00e9s anti-usure exc\u00e8dent donc les crit\u00e8res de plus en plus stricts adopt\u00e9s pour les engrenages modernes.\",\"breadcrumb\":{\"@id\":\"https:\/\/www.q8oils.com\/fr\/industrie\/huiles-pour-engrenages-industriels\/#breadcrumb\"},\"inLanguage\":\"fr-FR\",\"potentialAction\":[{\"@type\":\"ReadAction\",\"target\":[\"https:\/\/www.q8oils.com\/fr\/industrie\/huiles-pour-engrenages-industriels\/\"]}]},{\"@type\":\"ImageObject\",\"inLanguage\":\"fr-FR\",\"@id\":\"https:\/\/www.q8oils.com\/fr\/industrie\/huiles-pour-engrenages-industriels\/#primaryimage\",\"url\":\"https:\/\/www.q8oils.com\/wp-content\/uploads\/2020\/05\/23246_Industrial-Gear-Oil-1.png\",\"contentUrl\":\"https:\/\/www.q8oils.com\/wp-content\/uploads\/2020\/05\/23246_Industrial-Gear-Oil-1.png\",\"width\":201,\"height\":225,\"caption\":\"Industrial Gear Oil Icon -Q8Oils\"},{\"@type\":\"BreadcrumbList\",\"@id\":\"https:\/\/www.q8oils.com\/fr\/industrie\/huiles-pour-engrenages-industriels\/#breadcrumb\",\"itemListElement\":[{\"@type\":\"ListItem\",\"position\":1,\"name\":\"Home\",\"item\":\"https:\/\/www.q8oils.com\/fr\/\"},{\"@type\":\"ListItem\",\"position\":2,\"name\":\"Industrie\",\"item\":\"https:\/\/www.q8oils.com\/fr\/industrie\/\"},{\"@type\":\"ListItem\",\"position\":3,\"name\":\"Huiles pour Engrenages Industriels\"}]},{\"@type\":\"WebSite\",\"@id\":\"https:\/\/www.q8oils.com\/fr\/#website\",\"url\":\"https:\/\/www.q8oils.com\/fr\/\",\"name\":\"Q8Oils\",\"description\":\"Global, partnership, lubricants, solutions\",\"publisher\":{\"@id\":\"https:\/\/www.q8oils.com\/fr\/#organization\"},\"potentialAction\":[{\"@type\":\"SearchAction\",\"target\":{\"@type\":\"EntryPoint\",\"urlTemplate\":\"https:\/\/www.q8oils.com\/fr\/?s={search_term_string}\"},\"query-input\":{\"@type\":\"PropertyValueSpecification\",\"valueRequired\":true,\"valueName\":\"search_term_string\"}}],\"inLanguage\":\"fr-FR\"},{\"@type\":\"Organization\",\"@id\":\"https:\/\/www.q8oils.com\/fr\/#organization\",\"name\":\"Q8Oils\",\"url\":\"https:\/\/www.q8oils.com\/fr\/\",\"logo\":{\"@type\":\"ImageObject\",\"inLanguage\":\"fr-FR\",\"@id\":\"https:\/\/www.q8oils.com\/fr\/#\/schema\/logo\/image\/\",\"url\":\"https:\/\/www.q8oils.com\/wp-content\/uploads\/2020\/04\/q8oils-logo.png\",\"contentUrl\":\"https:\/\/www.q8oils.com\/wp-content\/uploads\/2020\/04\/q8oils-logo.png\",\"width\":475,\"height\":100,\"caption\":\"Q8Oils\"},\"image\":{\"@id\":\"https:\/\/www.q8oils.com\/fr\/#\/schema\/logo\/image\/\"},\"sameAs\":[\"https:\/\/www.linkedin.com\/Q8Oils\"]}]}<\/script>\n<!-- \/ Yoast SEO plugin. -->","yoast_head_json":{"title":"Huiles pour Engrenages Industriels - Q8Oils","description":"The Q8Oils portfolio of industrial gear oils is specially developed to meet the industry challenges where energy output is constantly increasing while the size of gearboxes is becoming smaller. This means that the anti-wear properties of our lubricants exceed the increasingly stringent requirements of modern gears.La gamme Q8Oils d\u2019huiles pour engrenages industriels est particuli\u00e8rement d\u00e9velopp\u00e9e pour r\u00e9pondre aux d\u00e9fis de l\u2019industrie, o\u00f9 la production d\u2019\u00e9nergie augmente constamment alors que la taille des bo\u00eetes \u00e0 vitesses diminue. Leurs propri\u00e9t\u00e9s anti-usure exc\u00e8dent donc les crit\u00e8res de plus en plus stricts adopt\u00e9s pour les engrenages modernes.","robots":{"index":"index","follow":"follow","max-snippet":"max-snippet:-1","max-image-preview":"max-image-preview:large","max-video-preview":"max-video-preview:-1"},"canonical":"https:\/\/www.q8oils.com\/fr\/industrie\/huiles-pour-engrenages-industriels\/","og_locale":"fr_FR","og_type":"article","og_title":"Huiles pour Engrenages Industriels - Q8Oils","og_description":"The Q8Oils portfolio of industrial gear oils is specially developed to meet the industry challenges where energy output is constantly increasing while the size of gearboxes is becoming smaller. This means that the anti-wear properties of our lubricants exceed the increasingly stringent requirements of modern gears.La gamme Q8Oils d\u2019huiles pour engrenages industriels est particuli\u00e8rement d\u00e9velopp\u00e9e pour r\u00e9pondre aux d\u00e9fis de l\u2019industrie, o\u00f9 la production d\u2019\u00e9nergie augmente constamment alors que la taille des bo\u00eetes \u00e0 vitesses diminue. Leurs propri\u00e9t\u00e9s anti-usure exc\u00e8dent donc les crit\u00e8res de plus en plus stricts adopt\u00e9s pour les engrenages modernes.","og_url":"https:\/\/www.q8oils.com\/fr\/industrie\/huiles-pour-engrenages-industriels\/","og_site_name":"Q8Oils","article_modified_time":"2020-12-23T16:43:09+00:00","og_image":[{"width":201,"height":225,"url":"https:\/\/www.q8oils.com\/wp-content\/uploads\/2020\/05\/23246_Industrial-Gear-Oil-1.png","type":"image\/png"}],"twitter_card":"summary_large_image","schema":{"@context":"https:\/\/schema.org","@graph":[{"@type":"WebPage","@id":"https:\/\/www.q8oils.com\/fr\/industrie\/huiles-pour-engrenages-industriels\/","url":"https:\/\/www.q8oils.com\/fr\/industrie\/huiles-pour-engrenages-industriels\/","name":"Huiles pour Engrenages Industriels - Q8Oils","isPartOf":{"@id":"https:\/\/www.q8oils.com\/fr\/#website"},"primaryImageOfPage":{"@id":"https:\/\/www.q8oils.com\/fr\/industrie\/huiles-pour-engrenages-industriels\/#primaryimage"},"image":{"@id":"https:\/\/www.q8oils.com\/fr\/industrie\/huiles-pour-engrenages-industriels\/#primaryimage"},"thumbnailUrl":"https:\/\/www.q8oils.com\/wp-content\/uploads\/2020\/05\/23246_Industrial-Gear-Oil-1.png","datePublished":"2020-05-21T15:20:22+00:00","dateModified":"2020-12-23T16:43:09+00:00","description":"The Q8Oils portfolio of industrial gear oils is specially developed to meet the industry challenges where energy output is constantly increasing while the size of gearboxes is becoming smaller. This means that the anti-wear properties of our lubricants exceed the increasingly stringent requirements of modern gears.La gamme Q8Oils d\u2019huiles pour engrenages industriels est particuli\u00e8rement d\u00e9velopp\u00e9e pour r\u00e9pondre aux d\u00e9fis de l\u2019industrie, o\u00f9 la production d\u2019\u00e9nergie augmente constamment alors que la taille des bo\u00eetes \u00e0 vitesses diminue. Leurs propri\u00e9t\u00e9s anti-usure exc\u00e8dent donc les crit\u00e8res de plus en plus stricts adopt\u00e9s pour les engrenages modernes.","breadcrumb":{"@id":"https:\/\/www.q8oils.com\/fr\/industrie\/huiles-pour-engrenages-industriels\/#breadcrumb"},"inLanguage":"fr-FR","potentialAction":[{"@type":"ReadAction","target":["https:\/\/www.q8oils.com\/fr\/industrie\/huiles-pour-engrenages-industriels\/"]}]},{"@type":"ImageObject","inLanguage":"fr-FR","@id":"https:\/\/www.q8oils.com\/fr\/industrie\/huiles-pour-engrenages-industriels\/#primaryimage","url":"https:\/\/www.q8oils.com\/wp-content\/uploads\/2020\/05\/23246_Industrial-Gear-Oil-1.png","contentUrl":"https:\/\/www.q8oils.com\/wp-content\/uploads\/2020\/05\/23246_Industrial-Gear-Oil-1.png","width":201,"height":225,"caption":"Industrial Gear Oil Icon -Q8Oils"},{"@type":"BreadcrumbList","@id":"https:\/\/www.q8oils.com\/fr\/industrie\/huiles-pour-engrenages-industriels\/#breadcrumb","itemListElement":[{"@type":"ListItem","position":1,"name":"Home","item":"https:\/\/www.q8oils.com\/fr\/"},{"@type":"ListItem","position":2,"name":"Industrie","item":"https:\/\/www.q8oils.com\/fr\/industrie\/"},{"@type":"ListItem","position":3,"name":"Huiles pour Engrenages Industriels"}]},{"@type":"WebSite","@id":"https:\/\/www.q8oils.com\/fr\/#website","url":"https:\/\/www.q8oils.com\/fr\/","name":"Q8Oils","description":"Global, partnership, lubricants, solutions","publisher":{"@id":"https:\/\/www.q8oils.com\/fr\/#organization"},"potentialAction":[{"@type":"SearchAction","target":{"@type":"EntryPoint","urlTemplate":"https:\/\/www.q8oils.com\/fr\/?s={search_term_string}"},"query-input":{"@type":"PropertyValueSpecification","valueRequired":true,"valueName":"search_term_string"}}],"inLanguage":"fr-FR"},{"@type":"Organization","@id":"https:\/\/www.q8oils.com\/fr\/#organization","name":"Q8Oils","url":"https:\/\/www.q8oils.com\/fr\/","logo":{"@type":"ImageObject","inLanguage":"fr-FR","@id":"https:\/\/www.q8oils.com\/fr\/#\/schema\/logo\/image\/","url":"https:\/\/www.q8oils.com\/wp-content\/uploads\/2020\/04\/q8oils-logo.png","contentUrl":"https:\/\/www.q8oils.com\/wp-content\/uploads\/2020\/04\/q8oils-logo.png","width":475,"height":100,"caption":"Q8Oils"},"image":{"@id":"https:\/\/www.q8oils.com\/fr\/#\/schema\/logo\/image\/"},"sameAs":["https:\/\/www.linkedin.com\/Q8Oils"]}]}},"_links":{"self":[{"href":"https:\/\/www.q8oils.com\/fr\/wp-json\/wp\/v2\/pages\/502453"}],"collection":[{"href":"https:\/\/www.q8oils.com\/fr\/wp-json\/wp\/v2\/pages"}],"about":[{"href":"https:\/\/www.q8oils.com\/fr\/wp-json\/wp\/v2\/types\/page"}],"author":[{"embeddable":true,"href":"https:\/\/www.q8oils.com\/fr\/wp-json\/wp\/v2\/users\/2"}],"replies":[{"embeddable":true,"href":"https:\/\/www.q8oils.com\/fr\/wp-json\/wp\/v2\/comments?post=502453"}],"version-history":[{"count":5,"href":"https:\/\/www.q8oils.com\/fr\/wp-json\/wp\/v2\/pages\/502453\/revisions"}],"predecessor-version":[{"id":642980,"href":"https:\/\/www.q8oils.com\/fr\/wp-json\/wp\/v2\/pages\/502453\/revisions\/642980"}],"up":[{"embeddable":true,"href":"https:\/\/www.q8oils.com\/fr\/wp-json\/wp\/v2\/pages\/502367"}],"wp:featuredmedia":[{"embeddable":true,"href":"https:\/\/www.q8oils.com\/fr\/wp-json\/wp\/v2\/media\/499875"}],"wp:attachment":[{"href":"https:\/\/www.q8oils.com\/fr\/wp-json\/wp\/v2\/media?parent=502453"}],"curies":[{"name":"wp","href":"https:\/\/api.w.org\/{rel}","templated":true}]}}