
 

{"id":502458,"date":"2020-05-30T13:35:32","date_gmt":"2020-05-30T13:35:32","guid":{"rendered":"https:\/\/www.q8oils.com\/industrie\/pneumatic-oils\/"},"modified":"2020-12-23T17:00:08","modified_gmt":"2020-12-23T17:00:08","slug":"huiles-pneumatiques","status":"publish","type":"page","link":"https:\/\/www.q8oils.com\/fr\/industrie\/huiles-pneumatiques\/","title":{"rendered":"Huiles Pneumatiques"},"content":{"rendered":"<blockquote class=\"wp-embedded-content\" data-secret=\"hlTP8MpbGF\"><p><a href=\"https:\/\/www.q8oils.com\/products\/\">Products<\/a><\/p><\/blockquote>\n<p><iframe class=\"wp-embedded-content\" sandbox=\"allow-scripts\" security=\"restricted\" style=\"position: absolute; visibility: hidden;\" title=\"&#8220;Products&#8221; &#8212; Q8Oils\" src=\"https:\/\/www.q8oils.com\/products\/embed\/#?secret=4Bo5RZrHuV#?secret=hlTP8MpbGF\" data-secret=\"hlTP8MpbGF\" width=\"600\" height=\"338\" frameborder=\"0\" marginwidth=\"0\" marginheight=\"0\" scrolling=\"no\"><\/iframe><\/p>\n<p>&nbsp;<\/p>\n","protected":false},"excerpt":{"rendered":"<p>Les outils pneumatiques et l\u2019\u00e9quipement de forage de roche sont expos\u00e9s \u00e0 des conditions extr\u00eames. Notre gamme d\u2019huiles pour outils pneumatiques assure une protection excellente contre l\u2019usure, la rouille et la corrosion, m\u00eame en cas de condensation. Leur excellente pr\u00e9vention du gel et leur haute r\u00e9sistance face \u00e0 l\u2019effet de lavage de l\u2019eau font de ces huiles le choix de pr\u00e9dilection.<\/p>\n","protected":false},"author":2,"featured_media":500216,"parent":502367,"menu_order":0,"comment_status":"closed","ping_status":"closed","template":"page-templates\/minor.php","meta":{"_acf_changed":false,"footnotes":""},"class_list":["post-502458","page","type-page","status-publish","has-post-thumbnail","hentry","major-general-industry-fr"],"acf":[],"yoast_head":"<!-- This site is optimized with the Yoast SEO plugin v23.5 - https:\/\/yoast.com\/wordpress\/plugins\/seo\/ -->\n<title>Huiles Pneumatiques - Q8Oils<\/title>\n<meta name=\"description\" content=\"Les outils pneumatiques et l\u2019\u00e9quipement de forage de roche sont expos\u00e9s \u00e0 des conditions extr\u00eames. Notre gamme d\u2019huiles pour outils pneumatiques assure une protection excellente contre l\u2019usure, la rouille et la corrosion, m\u00eame en cas de condensation. Leur excellente pr\u00e9vention du gel et leur haute r\u00e9sistance face \u00e0 l\u2019effet de lavage de l\u2019eau font de ces huiles le choix de pr\u00e9dilection.\" \/>\n<meta name=\"robots\" content=\"index, follow, max-snippet:-1, max-image-preview:large, max-video-preview:-1\" \/>\n<link rel=\"canonical\" href=\"https:\/\/www.q8oils.com\/fr\/industrie\/huiles-pneumatiques\/\" \/>\n<meta property=\"og:locale\" content=\"fr_FR\" \/>\n<meta property=\"og:type\" content=\"article\" \/>\n<meta property=\"og:title\" content=\"Huiles Pneumatiques - Q8Oils\" \/>\n<meta property=\"og:description\" content=\"Les outils pneumatiques et l\u2019\u00e9quipement de forage de roche sont expos\u00e9s \u00e0 des conditions extr\u00eames. Notre gamme d\u2019huiles pour outils pneumatiques assure une protection excellente contre l\u2019usure, la rouille et la corrosion, m\u00eame en cas de condensation. Leur excellente pr\u00e9vention du gel et leur haute r\u00e9sistance face \u00e0 l\u2019effet de lavage de l\u2019eau font de ces huiles le choix de pr\u00e9dilection.\" \/>\n<meta property=\"og:url\" content=\"https:\/\/www.q8oils.com\/fr\/industrie\/huiles-pneumatiques\/\" \/>\n<meta property=\"og:site_name\" content=\"Q8Oils\" \/>\n<meta property=\"article:modified_time\" content=\"2020-12-23T17:00:08+00:00\" \/>\n<meta property=\"og:image\" content=\"https:\/\/www.q8oils.com\/wp-content\/uploads\/2020\/05\/23247_Pneumatic-Oils-1.png\" \/>\n\t<meta property=\"og:image:width\" content=\"201\" \/>\n\t<meta property=\"og:image:height\" content=\"225\" \/>\n\t<meta property=\"og:image:type\" content=\"image\/png\" \/>\n<meta name=\"twitter:card\" content=\"summary_large_image\" \/>\n<script type=\"application\/ld+json\" class=\"yoast-schema-graph\">{\"@context\":\"https:\/\/schema.org\",\"@graph\":[{\"@type\":\"WebPage\",\"@id\":\"https:\/\/www.q8oils.com\/fr\/industrie\/huiles-pneumatiques\/\",\"url\":\"https:\/\/www.q8oils.com\/fr\/industrie\/huiles-pneumatiques\/\",\"name\":\"Huiles Pneumatiques - Q8Oils\",\"isPartOf\":{\"@id\":\"https:\/\/www.q8oils.com\/fr\/#website\"},\"primaryImageOfPage\":{\"@id\":\"https:\/\/www.q8oils.com\/fr\/industrie\/huiles-pneumatiques\/#primaryimage\"},\"image\":{\"@id\":\"https:\/\/www.q8oils.com\/fr\/industrie\/huiles-pneumatiques\/#primaryimage\"},\"thumbnailUrl\":\"https:\/\/www.q8oils.com\/wp-content\/uploads\/2020\/05\/23247_Pneumatic-Oils-1.png\",\"datePublished\":\"2020-05-30T13:35:32+00:00\",\"dateModified\":\"2020-12-23T17:00:08+00:00\",\"description\":\"Les outils pneumatiques et l\u2019\u00e9quipement de forage de roche sont expos\u00e9s \u00e0 des conditions extr\u00eames. Notre gamme d\u2019huiles pour outils pneumatiques assure une protection excellente contre l\u2019usure, la rouille et la corrosion, m\u00eame en cas de condensation. Leur excellente pr\u00e9vention du gel et leur haute r\u00e9sistance face \u00e0 l\u2019effet de lavage de l\u2019eau font de ces huiles le choix de pr\u00e9dilection.\",\"breadcrumb\":{\"@id\":\"https:\/\/www.q8oils.com\/fr\/industrie\/huiles-pneumatiques\/#breadcrumb\"},\"inLanguage\":\"fr-FR\",\"potentialAction\":[{\"@type\":\"ReadAction\",\"target\":[\"https:\/\/www.q8oils.com\/fr\/industrie\/huiles-pneumatiques\/\"]}]},{\"@type\":\"ImageObject\",\"inLanguage\":\"fr-FR\",\"@id\":\"https:\/\/www.q8oils.com\/fr\/industrie\/huiles-pneumatiques\/#primaryimage\",\"url\":\"https:\/\/www.q8oils.com\/wp-content\/uploads\/2020\/05\/23247_Pneumatic-Oils-1.png\",\"contentUrl\":\"https:\/\/www.q8oils.com\/wp-content\/uploads\/2020\/05\/23247_Pneumatic-Oils-1.png\",\"width\":201,\"height\":225,\"caption\":\"Pneumatic Oils - Q8Oils\"},{\"@type\":\"BreadcrumbList\",\"@id\":\"https:\/\/www.q8oils.com\/fr\/industrie\/huiles-pneumatiques\/#breadcrumb\",\"itemListElement\":[{\"@type\":\"ListItem\",\"position\":1,\"name\":\"Home\",\"item\":\"https:\/\/www.q8oils.com\/fr\/\"},{\"@type\":\"ListItem\",\"position\":2,\"name\":\"Industrie\",\"item\":\"https:\/\/www.q8oils.com\/fr\/industrie\/\"},{\"@type\":\"ListItem\",\"position\":3,\"name\":\"Huiles Pneumatiques\"}]},{\"@type\":\"WebSite\",\"@id\":\"https:\/\/www.q8oils.com\/fr\/#website\",\"url\":\"https:\/\/www.q8oils.com\/fr\/\",\"name\":\"Q8Oils\",\"description\":\"Global, partnership, lubricants, solutions\",\"publisher\":{\"@id\":\"https:\/\/www.q8oils.com\/fr\/#organization\"},\"potentialAction\":[{\"@type\":\"SearchAction\",\"target\":{\"@type\":\"EntryPoint\",\"urlTemplate\":\"https:\/\/www.q8oils.com\/fr\/?s={search_term_string}\"},\"query-input\":{\"@type\":\"PropertyValueSpecification\",\"valueRequired\":true,\"valueName\":\"search_term_string\"}}],\"inLanguage\":\"fr-FR\"},{\"@type\":\"Organization\",\"@id\":\"https:\/\/www.q8oils.com\/fr\/#organization\",\"name\":\"Q8Oils\",\"url\":\"https:\/\/www.q8oils.com\/fr\/\",\"logo\":{\"@type\":\"ImageObject\",\"inLanguage\":\"fr-FR\",\"@id\":\"https:\/\/www.q8oils.com\/fr\/#\/schema\/logo\/image\/\",\"url\":\"https:\/\/www.q8oils.com\/wp-content\/uploads\/2020\/04\/q8oils-logo.png\",\"contentUrl\":\"https:\/\/www.q8oils.com\/wp-content\/uploads\/2020\/04\/q8oils-logo.png\",\"width\":475,\"height\":100,\"caption\":\"Q8Oils\"},\"image\":{\"@id\":\"https:\/\/www.q8oils.com\/fr\/#\/schema\/logo\/image\/\"},\"sameAs\":[\"https:\/\/www.linkedin.com\/Q8Oils\"]}]}<\/script>\n<!-- \/ Yoast SEO plugin. -->","yoast_head_json":{"title":"Huiles Pneumatiques - Q8Oils","description":"Les outils pneumatiques et l\u2019\u00e9quipement de forage de roche sont expos\u00e9s \u00e0 des conditions extr\u00eames. Notre gamme d\u2019huiles pour outils pneumatiques assure une protection excellente contre l\u2019usure, la rouille et la corrosion, m\u00eame en cas de condensation. Leur excellente pr\u00e9vention du gel et leur haute r\u00e9sistance face \u00e0 l\u2019effet de lavage de l\u2019eau font de ces huiles le choix de pr\u00e9dilection.","robots":{"index":"index","follow":"follow","max-snippet":"max-snippet:-1","max-image-preview":"max-image-preview:large","max-video-preview":"max-video-preview:-1"},"canonical":"https:\/\/www.q8oils.com\/fr\/industrie\/huiles-pneumatiques\/","og_locale":"fr_FR","og_type":"article","og_title":"Huiles Pneumatiques - Q8Oils","og_description":"Les outils pneumatiques et l\u2019\u00e9quipement de forage de roche sont expos\u00e9s \u00e0 des conditions extr\u00eames. Notre gamme d\u2019huiles pour outils pneumatiques assure une protection excellente contre l\u2019usure, la rouille et la corrosion, m\u00eame en cas de condensation. Leur excellente pr\u00e9vention du gel et leur haute r\u00e9sistance face \u00e0 l\u2019effet de lavage de l\u2019eau font de ces huiles le choix de pr\u00e9dilection.","og_url":"https:\/\/www.q8oils.com\/fr\/industrie\/huiles-pneumatiques\/","og_site_name":"Q8Oils","article_modified_time":"2020-12-23T17:00:08+00:00","og_image":[{"width":201,"height":225,"url":"https:\/\/www.q8oils.com\/wp-content\/uploads\/2020\/05\/23247_Pneumatic-Oils-1.png","type":"image\/png"}],"twitter_card":"summary_large_image","schema":{"@context":"https:\/\/schema.org","@graph":[{"@type":"WebPage","@id":"https:\/\/www.q8oils.com\/fr\/industrie\/huiles-pneumatiques\/","url":"https:\/\/www.q8oils.com\/fr\/industrie\/huiles-pneumatiques\/","name":"Huiles Pneumatiques - Q8Oils","isPartOf":{"@id":"https:\/\/www.q8oils.com\/fr\/#website"},"primaryImageOfPage":{"@id":"https:\/\/www.q8oils.com\/fr\/industrie\/huiles-pneumatiques\/#primaryimage"},"image":{"@id":"https:\/\/www.q8oils.com\/fr\/industrie\/huiles-pneumatiques\/#primaryimage"},"thumbnailUrl":"https:\/\/www.q8oils.com\/wp-content\/uploads\/2020\/05\/23247_Pneumatic-Oils-1.png","datePublished":"2020-05-30T13:35:32+00:00","dateModified":"2020-12-23T17:00:08+00:00","description":"Les outils pneumatiques et l\u2019\u00e9quipement de forage de roche sont expos\u00e9s \u00e0 des conditions extr\u00eames. Notre gamme d\u2019huiles pour outils pneumatiques assure une protection excellente contre l\u2019usure, la rouille et la corrosion, m\u00eame en cas de condensation. Leur excellente pr\u00e9vention du gel et leur haute r\u00e9sistance face \u00e0 l\u2019effet de lavage de l\u2019eau font de ces huiles le choix de pr\u00e9dilection.","breadcrumb":{"@id":"https:\/\/www.q8oils.com\/fr\/industrie\/huiles-pneumatiques\/#breadcrumb"},"inLanguage":"fr-FR","potentialAction":[{"@type":"ReadAction","target":["https:\/\/www.q8oils.com\/fr\/industrie\/huiles-pneumatiques\/"]}]},{"@type":"ImageObject","inLanguage":"fr-FR","@id":"https:\/\/www.q8oils.com\/fr\/industrie\/huiles-pneumatiques\/#primaryimage","url":"https:\/\/www.q8oils.com\/wp-content\/uploads\/2020\/05\/23247_Pneumatic-Oils-1.png","contentUrl":"https:\/\/www.q8oils.com\/wp-content\/uploads\/2020\/05\/23247_Pneumatic-Oils-1.png","width":201,"height":225,"caption":"Pneumatic Oils - Q8Oils"},{"@type":"BreadcrumbList","@id":"https:\/\/www.q8oils.com\/fr\/industrie\/huiles-pneumatiques\/#breadcrumb","itemListElement":[{"@type":"ListItem","position":1,"name":"Home","item":"https:\/\/www.q8oils.com\/fr\/"},{"@type":"ListItem","position":2,"name":"Industrie","item":"https:\/\/www.q8oils.com\/fr\/industrie\/"},{"@type":"ListItem","position":3,"name":"Huiles Pneumatiques"}]},{"@type":"WebSite","@id":"https:\/\/www.q8oils.com\/fr\/#website","url":"https:\/\/www.q8oils.com\/fr\/","name":"Q8Oils","description":"Global, partnership, lubricants, solutions","publisher":{"@id":"https:\/\/www.q8oils.com\/fr\/#organization"},"potentialAction":[{"@type":"SearchAction","target":{"@type":"EntryPoint","urlTemplate":"https:\/\/www.q8oils.com\/fr\/?s={search_term_string}"},"query-input":{"@type":"PropertyValueSpecification","valueRequired":true,"valueName":"search_term_string"}}],"inLanguage":"fr-FR"},{"@type":"Organization","@id":"https:\/\/www.q8oils.com\/fr\/#organization","name":"Q8Oils","url":"https:\/\/www.q8oils.com\/fr\/","logo":{"@type":"ImageObject","inLanguage":"fr-FR","@id":"https:\/\/www.q8oils.com\/fr\/#\/schema\/logo\/image\/","url":"https:\/\/www.q8oils.com\/wp-content\/uploads\/2020\/04\/q8oils-logo.png","contentUrl":"https:\/\/www.q8oils.com\/wp-content\/uploads\/2020\/04\/q8oils-logo.png","width":475,"height":100,"caption":"Q8Oils"},"image":{"@id":"https:\/\/www.q8oils.com\/fr\/#\/schema\/logo\/image\/"},"sameAs":["https:\/\/www.linkedin.com\/Q8Oils"]}]}},"_links":{"self":[{"href":"https:\/\/www.q8oils.com\/fr\/wp-json\/wp\/v2\/pages\/502458"}],"collection":[{"href":"https:\/\/www.q8oils.com\/fr\/wp-json\/wp\/v2\/pages"}],"about":[{"href":"https:\/\/www.q8oils.com\/fr\/wp-json\/wp\/v2\/types\/page"}],"author":[{"embeddable":true,"href":"https:\/\/www.q8oils.com\/fr\/wp-json\/wp\/v2\/users\/2"}],"replies":[{"embeddable":true,"href":"https:\/\/www.q8oils.com\/fr\/wp-json\/wp\/v2\/comments?post=502458"}],"version-history":[{"count":4,"href":"https:\/\/www.q8oils.com\/fr\/wp-json\/wp\/v2\/pages\/502458\/revisions"}],"predecessor-version":[{"id":642985,"href":"https:\/\/www.q8oils.com\/fr\/wp-json\/wp\/v2\/pages\/502458\/revisions\/642985"}],"up":[{"embeddable":true,"href":"https:\/\/www.q8oils.com\/fr\/wp-json\/wp\/v2\/pages\/502367"}],"wp:featuredmedia":[{"embeddable":true,"href":"https:\/\/www.q8oils.com\/fr\/wp-json\/wp\/v2\/media\/500216"}],"wp:attachment":[{"href":"https:\/\/www.q8oils.com\/fr\/wp-json\/wp\/v2\/media?parent=502458"}],"curies":[{"name":"wp","href":"https:\/\/api.w.org\/{rel}","templated":true}]}}