
 

{"id":503342,"date":"2020-04-16T09:46:20","date_gmt":"2020-04-16T09:46:20","guid":{"rendered":"https:\/\/www.q8oils.com\/become-a-q8oils-distributor\/"},"modified":"2020-06-22T13:53:41","modified_gmt":"2020-06-22T13:53:41","slug":"become-a-q8oils-distributor","status":"publish","type":"page","link":"https:\/\/www.q8oils.com\/fr\/become-a-q8oils-distributor\/","title":{"rendered":"Devenir un distributeur Q8Oils"},"content":{"rendered":"","protected":false},"excerpt":{"rendered":"<p>Q8Oils s\u2019efforce de d\u00e9velopper des produits novateurs de la plus haute qualit\u00e9 afin d\u2019aider ses clients \u00e0 atteindre leurs objectifs. En am\u00e9liorant nos produits gr\u00e2ce \u00e0 un service personnalis\u00e9 et fiable, nous parvenons \u00e0 cr\u00e9er une valeur ajout\u00e9e et \u00e0 nous distinguer sur le march\u00e9.<\/p>\n","protected":false},"author":2,"featured_media":0,"parent":0,"menu_order":0,"comment_status":"closed","ping_status":"closed","template":"page-templates\/default-sidebar-right.php","meta":{"_acf_changed":false,"footnotes":""},"class_list":["post-503342","page","type-page","status-publish","hentry"],"acf":[],"yoast_head":"<!-- This site is optimized with the Yoast SEO plugin v23.5 - https:\/\/yoast.com\/wordpress\/plugins\/seo\/ -->\n<title>Devenir un distributeur Q8Oils - Q8Oils<\/title>\n<meta name=\"description\" content=\"Q8Oils s\u2019efforce de d\u00e9velopper des produits novateurs de la plus haute qualit\u00e9 afin d\u2019aider ses clients \u00e0 atteindre leurs objectifs. En am\u00e9liorant nos produits gr\u00e2ce \u00e0 un service personnalis\u00e9 et fiable, nous parvenons \u00e0 cr\u00e9er une valeur ajout\u00e9e et \u00e0 nous distinguer sur le march\u00e9.\" \/>\n<meta name=\"robots\" content=\"index, follow, max-snippet:-1, max-image-preview:large, max-video-preview:-1\" \/>\n<link rel=\"canonical\" href=\"https:\/\/www.q8oils.com\/fr\/become-a-q8oils-distributor\/\" \/>\n<meta property=\"og:locale\" content=\"fr_FR\" \/>\n<meta property=\"og:type\" content=\"article\" \/>\n<meta property=\"og:title\" content=\"Devenir un distributeur Q8Oils - Q8Oils\" \/>\n<meta property=\"og:description\" content=\"Q8Oils s\u2019efforce de d\u00e9velopper des produits novateurs de la plus haute qualit\u00e9 afin d\u2019aider ses clients \u00e0 atteindre leurs objectifs. En am\u00e9liorant nos produits gr\u00e2ce \u00e0 un service personnalis\u00e9 et fiable, nous parvenons \u00e0 cr\u00e9er une valeur ajout\u00e9e et \u00e0 nous distinguer sur le march\u00e9.\" \/>\n<meta property=\"og:url\" content=\"https:\/\/www.q8oils.com\/fr\/become-a-q8oils-distributor\/\" \/>\n<meta property=\"og:site_name\" content=\"Q8Oils\" \/>\n<meta property=\"article:modified_time\" content=\"2020-06-22T13:53:41+00:00\" \/>\n<meta name=\"twitter:card\" content=\"summary_large_image\" \/>\n<script type=\"application\/ld+json\" class=\"yoast-schema-graph\">{\"@context\":\"https:\/\/schema.org\",\"@graph\":[{\"@type\":\"WebPage\",\"@id\":\"https:\/\/www.q8oils.com\/fr\/become-a-q8oils-distributor\/\",\"url\":\"https:\/\/www.q8oils.com\/fr\/become-a-q8oils-distributor\/\",\"name\":\"Devenir un distributeur Q8Oils - Q8Oils\",\"isPartOf\":{\"@id\":\"https:\/\/www.q8oils.com\/fr\/#website\"},\"datePublished\":\"2020-04-16T09:46:20+00:00\",\"dateModified\":\"2020-06-22T13:53:41+00:00\",\"description\":\"Q8Oils s\u2019efforce de d\u00e9velopper des produits novateurs de la plus haute qualit\u00e9 afin d\u2019aider ses clients \u00e0 atteindre leurs objectifs. En am\u00e9liorant nos produits gr\u00e2ce \u00e0 un service personnalis\u00e9 et fiable, nous parvenons \u00e0 cr\u00e9er une valeur ajout\u00e9e et \u00e0 nous distinguer sur le march\u00e9.\",\"breadcrumb\":{\"@id\":\"https:\/\/www.q8oils.com\/fr\/become-a-q8oils-distributor\/#breadcrumb\"},\"inLanguage\":\"fr-FR\",\"potentialAction\":[{\"@type\":\"ReadAction\",\"target\":[\"https:\/\/www.q8oils.com\/fr\/become-a-q8oils-distributor\/\"]}]},{\"@type\":\"BreadcrumbList\",\"@id\":\"https:\/\/www.q8oils.com\/fr\/become-a-q8oils-distributor\/#breadcrumb\",\"itemListElement\":[{\"@type\":\"ListItem\",\"position\":1,\"name\":\"Home\",\"item\":\"https:\/\/www.q8oils.com\/fr\/\"},{\"@type\":\"ListItem\",\"position\":2,\"name\":\"Devenir un distributeur Q8Oils\"}]},{\"@type\":\"WebSite\",\"@id\":\"https:\/\/www.q8oils.com\/fr\/#website\",\"url\":\"https:\/\/www.q8oils.com\/fr\/\",\"name\":\"Q8Oils\",\"description\":\"Global, partnership, lubricants, solutions\",\"publisher\":{\"@id\":\"https:\/\/www.q8oils.com\/fr\/#organization\"},\"potentialAction\":[{\"@type\":\"SearchAction\",\"target\":{\"@type\":\"EntryPoint\",\"urlTemplate\":\"https:\/\/www.q8oils.com\/fr\/?s={search_term_string}\"},\"query-input\":{\"@type\":\"PropertyValueSpecification\",\"valueRequired\":true,\"valueName\":\"search_term_string\"}}],\"inLanguage\":\"fr-FR\"},{\"@type\":\"Organization\",\"@id\":\"https:\/\/www.q8oils.com\/fr\/#organization\",\"name\":\"Q8Oils\",\"url\":\"https:\/\/www.q8oils.com\/fr\/\",\"logo\":{\"@type\":\"ImageObject\",\"inLanguage\":\"fr-FR\",\"@id\":\"https:\/\/www.q8oils.com\/fr\/#\/schema\/logo\/image\/\",\"url\":\"https:\/\/www.q8oils.com\/wp-content\/uploads\/2020\/04\/q8oils-logo.png\",\"contentUrl\":\"https:\/\/www.q8oils.com\/wp-content\/uploads\/2020\/04\/q8oils-logo.png\",\"width\":475,\"height\":100,\"caption\":\"Q8Oils\"},\"image\":{\"@id\":\"https:\/\/www.q8oils.com\/fr\/#\/schema\/logo\/image\/\"},\"sameAs\":[\"https:\/\/www.linkedin.com\/Q8Oils\"]}]}<\/script>\n<!-- \/ Yoast SEO plugin. -->","yoast_head_json":{"title":"Devenir un distributeur Q8Oils - Q8Oils","description":"Q8Oils s\u2019efforce de d\u00e9velopper des produits novateurs de la plus haute qualit\u00e9 afin d\u2019aider ses clients \u00e0 atteindre leurs objectifs. En am\u00e9liorant nos produits gr\u00e2ce \u00e0 un service personnalis\u00e9 et fiable, nous parvenons \u00e0 cr\u00e9er une valeur ajout\u00e9e et \u00e0 nous distinguer sur le march\u00e9.","robots":{"index":"index","follow":"follow","max-snippet":"max-snippet:-1","max-image-preview":"max-image-preview:large","max-video-preview":"max-video-preview:-1"},"canonical":"https:\/\/www.q8oils.com\/fr\/become-a-q8oils-distributor\/","og_locale":"fr_FR","og_type":"article","og_title":"Devenir un distributeur Q8Oils - Q8Oils","og_description":"Q8Oils s\u2019efforce de d\u00e9velopper des produits novateurs de la plus haute qualit\u00e9 afin d\u2019aider ses clients \u00e0 atteindre leurs objectifs. En am\u00e9liorant nos produits gr\u00e2ce \u00e0 un service personnalis\u00e9 et fiable, nous parvenons \u00e0 cr\u00e9er une valeur ajout\u00e9e et \u00e0 nous distinguer sur le march\u00e9.","og_url":"https:\/\/www.q8oils.com\/fr\/become-a-q8oils-distributor\/","og_site_name":"Q8Oils","article_modified_time":"2020-06-22T13:53:41+00:00","twitter_card":"summary_large_image","schema":{"@context":"https:\/\/schema.org","@graph":[{"@type":"WebPage","@id":"https:\/\/www.q8oils.com\/fr\/become-a-q8oils-distributor\/","url":"https:\/\/www.q8oils.com\/fr\/become-a-q8oils-distributor\/","name":"Devenir un distributeur Q8Oils - Q8Oils","isPartOf":{"@id":"https:\/\/www.q8oils.com\/fr\/#website"},"datePublished":"2020-04-16T09:46:20+00:00","dateModified":"2020-06-22T13:53:41+00:00","description":"Q8Oils s\u2019efforce de d\u00e9velopper des produits novateurs de la plus haute qualit\u00e9 afin d\u2019aider ses clients \u00e0 atteindre leurs objectifs. En am\u00e9liorant nos produits gr\u00e2ce \u00e0 un service personnalis\u00e9 et fiable, nous parvenons \u00e0 cr\u00e9er une valeur ajout\u00e9e et \u00e0 nous distinguer sur le march\u00e9.","breadcrumb":{"@id":"https:\/\/www.q8oils.com\/fr\/become-a-q8oils-distributor\/#breadcrumb"},"inLanguage":"fr-FR","potentialAction":[{"@type":"ReadAction","target":["https:\/\/www.q8oils.com\/fr\/become-a-q8oils-distributor\/"]}]},{"@type":"BreadcrumbList","@id":"https:\/\/www.q8oils.com\/fr\/become-a-q8oils-distributor\/#breadcrumb","itemListElement":[{"@type":"ListItem","position":1,"name":"Home","item":"https:\/\/www.q8oils.com\/fr\/"},{"@type":"ListItem","position":2,"name":"Devenir un distributeur Q8Oils"}]},{"@type":"WebSite","@id":"https:\/\/www.q8oils.com\/fr\/#website","url":"https:\/\/www.q8oils.com\/fr\/","name":"Q8Oils","description":"Global, partnership, lubricants, solutions","publisher":{"@id":"https:\/\/www.q8oils.com\/fr\/#organization"},"potentialAction":[{"@type":"SearchAction","target":{"@type":"EntryPoint","urlTemplate":"https:\/\/www.q8oils.com\/fr\/?s={search_term_string}"},"query-input":{"@type":"PropertyValueSpecification","valueRequired":true,"valueName":"search_term_string"}}],"inLanguage":"fr-FR"},{"@type":"Organization","@id":"https:\/\/www.q8oils.com\/fr\/#organization","name":"Q8Oils","url":"https:\/\/www.q8oils.com\/fr\/","logo":{"@type":"ImageObject","inLanguage":"fr-FR","@id":"https:\/\/www.q8oils.com\/fr\/#\/schema\/logo\/image\/","url":"https:\/\/www.q8oils.com\/wp-content\/uploads\/2020\/04\/q8oils-logo.png","contentUrl":"https:\/\/www.q8oils.com\/wp-content\/uploads\/2020\/04\/q8oils-logo.png","width":475,"height":100,"caption":"Q8Oils"},"image":{"@id":"https:\/\/www.q8oils.com\/fr\/#\/schema\/logo\/image\/"},"sameAs":["https:\/\/www.linkedin.com\/Q8Oils"]}]}},"_links":{"self":[{"href":"https:\/\/www.q8oils.com\/fr\/wp-json\/wp\/v2\/pages\/503342"}],"collection":[{"href":"https:\/\/www.q8oils.com\/fr\/wp-json\/wp\/v2\/pages"}],"about":[{"href":"https:\/\/www.q8oils.com\/fr\/wp-json\/wp\/v2\/types\/page"}],"author":[{"embeddable":true,"href":"https:\/\/www.q8oils.com\/fr\/wp-json\/wp\/v2\/users\/2"}],"replies":[{"embeddable":true,"href":"https:\/\/www.q8oils.com\/fr\/wp-json\/wp\/v2\/comments?post=503342"}],"version-history":[{"count":2,"href":"https:\/\/www.q8oils.com\/fr\/wp-json\/wp\/v2\/pages\/503342\/revisions"}],"predecessor-version":[{"id":503344,"href":"https:\/\/www.q8oils.com\/fr\/wp-json\/wp\/v2\/pages\/503342\/revisions\/503344"}],"wp:attachment":[{"href":"https:\/\/www.q8oils.com\/fr\/wp-json\/wp\/v2\/media?parent=503342"}],"curies":[{"name":"wp","href":"https:\/\/api.w.org\/{rel}","templated":true}]}}