
 

{"id":504380,"date":"2020-07-09T16:23:33","date_gmt":"2020-07-09T16:23:33","guid":{"rendered":"https:\/\/www.q8oils.com\/tools\/"},"modified":"2020-07-10T15:53:11","modified_gmt":"2020-07-10T15:53:11","slug":"outils-q8oils","status":"publish","type":"page","link":"https:\/\/www.q8oils.com\/fr\/outils-q8oils\/","title":{"rendered":"Outils Q8Oils"},"content":{"rendered":"","protected":false},"excerpt":{"rendered":"<p>Nous nous effor\u00e7ons de proposer le produit le plus adapt\u00e9, combin\u00e9 au meilleur service. C\u2019est pourquoi nous proposons divers outils et concepts afin de vous aider \u00e0 faire un choix \u00e9clair\u00e9 et de vous proposer nos services pour toute application.<\/p>\n","protected":false},"author":2,"featured_media":0,"parent":0,"menu_order":0,"comment_status":"closed","ping_status":"closed","template":"","meta":{"_acf_changed":false,"footnotes":""},"class_list":["post-504380","page","type-page","status-publish","hentry"],"acf":[],"yoast_head":"<!-- This site is optimized with the Yoast SEO plugin v23.5 - https:\/\/yoast.com\/wordpress\/plugins\/seo\/ -->\n<title>Outils Q8Oils - Q8Oils<\/title>\n<meta name=\"description\" content=\"Nous nous effor\u00e7ons de proposer le produit le plus adapt\u00e9, combin\u00e9 au meilleur service. C\u2019est pourquoi nous proposons divers outils et concepts afin de vous aider \u00e0 faire un choix \u00e9clair\u00e9 et de vous proposer nos services pour toute application.\" \/>\n<meta name=\"robots\" content=\"index, follow, max-snippet:-1, max-image-preview:large, max-video-preview:-1\" \/>\n<link rel=\"canonical\" href=\"https:\/\/www.q8oils.com\/fr\/outils-q8oils\/\" \/>\n<meta property=\"og:locale\" content=\"fr_FR\" \/>\n<meta property=\"og:type\" content=\"article\" \/>\n<meta property=\"og:title\" content=\"Outils Q8Oils - Q8Oils\" \/>\n<meta property=\"og:description\" content=\"Nous nous effor\u00e7ons de proposer le produit le plus adapt\u00e9, combin\u00e9 au meilleur service. C\u2019est pourquoi nous proposons divers outils et concepts afin de vous aider \u00e0 faire un choix \u00e9clair\u00e9 et de vous proposer nos services pour toute application.\" \/>\n<meta property=\"og:url\" content=\"https:\/\/www.q8oils.com\/fr\/outils-q8oils\/\" \/>\n<meta property=\"og:site_name\" content=\"Q8Oils\" \/>\n<meta property=\"article:modified_time\" content=\"2020-07-10T15:53:11+00:00\" \/>\n<meta name=\"twitter:card\" content=\"summary_large_image\" \/>\n<script type=\"application\/ld+json\" class=\"yoast-schema-graph\">{\"@context\":\"https:\/\/schema.org\",\"@graph\":[{\"@type\":\"WebPage\",\"@id\":\"https:\/\/www.q8oils.com\/fr\/outils-q8oils\/\",\"url\":\"https:\/\/www.q8oils.com\/fr\/outils-q8oils\/\",\"name\":\"Outils Q8Oils - Q8Oils\",\"isPartOf\":{\"@id\":\"https:\/\/www.q8oils.com\/fr\/#website\"},\"datePublished\":\"2020-07-09T16:23:33+00:00\",\"dateModified\":\"2020-07-10T15:53:11+00:00\",\"description\":\"Nous nous effor\u00e7ons de proposer le produit le plus adapt\u00e9, combin\u00e9 au meilleur service. C\u2019est pourquoi nous proposons divers outils et concepts afin de vous aider \u00e0 faire un choix \u00e9clair\u00e9 et de vous proposer nos services pour toute application.\",\"breadcrumb\":{\"@id\":\"https:\/\/www.q8oils.com\/fr\/outils-q8oils\/#breadcrumb\"},\"inLanguage\":\"fr-FR\",\"potentialAction\":[{\"@type\":\"ReadAction\",\"target\":[\"https:\/\/www.q8oils.com\/fr\/outils-q8oils\/\"]}]},{\"@type\":\"BreadcrumbList\",\"@id\":\"https:\/\/www.q8oils.com\/fr\/outils-q8oils\/#breadcrumb\",\"itemListElement\":[{\"@type\":\"ListItem\",\"position\":1,\"name\":\"Home\",\"item\":\"https:\/\/www.q8oils.com\/fr\/\"},{\"@type\":\"ListItem\",\"position\":2,\"name\":\"Outils Q8Oils\"}]},{\"@type\":\"WebSite\",\"@id\":\"https:\/\/www.q8oils.com\/fr\/#website\",\"url\":\"https:\/\/www.q8oils.com\/fr\/\",\"name\":\"Q8Oils\",\"description\":\"Global, partnership, lubricants, solutions\",\"publisher\":{\"@id\":\"https:\/\/www.q8oils.com\/fr\/#organization\"},\"potentialAction\":[{\"@type\":\"SearchAction\",\"target\":{\"@type\":\"EntryPoint\",\"urlTemplate\":\"https:\/\/www.q8oils.com\/fr\/?s={search_term_string}\"},\"query-input\":{\"@type\":\"PropertyValueSpecification\",\"valueRequired\":true,\"valueName\":\"search_term_string\"}}],\"inLanguage\":\"fr-FR\"},{\"@type\":\"Organization\",\"@id\":\"https:\/\/www.q8oils.com\/fr\/#organization\",\"name\":\"Q8Oils\",\"url\":\"https:\/\/www.q8oils.com\/fr\/\",\"logo\":{\"@type\":\"ImageObject\",\"inLanguage\":\"fr-FR\",\"@id\":\"https:\/\/www.q8oils.com\/fr\/#\/schema\/logo\/image\/\",\"url\":\"https:\/\/www.q8oils.com\/wp-content\/uploads\/2020\/04\/q8oils-logo.png\",\"contentUrl\":\"https:\/\/www.q8oils.com\/wp-content\/uploads\/2020\/04\/q8oils-logo.png\",\"width\":475,\"height\":100,\"caption\":\"Q8Oils\"},\"image\":{\"@id\":\"https:\/\/www.q8oils.com\/fr\/#\/schema\/logo\/image\/\"},\"sameAs\":[\"https:\/\/www.linkedin.com\/Q8Oils\"]}]}<\/script>\n<!-- \/ Yoast SEO plugin. -->","yoast_head_json":{"title":"Outils Q8Oils - Q8Oils","description":"Nous nous effor\u00e7ons de proposer le produit le plus adapt\u00e9, combin\u00e9 au meilleur service. C\u2019est pourquoi nous proposons divers outils et concepts afin de vous aider \u00e0 faire un choix \u00e9clair\u00e9 et de vous proposer nos services pour toute application.","robots":{"index":"index","follow":"follow","max-snippet":"max-snippet:-1","max-image-preview":"max-image-preview:large","max-video-preview":"max-video-preview:-1"},"canonical":"https:\/\/www.q8oils.com\/fr\/outils-q8oils\/","og_locale":"fr_FR","og_type":"article","og_title":"Outils Q8Oils - Q8Oils","og_description":"Nous nous effor\u00e7ons de proposer le produit le plus adapt\u00e9, combin\u00e9 au meilleur service. C\u2019est pourquoi nous proposons divers outils et concepts afin de vous aider \u00e0 faire un choix \u00e9clair\u00e9 et de vous proposer nos services pour toute application.","og_url":"https:\/\/www.q8oils.com\/fr\/outils-q8oils\/","og_site_name":"Q8Oils","article_modified_time":"2020-07-10T15:53:11+00:00","twitter_card":"summary_large_image","schema":{"@context":"https:\/\/schema.org","@graph":[{"@type":"WebPage","@id":"https:\/\/www.q8oils.com\/fr\/outils-q8oils\/","url":"https:\/\/www.q8oils.com\/fr\/outils-q8oils\/","name":"Outils Q8Oils - Q8Oils","isPartOf":{"@id":"https:\/\/www.q8oils.com\/fr\/#website"},"datePublished":"2020-07-09T16:23:33+00:00","dateModified":"2020-07-10T15:53:11+00:00","description":"Nous nous effor\u00e7ons de proposer le produit le plus adapt\u00e9, combin\u00e9 au meilleur service. C\u2019est pourquoi nous proposons divers outils et concepts afin de vous aider \u00e0 faire un choix \u00e9clair\u00e9 et de vous proposer nos services pour toute application.","breadcrumb":{"@id":"https:\/\/www.q8oils.com\/fr\/outils-q8oils\/#breadcrumb"},"inLanguage":"fr-FR","potentialAction":[{"@type":"ReadAction","target":["https:\/\/www.q8oils.com\/fr\/outils-q8oils\/"]}]},{"@type":"BreadcrumbList","@id":"https:\/\/www.q8oils.com\/fr\/outils-q8oils\/#breadcrumb","itemListElement":[{"@type":"ListItem","position":1,"name":"Home","item":"https:\/\/www.q8oils.com\/fr\/"},{"@type":"ListItem","position":2,"name":"Outils Q8Oils"}]},{"@type":"WebSite","@id":"https:\/\/www.q8oils.com\/fr\/#website","url":"https:\/\/www.q8oils.com\/fr\/","name":"Q8Oils","description":"Global, partnership, lubricants, solutions","publisher":{"@id":"https:\/\/www.q8oils.com\/fr\/#organization"},"potentialAction":[{"@type":"SearchAction","target":{"@type":"EntryPoint","urlTemplate":"https:\/\/www.q8oils.com\/fr\/?s={search_term_string}"},"query-input":{"@type":"PropertyValueSpecification","valueRequired":true,"valueName":"search_term_string"}}],"inLanguage":"fr-FR"},{"@type":"Organization","@id":"https:\/\/www.q8oils.com\/fr\/#organization","name":"Q8Oils","url":"https:\/\/www.q8oils.com\/fr\/","logo":{"@type":"ImageObject","inLanguage":"fr-FR","@id":"https:\/\/www.q8oils.com\/fr\/#\/schema\/logo\/image\/","url":"https:\/\/www.q8oils.com\/wp-content\/uploads\/2020\/04\/q8oils-logo.png","contentUrl":"https:\/\/www.q8oils.com\/wp-content\/uploads\/2020\/04\/q8oils-logo.png","width":475,"height":100,"caption":"Q8Oils"},"image":{"@id":"https:\/\/www.q8oils.com\/fr\/#\/schema\/logo\/image\/"},"sameAs":["https:\/\/www.linkedin.com\/Q8Oils"]}]}},"_links":{"self":[{"href":"https:\/\/www.q8oils.com\/fr\/wp-json\/wp\/v2\/pages\/504380"}],"collection":[{"href":"https:\/\/www.q8oils.com\/fr\/wp-json\/wp\/v2\/pages"}],"about":[{"href":"https:\/\/www.q8oils.com\/fr\/wp-json\/wp\/v2\/types\/page"}],"author":[{"embeddable":true,"href":"https:\/\/www.q8oils.com\/fr\/wp-json\/wp\/v2\/users\/2"}],"replies":[{"embeddable":true,"href":"https:\/\/www.q8oils.com\/fr\/wp-json\/wp\/v2\/comments?post=504380"}],"version-history":[{"count":2,"href":"https:\/\/www.q8oils.com\/fr\/wp-json\/wp\/v2\/pages\/504380\/revisions"}],"predecessor-version":[{"id":504382,"href":"https:\/\/www.q8oils.com\/fr\/wp-json\/wp\/v2\/pages\/504380\/revisions\/504382"}],"wp:attachment":[{"href":"https:\/\/www.q8oils.com\/fr\/wp-json\/wp\/v2\/media?parent=504380"}],"curies":[{"name":"wp","href":"https:\/\/api.w.org\/{rel}","templated":true}]}}