
 

{"id":506152,"date":"2020-06-01T14:16:33","date_gmt":"2020-06-01T14:16:33","guid":{"rendered":"https:\/\/www.q8oils.com\/lusinage-des-metaux\/huiles-de-coupe-entieres\/q8-bach-7000-super-refined-low-volatility\/"},"modified":"2020-07-17T04:55:52","modified_gmt":"2020-07-17T04:55:52","slug":"q8-bach-7000-huiles-de-coupe-super-raffinees-et-a-faible-volatilite","status":"publish","type":"page","link":"https:\/\/www.q8oils.com\/fr\/lusinage-des-metaux\/huiles-de-coupe-entieres\/q8-bach-7000-huiles-de-coupe-super-raffinees-et-a-faible-volatilite\/","title":{"rendered":"Q8 Bach 7000 \u2013 huiles de coupe super raffin\u00e9es et \u00e0 faible volatilit\u00e9"},"content":{"rendered":"","protected":false},"excerpt":{"rendered":"<p>Q8Oils most advanced range of cutting oils, Q8 Bach 7000, break the boundaries in performance and safety. Based on the latest technology of high purity synthesised base oils, they are free of sulphur, nitrogen, aromatics and polycyclic aromatic compounds resulting in an enhanced safety profile. <\/p>\n","protected":false},"author":2,"featured_media":0,"parent":506091,"menu_order":0,"comment_status":"closed","ping_status":"closed","template":"","meta":{"_acf_changed":false,"footnotes":""},"class_list":["post-506152","page","type-page","status-publish","hentry"],"acf":[],"yoast_head":"<!-- This site is optimized with the Yoast SEO plugin v23.5 - https:\/\/yoast.com\/wordpress\/plugins\/seo\/ -->\n<title>Q8 Bach 7000 \u2013 huiles de coupe super raffin\u00e9es et \u00e0 faible volatilit\u00e9 - Q8Oils<\/title>\n<meta name=\"description\" content=\"Q8Oils most advanced range of cutting oils, Q8 Bach 7000, break the boundaries in performance and safety. Based on the latest technology of high purity synthesised base oils, they are free of sulphur, nitrogen, aromatics and polycyclic aromatic compounds resulting in an enhanced safety profile.\" \/>\n<meta name=\"robots\" content=\"index, follow, max-snippet:-1, max-image-preview:large, max-video-preview:-1\" \/>\n<link rel=\"canonical\" href=\"https:\/\/www.q8oils.com\/fr\/lusinage-des-metaux\/huiles-de-coupe-entieres\/q8-bach-7000-huiles-de-coupe-super-raffinees-et-a-faible-volatilite\/\" \/>\n<meta property=\"og:locale\" content=\"fr_FR\" \/>\n<meta property=\"og:type\" content=\"article\" \/>\n<meta property=\"og:title\" content=\"Q8 Bach 7000 \u2013 huiles de coupe super raffin\u00e9es et \u00e0 faible volatilit\u00e9 - Q8Oils\" \/>\n<meta property=\"og:description\" content=\"Q8Oils most advanced range of cutting oils, Q8 Bach 7000, break the boundaries in performance and safety. Based on the latest technology of high purity synthesised base oils, they are free of sulphur, nitrogen, aromatics and polycyclic aromatic compounds resulting in an enhanced safety profile.\" \/>\n<meta property=\"og:url\" content=\"https:\/\/www.q8oils.com\/fr\/lusinage-des-metaux\/huiles-de-coupe-entieres\/q8-bach-7000-huiles-de-coupe-super-raffinees-et-a-faible-volatilite\/\" \/>\n<meta property=\"og:site_name\" content=\"Q8Oils\" \/>\n<meta property=\"article:modified_time\" content=\"2020-07-17T04:55:52+00:00\" \/>\n<meta name=\"twitter:card\" content=\"summary_large_image\" \/>\n<script type=\"application\/ld+json\" class=\"yoast-schema-graph\">{\"@context\":\"https:\/\/schema.org\",\"@graph\":[{\"@type\":\"WebPage\",\"@id\":\"https:\/\/www.q8oils.com\/fr\/lusinage-des-metaux\/huiles-de-coupe-entieres\/q8-bach-7000-huiles-de-coupe-super-raffinees-et-a-faible-volatilite\/\",\"url\":\"https:\/\/www.q8oils.com\/fr\/lusinage-des-metaux\/huiles-de-coupe-entieres\/q8-bach-7000-huiles-de-coupe-super-raffinees-et-a-faible-volatilite\/\",\"name\":\"Q8 Bach 7000 \u2013 huiles de coupe super raffin\u00e9es et \u00e0 faible volatilit\u00e9 - Q8Oils\",\"isPartOf\":{\"@id\":\"https:\/\/www.q8oils.com\/fr\/#website\"},\"datePublished\":\"2020-06-01T14:16:33+00:00\",\"dateModified\":\"2020-07-17T04:55:52+00:00\",\"description\":\"Q8Oils most advanced range of cutting oils, Q8 Bach 7000, break the boundaries in performance and safety. Based on the latest technology of high purity synthesised base oils, they are free of sulphur, nitrogen, aromatics and polycyclic aromatic compounds resulting in an enhanced safety profile.\",\"breadcrumb\":{\"@id\":\"https:\/\/www.q8oils.com\/fr\/lusinage-des-metaux\/huiles-de-coupe-entieres\/q8-bach-7000-huiles-de-coupe-super-raffinees-et-a-faible-volatilite\/#breadcrumb\"},\"inLanguage\":\"fr-FR\",\"potentialAction\":[{\"@type\":\"ReadAction\",\"target\":[\"https:\/\/www.q8oils.com\/fr\/lusinage-des-metaux\/huiles-de-coupe-entieres\/q8-bach-7000-huiles-de-coupe-super-raffinees-et-a-faible-volatilite\/\"]}]},{\"@type\":\"BreadcrumbList\",\"@id\":\"https:\/\/www.q8oils.com\/fr\/lusinage-des-metaux\/huiles-de-coupe-entieres\/q8-bach-7000-huiles-de-coupe-super-raffinees-et-a-faible-volatilite\/#breadcrumb\",\"itemListElement\":[{\"@type\":\"ListItem\",\"position\":1,\"name\":\"Home\",\"item\":\"https:\/\/www.q8oils.com\/fr\/\"},{\"@type\":\"ListItem\",\"position\":2,\"name\":\"L\u2019usinage des m\u00e9taux\",\"item\":\"https:\/\/www.q8oils.com\/fr\/lusinage-des-metaux\/\"},{\"@type\":\"ListItem\",\"position\":3,\"name\":\"Huiles de coupe enti\u00e8res\",\"item\":\"https:\/\/www.q8oils.com\/fr\/lusinage-des-metaux\/huiles-de-coupe-entieres\/\"},{\"@type\":\"ListItem\",\"position\":4,\"name\":\"Q8 Bach 7000 \u2013 huiles de coupe super raffin\u00e9es et \u00e0 faible volatilit\u00e9\"}]},{\"@type\":\"WebSite\",\"@id\":\"https:\/\/www.q8oils.com\/fr\/#website\",\"url\":\"https:\/\/www.q8oils.com\/fr\/\",\"name\":\"Q8Oils\",\"description\":\"Global, partnership, lubricants, solutions\",\"publisher\":{\"@id\":\"https:\/\/www.q8oils.com\/fr\/#organization\"},\"potentialAction\":[{\"@type\":\"SearchAction\",\"target\":{\"@type\":\"EntryPoint\",\"urlTemplate\":\"https:\/\/www.q8oils.com\/fr\/?s={search_term_string}\"},\"query-input\":{\"@type\":\"PropertyValueSpecification\",\"valueRequired\":true,\"valueName\":\"search_term_string\"}}],\"inLanguage\":\"fr-FR\"},{\"@type\":\"Organization\",\"@id\":\"https:\/\/www.q8oils.com\/fr\/#organization\",\"name\":\"Q8Oils\",\"url\":\"https:\/\/www.q8oils.com\/fr\/\",\"logo\":{\"@type\":\"ImageObject\",\"inLanguage\":\"fr-FR\",\"@id\":\"https:\/\/www.q8oils.com\/fr\/#\/schema\/logo\/image\/\",\"url\":\"https:\/\/www.q8oils.com\/wp-content\/uploads\/2020\/04\/q8oils-logo.png\",\"contentUrl\":\"https:\/\/www.q8oils.com\/wp-content\/uploads\/2020\/04\/q8oils-logo.png\",\"width\":475,\"height\":100,\"caption\":\"Q8Oils\"},\"image\":{\"@id\":\"https:\/\/www.q8oils.com\/fr\/#\/schema\/logo\/image\/\"},\"sameAs\":[\"https:\/\/www.linkedin.com\/Q8Oils\"]}]}<\/script>\n<!-- \/ Yoast SEO plugin. -->","yoast_head_json":{"title":"Q8 Bach 7000 \u2013 huiles de coupe super raffin\u00e9es et \u00e0 faible volatilit\u00e9 - Q8Oils","description":"Q8Oils most advanced range of cutting oils, Q8 Bach 7000, break the boundaries in performance and safety. Based on the latest technology of high purity synthesised base oils, they are free of sulphur, nitrogen, aromatics and polycyclic aromatic compounds resulting in an enhanced safety profile.","robots":{"index":"index","follow":"follow","max-snippet":"max-snippet:-1","max-image-preview":"max-image-preview:large","max-video-preview":"max-video-preview:-1"},"canonical":"https:\/\/www.q8oils.com\/fr\/lusinage-des-metaux\/huiles-de-coupe-entieres\/q8-bach-7000-huiles-de-coupe-super-raffinees-et-a-faible-volatilite\/","og_locale":"fr_FR","og_type":"article","og_title":"Q8 Bach 7000 \u2013 huiles de coupe super raffin\u00e9es et \u00e0 faible volatilit\u00e9 - Q8Oils","og_description":"Q8Oils most advanced range of cutting oils, Q8 Bach 7000, break the boundaries in performance and safety. Based on the latest technology of high purity synthesised base oils, they are free of sulphur, nitrogen, aromatics and polycyclic aromatic compounds resulting in an enhanced safety profile.","og_url":"https:\/\/www.q8oils.com\/fr\/lusinage-des-metaux\/huiles-de-coupe-entieres\/q8-bach-7000-huiles-de-coupe-super-raffinees-et-a-faible-volatilite\/","og_site_name":"Q8Oils","article_modified_time":"2020-07-17T04:55:52+00:00","twitter_card":"summary_large_image","schema":{"@context":"https:\/\/schema.org","@graph":[{"@type":"WebPage","@id":"https:\/\/www.q8oils.com\/fr\/lusinage-des-metaux\/huiles-de-coupe-entieres\/q8-bach-7000-huiles-de-coupe-super-raffinees-et-a-faible-volatilite\/","url":"https:\/\/www.q8oils.com\/fr\/lusinage-des-metaux\/huiles-de-coupe-entieres\/q8-bach-7000-huiles-de-coupe-super-raffinees-et-a-faible-volatilite\/","name":"Q8 Bach 7000 \u2013 huiles de coupe super raffin\u00e9es et \u00e0 faible volatilit\u00e9 - Q8Oils","isPartOf":{"@id":"https:\/\/www.q8oils.com\/fr\/#website"},"datePublished":"2020-06-01T14:16:33+00:00","dateModified":"2020-07-17T04:55:52+00:00","description":"Q8Oils most advanced range of cutting oils, Q8 Bach 7000, break the boundaries in performance and safety. Based on the latest technology of high purity synthesised base oils, they are free of sulphur, nitrogen, aromatics and polycyclic aromatic compounds resulting in an enhanced safety profile.","breadcrumb":{"@id":"https:\/\/www.q8oils.com\/fr\/lusinage-des-metaux\/huiles-de-coupe-entieres\/q8-bach-7000-huiles-de-coupe-super-raffinees-et-a-faible-volatilite\/#breadcrumb"},"inLanguage":"fr-FR","potentialAction":[{"@type":"ReadAction","target":["https:\/\/www.q8oils.com\/fr\/lusinage-des-metaux\/huiles-de-coupe-entieres\/q8-bach-7000-huiles-de-coupe-super-raffinees-et-a-faible-volatilite\/"]}]},{"@type":"BreadcrumbList","@id":"https:\/\/www.q8oils.com\/fr\/lusinage-des-metaux\/huiles-de-coupe-entieres\/q8-bach-7000-huiles-de-coupe-super-raffinees-et-a-faible-volatilite\/#breadcrumb","itemListElement":[{"@type":"ListItem","position":1,"name":"Home","item":"https:\/\/www.q8oils.com\/fr\/"},{"@type":"ListItem","position":2,"name":"L\u2019usinage des m\u00e9taux","item":"https:\/\/www.q8oils.com\/fr\/lusinage-des-metaux\/"},{"@type":"ListItem","position":3,"name":"Huiles de coupe enti\u00e8res","item":"https:\/\/www.q8oils.com\/fr\/lusinage-des-metaux\/huiles-de-coupe-entieres\/"},{"@type":"ListItem","position":4,"name":"Q8 Bach 7000 \u2013 huiles de coupe super raffin\u00e9es et \u00e0 faible volatilit\u00e9"}]},{"@type":"WebSite","@id":"https:\/\/www.q8oils.com\/fr\/#website","url":"https:\/\/www.q8oils.com\/fr\/","name":"Q8Oils","description":"Global, partnership, lubricants, solutions","publisher":{"@id":"https:\/\/www.q8oils.com\/fr\/#organization"},"potentialAction":[{"@type":"SearchAction","target":{"@type":"EntryPoint","urlTemplate":"https:\/\/www.q8oils.com\/fr\/?s={search_term_string}"},"query-input":{"@type":"PropertyValueSpecification","valueRequired":true,"valueName":"search_term_string"}}],"inLanguage":"fr-FR"},{"@type":"Organization","@id":"https:\/\/www.q8oils.com\/fr\/#organization","name":"Q8Oils","url":"https:\/\/www.q8oils.com\/fr\/","logo":{"@type":"ImageObject","inLanguage":"fr-FR","@id":"https:\/\/www.q8oils.com\/fr\/#\/schema\/logo\/image\/","url":"https:\/\/www.q8oils.com\/wp-content\/uploads\/2020\/04\/q8oils-logo.png","contentUrl":"https:\/\/www.q8oils.com\/wp-content\/uploads\/2020\/04\/q8oils-logo.png","width":475,"height":100,"caption":"Q8Oils"},"image":{"@id":"https:\/\/www.q8oils.com\/fr\/#\/schema\/logo\/image\/"},"sameAs":["https:\/\/www.linkedin.com\/Q8Oils"]}]}},"_links":{"self":[{"href":"https:\/\/www.q8oils.com\/fr\/wp-json\/wp\/v2\/pages\/506152"}],"collection":[{"href":"https:\/\/www.q8oils.com\/fr\/wp-json\/wp\/v2\/pages"}],"about":[{"href":"https:\/\/www.q8oils.com\/fr\/wp-json\/wp\/v2\/types\/page"}],"author":[{"embeddable":true,"href":"https:\/\/www.q8oils.com\/fr\/wp-json\/wp\/v2\/users\/2"}],"replies":[{"embeddable":true,"href":"https:\/\/www.q8oils.com\/fr\/wp-json\/wp\/v2\/comments?post=506152"}],"version-history":[{"count":2,"href":"https:\/\/www.q8oils.com\/fr\/wp-json\/wp\/v2\/pages\/506152\/revisions"}],"predecessor-version":[{"id":506387,"href":"https:\/\/www.q8oils.com\/fr\/wp-json\/wp\/v2\/pages\/506152\/revisions\/506387"}],"up":[{"embeddable":true,"href":"https:\/\/www.q8oils.com\/fr\/wp-json\/wp\/v2\/pages\/506091"}],"wp:attachment":[{"href":"https:\/\/www.q8oils.com\/fr\/wp-json\/wp\/v2\/media?parent=506152"}],"curies":[{"name":"wp","href":"https:\/\/api.w.org\/{rel}","templated":true}]}}