
 

{"id":506626,"date":"2020-04-02T11:48:55","date_gmt":"2020-04-02T11:48:55","guid":{"rendered":"https:\/\/www.q8oils.com\/home\/"},"modified":"2024-03-25T22:22:53","modified_gmt":"2024-03-25T22:22:53","slug":"home","status":"publish","type":"page","link":"https:\/\/www.q8oils.com\/fr\/","title":{"rendered":"Home"},"content":{"rendered":"","protected":false},"excerpt":{"rendered":"<p>Q8Oils est votre fournisseur pr\u00e9f\u00e9r\u00e9 de lubrifiants et de graisses. Avec nos propres laboratoires de R&#038;D et nos usines de m\u00e9lange \u00e0 la pointe de la technologie, nous proposons des solutions sp\u00e9cifiques au client qui couvrent tous les besoins de lubrification pour chaque application.<\/p>\n","protected":false},"author":2,"featured_media":0,"parent":0,"menu_order":0,"comment_status":"closed","ping_status":"closed","template":"page-templates\/home.php","meta":{"_acf_changed":false,"footnotes":""},"class_list":["post-506626","page","type-page","status-publish","hentry"],"acf":[],"yoast_head":"<!-- This site is optimized with the Yoast SEO plugin v23.5 - https:\/\/yoast.com\/wordpress\/plugins\/seo\/ -->\n<title>Home - Q8Oils<\/title>\n<meta name=\"description\" content=\"Q8Oils est votre fournisseur pr\u00e9f\u00e9r\u00e9 de lubrifiants et de graisses. Avec nos propres laboratoires de R&amp;D et nos usines de m\u00e9lange \u00e0 la pointe de la technologie, nous proposons des solutions sp\u00e9cifiques au client qui couvrent tous les besoins de lubrification pour chaque application.\" \/>\n<meta name=\"robots\" content=\"index, follow, max-snippet:-1, max-image-preview:large, max-video-preview:-1\" \/>\n<link rel=\"canonical\" href=\"https:\/\/www.q8oils.com\/fr\/\" \/>\n<meta property=\"og:locale\" content=\"fr_FR\" \/>\n<meta property=\"og:type\" content=\"article\" \/>\n<meta property=\"og:title\" content=\"Q8Oils Expert Platform\" \/>\n<meta property=\"og:description\" content=\"Via our Expert Platform, we share our technical &amp; commercial expertise as well as other relevant content for and about the lubricants industry.\" \/>\n<meta property=\"og:url\" content=\"https:\/\/www.q8oils.com\/fr\/\" \/>\n<meta property=\"og:site_name\" content=\"Q8Oils\" \/>\n<meta property=\"article:modified_time\" content=\"2024-03-25T22:22:53+00:00\" \/>\n<meta name=\"twitter:card\" content=\"summary_large_image\" \/>\n<meta name=\"twitter:title\" content=\"Q8Oils Expert Platform\" \/>\n<meta name=\"twitter:description\" content=\"Via our Expert Platform, we share our technical &amp; commercial expertise as well as other relevant content for and about the lubricants industry.\" \/>\n<script type=\"application\/ld+json\" class=\"yoast-schema-graph\">{\"@context\":\"https:\/\/schema.org\",\"@graph\":[{\"@type\":\"WebPage\",\"@id\":\"https:\/\/www.q8oils.com\/fr\/\",\"url\":\"https:\/\/www.q8oils.com\/fr\/\",\"name\":\"Home - Q8Oils\",\"isPartOf\":{\"@id\":\"https:\/\/www.q8oils.com\/fr\/#website\"},\"datePublished\":\"2020-04-02T11:48:55+00:00\",\"dateModified\":\"2024-03-25T22:22:53+00:00\",\"description\":\"Q8Oils est votre fournisseur pr\u00e9f\u00e9r\u00e9 de lubrifiants et de graisses. Avec nos propres laboratoires de R&D et nos usines de m\u00e9lange \u00e0 la pointe de la technologie, nous proposons des solutions sp\u00e9cifiques au client qui couvrent tous les besoins de lubrification pour chaque application.\",\"breadcrumb\":{\"@id\":\"https:\/\/www.q8oils.com\/fr\/#breadcrumb\"},\"inLanguage\":\"fr-FR\",\"potentialAction\":[{\"@type\":\"ReadAction\",\"target\":[\"https:\/\/www.q8oils.com\/fr\/\"]}]},{\"@type\":\"BreadcrumbList\",\"@id\":\"https:\/\/www.q8oils.com\/fr\/#breadcrumb\",\"itemListElement\":[{\"@type\":\"ListItem\",\"position\":1,\"name\":\"Home\",\"item\":\"https:\/\/www.q8oils.com\/fr\/\"},{\"@type\":\"ListItem\",\"position\":2,\"name\":\"Home\"}]},{\"@type\":\"WebSite\",\"@id\":\"https:\/\/www.q8oils.com\/fr\/#website\",\"url\":\"https:\/\/www.q8oils.com\/fr\/\",\"name\":\"Q8Oils\",\"description\":\"Global, partnership, lubricants, solutions\",\"publisher\":{\"@id\":\"https:\/\/www.q8oils.com\/fr\/#organization\"},\"potentialAction\":[{\"@type\":\"SearchAction\",\"target\":{\"@type\":\"EntryPoint\",\"urlTemplate\":\"https:\/\/www.q8oils.com\/fr\/?s={search_term_string}\"},\"query-input\":{\"@type\":\"PropertyValueSpecification\",\"valueRequired\":true,\"valueName\":\"search_term_string\"}}],\"inLanguage\":\"fr-FR\"},{\"@type\":\"Organization\",\"@id\":\"https:\/\/www.q8oils.com\/fr\/#organization\",\"name\":\"Q8Oils\",\"url\":\"https:\/\/www.q8oils.com\/fr\/\",\"logo\":{\"@type\":\"ImageObject\",\"inLanguage\":\"fr-FR\",\"@id\":\"https:\/\/www.q8oils.com\/fr\/#\/schema\/logo\/image\/\",\"url\":\"https:\/\/www.q8oils.com\/wp-content\/uploads\/2020\/04\/q8oils-logo.png\",\"contentUrl\":\"https:\/\/www.q8oils.com\/wp-content\/uploads\/2020\/04\/q8oils-logo.png\",\"width\":475,\"height\":100,\"caption\":\"Q8Oils\"},\"image\":{\"@id\":\"https:\/\/www.q8oils.com\/fr\/#\/schema\/logo\/image\/\"},\"sameAs\":[\"https:\/\/www.linkedin.com\/Q8Oils\"]}]}<\/script>\n<!-- \/ Yoast SEO plugin. -->","yoast_head_json":{"title":"Home - Q8Oils","description":"Q8Oils est votre fournisseur pr\u00e9f\u00e9r\u00e9 de lubrifiants et de graisses. Avec nos propres laboratoires de R&D et nos usines de m\u00e9lange \u00e0 la pointe de la technologie, nous proposons des solutions sp\u00e9cifiques au client qui couvrent tous les besoins de lubrification pour chaque application.","robots":{"index":"index","follow":"follow","max-snippet":"max-snippet:-1","max-image-preview":"max-image-preview:large","max-video-preview":"max-video-preview:-1"},"canonical":"https:\/\/www.q8oils.com\/fr\/","og_locale":"fr_FR","og_type":"article","og_title":"Q8Oils Expert Platform","og_description":"Via our Expert Platform, we share our technical & commercial expertise as well as other relevant content for and about the lubricants industry.","og_url":"https:\/\/www.q8oils.com\/fr\/","og_site_name":"Q8Oils","article_modified_time":"2024-03-25T22:22:53+00:00","twitter_card":"summary_large_image","twitter_title":"Q8Oils Expert Platform","twitter_description":"Via our Expert Platform, we share our technical & commercial expertise as well as other relevant content for and about the lubricants industry.","schema":{"@context":"https:\/\/schema.org","@graph":[{"@type":"WebPage","@id":"https:\/\/www.q8oils.com\/fr\/","url":"https:\/\/www.q8oils.com\/fr\/","name":"Home - Q8Oils","isPartOf":{"@id":"https:\/\/www.q8oils.com\/fr\/#website"},"datePublished":"2020-04-02T11:48:55+00:00","dateModified":"2024-03-25T22:22:53+00:00","description":"Q8Oils est votre fournisseur pr\u00e9f\u00e9r\u00e9 de lubrifiants et de graisses. Avec nos propres laboratoires de R&D et nos usines de m\u00e9lange \u00e0 la pointe de la technologie, nous proposons des solutions sp\u00e9cifiques au client qui couvrent tous les besoins de lubrification pour chaque application.","breadcrumb":{"@id":"https:\/\/www.q8oils.com\/fr\/#breadcrumb"},"inLanguage":"fr-FR","potentialAction":[{"@type":"ReadAction","target":["https:\/\/www.q8oils.com\/fr\/"]}]},{"@type":"BreadcrumbList","@id":"https:\/\/www.q8oils.com\/fr\/#breadcrumb","itemListElement":[{"@type":"ListItem","position":1,"name":"Home","item":"https:\/\/www.q8oils.com\/fr\/"},{"@type":"ListItem","position":2,"name":"Home"}]},{"@type":"WebSite","@id":"https:\/\/www.q8oils.com\/fr\/#website","url":"https:\/\/www.q8oils.com\/fr\/","name":"Q8Oils","description":"Global, partnership, lubricants, solutions","publisher":{"@id":"https:\/\/www.q8oils.com\/fr\/#organization"},"potentialAction":[{"@type":"SearchAction","target":{"@type":"EntryPoint","urlTemplate":"https:\/\/www.q8oils.com\/fr\/?s={search_term_string}"},"query-input":{"@type":"PropertyValueSpecification","valueRequired":true,"valueName":"search_term_string"}}],"inLanguage":"fr-FR"},{"@type":"Organization","@id":"https:\/\/www.q8oils.com\/fr\/#organization","name":"Q8Oils","url":"https:\/\/www.q8oils.com\/fr\/","logo":{"@type":"ImageObject","inLanguage":"fr-FR","@id":"https:\/\/www.q8oils.com\/fr\/#\/schema\/logo\/image\/","url":"https:\/\/www.q8oils.com\/wp-content\/uploads\/2020\/04\/q8oils-logo.png","contentUrl":"https:\/\/www.q8oils.com\/wp-content\/uploads\/2020\/04\/q8oils-logo.png","width":475,"height":100,"caption":"Q8Oils"},"image":{"@id":"https:\/\/www.q8oils.com\/fr\/#\/schema\/logo\/image\/"},"sameAs":["https:\/\/www.linkedin.com\/Q8Oils"]}]}},"_links":{"self":[{"href":"https:\/\/www.q8oils.com\/fr\/wp-json\/wp\/v2\/pages\/506626"}],"collection":[{"href":"https:\/\/www.q8oils.com\/fr\/wp-json\/wp\/v2\/pages"}],"about":[{"href":"https:\/\/www.q8oils.com\/fr\/wp-json\/wp\/v2\/types\/page"}],"author":[{"embeddable":true,"href":"https:\/\/www.q8oils.com\/fr\/wp-json\/wp\/v2\/users\/2"}],"replies":[{"embeddable":true,"href":"https:\/\/www.q8oils.com\/fr\/wp-json\/wp\/v2\/comments?post=506626"}],"version-history":[{"count":14,"href":"https:\/\/www.q8oils.com\/fr\/wp-json\/wp\/v2\/pages\/506626\/revisions"}],"predecessor-version":[{"id":2242610,"href":"https:\/\/www.q8oils.com\/fr\/wp-json\/wp\/v2\/pages\/506626\/revisions\/2242610"}],"wp:attachment":[{"href":"https:\/\/www.q8oils.com\/fr\/wp-json\/wp\/v2\/media?parent=506626"}],"curies":[{"name":"wp","href":"https:\/\/api.w.org\/{rel}","templated":true}]}}