
 

{"id":612769,"date":"2020-07-03T15:54:36","date_gmt":"2020-07-03T15:54:36","guid":{"rendered":"https:\/\/www.q8oils.com\/q8-formula-prestige-v-5w-30\/"},"modified":"2020-08-14T08:55:48","modified_gmt":"2020-08-14T08:55:48","slug":"q8-formula-prestige-v-5w-30","status":"publish","type":"page","link":"https:\/\/www.q8oils.com\/fr\/q8-formula-prestige-v-5w-30\/","title":{"rendered":"Q8Oils lance Q8 Formula Prestige V 5W-30"},"content":{"rendered":"","protected":false},"excerpt":{"rendered":"<p>Q8Oils est fier de pr\u00e9senter Q8 Formula Prestige V 5W-30, une huile moteur ultra-hautes performances pour voitures, sp\u00e9cialement formul\u00e9e pour r\u00e9pondre aux exigences strictes des moteurs d\u2019aujourd\u2019hui et des g\u00e9n\u00e9rations futures. L\u2019huile moteur assure une \u00e9conomie de carburant, une protection du moteur et des dispositifs de retraitement des gaz pour les v\u00e9hicules diesel et \u00e0 essence de VW, BMW et Daimler.<\/p>\n","protected":false},"author":2,"featured_media":0,"parent":0,"menu_order":0,"comment_status":"closed","ping_status":"closed","template":"","meta":{"_acf_changed":false,"footnotes":""},"class_list":["post-612769","page","type-page","status-publish","hentry"],"acf":[],"yoast_head":"<!-- This site is optimized with the Yoast SEO plugin v23.5 - https:\/\/yoast.com\/wordpress\/plugins\/seo\/ -->\n<title>Q8Oils lance Q8 Formula Prestige V 5W-30 - Q8Oils<\/title>\n<meta name=\"description\" content=\"Q8Oils est fier de pr\u00e9senter Q8 Formula Prestige V 5W-30, une huile moteur ultra-hautes performances pour voitures, sp\u00e9cialement formul\u00e9e pour r\u00e9pondre aux exigences strictes des moteurs d\u2019aujourd\u2019hui et des g\u00e9n\u00e9rations futures.\" \/>\n<meta name=\"robots\" content=\"index, follow, max-snippet:-1, max-image-preview:large, max-video-preview:-1\" \/>\n<link rel=\"canonical\" href=\"https:\/\/www.q8oils.com\/fr\/q8-formula-prestige-v-5w-30\/\" \/>\n<meta property=\"og:locale\" content=\"fr_FR\" \/>\n<meta property=\"og:type\" content=\"article\" \/>\n<meta property=\"og:title\" content=\"Q8Oils lance Q8 Formula Prestige V 5W-30 - Q8Oils\" \/>\n<meta property=\"og:description\" content=\"Q8Oils est fier de pr\u00e9senter Q8 Formula Prestige V 5W-30, une huile moteur ultra-hautes performances pour voitures, sp\u00e9cialement formul\u00e9e pour r\u00e9pondre aux exigences strictes des moteurs d\u2019aujourd\u2019hui et des g\u00e9n\u00e9rations futures.\" \/>\n<meta property=\"og:url\" content=\"https:\/\/www.q8oils.com\/fr\/q8-formula-prestige-v-5w-30\/\" \/>\n<meta property=\"og:site_name\" content=\"Q8Oils\" \/>\n<meta property=\"article:modified_time\" content=\"2020-08-14T08:55:48+00:00\" \/>\n<meta name=\"twitter:card\" content=\"summary_large_image\" \/>\n<script type=\"application\/ld+json\" class=\"yoast-schema-graph\">{\"@context\":\"https:\/\/schema.org\",\"@graph\":[{\"@type\":\"WebPage\",\"@id\":\"https:\/\/www.q8oils.com\/fr\/q8-formula-prestige-v-5w-30\/\",\"url\":\"https:\/\/www.q8oils.com\/fr\/q8-formula-prestige-v-5w-30\/\",\"name\":\"Q8Oils lance Q8 Formula Prestige V 5W-30 - Q8Oils\",\"isPartOf\":{\"@id\":\"https:\/\/www.q8oils.com\/fr\/#website\"},\"datePublished\":\"2020-07-03T15:54:36+00:00\",\"dateModified\":\"2020-08-14T08:55:48+00:00\",\"description\":\"Q8Oils est fier de pr\u00e9senter Q8 Formula Prestige V 5W-30, une huile moteur ultra-hautes performances pour voitures, sp\u00e9cialement formul\u00e9e pour r\u00e9pondre aux exigences strictes des moteurs d\u2019aujourd\u2019hui et des g\u00e9n\u00e9rations futures.\",\"breadcrumb\":{\"@id\":\"https:\/\/www.q8oils.com\/fr\/q8-formula-prestige-v-5w-30\/#breadcrumb\"},\"inLanguage\":\"fr-FR\",\"potentialAction\":[{\"@type\":\"ReadAction\",\"target\":[\"https:\/\/www.q8oils.com\/fr\/q8-formula-prestige-v-5w-30\/\"]}]},{\"@type\":\"BreadcrumbList\",\"@id\":\"https:\/\/www.q8oils.com\/fr\/q8-formula-prestige-v-5w-30\/#breadcrumb\",\"itemListElement\":[{\"@type\":\"ListItem\",\"position\":1,\"name\":\"Home\",\"item\":\"https:\/\/www.q8oils.com\/fr\/\"},{\"@type\":\"ListItem\",\"position\":2,\"name\":\"Q8Oils lance Q8 Formula Prestige V 5W-30\"}]},{\"@type\":\"WebSite\",\"@id\":\"https:\/\/www.q8oils.com\/fr\/#website\",\"url\":\"https:\/\/www.q8oils.com\/fr\/\",\"name\":\"Q8Oils\",\"description\":\"Global, partnership, lubricants, solutions\",\"publisher\":{\"@id\":\"https:\/\/www.q8oils.com\/fr\/#organization\"},\"potentialAction\":[{\"@type\":\"SearchAction\",\"target\":{\"@type\":\"EntryPoint\",\"urlTemplate\":\"https:\/\/www.q8oils.com\/fr\/?s={search_term_string}\"},\"query-input\":{\"@type\":\"PropertyValueSpecification\",\"valueRequired\":true,\"valueName\":\"search_term_string\"}}],\"inLanguage\":\"fr-FR\"},{\"@type\":\"Organization\",\"@id\":\"https:\/\/www.q8oils.com\/fr\/#organization\",\"name\":\"Q8Oils\",\"url\":\"https:\/\/www.q8oils.com\/fr\/\",\"logo\":{\"@type\":\"ImageObject\",\"inLanguage\":\"fr-FR\",\"@id\":\"https:\/\/www.q8oils.com\/fr\/#\/schema\/logo\/image\/\",\"url\":\"https:\/\/www.q8oils.com\/wp-content\/uploads\/2020\/04\/q8oils-logo.png\",\"contentUrl\":\"https:\/\/www.q8oils.com\/wp-content\/uploads\/2020\/04\/q8oils-logo.png\",\"width\":475,\"height\":100,\"caption\":\"Q8Oils\"},\"image\":{\"@id\":\"https:\/\/www.q8oils.com\/fr\/#\/schema\/logo\/image\/\"},\"sameAs\":[\"https:\/\/www.linkedin.com\/Q8Oils\"]}]}<\/script>\n<!-- \/ Yoast SEO plugin. -->","yoast_head_json":{"title":"Q8Oils lance Q8 Formula Prestige V 5W-30 - Q8Oils","description":"Q8Oils est fier de pr\u00e9senter Q8 Formula Prestige V 5W-30, une huile moteur ultra-hautes performances pour voitures, sp\u00e9cialement formul\u00e9e pour r\u00e9pondre aux exigences strictes des moteurs d\u2019aujourd\u2019hui et des g\u00e9n\u00e9rations futures.","robots":{"index":"index","follow":"follow","max-snippet":"max-snippet:-1","max-image-preview":"max-image-preview:large","max-video-preview":"max-video-preview:-1"},"canonical":"https:\/\/www.q8oils.com\/fr\/q8-formula-prestige-v-5w-30\/","og_locale":"fr_FR","og_type":"article","og_title":"Q8Oils lance Q8 Formula Prestige V 5W-30 - Q8Oils","og_description":"Q8Oils est fier de pr\u00e9senter Q8 Formula Prestige V 5W-30, une huile moteur ultra-hautes performances pour voitures, sp\u00e9cialement formul\u00e9e pour r\u00e9pondre aux exigences strictes des moteurs d\u2019aujourd\u2019hui et des g\u00e9n\u00e9rations futures.","og_url":"https:\/\/www.q8oils.com\/fr\/q8-formula-prestige-v-5w-30\/","og_site_name":"Q8Oils","article_modified_time":"2020-08-14T08:55:48+00:00","twitter_card":"summary_large_image","schema":{"@context":"https:\/\/schema.org","@graph":[{"@type":"WebPage","@id":"https:\/\/www.q8oils.com\/fr\/q8-formula-prestige-v-5w-30\/","url":"https:\/\/www.q8oils.com\/fr\/q8-formula-prestige-v-5w-30\/","name":"Q8Oils lance Q8 Formula Prestige V 5W-30 - Q8Oils","isPartOf":{"@id":"https:\/\/www.q8oils.com\/fr\/#website"},"datePublished":"2020-07-03T15:54:36+00:00","dateModified":"2020-08-14T08:55:48+00:00","description":"Q8Oils est fier de pr\u00e9senter Q8 Formula Prestige V 5W-30, une huile moteur ultra-hautes performances pour voitures, sp\u00e9cialement formul\u00e9e pour r\u00e9pondre aux exigences strictes des moteurs d\u2019aujourd\u2019hui et des g\u00e9n\u00e9rations futures.","breadcrumb":{"@id":"https:\/\/www.q8oils.com\/fr\/q8-formula-prestige-v-5w-30\/#breadcrumb"},"inLanguage":"fr-FR","potentialAction":[{"@type":"ReadAction","target":["https:\/\/www.q8oils.com\/fr\/q8-formula-prestige-v-5w-30\/"]}]},{"@type":"BreadcrumbList","@id":"https:\/\/www.q8oils.com\/fr\/q8-formula-prestige-v-5w-30\/#breadcrumb","itemListElement":[{"@type":"ListItem","position":1,"name":"Home","item":"https:\/\/www.q8oils.com\/fr\/"},{"@type":"ListItem","position":2,"name":"Q8Oils lance Q8 Formula Prestige V 5W-30"}]},{"@type":"WebSite","@id":"https:\/\/www.q8oils.com\/fr\/#website","url":"https:\/\/www.q8oils.com\/fr\/","name":"Q8Oils","description":"Global, partnership, lubricants, solutions","publisher":{"@id":"https:\/\/www.q8oils.com\/fr\/#organization"},"potentialAction":[{"@type":"SearchAction","target":{"@type":"EntryPoint","urlTemplate":"https:\/\/www.q8oils.com\/fr\/?s={search_term_string}"},"query-input":{"@type":"PropertyValueSpecification","valueRequired":true,"valueName":"search_term_string"}}],"inLanguage":"fr-FR"},{"@type":"Organization","@id":"https:\/\/www.q8oils.com\/fr\/#organization","name":"Q8Oils","url":"https:\/\/www.q8oils.com\/fr\/","logo":{"@type":"ImageObject","inLanguage":"fr-FR","@id":"https:\/\/www.q8oils.com\/fr\/#\/schema\/logo\/image\/","url":"https:\/\/www.q8oils.com\/wp-content\/uploads\/2020\/04\/q8oils-logo.png","contentUrl":"https:\/\/www.q8oils.com\/wp-content\/uploads\/2020\/04\/q8oils-logo.png","width":475,"height":100,"caption":"Q8Oils"},"image":{"@id":"https:\/\/www.q8oils.com\/fr\/#\/schema\/logo\/image\/"},"sameAs":["https:\/\/www.linkedin.com\/Q8Oils"]}]}},"_links":{"self":[{"href":"https:\/\/www.q8oils.com\/fr\/wp-json\/wp\/v2\/pages\/612769"}],"collection":[{"href":"https:\/\/www.q8oils.com\/fr\/wp-json\/wp\/v2\/pages"}],"about":[{"href":"https:\/\/www.q8oils.com\/fr\/wp-json\/wp\/v2\/types\/page"}],"author":[{"embeddable":true,"href":"https:\/\/www.q8oils.com\/fr\/wp-json\/wp\/v2\/users\/2"}],"replies":[{"embeddable":true,"href":"https:\/\/www.q8oils.com\/fr\/wp-json\/wp\/v2\/comments?post=612769"}],"version-history":[{"count":3,"href":"https:\/\/www.q8oils.com\/fr\/wp-json\/wp\/v2\/pages\/612769\/revisions"}],"predecessor-version":[{"id":612772,"href":"https:\/\/www.q8oils.com\/fr\/wp-json\/wp\/v2\/pages\/612769\/revisions\/612772"}],"wp:attachment":[{"href":"https:\/\/www.q8oils.com\/fr\/wp-json\/wp\/v2\/media?parent=612769"}],"curies":[{"name":"wp","href":"https:\/\/api.w.org\/{rel}","templated":true}]}}