
 

{"id":501979,"date":"2020-05-31T15:20:32","date_gmt":"2020-05-31T15:20:32","guid":{"rendered":"https:\/\/www.q8oils.com\/energie\/marine-oils\/"},"modified":"2020-11-27T14:19:57","modified_gmt":"2020-11-27T14:19:57","slug":"olien-voor-scheepsmotoren","status":"publish","type":"page","link":"https:\/\/www.q8oils.com\/nl\/energie\/olien-voor-scheepsmotoren\/","title":{"rendered":"Oli\u00ebn voor scheepsmotoren"},"content":{"rendered":"","protected":false},"excerpt":{"rendered":"<p>De scheepsoli\u00ebn van Q8Oils zijn ontwikkeld voor verschillende vaartuigcategorie\u00ebn, waaronder binnenvaartschepen, diepzeevissersboten en de pleziervaart. Dankzij ons uitgebreide gamma producten, de expertise van ons productontwikkelingsteam en onze technische helpdesk is Q8Oils uw ideale smeermiddelenpartner in de scheepvaartsector.<\/p>\n","protected":false},"author":2,"featured_media":500383,"parent":501447,"menu_order":0,"comment_status":"closed","ping_status":"closed","template":"page-templates\/minor.php","meta":{"_acf_changed":false,"footnotes":""},"class_list":["post-501979","page","type-page","status-publish","has-post-thumbnail","hentry","major-energie"],"acf":[],"yoast_head":"<!-- This site is optimized with the Yoast SEO plugin v23.5 - https:\/\/yoast.com\/wordpress\/plugins\/seo\/ -->\n<title>Oli\u00ebn voor scheepsmotoren - Q8Oils<\/title>\n<meta name=\"description\" content=\"De scheepsoli\u00ebn van Q8Oils zijn ontwikkeld voor verschillende vaartuigcategorie\u00ebn, waaronder binnenvaartschepen, diepzeevissersboten en de pleziervaart. Dankzij ons uitgebreide gamma producten, de expertise van ons productontwikkelingsteam en onze technische helpdesk is Q8Oils uw ideale smeermiddelenpartner in de scheepvaartsector.\" \/>\n<meta name=\"robots\" content=\"index, follow, max-snippet:-1, max-image-preview:large, max-video-preview:-1\" \/>\n<link rel=\"canonical\" href=\"https:\/\/www.q8oils.com\/nl\/energie\/olien-voor-scheepsmotoren\/\" \/>\n<meta property=\"og:locale\" content=\"nl_NL\" \/>\n<meta property=\"og:type\" content=\"article\" \/>\n<meta property=\"og:title\" content=\"Oli\u00ebn voor scheepsmotoren - Q8Oils\" \/>\n<meta property=\"og:description\" content=\"De scheepsoli\u00ebn van Q8Oils zijn ontwikkeld voor verschillende vaartuigcategorie\u00ebn, waaronder binnenvaartschepen, diepzeevissersboten en de pleziervaart. Dankzij ons uitgebreide gamma producten, de expertise van ons productontwikkelingsteam en onze technische helpdesk is Q8Oils uw ideale smeermiddelenpartner in de scheepvaartsector.\" \/>\n<meta property=\"og:url\" content=\"https:\/\/www.q8oils.com\/nl\/energie\/olien-voor-scheepsmotoren\/\" \/>\n<meta property=\"og:site_name\" content=\"Q8Oils\" \/>\n<meta property=\"article:modified_time\" content=\"2020-11-27T14:19:57+00:00\" \/>\n<meta property=\"og:image\" content=\"https:\/\/www.q8oils.com\/wp-content\/uploads\/2020\/05\/23256_Marine.png\" \/>\n\t<meta property=\"og:image:width\" content=\"200\" \/>\n\t<meta property=\"og:image:height\" content=\"225\" \/>\n\t<meta property=\"og:image:type\" content=\"image\/png\" \/>\n<meta name=\"twitter:card\" content=\"summary_large_image\" \/>\n<script type=\"application\/ld+json\" class=\"yoast-schema-graph\">{\"@context\":\"https:\/\/schema.org\",\"@graph\":[{\"@type\":\"WebPage\",\"@id\":\"https:\/\/www.q8oils.com\/nl\/energie\/olien-voor-scheepsmotoren\/\",\"url\":\"https:\/\/www.q8oils.com\/nl\/energie\/olien-voor-scheepsmotoren\/\",\"name\":\"Oli\u00ebn voor scheepsmotoren - Q8Oils\",\"isPartOf\":{\"@id\":\"https:\/\/www.q8oils.com\/nl\/#website\"},\"primaryImageOfPage\":{\"@id\":\"https:\/\/www.q8oils.com\/nl\/energie\/olien-voor-scheepsmotoren\/#primaryimage\"},\"image\":{\"@id\":\"https:\/\/www.q8oils.com\/nl\/energie\/olien-voor-scheepsmotoren\/#primaryimage\"},\"thumbnailUrl\":\"https:\/\/www.q8oils.com\/wp-content\/uploads\/2020\/05\/23256_Marine.png\",\"datePublished\":\"2020-05-31T15:20:32+00:00\",\"dateModified\":\"2020-11-27T14:19:57+00:00\",\"description\":\"De scheepsoli\u00ebn van Q8Oils zijn ontwikkeld voor verschillende vaartuigcategorie\u00ebn, waaronder binnenvaartschepen, diepzeevissersboten en de pleziervaart. Dankzij ons uitgebreide gamma producten, de expertise van ons productontwikkelingsteam en onze technische helpdesk is Q8Oils uw ideale smeermiddelenpartner in de scheepvaartsector.\",\"breadcrumb\":{\"@id\":\"https:\/\/www.q8oils.com\/nl\/energie\/olien-voor-scheepsmotoren\/#breadcrumb\"},\"inLanguage\":\"nl-NL\",\"potentialAction\":[{\"@type\":\"ReadAction\",\"target\":[\"https:\/\/www.q8oils.com\/nl\/energie\/olien-voor-scheepsmotoren\/\"]}]},{\"@type\":\"ImageObject\",\"inLanguage\":\"nl-NL\",\"@id\":\"https:\/\/www.q8oils.com\/nl\/energie\/olien-voor-scheepsmotoren\/#primaryimage\",\"url\":\"https:\/\/www.q8oils.com\/wp-content\/uploads\/2020\/05\/23256_Marine.png\",\"contentUrl\":\"https:\/\/www.q8oils.com\/wp-content\/uploads\/2020\/05\/23256_Marine.png\",\"width\":200,\"height\":225,\"caption\":\"Marine Oils - Q8Oils\"},{\"@type\":\"BreadcrumbList\",\"@id\":\"https:\/\/www.q8oils.com\/nl\/energie\/olien-voor-scheepsmotoren\/#breadcrumb\",\"itemListElement\":[{\"@type\":\"ListItem\",\"position\":1,\"name\":\"Home\",\"item\":\"https:\/\/www.q8oils.com\/nl\/\"},{\"@type\":\"ListItem\",\"position\":2,\"name\":\"Energie\",\"item\":\"https:\/\/www.q8oils.com\/nl\/energie\/\"},{\"@type\":\"ListItem\",\"position\":3,\"name\":\"Oli\u00ebn voor scheepsmotoren\"}]},{\"@type\":\"WebSite\",\"@id\":\"https:\/\/www.q8oils.com\/nl\/#website\",\"url\":\"https:\/\/www.q8oils.com\/nl\/\",\"name\":\"Q8Oils\",\"description\":\"Global, partnership, lubricants, solutions\",\"publisher\":{\"@id\":\"https:\/\/www.q8oils.com\/nl\/#organization\"},\"potentialAction\":[{\"@type\":\"SearchAction\",\"target\":{\"@type\":\"EntryPoint\",\"urlTemplate\":\"https:\/\/www.q8oils.com\/nl\/?s={search_term_string}\"},\"query-input\":{\"@type\":\"PropertyValueSpecification\",\"valueRequired\":true,\"valueName\":\"search_term_string\"}}],\"inLanguage\":\"nl-NL\"},{\"@type\":\"Organization\",\"@id\":\"https:\/\/www.q8oils.com\/nl\/#organization\",\"name\":\"Q8Oils\",\"url\":\"https:\/\/www.q8oils.com\/nl\/\",\"logo\":{\"@type\":\"ImageObject\",\"inLanguage\":\"nl-NL\",\"@id\":\"https:\/\/www.q8oils.com\/nl\/#\/schema\/logo\/image\/\",\"url\":\"https:\/\/www.q8oils.com\/wp-content\/uploads\/2020\/04\/q8oils-logo.png\",\"contentUrl\":\"https:\/\/www.q8oils.com\/wp-content\/uploads\/2020\/04\/q8oils-logo.png\",\"width\":475,\"height\":100,\"caption\":\"Q8Oils\"},\"image\":{\"@id\":\"https:\/\/www.q8oils.com\/nl\/#\/schema\/logo\/image\/\"},\"sameAs\":[\"https:\/\/www.linkedin.com\/Q8Oils\"]}]}<\/script>\n<!-- \/ Yoast SEO plugin. -->","yoast_head_json":{"title":"Oli\u00ebn voor scheepsmotoren - Q8Oils","description":"De scheepsoli\u00ebn van Q8Oils zijn ontwikkeld voor verschillende vaartuigcategorie\u00ebn, waaronder binnenvaartschepen, diepzeevissersboten en de pleziervaart. Dankzij ons uitgebreide gamma producten, de expertise van ons productontwikkelingsteam en onze technische helpdesk is Q8Oils uw ideale smeermiddelenpartner in de scheepvaartsector.","robots":{"index":"index","follow":"follow","max-snippet":"max-snippet:-1","max-image-preview":"max-image-preview:large","max-video-preview":"max-video-preview:-1"},"canonical":"https:\/\/www.q8oils.com\/nl\/energie\/olien-voor-scheepsmotoren\/","og_locale":"nl_NL","og_type":"article","og_title":"Oli\u00ebn voor scheepsmotoren - Q8Oils","og_description":"De scheepsoli\u00ebn van Q8Oils zijn ontwikkeld voor verschillende vaartuigcategorie\u00ebn, waaronder binnenvaartschepen, diepzeevissersboten en de pleziervaart. Dankzij ons uitgebreide gamma producten, de expertise van ons productontwikkelingsteam en onze technische helpdesk is Q8Oils uw ideale smeermiddelenpartner in de scheepvaartsector.","og_url":"https:\/\/www.q8oils.com\/nl\/energie\/olien-voor-scheepsmotoren\/","og_site_name":"Q8Oils","article_modified_time":"2020-11-27T14:19:57+00:00","og_image":[{"width":200,"height":225,"url":"https:\/\/www.q8oils.com\/wp-content\/uploads\/2020\/05\/23256_Marine.png","type":"image\/png"}],"twitter_card":"summary_large_image","schema":{"@context":"https:\/\/schema.org","@graph":[{"@type":"WebPage","@id":"https:\/\/www.q8oils.com\/nl\/energie\/olien-voor-scheepsmotoren\/","url":"https:\/\/www.q8oils.com\/nl\/energie\/olien-voor-scheepsmotoren\/","name":"Oli\u00ebn voor scheepsmotoren - Q8Oils","isPartOf":{"@id":"https:\/\/www.q8oils.com\/nl\/#website"},"primaryImageOfPage":{"@id":"https:\/\/www.q8oils.com\/nl\/energie\/olien-voor-scheepsmotoren\/#primaryimage"},"image":{"@id":"https:\/\/www.q8oils.com\/nl\/energie\/olien-voor-scheepsmotoren\/#primaryimage"},"thumbnailUrl":"https:\/\/www.q8oils.com\/wp-content\/uploads\/2020\/05\/23256_Marine.png","datePublished":"2020-05-31T15:20:32+00:00","dateModified":"2020-11-27T14:19:57+00:00","description":"De scheepsoli\u00ebn van Q8Oils zijn ontwikkeld voor verschillende vaartuigcategorie\u00ebn, waaronder binnenvaartschepen, diepzeevissersboten en de pleziervaart. Dankzij ons uitgebreide gamma producten, de expertise van ons productontwikkelingsteam en onze technische helpdesk is Q8Oils uw ideale smeermiddelenpartner in de scheepvaartsector.","breadcrumb":{"@id":"https:\/\/www.q8oils.com\/nl\/energie\/olien-voor-scheepsmotoren\/#breadcrumb"},"inLanguage":"nl-NL","potentialAction":[{"@type":"ReadAction","target":["https:\/\/www.q8oils.com\/nl\/energie\/olien-voor-scheepsmotoren\/"]}]},{"@type":"ImageObject","inLanguage":"nl-NL","@id":"https:\/\/www.q8oils.com\/nl\/energie\/olien-voor-scheepsmotoren\/#primaryimage","url":"https:\/\/www.q8oils.com\/wp-content\/uploads\/2020\/05\/23256_Marine.png","contentUrl":"https:\/\/www.q8oils.com\/wp-content\/uploads\/2020\/05\/23256_Marine.png","width":200,"height":225,"caption":"Marine Oils - Q8Oils"},{"@type":"BreadcrumbList","@id":"https:\/\/www.q8oils.com\/nl\/energie\/olien-voor-scheepsmotoren\/#breadcrumb","itemListElement":[{"@type":"ListItem","position":1,"name":"Home","item":"https:\/\/www.q8oils.com\/nl\/"},{"@type":"ListItem","position":2,"name":"Energie","item":"https:\/\/www.q8oils.com\/nl\/energie\/"},{"@type":"ListItem","position":3,"name":"Oli\u00ebn voor scheepsmotoren"}]},{"@type":"WebSite","@id":"https:\/\/www.q8oils.com\/nl\/#website","url":"https:\/\/www.q8oils.com\/nl\/","name":"Q8Oils","description":"Global, partnership, lubricants, solutions","publisher":{"@id":"https:\/\/www.q8oils.com\/nl\/#organization"},"potentialAction":[{"@type":"SearchAction","target":{"@type":"EntryPoint","urlTemplate":"https:\/\/www.q8oils.com\/nl\/?s={search_term_string}"},"query-input":{"@type":"PropertyValueSpecification","valueRequired":true,"valueName":"search_term_string"}}],"inLanguage":"nl-NL"},{"@type":"Organization","@id":"https:\/\/www.q8oils.com\/nl\/#organization","name":"Q8Oils","url":"https:\/\/www.q8oils.com\/nl\/","logo":{"@type":"ImageObject","inLanguage":"nl-NL","@id":"https:\/\/www.q8oils.com\/nl\/#\/schema\/logo\/image\/","url":"https:\/\/www.q8oils.com\/wp-content\/uploads\/2020\/04\/q8oils-logo.png","contentUrl":"https:\/\/www.q8oils.com\/wp-content\/uploads\/2020\/04\/q8oils-logo.png","width":475,"height":100,"caption":"Q8Oils"},"image":{"@id":"https:\/\/www.q8oils.com\/nl\/#\/schema\/logo\/image\/"},"sameAs":["https:\/\/www.linkedin.com\/Q8Oils"]}]}},"_links":{"self":[{"href":"https:\/\/www.q8oils.com\/nl\/wp-json\/wp\/v2\/pages\/501979"}],"collection":[{"href":"https:\/\/www.q8oils.com\/nl\/wp-json\/wp\/v2\/pages"}],"about":[{"href":"https:\/\/www.q8oils.com\/nl\/wp-json\/wp\/v2\/types\/page"}],"author":[{"embeddable":true,"href":"https:\/\/www.q8oils.com\/nl\/wp-json\/wp\/v2\/users\/2"}],"replies":[{"embeddable":true,"href":"https:\/\/www.q8oils.com\/nl\/wp-json\/wp\/v2\/comments?post=501979"}],"version-history":[{"count":4,"href":"https:\/\/www.q8oils.com\/nl\/wp-json\/wp\/v2\/pages\/501979\/revisions"}],"predecessor-version":[{"id":641770,"href":"https:\/\/www.q8oils.com\/nl\/wp-json\/wp\/v2\/pages\/501979\/revisions\/641770"}],"up":[{"embeddable":true,"href":"https:\/\/www.q8oils.com\/nl\/wp-json\/wp\/v2\/pages\/501447"}],"wp:featuredmedia":[{"embeddable":true,"href":"https:\/\/www.q8oils.com\/nl\/wp-json\/wp\/v2\/media\/500383"}],"wp:attachment":[{"href":"https:\/\/www.q8oils.com\/nl\/wp-json\/wp\/v2\/media?parent=501979"}],"curies":[{"name":"wp","href":"https:\/\/api.w.org\/{rel}","templated":true}]}}