
 

{"id":502014,"date":"2020-05-21T15:39:42","date_gmt":"2020-05-21T15:39:42","guid":{"rendered":"https:\/\/www.q8oils.com\/algemene-industrie\/chain-oils\/"},"modified":"2020-12-23T15:11:36","modified_gmt":"2020-12-23T15:11:36","slug":"kettingolien","status":"publish","type":"page","link":"https:\/\/www.q8oils.com\/nl\/algemene-industrie\/kettingolien\/","title":{"rendered":"Kettingoli\u00ebn"},"content":{"rendered":"<blockquote class=\"wp-embedded-content\" data-secret=\"S7FMZ2ZAbq\"><p><a href=\"https:\/\/www.q8oils.com\/products\/\">Products<\/a><\/p><\/blockquote>\n<p><iframe class=\"wp-embedded-content\" sandbox=\"allow-scripts\" security=\"restricted\" style=\"position: absolute; visibility: hidden;\" title=\"&#8220;Products&#8221; &#8212; Q8Oils\" src=\"https:\/\/www.q8oils.com\/products\/embed\/#?secret=a2IBS5rq7a#?secret=S7FMZ2ZAbq\" data-secret=\"S7FMZ2ZAbq\" width=\"600\" height=\"338\" frameborder=\"0\" marginwidth=\"0\" marginheight=\"0\" scrolling=\"no\"><\/iframe><\/p>\n<p>&nbsp;<\/p>\n","protected":false},"excerpt":{"rendered":"<p>Voor de smering van kettingen zijn specifieke oli\u00ebn aan de orde. Onze kettingoli\u00ebn staan garant voor de beste bescherming en de hoogste productiviteit, zodat u erop kunt rekenen dat uw installatie de klok rond betrouwbaar werkt.<\/p>\n","protected":false},"author":2,"featured_media":499901,"parent":502004,"menu_order":0,"comment_status":"closed","ping_status":"closed","template":"page-templates\/minor.php","meta":{"_acf_changed":false,"footnotes":""},"class_list":["post-502014","page","type-page","status-publish","has-post-thumbnail","hentry","major-algemene-industrie"],"acf":[],"yoast_head":"<!-- This site is optimized with the Yoast SEO plugin v23.5 - https:\/\/yoast.com\/wordpress\/plugins\/seo\/ -->\n<title>Kettingoli\u00ebn - Q8Oils<\/title>\n<meta name=\"description\" content=\"Voor de smering van kettingen zijn specifieke oli\u00ebn aan de orde. Onze kettingoli\u00ebn staan garant voor de beste bescherming en de hoogste productiviteit, zodat u erop kunt rekenen dat uw installatie de klok rond betrouwbaar werkt.\" \/>\n<meta name=\"robots\" content=\"index, follow, max-snippet:-1, max-image-preview:large, max-video-preview:-1\" \/>\n<link rel=\"canonical\" href=\"https:\/\/www.q8oils.com\/nl\/algemene-industrie\/kettingolien\/\" \/>\n<meta property=\"og:locale\" content=\"nl_NL\" \/>\n<meta property=\"og:type\" content=\"article\" \/>\n<meta property=\"og:title\" content=\"Kettingoli\u00ebn - Q8Oils\" \/>\n<meta property=\"og:description\" content=\"Voor de smering van kettingen zijn specifieke oli\u00ebn aan de orde. Onze kettingoli\u00ebn staan garant voor de beste bescherming en de hoogste productiviteit, zodat u erop kunt rekenen dat uw installatie de klok rond betrouwbaar werkt.\" \/>\n<meta property=\"og:url\" content=\"https:\/\/www.q8oils.com\/nl\/algemene-industrie\/kettingolien\/\" \/>\n<meta property=\"og:site_name\" content=\"Q8Oils\" \/>\n<meta property=\"article:modified_time\" content=\"2020-12-23T15:11:36+00:00\" \/>\n<meta property=\"og:image\" content=\"https:\/\/www.q8oils.com\/wp-content\/uploads\/2020\/05\/21220_Chain-Oil-1.png\" \/>\n\t<meta property=\"og:image:width\" content=\"200\" \/>\n\t<meta property=\"og:image:height\" content=\"225\" \/>\n\t<meta property=\"og:image:type\" content=\"image\/png\" \/>\n<meta name=\"twitter:card\" content=\"summary_large_image\" \/>\n<script type=\"application\/ld+json\" class=\"yoast-schema-graph\">{\"@context\":\"https:\/\/schema.org\",\"@graph\":[{\"@type\":\"WebPage\",\"@id\":\"https:\/\/www.q8oils.com\/nl\/algemene-industrie\/kettingolien\/\",\"url\":\"https:\/\/www.q8oils.com\/nl\/algemene-industrie\/kettingolien\/\",\"name\":\"Kettingoli\u00ebn - Q8Oils\",\"isPartOf\":{\"@id\":\"https:\/\/www.q8oils.com\/nl\/#website\"},\"primaryImageOfPage\":{\"@id\":\"https:\/\/www.q8oils.com\/nl\/algemene-industrie\/kettingolien\/#primaryimage\"},\"image\":{\"@id\":\"https:\/\/www.q8oils.com\/nl\/algemene-industrie\/kettingolien\/#primaryimage\"},\"thumbnailUrl\":\"https:\/\/www.q8oils.com\/wp-content\/uploads\/2020\/05\/21220_Chain-Oil-1.png\",\"datePublished\":\"2020-05-21T15:39:42+00:00\",\"dateModified\":\"2020-12-23T15:11:36+00:00\",\"description\":\"Voor de smering van kettingen zijn specifieke oli\u00ebn aan de orde. Onze kettingoli\u00ebn staan garant voor de beste bescherming en de hoogste productiviteit, zodat u erop kunt rekenen dat uw installatie de klok rond betrouwbaar werkt.\",\"breadcrumb\":{\"@id\":\"https:\/\/www.q8oils.com\/nl\/algemene-industrie\/kettingolien\/#breadcrumb\"},\"inLanguage\":\"nl-NL\",\"potentialAction\":[{\"@type\":\"ReadAction\",\"target\":[\"https:\/\/www.q8oils.com\/nl\/algemene-industrie\/kettingolien\/\"]}]},{\"@type\":\"ImageObject\",\"inLanguage\":\"nl-NL\",\"@id\":\"https:\/\/www.q8oils.com\/nl\/algemene-industrie\/kettingolien\/#primaryimage\",\"url\":\"https:\/\/www.q8oils.com\/wp-content\/uploads\/2020\/05\/21220_Chain-Oil-1.png\",\"contentUrl\":\"https:\/\/www.q8oils.com\/wp-content\/uploads\/2020\/05\/21220_Chain-Oil-1.png\",\"width\":200,\"height\":225,\"caption\":\"Chain Oils Icon - Q8Oils\"},{\"@type\":\"BreadcrumbList\",\"@id\":\"https:\/\/www.q8oils.com\/nl\/algemene-industrie\/kettingolien\/#breadcrumb\",\"itemListElement\":[{\"@type\":\"ListItem\",\"position\":1,\"name\":\"Home\",\"item\":\"https:\/\/www.q8oils.com\/nl\/\"},{\"@type\":\"ListItem\",\"position\":2,\"name\":\"Algemene Industrie\",\"item\":\"https:\/\/www.q8oils.com\/nl\/algemene-industrie\/\"},{\"@type\":\"ListItem\",\"position\":3,\"name\":\"Kettingoli\u00ebn\"}]},{\"@type\":\"WebSite\",\"@id\":\"https:\/\/www.q8oils.com\/nl\/#website\",\"url\":\"https:\/\/www.q8oils.com\/nl\/\",\"name\":\"Q8Oils\",\"description\":\"Global, partnership, lubricants, solutions\",\"publisher\":{\"@id\":\"https:\/\/www.q8oils.com\/nl\/#organization\"},\"potentialAction\":[{\"@type\":\"SearchAction\",\"target\":{\"@type\":\"EntryPoint\",\"urlTemplate\":\"https:\/\/www.q8oils.com\/nl\/?s={search_term_string}\"},\"query-input\":{\"@type\":\"PropertyValueSpecification\",\"valueRequired\":true,\"valueName\":\"search_term_string\"}}],\"inLanguage\":\"nl-NL\"},{\"@type\":\"Organization\",\"@id\":\"https:\/\/www.q8oils.com\/nl\/#organization\",\"name\":\"Q8Oils\",\"url\":\"https:\/\/www.q8oils.com\/nl\/\",\"logo\":{\"@type\":\"ImageObject\",\"inLanguage\":\"nl-NL\",\"@id\":\"https:\/\/www.q8oils.com\/nl\/#\/schema\/logo\/image\/\",\"url\":\"https:\/\/www.q8oils.com\/wp-content\/uploads\/2020\/04\/q8oils-logo.png\",\"contentUrl\":\"https:\/\/www.q8oils.com\/wp-content\/uploads\/2020\/04\/q8oils-logo.png\",\"width\":475,\"height\":100,\"caption\":\"Q8Oils\"},\"image\":{\"@id\":\"https:\/\/www.q8oils.com\/nl\/#\/schema\/logo\/image\/\"},\"sameAs\":[\"https:\/\/www.linkedin.com\/Q8Oils\"]}]}<\/script>\n<!-- \/ Yoast SEO plugin. -->","yoast_head_json":{"title":"Kettingoli\u00ebn - Q8Oils","description":"Voor de smering van kettingen zijn specifieke oli\u00ebn aan de orde. Onze kettingoli\u00ebn staan garant voor de beste bescherming en de hoogste productiviteit, zodat u erop kunt rekenen dat uw installatie de klok rond betrouwbaar werkt.","robots":{"index":"index","follow":"follow","max-snippet":"max-snippet:-1","max-image-preview":"max-image-preview:large","max-video-preview":"max-video-preview:-1"},"canonical":"https:\/\/www.q8oils.com\/nl\/algemene-industrie\/kettingolien\/","og_locale":"nl_NL","og_type":"article","og_title":"Kettingoli\u00ebn - Q8Oils","og_description":"Voor de smering van kettingen zijn specifieke oli\u00ebn aan de orde. Onze kettingoli\u00ebn staan garant voor de beste bescherming en de hoogste productiviteit, zodat u erop kunt rekenen dat uw installatie de klok rond betrouwbaar werkt.","og_url":"https:\/\/www.q8oils.com\/nl\/algemene-industrie\/kettingolien\/","og_site_name":"Q8Oils","article_modified_time":"2020-12-23T15:11:36+00:00","og_image":[{"width":200,"height":225,"url":"https:\/\/www.q8oils.com\/wp-content\/uploads\/2020\/05\/21220_Chain-Oil-1.png","type":"image\/png"}],"twitter_card":"summary_large_image","schema":{"@context":"https:\/\/schema.org","@graph":[{"@type":"WebPage","@id":"https:\/\/www.q8oils.com\/nl\/algemene-industrie\/kettingolien\/","url":"https:\/\/www.q8oils.com\/nl\/algemene-industrie\/kettingolien\/","name":"Kettingoli\u00ebn - Q8Oils","isPartOf":{"@id":"https:\/\/www.q8oils.com\/nl\/#website"},"primaryImageOfPage":{"@id":"https:\/\/www.q8oils.com\/nl\/algemene-industrie\/kettingolien\/#primaryimage"},"image":{"@id":"https:\/\/www.q8oils.com\/nl\/algemene-industrie\/kettingolien\/#primaryimage"},"thumbnailUrl":"https:\/\/www.q8oils.com\/wp-content\/uploads\/2020\/05\/21220_Chain-Oil-1.png","datePublished":"2020-05-21T15:39:42+00:00","dateModified":"2020-12-23T15:11:36+00:00","description":"Voor de smering van kettingen zijn specifieke oli\u00ebn aan de orde. Onze kettingoli\u00ebn staan garant voor de beste bescherming en de hoogste productiviteit, zodat u erop kunt rekenen dat uw installatie de klok rond betrouwbaar werkt.","breadcrumb":{"@id":"https:\/\/www.q8oils.com\/nl\/algemene-industrie\/kettingolien\/#breadcrumb"},"inLanguage":"nl-NL","potentialAction":[{"@type":"ReadAction","target":["https:\/\/www.q8oils.com\/nl\/algemene-industrie\/kettingolien\/"]}]},{"@type":"ImageObject","inLanguage":"nl-NL","@id":"https:\/\/www.q8oils.com\/nl\/algemene-industrie\/kettingolien\/#primaryimage","url":"https:\/\/www.q8oils.com\/wp-content\/uploads\/2020\/05\/21220_Chain-Oil-1.png","contentUrl":"https:\/\/www.q8oils.com\/wp-content\/uploads\/2020\/05\/21220_Chain-Oil-1.png","width":200,"height":225,"caption":"Chain Oils Icon - Q8Oils"},{"@type":"BreadcrumbList","@id":"https:\/\/www.q8oils.com\/nl\/algemene-industrie\/kettingolien\/#breadcrumb","itemListElement":[{"@type":"ListItem","position":1,"name":"Home","item":"https:\/\/www.q8oils.com\/nl\/"},{"@type":"ListItem","position":2,"name":"Algemene Industrie","item":"https:\/\/www.q8oils.com\/nl\/algemene-industrie\/"},{"@type":"ListItem","position":3,"name":"Kettingoli\u00ebn"}]},{"@type":"WebSite","@id":"https:\/\/www.q8oils.com\/nl\/#website","url":"https:\/\/www.q8oils.com\/nl\/","name":"Q8Oils","description":"Global, partnership, lubricants, solutions","publisher":{"@id":"https:\/\/www.q8oils.com\/nl\/#organization"},"potentialAction":[{"@type":"SearchAction","target":{"@type":"EntryPoint","urlTemplate":"https:\/\/www.q8oils.com\/nl\/?s={search_term_string}"},"query-input":{"@type":"PropertyValueSpecification","valueRequired":true,"valueName":"search_term_string"}}],"inLanguage":"nl-NL"},{"@type":"Organization","@id":"https:\/\/www.q8oils.com\/nl\/#organization","name":"Q8Oils","url":"https:\/\/www.q8oils.com\/nl\/","logo":{"@type":"ImageObject","inLanguage":"nl-NL","@id":"https:\/\/www.q8oils.com\/nl\/#\/schema\/logo\/image\/","url":"https:\/\/www.q8oils.com\/wp-content\/uploads\/2020\/04\/q8oils-logo.png","contentUrl":"https:\/\/www.q8oils.com\/wp-content\/uploads\/2020\/04\/q8oils-logo.png","width":475,"height":100,"caption":"Q8Oils"},"image":{"@id":"https:\/\/www.q8oils.com\/nl\/#\/schema\/logo\/image\/"},"sameAs":["https:\/\/www.linkedin.com\/Q8Oils"]}]}},"_links":{"self":[{"href":"https:\/\/www.q8oils.com\/nl\/wp-json\/wp\/v2\/pages\/502014"}],"collection":[{"href":"https:\/\/www.q8oils.com\/nl\/wp-json\/wp\/v2\/pages"}],"about":[{"href":"https:\/\/www.q8oils.com\/nl\/wp-json\/wp\/v2\/types\/page"}],"author":[{"embeddable":true,"href":"https:\/\/www.q8oils.com\/nl\/wp-json\/wp\/v2\/users\/2"}],"replies":[{"embeddable":true,"href":"https:\/\/www.q8oils.com\/nl\/wp-json\/wp\/v2\/comments?post=502014"}],"version-history":[{"count":6,"href":"https:\/\/www.q8oils.com\/nl\/wp-json\/wp\/v2\/pages\/502014\/revisions"}],"predecessor-version":[{"id":642938,"href":"https:\/\/www.q8oils.com\/nl\/wp-json\/wp\/v2\/pages\/502014\/revisions\/642938"}],"up":[{"embeddable":true,"href":"https:\/\/www.q8oils.com\/nl\/wp-json\/wp\/v2\/pages\/502004"}],"wp:featuredmedia":[{"embeddable":true,"href":"https:\/\/www.q8oils.com\/nl\/wp-json\/wp\/v2\/media\/499901"}],"wp:attachment":[{"href":"https:\/\/www.q8oils.com\/nl\/wp-json\/wp\/v2\/media?parent=502014"}],"curies":[{"name":"wp","href":"https:\/\/api.w.org\/{rel}","templated":true}]}}