
 

{"id":1666434,"date":"2022-06-28T08:08:09","date_gmt":"2022-06-28T08:08:09","guid":{"rendered":"https:\/\/www.q8oils.com\/?page_id=1666434"},"modified":"2022-08-15T07:50:59","modified_gmt":"2022-08-15T07:50:59","slug":"o-nas","status":"publish","type":"page","link":"https:\/\/www.q8oils.com\/pl\/o-nas\/","title":{"rendered":"O nas"},"content":{"rendered":"","protected":false},"excerpt":{"rendered":"<p>We develop, blend and deliver a comprehensive range of technology enhanced lubricants, with a portfolio of more than 1,000 products to suit every application, from the smallest engine to the largest machine.<\/p>\n","protected":false},"author":2,"featured_media":0,"parent":0,"menu_order":0,"comment_status":"closed","ping_status":"closed","template":"","meta":{"_acf_changed":false,"footnotes":""},"class_list":["post-1666434","page","type-page","status-publish","hentry"],"acf":[],"yoast_head":"<!-- This site is optimized with the Yoast SEO plugin v23.5 - https:\/\/yoast.com\/wordpress\/plugins\/seo\/ -->\n<title>O nas - Q8Oils<\/title>\n<meta name=\"description\" content=\"Q8Oils tworzy produkty, us\u0142ugi i rozwi\u0105zania zwi\u0119kszaj\u0105ce rentowno\u015b\u0107 i trwa\u0142o\u015b\u0107 dzia\u0142alno\u015bci biznesowej klient\u00f3w. Produkujemy i dostarczamy kompleksow\u0105 gam\u0119 \u015brodk\u00f3w smarnych ulepszonych technologicznie. Nasze portfolio obejmuje ponad 1000 produkt\u00f3w przeznaczonych do ka\u017cdego zastosowania, od najmniejszego silnika po najwi\u0119ksz\u0105 maszyn\u0119.W oparciu o zaawansowane badania i rozw\u00f3j w europejskich laboratoriach Q8Oils wytwarza szerok\u0105 gam\u0119 olej\u00f3w w naszych w\u0142asnych zak\u0142adach produkcyjnych. Wykorzystanie wysokiej jako\u015bci olej\u00f3w bazowych oraz najnowocze\u015bniejszych innowacji technologicznych gwarantuje uzyskanie produkt\u00f3w najwy\u017cszej jako\u015bci, zatwierdzonych przez wszystkich g\u0142\u00f3wnych producent\u00f3w OEM.\" \/>\n<meta name=\"robots\" content=\"index, follow, max-snippet:-1, max-image-preview:large, max-video-preview:-1\" \/>\n<link rel=\"canonical\" href=\"https:\/\/www.q8oils.com\/pl\/o-nas\/\" \/>\n<meta property=\"og:locale\" content=\"pl_PL\" \/>\n<meta property=\"og:type\" content=\"article\" \/>\n<meta property=\"og:title\" content=\"O nas - Q8Oils\" \/>\n<meta property=\"og:description\" content=\"Q8Oils tworzy produkty, us\u0142ugi i rozwi\u0105zania zwi\u0119kszaj\u0105ce rentowno\u015b\u0107 i trwa\u0142o\u015b\u0107 dzia\u0142alno\u015bci biznesowej klient\u00f3w. Produkujemy i dostarczamy kompleksow\u0105 gam\u0119 \u015brodk\u00f3w smarnych ulepszonych technologicznie. Nasze portfolio obejmuje ponad 1000 produkt\u00f3w przeznaczonych do ka\u017cdego zastosowania, od najmniejszego silnika po najwi\u0119ksz\u0105 maszyn\u0119.W oparciu o zaawansowane badania i rozw\u00f3j w europejskich laboratoriach Q8Oils wytwarza szerok\u0105 gam\u0119 olej\u00f3w w naszych w\u0142asnych zak\u0142adach produkcyjnych. Wykorzystanie wysokiej jako\u015bci olej\u00f3w bazowych oraz najnowocze\u015bniejszych innowacji technologicznych gwarantuje uzyskanie produkt\u00f3w najwy\u017cszej jako\u015bci, zatwierdzonych przez wszystkich g\u0142\u00f3wnych producent\u00f3w OEM.\" \/>\n<meta property=\"og:url\" content=\"https:\/\/www.q8oils.com\/pl\/o-nas\/\" \/>\n<meta property=\"og:site_name\" content=\"Q8Oils\" \/>\n<meta property=\"article:modified_time\" content=\"2022-08-15T07:50:59+00:00\" \/>\n<meta name=\"twitter:card\" content=\"summary_large_image\" \/>\n<script type=\"application\/ld+json\" class=\"yoast-schema-graph\">{\"@context\":\"https:\/\/schema.org\",\"@graph\":[{\"@type\":\"WebPage\",\"@id\":\"https:\/\/www.q8oils.com\/pl\/o-nas\/\",\"url\":\"https:\/\/www.q8oils.com\/pl\/o-nas\/\",\"name\":\"O nas - Q8Oils\",\"isPartOf\":{\"@id\":\"https:\/\/www.q8oils.com\/pl\/#website\"},\"datePublished\":\"2022-06-28T08:08:09+00:00\",\"dateModified\":\"2022-08-15T07:50:59+00:00\",\"description\":\"Q8Oils tworzy produkty, us\u0142ugi i rozwi\u0105zania zwi\u0119kszaj\u0105ce rentowno\u015b\u0107 i trwa\u0142o\u015b\u0107 dzia\u0142alno\u015bci biznesowej klient\u00f3w. Produkujemy i dostarczamy kompleksow\u0105 gam\u0119 \u015brodk\u00f3w smarnych ulepszonych technologicznie. Nasze portfolio obejmuje ponad 1000 produkt\u00f3w przeznaczonych do ka\u017cdego zastosowania, od najmniejszego silnika po najwi\u0119ksz\u0105 maszyn\u0119.W oparciu o zaawansowane badania i rozw\u00f3j w europejskich laboratoriach Q8Oils wytwarza szerok\u0105 gam\u0119 olej\u00f3w w naszych w\u0142asnych zak\u0142adach produkcyjnych. Wykorzystanie wysokiej jako\u015bci olej\u00f3w bazowych oraz najnowocze\u015bniejszych innowacji technologicznych gwarantuje uzyskanie produkt\u00f3w najwy\u017cszej jako\u015bci, zatwierdzonych przez wszystkich g\u0142\u00f3wnych producent\u00f3w OEM.\",\"breadcrumb\":{\"@id\":\"https:\/\/www.q8oils.com\/pl\/o-nas\/#breadcrumb\"},\"inLanguage\":\"pl-PL\",\"potentialAction\":[{\"@type\":\"ReadAction\",\"target\":[\"https:\/\/www.q8oils.com\/pl\/o-nas\/\"]}]},{\"@type\":\"BreadcrumbList\",\"@id\":\"https:\/\/www.q8oils.com\/pl\/o-nas\/#breadcrumb\",\"itemListElement\":[{\"@type\":\"ListItem\",\"position\":1,\"name\":\"Home\",\"item\":\"https:\/\/www.q8oils.com\/pl\/\"},{\"@type\":\"ListItem\",\"position\":2,\"name\":\"O nas\"}]},{\"@type\":\"WebSite\",\"@id\":\"https:\/\/www.q8oils.com\/pl\/#website\",\"url\":\"https:\/\/www.q8oils.com\/pl\/\",\"name\":\"Q8Oils\",\"description\":\"Global, partnership, lubricants, solutions\",\"publisher\":{\"@id\":\"https:\/\/www.q8oils.com\/pl\/#organization\"},\"potentialAction\":[{\"@type\":\"SearchAction\",\"target\":{\"@type\":\"EntryPoint\",\"urlTemplate\":\"https:\/\/www.q8oils.com\/pl\/?s={search_term_string}\"},\"query-input\":{\"@type\":\"PropertyValueSpecification\",\"valueRequired\":true,\"valueName\":\"search_term_string\"}}],\"inLanguage\":\"pl-PL\"},{\"@type\":\"Organization\",\"@id\":\"https:\/\/www.q8oils.com\/pl\/#organization\",\"name\":\"Q8Oils\",\"url\":\"https:\/\/www.q8oils.com\/pl\/\",\"logo\":{\"@type\":\"ImageObject\",\"inLanguage\":\"pl-PL\",\"@id\":\"https:\/\/www.q8oils.com\/pl\/#\/schema\/logo\/image\/\",\"url\":\"https:\/\/www.q8oils.com\/wp-content\/uploads\/2020\/04\/q8oils-logo.png\",\"contentUrl\":\"https:\/\/www.q8oils.com\/wp-content\/uploads\/2020\/04\/q8oils-logo.png\",\"width\":475,\"height\":100,\"caption\":\"Q8Oils\"},\"image\":{\"@id\":\"https:\/\/www.q8oils.com\/pl\/#\/schema\/logo\/image\/\"},\"sameAs\":[\"https:\/\/www.linkedin.com\/Q8Oils\"]}]}<\/script>\n<!-- \/ Yoast SEO plugin. -->","yoast_head_json":{"title":"O nas - Q8Oils","description":"Q8Oils tworzy produkty, us\u0142ugi i rozwi\u0105zania zwi\u0119kszaj\u0105ce rentowno\u015b\u0107 i trwa\u0142o\u015b\u0107 dzia\u0142alno\u015bci biznesowej klient\u00f3w. Produkujemy i dostarczamy kompleksow\u0105 gam\u0119 \u015brodk\u00f3w smarnych ulepszonych technologicznie. Nasze portfolio obejmuje ponad 1000 produkt\u00f3w przeznaczonych do ka\u017cdego zastosowania, od najmniejszego silnika po najwi\u0119ksz\u0105 maszyn\u0119.W oparciu o zaawansowane badania i rozw\u00f3j w europejskich laboratoriach Q8Oils wytwarza szerok\u0105 gam\u0119 olej\u00f3w w naszych w\u0142asnych zak\u0142adach produkcyjnych. Wykorzystanie wysokiej jako\u015bci olej\u00f3w bazowych oraz najnowocze\u015bniejszych innowacji technologicznych gwarantuje uzyskanie produkt\u00f3w najwy\u017cszej jako\u015bci, zatwierdzonych przez wszystkich g\u0142\u00f3wnych producent\u00f3w OEM.","robots":{"index":"index","follow":"follow","max-snippet":"max-snippet:-1","max-image-preview":"max-image-preview:large","max-video-preview":"max-video-preview:-1"},"canonical":"https:\/\/www.q8oils.com\/pl\/o-nas\/","og_locale":"pl_PL","og_type":"article","og_title":"O nas - Q8Oils","og_description":"Q8Oils tworzy produkty, us\u0142ugi i rozwi\u0105zania zwi\u0119kszaj\u0105ce rentowno\u015b\u0107 i trwa\u0142o\u015b\u0107 dzia\u0142alno\u015bci biznesowej klient\u00f3w. Produkujemy i dostarczamy kompleksow\u0105 gam\u0119 \u015brodk\u00f3w smarnych ulepszonych technologicznie. Nasze portfolio obejmuje ponad 1000 produkt\u00f3w przeznaczonych do ka\u017cdego zastosowania, od najmniejszego silnika po najwi\u0119ksz\u0105 maszyn\u0119.W oparciu o zaawansowane badania i rozw\u00f3j w europejskich laboratoriach Q8Oils wytwarza szerok\u0105 gam\u0119 olej\u00f3w w naszych w\u0142asnych zak\u0142adach produkcyjnych. Wykorzystanie wysokiej jako\u015bci olej\u00f3w bazowych oraz najnowocze\u015bniejszych innowacji technologicznych gwarantuje uzyskanie produkt\u00f3w najwy\u017cszej jako\u015bci, zatwierdzonych przez wszystkich g\u0142\u00f3wnych producent\u00f3w OEM.","og_url":"https:\/\/www.q8oils.com\/pl\/o-nas\/","og_site_name":"Q8Oils","article_modified_time":"2022-08-15T07:50:59+00:00","twitter_card":"summary_large_image","schema":{"@context":"https:\/\/schema.org","@graph":[{"@type":"WebPage","@id":"https:\/\/www.q8oils.com\/pl\/o-nas\/","url":"https:\/\/www.q8oils.com\/pl\/o-nas\/","name":"O nas - Q8Oils","isPartOf":{"@id":"https:\/\/www.q8oils.com\/pl\/#website"},"datePublished":"2022-06-28T08:08:09+00:00","dateModified":"2022-08-15T07:50:59+00:00","description":"Q8Oils tworzy produkty, us\u0142ugi i rozwi\u0105zania zwi\u0119kszaj\u0105ce rentowno\u015b\u0107 i trwa\u0142o\u015b\u0107 dzia\u0142alno\u015bci biznesowej klient\u00f3w. Produkujemy i dostarczamy kompleksow\u0105 gam\u0119 \u015brodk\u00f3w smarnych ulepszonych technologicznie. Nasze portfolio obejmuje ponad 1000 produkt\u00f3w przeznaczonych do ka\u017cdego zastosowania, od najmniejszego silnika po najwi\u0119ksz\u0105 maszyn\u0119.W oparciu o zaawansowane badania i rozw\u00f3j w europejskich laboratoriach Q8Oils wytwarza szerok\u0105 gam\u0119 olej\u00f3w w naszych w\u0142asnych zak\u0142adach produkcyjnych. Wykorzystanie wysokiej jako\u015bci olej\u00f3w bazowych oraz najnowocze\u015bniejszych innowacji technologicznych gwarantuje uzyskanie produkt\u00f3w najwy\u017cszej jako\u015bci, zatwierdzonych przez wszystkich g\u0142\u00f3wnych producent\u00f3w OEM.","breadcrumb":{"@id":"https:\/\/www.q8oils.com\/pl\/o-nas\/#breadcrumb"},"inLanguage":"pl-PL","potentialAction":[{"@type":"ReadAction","target":["https:\/\/www.q8oils.com\/pl\/o-nas\/"]}]},{"@type":"BreadcrumbList","@id":"https:\/\/www.q8oils.com\/pl\/o-nas\/#breadcrumb","itemListElement":[{"@type":"ListItem","position":1,"name":"Home","item":"https:\/\/www.q8oils.com\/pl\/"},{"@type":"ListItem","position":2,"name":"O nas"}]},{"@type":"WebSite","@id":"https:\/\/www.q8oils.com\/pl\/#website","url":"https:\/\/www.q8oils.com\/pl\/","name":"Q8Oils","description":"Global, partnership, lubricants, solutions","publisher":{"@id":"https:\/\/www.q8oils.com\/pl\/#organization"},"potentialAction":[{"@type":"SearchAction","target":{"@type":"EntryPoint","urlTemplate":"https:\/\/www.q8oils.com\/pl\/?s={search_term_string}"},"query-input":{"@type":"PropertyValueSpecification","valueRequired":true,"valueName":"search_term_string"}}],"inLanguage":"pl-PL"},{"@type":"Organization","@id":"https:\/\/www.q8oils.com\/pl\/#organization","name":"Q8Oils","url":"https:\/\/www.q8oils.com\/pl\/","logo":{"@type":"ImageObject","inLanguage":"pl-PL","@id":"https:\/\/www.q8oils.com\/pl\/#\/schema\/logo\/image\/","url":"https:\/\/www.q8oils.com\/wp-content\/uploads\/2020\/04\/q8oils-logo.png","contentUrl":"https:\/\/www.q8oils.com\/wp-content\/uploads\/2020\/04\/q8oils-logo.png","width":475,"height":100,"caption":"Q8Oils"},"image":{"@id":"https:\/\/www.q8oils.com\/pl\/#\/schema\/logo\/image\/"},"sameAs":["https:\/\/www.linkedin.com\/Q8Oils"]}]}},"_links":{"self":[{"href":"https:\/\/www.q8oils.com\/pl\/wp-json\/wp\/v2\/pages\/1666434"}],"collection":[{"href":"https:\/\/www.q8oils.com\/pl\/wp-json\/wp\/v2\/pages"}],"about":[{"href":"https:\/\/www.q8oils.com\/pl\/wp-json\/wp\/v2\/types\/page"}],"author":[{"embeddable":true,"href":"https:\/\/www.q8oils.com\/pl\/wp-json\/wp\/v2\/users\/2"}],"replies":[{"embeddable":true,"href":"https:\/\/www.q8oils.com\/pl\/wp-json\/wp\/v2\/comments?post=1666434"}],"version-history":[{"count":9,"href":"https:\/\/www.q8oils.com\/pl\/wp-json\/wp\/v2\/pages\/1666434\/revisions"}],"predecessor-version":[{"id":1726820,"href":"https:\/\/www.q8oils.com\/pl\/wp-json\/wp\/v2\/pages\/1666434\/revisions\/1726820"}],"wp:attachment":[{"href":"https:\/\/www.q8oils.com\/pl\/wp-json\/wp\/v2\/media?parent=1666434"}],"curies":[{"name":"wp","href":"https:\/\/api.w.org\/{rel}","templated":true}]}}